{"id":19337,"date":"2025-08-25T15:57:02","date_gmt":"2025-08-25T18:57:02","guid":{"rendered":"https:\/\/best-tourpatagonia.tur.ar\/producto\/pacote-imperdivel-para-ushuaia\/"},"modified":"2026-03-18T20:11:28","modified_gmt":"2026-03-18T23:11:28","slug":"pacote-imperdivel-para-ushuaia","status":"publish","type":"product","link":"https:\/\/best-tourpatagonia.tur.ar\/pt-br\/producto\/pacote-imperdivel-para-ushuaia\/","title":{"rendered":"Pacote imperd\u00edvel para Ushuaia"},"content":{"rendered":"<p>Aproveite 3 passeios em uma promo\u00e7\u00e3o que voc\u00ea n\u00e3o pode perder.<\/p>\n<p>Itiner\u00e1rio ideal provis\u00f3rio:<\/p>\n<p>DIA 1: BEM-VINDO A USHUAIA!<\/p>\n<p>DIA 2: Parque Nacional + Trem para o Fim do Mundo: (Meio dia) \ud83d\ude03\ud83d\ude03\ud83d\ude03\ud83d\ude03<\/p>\n<p>Explore o \u00fanico parque nacional da Argentina que combina mar, floresta e montanhas.<br \/>\nE a oportunidade de reviver nossa hist\u00f3ria, combinando-a com o famoso Trem do Fim do Mundo.<br \/>\nBuscamos voc\u00ea em seu hotel \u00e0s 8h, retornando \u00e0s 13h30.<br \/>\nServi\u00e7o guiado com traslados gratuitos.<\/p>\n<p>DIA 3: Navega\u00e7\u00e3o pelo Canal de Beagle (meio dia) \ud83d\ude0d\ud83d\ude0d\ud83d\ude0d\ud83d\ude0d\ud83d\ude0d<\/p>\n<p>Convidamos voc\u00ea a desfrutar e navegar nas \u00e1guas de nossos ancestrais, os cano\u00edstas Y\u00e1manas.<br \/>\nAl\u00e9m disso, conhe\u00e7a nossa fauna marinha com le\u00f5es marinhos, p\u00e1ssaros, far\u00f3is e uma breve caminhada em uma das ilhas.<\/p>\n<p>DIA 4: Lagos Fagnano e Escondido Off road em 4&#215;4 (dia inteiro)<\/p>\n<p>Off Road na antiga estrada de travessia dos Andes Fueguinos. Aproveite conosco essa experi\u00eancia de pura divers\u00e3o.<br \/>\nLevamos voc\u00ea aos maiores lagos da ilha em nossa frota exclusiva de SW4. \ud83c\udfd4\ufe0f\ud83c\udfd4\ufe0f\ud83c\udfd4\ufe0f<br \/>\nTamb\u00e9m inclu\u00edmos traslado, visita guiada e almo\u00e7o.<\/p>\n<p>Tudo isso a um pre\u00e7o promocional de US$ 386.200,00 (v\u00e1lido para viagens at\u00e9 30\/06\/2026)<br \/>\n*Inclui taxa portu\u00e1ria<br \/>\n&#8211; N\u00e3o inclui ingresso para o Parque Nacional Tierra del Fuego.<\/p>\n<p>&nbsp;<\/p>\n","protected":false},"excerpt":{"rendered":"<p>Aproveite 3 passeios em uma promo\u00e7\u00e3o que voc\u00ea n\u00e3o pode perder. Itiner\u00e1rio ideal provis\u00f3rio: DIA 1: BEM-VINDO A USHUAIA! DIA 2: Parque Nacional + Trem para o Fim do Mundo: (Meio dia) \ud83d\ude03\ud83d\ude03\ud83d\ude03\ud83d\ude03 Explore o \u00fanico parque nacional da Argentina que combina mar, floresta e montanhas. E a oportunidade de reviver nossa hist\u00f3ria, combinando-a com [&hellip;]<\/p>\n","protected":false},"featured_media":16895,"template":"","meta":[],"product_brand":[],"product_cat":[109,236],"product_tag":[],"destino":[156],"pais":[],"class_list":{"0":"post-19337","1":"product","2":"type-product","3":"status-publish","4":"has-post-thumbnail","6":"product_cat-pacotes","7":"product_cat-venda-de-viagens","8":"destino-ushuaia-pt-br","10":"first","11":"instock","12":"sale","13":"shipping-taxable","14":"purchasable","15":"product-type-simple"},"booking_location":null,"booking_location_type":null,"booking_duration":null,"booking_duration_unit":null,"booking_buffer":null,"booking_cost":null,"booking_resources":null,"yoast_head":"<!-- This site is optimized with the Yoast SEO plugin v27.4 - https:\/\/yoast.com\/product\/yoast-seo-wordpress\/ -->\n<title>Pacote imperd\u00edvel para Ushuaia - Best Tour Patagonia<\/title>\n<meta name=\"description\" content=\"Conhe\u00e7a Ushuaia com 3 excurs\u00f5es imperd\u00edveis em um \u00fanico pacote com um desconto especial! Natureza, hist\u00f3ria e aventura com o melhor pre\u00e7o.\" \/>\n<meta name=\"robots\" content=\"index, follow, max-snippet:-1, max-image-preview:large, max-video-preview:-1\" \/>\n<link rel=\"canonical\" href=\"https:\/\/best-tourpatagonia.tur.ar\/pt-br\/producto\/pacote-imperdivel-para-ushuaia\/\" \/>\n<meta property=\"og:locale\" content=\"pt_BR\" \/>\n<meta property=\"og:type\" content=\"article\" \/>\n<meta property=\"og:title\" content=\"Pacote imperd\u00edvel para Ushuaia - Best Tour Patagonia\" \/>\n<meta property=\"og:description\" content=\"Conhe\u00e7a Ushuaia com 3 excurs\u00f5es imperd\u00edveis em um \u00fanico pacote com um desconto especial! Natureza, hist\u00f3ria e aventura com o melhor pre\u00e7o.\" \/>\n<meta property=\"og:url\" content=\"https:\/\/best-tourpatagonia.tur.ar\/pt-br\/producto\/pacote-imperdivel-para-ushuaia\/\" \/>\n<meta property=\"og:site_name\" content=\"Best Tour Patagonia\" \/>\n<meta property=\"article:modified_time\" content=\"2026-03-18T23:11:28+00:00\" \/>\n<meta property=\"og:image\" content=\"https:\/\/best-tourpatagonia.tur.ar\/wp-content\/uploads\/2025\/08\/Diseno-sin-titulo-1-1024x576.png\" \/>\n\t<meta property=\"og:image:width\" content=\"1024\" \/>\n\t<meta property=\"og:image:height\" content=\"576\" \/>\n\t<meta property=\"og:image:type\" content=\"image\/png\" \/>\n<meta name=\"twitter:card\" content=\"summary_large_image\" \/>\n<meta name=\"twitter:label1\" content=\"Est. tempo de leitura\" \/>\n\t<meta name=\"twitter:data1\" content=\"2 minutos\" \/>\n<script type=\"application\/ld+json\" class=\"yoast-schema-graph\">{\"@context\":\"https:\\\/\\\/schema.org\",\"@graph\":[{\"@type\":\"WebPage\",\"@id\":\"https:\\\/\\\/best-tourpatagonia.tur.ar\\\/pt-br\\\/producto\\\/pacote-imperdivel-para-ushuaia\\\/\",\"url\":\"https:\\\/\\\/best-tourpatagonia.tur.ar\\\/pt-br\\\/producto\\\/pacote-imperdivel-para-ushuaia\\\/\",\"name\":\"Pacote imperd\u00edvel para Ushuaia - Best Tour Patagonia\",\"isPartOf\":{\"@id\":\"https:\\\/\\\/best-tourpatagonia.tur.ar\\\/pt-br\\\/#website\"},\"primaryImageOfPage\":{\"@id\":\"https:\\\/\\\/best-tourpatagonia.tur.ar\\\/pt-br\\\/producto\\\/pacote-imperdivel-para-ushuaia\\\/#primaryimage\"},\"image\":{\"@id\":\"https:\\\/\\\/best-tourpatagonia.tur.ar\\\/pt-br\\\/producto\\\/pacote-imperdivel-para-ushuaia\\\/#primaryimage\"},\"thumbnailUrl\":\"https:\\\/\\\/best-tourpatagonia.tur.ar\\\/wp-content\\\/uploads\\\/2025\\\/08\\\/Diseno-sin-titulo-1.png\",\"datePublished\":\"2025-08-25T18:57:02+00:00\",\"dateModified\":\"2026-03-18T23:11:28+00:00\",\"description\":\"Conhe\u00e7a Ushuaia com 3 excurs\u00f5es imperd\u00edveis em um \u00fanico pacote com um desconto especial! Natureza, hist\u00f3ria e aventura com o melhor pre\u00e7o.\",\"breadcrumb\":{\"@id\":\"https:\\\/\\\/best-tourpatagonia.tur.ar\\\/pt-br\\\/producto\\\/pacote-imperdivel-para-ushuaia\\\/#breadcrumb\"},\"inLanguage\":\"pt-BR\",\"potentialAction\":[{\"@type\":\"ReadAction\",\"target\":[\"https:\\\/\\\/best-tourpatagonia.tur.ar\\\/pt-br\\\/producto\\\/pacote-imperdivel-para-ushuaia\\\/\"]}]},{\"@type\":\"ImageObject\",\"inLanguage\":\"pt-BR\",\"@id\":\"https:\\\/\\\/best-tourpatagonia.tur.ar\\\/pt-br\\\/producto\\\/pacote-imperdivel-para-ushuaia\\\/#primaryimage\",\"url\":\"https:\\\/\\\/best-tourpatagonia.tur.ar\\\/wp-content\\\/uploads\\\/2025\\\/08\\\/Diseno-sin-titulo-1.png\",\"contentUrl\":\"https:\\\/\\\/best-tourpatagonia.tur.ar\\\/wp-content\\\/uploads\\\/2025\\\/08\\\/Diseno-sin-titulo-1.png\",\"width\":1920,\"height\":1080,\"caption\":\"Ofertas\"},{\"@type\":\"BreadcrumbList\",\"@id\":\"https:\\\/\\\/best-tourpatagonia.tur.ar\\\/pt-br\\\/producto\\\/pacote-imperdivel-para-ushuaia\\\/#breadcrumb\",\"itemListElement\":[{\"@type\":\"ListItem\",\"position\":1,\"name\":\"Portada\",\"item\":\"https:\\\/\\\/best-tourpatagonia.tur.ar\\\/pt-br\\\/aproveite-ushuaia-el-calafate-e-toda-a-patagonia-durante-todo-o-ano\\\/\"},{\"@type\":\"ListItem\",\"position\":2,\"name\":\"Loja\",\"item\":\"https:\\\/\\\/best-tourpatagonia.tur.ar\\\/pt-br\\\/loja\\\/\"},{\"@type\":\"ListItem\",\"position\":3,\"name\":\"Pacote imperd\u00edvel para Ushuaia\"}]},{\"@type\":\"WebSite\",\"@id\":\"https:\\\/\\\/best-tourpatagonia.tur.ar\\\/pt-br\\\/#website\",\"url\":\"https:\\\/\\\/best-tourpatagonia.tur.ar\\\/pt-br\\\/\",\"name\":\"Best Tour Patagonia\",\"description\":\"Paquetes y excursiones en la Patagona Argentina\",\"publisher\":{\"@id\":\"https:\\\/\\\/best-tourpatagonia.tur.ar\\\/pt-br\\\/#organization\"},\"potentialAction\":[{\"@type\":\"SearchAction\",\"target\":{\"@type\":\"EntryPoint\",\"urlTemplate\":\"https:\\\/\\\/best-tourpatagonia.tur.ar\\\/pt-br\\\/?s={search_term_string}\"},\"query-input\":{\"@type\":\"PropertyValueSpecification\",\"valueRequired\":true,\"valueName\":\"search_term_string\"}}],\"inLanguage\":\"pt-BR\"},{\"@type\":\"Organization\",\"@id\":\"https:\\\/\\\/best-tourpatagonia.tur.ar\\\/pt-br\\\/#organization\",\"name\":\"Best Tour Patagonia\",\"url\":\"https:\\\/\\\/best-tourpatagonia.tur.ar\\\/pt-br\\\/\",\"logo\":{\"@type\":\"ImageObject\",\"inLanguage\":\"pt-BR\",\"@id\":\"https:\\\/\\\/best-tourpatagonia.tur.ar\\\/pt-br\\\/#\\\/schema\\\/logo\\\/image\\\/\",\"url\":\"https:\\\/\\\/best-tourpatagonia.tur.ar\\\/wp-content\\\/uploads\\\/2023\\\/05\\\/cropped-corona-1.png\",\"contentUrl\":\"https:\\\/\\\/best-tourpatagonia.tur.ar\\\/wp-content\\\/uploads\\\/2023\\\/05\\\/cropped-corona-1.png\",\"width\":128,\"height\":75,\"caption\":\"Best Tour Patagonia\"},\"image\":{\"@id\":\"https:\\\/\\\/best-tourpatagonia.tur.ar\\\/pt-br\\\/#\\\/schema\\\/logo\\\/image\\\/\"}}]}<\/script>\n<!-- \/ Yoast SEO plugin. -->","yoast_head_json":{"title":"Pacote imperd\u00edvel para Ushuaia - Best Tour Patagonia","description":"Conhe\u00e7a Ushuaia com 3 excurs\u00f5es imperd\u00edveis em um \u00fanico pacote com um desconto especial! Natureza, hist\u00f3ria e aventura com o melhor pre\u00e7o.","robots":{"index":"index","follow":"follow","max-snippet":"max-snippet:-1","max-image-preview":"max-image-preview:large","max-video-preview":"max-video-preview:-1"},"canonical":"https:\/\/best-tourpatagonia.tur.ar\/pt-br\/producto\/pacote-imperdivel-para-ushuaia\/","og_locale":"pt_BR","og_type":"article","og_title":"Pacote imperd\u00edvel para Ushuaia - Best Tour Patagonia","og_description":"Conhe\u00e7a Ushuaia com 3 excurs\u00f5es imperd\u00edveis em um \u00fanico pacote com um desconto especial! Natureza, hist\u00f3ria e aventura com o melhor pre\u00e7o.","og_url":"https:\/\/best-tourpatagonia.tur.ar\/pt-br\/producto\/pacote-imperdivel-para-ushuaia\/","og_site_name":"Best Tour Patagonia","article_modified_time":"2026-03-18T23:11:28+00:00","og_image":[{"width":1024,"height":576,"url":"https:\/\/best-tourpatagonia.tur.ar\/wp-content\/uploads\/2025\/08\/Diseno-sin-titulo-1-1024x576.png","type":"image\/png"}],"twitter_card":"summary_large_image","twitter_misc":{"Est. tempo de leitura":"2 minutos"},"schema":{"@context":"https:\/\/schema.org","@graph":[{"@type":"WebPage","@id":"https:\/\/best-tourpatagonia.tur.ar\/pt-br\/producto\/pacote-imperdivel-para-ushuaia\/","url":"https:\/\/best-tourpatagonia.tur.ar\/pt-br\/producto\/pacote-imperdivel-para-ushuaia\/","name":"Pacote imperd\u00edvel para Ushuaia - Best Tour Patagonia","isPartOf":{"@id":"https:\/\/best-tourpatagonia.tur.ar\/pt-br\/#website"},"primaryImageOfPage":{"@id":"https:\/\/best-tourpatagonia.tur.ar\/pt-br\/producto\/pacote-imperdivel-para-ushuaia\/#primaryimage"},"image":{"@id":"https:\/\/best-tourpatagonia.tur.ar\/pt-br\/producto\/pacote-imperdivel-para-ushuaia\/#primaryimage"},"thumbnailUrl":"https:\/\/best-tourpatagonia.tur.ar\/wp-content\/uploads\/2025\/08\/Diseno-sin-titulo-1.png","datePublished":"2025-08-25T18:57:02+00:00","dateModified":"2026-03-18T23:11:28+00:00","description":"Conhe\u00e7a Ushuaia com 3 excurs\u00f5es imperd\u00edveis em um \u00fanico pacote com um desconto especial! Natureza, hist\u00f3ria e aventura com o melhor pre\u00e7o.","breadcrumb":{"@id":"https:\/\/best-tourpatagonia.tur.ar\/pt-br\/producto\/pacote-imperdivel-para-ushuaia\/#breadcrumb"},"inLanguage":"pt-BR","potentialAction":[{"@type":"ReadAction","target":["https:\/\/best-tourpatagonia.tur.ar\/pt-br\/producto\/pacote-imperdivel-para-ushuaia\/"]}]},{"@type":"ImageObject","inLanguage":"pt-BR","@id":"https:\/\/best-tourpatagonia.tur.ar\/pt-br\/producto\/pacote-imperdivel-para-ushuaia\/#primaryimage","url":"https:\/\/best-tourpatagonia.tur.ar\/wp-content\/uploads\/2025\/08\/Diseno-sin-titulo-1.png","contentUrl":"https:\/\/best-tourpatagonia.tur.ar\/wp-content\/uploads\/2025\/08\/Diseno-sin-titulo-1.png","width":1920,"height":1080,"caption":"Ofertas"},{"@type":"BreadcrumbList","@id":"https:\/\/best-tourpatagonia.tur.ar\/pt-br\/producto\/pacote-imperdivel-para-ushuaia\/#breadcrumb","itemListElement":[{"@type":"ListItem","position":1,"name":"Portada","item":"https:\/\/best-tourpatagonia.tur.ar\/pt-br\/aproveite-ushuaia-el-calafate-e-toda-a-patagonia-durante-todo-o-ano\/"},{"@type":"ListItem","position":2,"name":"Loja","item":"https:\/\/best-tourpatagonia.tur.ar\/pt-br\/loja\/"},{"@type":"ListItem","position":3,"name":"Pacote imperd\u00edvel para Ushuaia"}]},{"@type":"WebSite","@id":"https:\/\/best-tourpatagonia.tur.ar\/pt-br\/#website","url":"https:\/\/best-tourpatagonia.tur.ar\/pt-br\/","name":"Best Tour Patagonia","description":"Paquetes y excursiones en la Patagona Argentina","publisher":{"@id":"https:\/\/best-tourpatagonia.tur.ar\/pt-br\/#organization"},"potentialAction":[{"@type":"SearchAction","target":{"@type":"EntryPoint","urlTemplate":"https:\/\/best-tourpatagonia.tur.ar\/pt-br\/?s={search_term_string}"},"query-input":{"@type":"PropertyValueSpecification","valueRequired":true,"valueName":"search_term_string"}}],"inLanguage":"pt-BR"},{"@type":"Organization","@id":"https:\/\/best-tourpatagonia.tur.ar\/pt-br\/#organization","name":"Best Tour Patagonia","url":"https:\/\/best-tourpatagonia.tur.ar\/pt-br\/","logo":{"@type":"ImageObject","inLanguage":"pt-BR","@id":"https:\/\/best-tourpatagonia.tur.ar\/pt-br\/#\/schema\/logo\/image\/","url":"https:\/\/best-tourpatagonia.tur.ar\/wp-content\/uploads\/2023\/05\/cropped-corona-1.png","contentUrl":"https:\/\/best-tourpatagonia.tur.ar\/wp-content\/uploads\/2023\/05\/cropped-corona-1.png","width":128,"height":75,"caption":"Best Tour Patagonia"},"image":{"@id":"https:\/\/best-tourpatagonia.tur.ar\/pt-br\/#\/schema\/logo\/image\/"}}]}},"_links":{"self":[{"href":"https:\/\/best-tourpatagonia.tur.ar\/pt-br\/wp-json\/wp\/v2\/product\/19337","targetHints":{"allow":["GET"]}}],"collection":[{"href":"https:\/\/best-tourpatagonia.tur.ar\/pt-br\/wp-json\/wp\/v2\/product"}],"about":[{"href":"https:\/\/best-tourpatagonia.tur.ar\/pt-br\/wp-json\/wp\/v2\/types\/product"}],"wp:featuredmedia":[{"embeddable":true,"href":"https:\/\/best-tourpatagonia.tur.ar\/pt-br\/wp-json\/wp\/v2\/media\/16895"}],"wp:attachment":[{"href":"https:\/\/best-tourpatagonia.tur.ar\/pt-br\/wp-json\/wp\/v2\/media?parent=19337"}],"wp:term":[{"taxonomy":"product_brand","embeddable":true,"href":"https:\/\/best-tourpatagonia.tur.ar\/pt-br\/wp-json\/wp\/v2\/product_brand?post=19337"},{"taxonomy":"product_cat","embeddable":true,"href":"https:\/\/best-tourpatagonia.tur.ar\/pt-br\/wp-json\/wp\/v2\/product_cat?post=19337"},{"taxonomy":"product_tag","embeddable":true,"href":"https:\/\/best-tourpatagonia.tur.ar\/pt-br\/wp-json\/wp\/v2\/product_tag?post=19337"},{"taxonomy":"destino","embeddable":true,"href":"https:\/\/best-tourpatagonia.tur.ar\/pt-br\/wp-json\/wp\/v2\/destino?post=19337"},{"taxonomy":"pais","embeddable":true,"href":"https:\/\/best-tourpatagonia.tur.ar\/pt-br\/wp-json\/wp\/v2\/pais?post=19337"}],"curies":[{"name":"wp","href":"https:\/\/api.w.org\/{rel}","templated":true}]}}