{"id":19334,"date":"2026-03-12T15:54:24","date_gmt":"2026-03-12T18:54:24","guid":{"rendered":"https:\/\/best-tourpatagonia.tur.ar\/producto\/pre-venda-da-skiweek-cerro-castor\/"},"modified":"2026-03-18T20:02:38","modified_gmt":"2026-03-18T23:02:38","slug":"pre-venda-da-skiweek-cerro-castor","status":"publish","type":"product","link":"https:\/\/best-tourpatagonia.tur.ar\/pt-br\/producto\/pre-venda-da-skiweek-cerro-castor\/","title":{"rendered":"Pr\u00e9-venda da SkiWeek Cerro Castor"},"content":{"rendered":"<p><strong>Pr\u00e9-venda da SkiWeek Cerro Castor <\/strong><\/p>\n<p><strong>6 dias de Cerro Castor na temporada regular (04\/07 a 25\/09) + 7 noites de hospedagem<\/strong><\/p>\n<p>&nbsp;<\/p>\n<p>O pacote inclui:<\/p>\n<ul>\n<li>Traslados de ida e volta com desconto<\/li>\n<li>Traslados di\u00e1rios regulares para Cerro Castor e vice-versa<\/li>\n<li>Passes ilimitados para toda a montanha<\/li>\n<li>Aluguel de equipamento completo de esqui (pranchas, botas e bast\u00f5es).<\/li>\n<li>Assist\u00eancia permanente no local<\/li>\n<li>7 noites de hospedagem com caf\u00e9 da manh\u00e3 de acordo com o hotel selecionado<\/li>\n<\/ul>\n<p>&nbsp;<\/p>\n<p><strong>Hotel M\u00f4naco** <\/strong><\/p>\n<p>Pre\u00e7o: US$ 1.517.500 em base dupla<\/p>\n<p>Pre\u00e7o: US$ 1.454.000 em base tripla<\/p>\n<p>&nbsp;<\/p>\n<p><strong>Hotel Las Lengas***.<\/strong><\/p>\n<p>Pre\u00e7o: US$ 1.867.500 em base dupla<\/p>\n<p>Pre\u00e7o: US$ 1.769.000 em base tripla<\/p>\n<p>&nbsp;<\/p>\n<p><strong>Canal Beagle Hotel &amp; Spa****<\/strong><\/p>\n<p>Pre\u00e7o: US$ 2.060.000 em base dupla<\/p>\n<p>Pre\u00e7o: US$ 1.939.000 em base tripla<\/p>\n<p>&nbsp;<\/p>\n<p><strong>Cilene del Faro Suites &amp; Spa****<\/strong><\/p>\n<p>Pre\u00e7o: US$ 2.032.000 em base dupla<\/p>\n<p>Pre\u00e7o: US$ 1.953.600 em base tripla<\/p>\n<p>&nbsp;<\/p>\n<p>Pre\u00e7os por pessoa, de acordo com a base selecionada. Pr\u00e9-venda at\u00e9 20\/03\/2026<\/p>\n<p>V\u00e1lido para residentes na Argentina<\/p>\n<p>&nbsp;<\/p>\n","protected":false},"excerpt":{"rendered":"<p>O pacote inclui:<br \/>\nTraslado Aeroporto\/Hotel\/Aeroporto.<br \/>\nTraslados de ida e volta para o Cerro Castor. Passe de dia inteiro e todas as pistas do Cerro Castor.<br \/>\nEquipamento completo.<\/p>\n<p>V\u00e1lido para a temporada REGULAR de 2026 da Cerro Castor<\/p>\n","protected":false},"featured_media":19319,"template":"","meta":[],"product_brand":[],"product_cat":[107,184,109],"product_tag":[],"destino":[170,156],"pais":[164],"class_list":{"0":"post-19334","1":"product","2":"type-product","3":"status-publish","4":"has-post-thumbnail","6":"product_cat-argentina-pt-br","7":"product_cat-inverno","8":"product_cat-pacotes","9":"destino-terra-do-fogo","10":"destino-ushuaia-pt-br","11":"pais-argentina-pt-br","13":"first","14":"instock","15":"sold-individually","16":"shipping-taxable","17":"purchasable","18":"product-type-booking"},"booking_location":"","booking_location_type":"","booking_duration":1,"booking_duration_unit":"day","booking_buffer":0,"booking_cost":0,"booking_resources":[],"yoast_head":"<!-- This site is optimized with the Yoast SEO plugin v27.1.1 - https:\/\/yoast.com\/product\/yoast-seo-wordpress\/ -->\n<title>Pr\u00e9-venda da SkiWeek Cerro Castor - Best Tour Patagonia<\/title>\n<meta name=\"robots\" content=\"index, follow, max-snippet:-1, max-image-preview:large, max-video-preview:-1\" \/>\n<link rel=\"canonical\" href=\"https:\/\/best-tourpatagonia.tur.ar\/pt-br\/producto\/pre-venda-da-skiweek-cerro-castor\/\" \/>\n<meta property=\"og:locale\" content=\"pt_BR\" \/>\n<meta property=\"og:type\" content=\"article\" \/>\n<meta property=\"og:title\" content=\"Pr\u00e9-venda da SkiWeek Cerro Castor - Best Tour Patagonia\" \/>\n<meta property=\"og:description\" content=\"O pacote inclui: Traslado Aeroporto\/Hotel\/Aeroporto. Traslados de ida e volta para o Cerro Castor. Passe de dia inteiro e todas as pistas do Cerro Castor. Equipamento completo.  V\u00e1lido para a temporada REGULAR de 2026 da Cerro Castor\" \/>\n<meta property=\"og:url\" content=\"https:\/\/best-tourpatagonia.tur.ar\/pt-br\/producto\/pre-venda-da-skiweek-cerro-castor\/\" \/>\n<meta property=\"og:site_name\" content=\"Best Tour Patagonia\" \/>\n<meta property=\"article:modified_time\" content=\"2026-03-18T23:02:38+00:00\" \/>\n<meta name=\"twitter:card\" content=\"summary_large_image\" \/>\n<meta name=\"twitter:label1\" content=\"Est. tempo de leitura\" \/>\n\t<meta name=\"twitter:data1\" content=\"1 minuto\" \/>\n<script type=\"application\/ld+json\" class=\"yoast-schema-graph\">{\"@context\":\"https:\/\/schema.org\",\"@graph\":[{\"@type\":\"WebPage\",\"@id\":\"https:\/\/best-tourpatagonia.tur.ar\/pt-br\/producto\/pre-venda-da-skiweek-cerro-castor\/\",\"url\":\"https:\/\/best-tourpatagonia.tur.ar\/pt-br\/producto\/pre-venda-da-skiweek-cerro-castor\/\",\"name\":\"Pr\u00e9-venda da SkiWeek Cerro Castor - Best Tour Patagonia\",\"isPartOf\":{\"@id\":\"https:\/\/best-tourpatagonia.tur.ar\/pt-br\/#website\"},\"primaryImageOfPage\":{\"@id\":\"https:\/\/best-tourpatagonia.tur.ar\/pt-br\/producto\/pre-venda-da-skiweek-cerro-castor\/#primaryimage\"},\"image\":{\"@id\":\"https:\/\/best-tourpatagonia.tur.ar\/pt-br\/producto\/pre-venda-da-skiweek-cerro-castor\/#primaryimage\"},\"thumbnailUrl\":\"https:\/\/best-tourpatagonia.tur.ar\/wp-content\/uploads\/2026\/03\/IMG_4013-scaled.jpg\",\"datePublished\":\"2026-03-12T18:54:24+00:00\",\"dateModified\":\"2026-03-18T23:02:38+00:00\",\"breadcrumb\":{\"@id\":\"https:\/\/best-tourpatagonia.tur.ar\/pt-br\/producto\/pre-venda-da-skiweek-cerro-castor\/#breadcrumb\"},\"inLanguage\":\"pt-BR\",\"potentialAction\":[{\"@type\":\"ReadAction\",\"target\":[\"https:\/\/best-tourpatagonia.tur.ar\/pt-br\/producto\/pre-venda-da-skiweek-cerro-castor\/\"]}]},{\"@type\":\"ImageObject\",\"inLanguage\":\"pt-BR\",\"@id\":\"https:\/\/best-tourpatagonia.tur.ar\/pt-br\/producto\/pre-venda-da-skiweek-cerro-castor\/#primaryimage\",\"url\":\"https:\/\/best-tourpatagonia.tur.ar\/wp-content\/uploads\/2026\/03\/IMG_4013-scaled.jpg\",\"contentUrl\":\"https:\/\/best-tourpatagonia.tur.ar\/wp-content\/uploads\/2026\/03\/IMG_4013-scaled.jpg\",\"width\":1920,\"height\":2560},{\"@type\":\"BreadcrumbList\",\"@id\":\"https:\/\/best-tourpatagonia.tur.ar\/pt-br\/producto\/pre-venda-da-skiweek-cerro-castor\/#breadcrumb\",\"itemListElement\":[{\"@type\":\"ListItem\",\"position\":1,\"name\":\"Portada\",\"item\":\"https:\/\/best-tourpatagonia.tur.ar\/pt-br\/aproveite-ushuaia-el-calafate-e-toda-a-patagonia-durante-todo-o-ano\/\"},{\"@type\":\"ListItem\",\"position\":2,\"name\":\"Loja\",\"item\":\"https:\/\/best-tourpatagonia.tur.ar\/pt-br\/loja\/\"},{\"@type\":\"ListItem\",\"position\":3,\"name\":\"Pr\u00e9-venda da SkiWeek Cerro Castor\"}]},{\"@type\":\"WebSite\",\"@id\":\"https:\/\/best-tourpatagonia.tur.ar\/pt-br\/#website\",\"url\":\"https:\/\/best-tourpatagonia.tur.ar\/pt-br\/\",\"name\":\"Best Tour Patagonia\",\"description\":\"Paquetes y excursiones en la Patagona Argentina\",\"publisher\":{\"@id\":\"https:\/\/best-tourpatagonia.tur.ar\/pt-br\/#organization\"},\"potentialAction\":[{\"@type\":\"SearchAction\",\"target\":{\"@type\":\"EntryPoint\",\"urlTemplate\":\"https:\/\/best-tourpatagonia.tur.ar\/pt-br\/?s={search_term_string}\"},\"query-input\":{\"@type\":\"PropertyValueSpecification\",\"valueRequired\":true,\"valueName\":\"search_term_string\"}}],\"inLanguage\":\"pt-BR\"},{\"@type\":\"Organization\",\"@id\":\"https:\/\/best-tourpatagonia.tur.ar\/pt-br\/#organization\",\"name\":\"Best Tour Patagonia\",\"url\":\"https:\/\/best-tourpatagonia.tur.ar\/pt-br\/\",\"logo\":{\"@type\":\"ImageObject\",\"inLanguage\":\"pt-BR\",\"@id\":\"https:\/\/best-tourpatagonia.tur.ar\/pt-br\/#\/schema\/logo\/image\/\",\"url\":\"https:\/\/best-tourpatagonia.tur.ar\/wp-content\/uploads\/2023\/05\/cropped-corona-1.png\",\"contentUrl\":\"https:\/\/best-tourpatagonia.tur.ar\/wp-content\/uploads\/2023\/05\/cropped-corona-1.png\",\"width\":128,\"height\":75,\"caption\":\"Best Tour Patagonia\"},\"image\":{\"@id\":\"https:\/\/best-tourpatagonia.tur.ar\/pt-br\/#\/schema\/logo\/image\/\"}}]}<\/script>\n<!-- \/ Yoast SEO plugin. -->","yoast_head_json":{"title":"Pr\u00e9-venda da SkiWeek Cerro Castor - Best Tour Patagonia","robots":{"index":"index","follow":"follow","max-snippet":"max-snippet:-1","max-image-preview":"max-image-preview:large","max-video-preview":"max-video-preview:-1"},"canonical":"https:\/\/best-tourpatagonia.tur.ar\/pt-br\/producto\/pre-venda-da-skiweek-cerro-castor\/","og_locale":"pt_BR","og_type":"article","og_title":"Pr\u00e9-venda da SkiWeek Cerro Castor - Best Tour Patagonia","og_description":"O pacote inclui: Traslado Aeroporto\/Hotel\/Aeroporto. Traslados de ida e volta para o Cerro Castor. Passe de dia inteiro e todas as pistas do Cerro Castor. Equipamento completo.  V\u00e1lido para a temporada REGULAR de 2026 da Cerro Castor","og_url":"https:\/\/best-tourpatagonia.tur.ar\/pt-br\/producto\/pre-venda-da-skiweek-cerro-castor\/","og_site_name":"Best Tour Patagonia","article_modified_time":"2026-03-18T23:02:38+00:00","twitter_card":"summary_large_image","twitter_misc":{"Est. tempo de leitura":"1 minuto"},"schema":{"@context":"https:\/\/schema.org","@graph":[{"@type":"WebPage","@id":"https:\/\/best-tourpatagonia.tur.ar\/pt-br\/producto\/pre-venda-da-skiweek-cerro-castor\/","url":"https:\/\/best-tourpatagonia.tur.ar\/pt-br\/producto\/pre-venda-da-skiweek-cerro-castor\/","name":"Pr\u00e9-venda da SkiWeek Cerro Castor - Best Tour Patagonia","isPartOf":{"@id":"https:\/\/best-tourpatagonia.tur.ar\/pt-br\/#website"},"primaryImageOfPage":{"@id":"https:\/\/best-tourpatagonia.tur.ar\/pt-br\/producto\/pre-venda-da-skiweek-cerro-castor\/#primaryimage"},"image":{"@id":"https:\/\/best-tourpatagonia.tur.ar\/pt-br\/producto\/pre-venda-da-skiweek-cerro-castor\/#primaryimage"},"thumbnailUrl":"https:\/\/best-tourpatagonia.tur.ar\/wp-content\/uploads\/2026\/03\/IMG_4013-scaled.jpg","datePublished":"2026-03-12T18:54:24+00:00","dateModified":"2026-03-18T23:02:38+00:00","breadcrumb":{"@id":"https:\/\/best-tourpatagonia.tur.ar\/pt-br\/producto\/pre-venda-da-skiweek-cerro-castor\/#breadcrumb"},"inLanguage":"pt-BR","potentialAction":[{"@type":"ReadAction","target":["https:\/\/best-tourpatagonia.tur.ar\/pt-br\/producto\/pre-venda-da-skiweek-cerro-castor\/"]}]},{"@type":"ImageObject","inLanguage":"pt-BR","@id":"https:\/\/best-tourpatagonia.tur.ar\/pt-br\/producto\/pre-venda-da-skiweek-cerro-castor\/#primaryimage","url":"https:\/\/best-tourpatagonia.tur.ar\/wp-content\/uploads\/2026\/03\/IMG_4013-scaled.jpg","contentUrl":"https:\/\/best-tourpatagonia.tur.ar\/wp-content\/uploads\/2026\/03\/IMG_4013-scaled.jpg","width":1920,"height":2560},{"@type":"BreadcrumbList","@id":"https:\/\/best-tourpatagonia.tur.ar\/pt-br\/producto\/pre-venda-da-skiweek-cerro-castor\/#breadcrumb","itemListElement":[{"@type":"ListItem","position":1,"name":"Portada","item":"https:\/\/best-tourpatagonia.tur.ar\/pt-br\/aproveite-ushuaia-el-calafate-e-toda-a-patagonia-durante-todo-o-ano\/"},{"@type":"ListItem","position":2,"name":"Loja","item":"https:\/\/best-tourpatagonia.tur.ar\/pt-br\/loja\/"},{"@type":"ListItem","position":3,"name":"Pr\u00e9-venda da SkiWeek Cerro Castor"}]},{"@type":"WebSite","@id":"https:\/\/best-tourpatagonia.tur.ar\/pt-br\/#website","url":"https:\/\/best-tourpatagonia.tur.ar\/pt-br\/","name":"Best Tour Patagonia","description":"Paquetes y excursiones en la Patagona Argentina","publisher":{"@id":"https:\/\/best-tourpatagonia.tur.ar\/pt-br\/#organization"},"potentialAction":[{"@type":"SearchAction","target":{"@type":"EntryPoint","urlTemplate":"https:\/\/best-tourpatagonia.tur.ar\/pt-br\/?s={search_term_string}"},"query-input":{"@type":"PropertyValueSpecification","valueRequired":true,"valueName":"search_term_string"}}],"inLanguage":"pt-BR"},{"@type":"Organization","@id":"https:\/\/best-tourpatagonia.tur.ar\/pt-br\/#organization","name":"Best Tour Patagonia","url":"https:\/\/best-tourpatagonia.tur.ar\/pt-br\/","logo":{"@type":"ImageObject","inLanguage":"pt-BR","@id":"https:\/\/best-tourpatagonia.tur.ar\/pt-br\/#\/schema\/logo\/image\/","url":"https:\/\/best-tourpatagonia.tur.ar\/wp-content\/uploads\/2023\/05\/cropped-corona-1.png","contentUrl":"https:\/\/best-tourpatagonia.tur.ar\/wp-content\/uploads\/2023\/05\/cropped-corona-1.png","width":128,"height":75,"caption":"Best Tour Patagonia"},"image":{"@id":"https:\/\/best-tourpatagonia.tur.ar\/pt-br\/#\/schema\/logo\/image\/"}}]}},"_links":{"self":[{"href":"https:\/\/best-tourpatagonia.tur.ar\/pt-br\/wp-json\/wp\/v2\/product\/19334","targetHints":{"allow":["GET"]}}],"collection":[{"href":"https:\/\/best-tourpatagonia.tur.ar\/pt-br\/wp-json\/wp\/v2\/product"}],"about":[{"href":"https:\/\/best-tourpatagonia.tur.ar\/pt-br\/wp-json\/wp\/v2\/types\/product"}],"wp:featuredmedia":[{"embeddable":true,"href":"https:\/\/best-tourpatagonia.tur.ar\/pt-br\/wp-json\/wp\/v2\/media\/19319"}],"wp:attachment":[{"href":"https:\/\/best-tourpatagonia.tur.ar\/pt-br\/wp-json\/wp\/v2\/media?parent=19334"}],"wp:term":[{"taxonomy":"product_brand","embeddable":true,"href":"https:\/\/best-tourpatagonia.tur.ar\/pt-br\/wp-json\/wp\/v2\/product_brand?post=19334"},{"taxonomy":"product_cat","embeddable":true,"href":"https:\/\/best-tourpatagonia.tur.ar\/pt-br\/wp-json\/wp\/v2\/product_cat?post=19334"},{"taxonomy":"product_tag","embeddable":true,"href":"https:\/\/best-tourpatagonia.tur.ar\/pt-br\/wp-json\/wp\/v2\/product_tag?post=19334"},{"taxonomy":"destino","embeddable":true,"href":"https:\/\/best-tourpatagonia.tur.ar\/pt-br\/wp-json\/wp\/v2\/destino?post=19334"},{"taxonomy":"pais","embeddable":true,"href":"https:\/\/best-tourpatagonia.tur.ar\/pt-br\/wp-json\/wp\/v2\/pais?post=19334"}],"curies":[{"name":"wp","href":"https:\/\/api.w.org\/{rel}","templated":true}]}}