{"id":19331,"date":"2025-10-19T12:05:39","date_gmt":"2025-10-19T15:05:39","guid":{"rendered":"https:\/\/best-tourpatagonia.tur.ar\/producto\/natureza-e-aventura-no-parque-nacional\/"},"modified":"2026-03-13T11:01:44","modified_gmt":"2026-03-13T14:01:44","slug":"natureza-e-aventura-no-parque-nacional","status":"publish","type":"product","link":"https:\/\/best-tourpatagonia.tur.ar\/pt-br\/producto\/natureza-e-aventura-no-parque-nacional\/","title":{"rendered":"NATUREZA E AVENTURA NO PARQUE NACIONAL"},"content":{"rendered":"<h3>CAMINHOS para o FIM DO MUNDO<\/h3>\n<p class=\"cvGsUA direction-ltr align-center para-style-body\"><span class=\"a_GcMg font-feature-liga-off font-feature-clig-off font-feature-calt-off text-decoration-none text-strikethrough-none\">Mergulhe na ess\u00eancia do Parque Nacional Tierra del Fuego com uma experi\u00eancia que combina <\/span><span class=\"a_GcMg font-feature-liga-off font-feature-clig-off font-feature-calt-off text-decoration-none text-strikethrough-none\">que combina<\/span> <span class=\"a_GcMg font-feature-liga-off font-feature-clig-off font-feature-calt-off text-decoration-none text-strikethrough-none\">diversas paisagens, caminhadas acess\u00edveis e momentos inesquec\u00edveis.<\/span><\/p>\n<p class=\"cvGsUA direction-ltr align-center para-style-body\"><span class=\"a_GcMg font-feature-liga-off font-feature-clig-off font-feature-calt-off text-decoration-none text-strikethrough-none\">De lagoas calmas a florestas subant\u00e1rticas, <\/span><span class=\"a_GcMg font-feature-liga-off font-feature-clig-off font-feature-calt-off text-decoration-none text-strikethrough-none\">montanhas imponentes e litorais panor\u00e2micos. <\/span><span class=\"a_GcMg font-feature-liga-off font-feature-clig-off font-feature-calt-off text-decoration-none text-strikethrough-none\">Esse passeio foi projetado para todos os p\u00fablicos, oferecendo uma aventura divertida e enriquecedora que conecta voc\u00ea com a natureza em seu estado mais puro.<\/span><\/p>\n<p class=\"cvGsUA direction-ltr align-center para-style-body\"><span class=\"a_GcMg font-feature-liga-off font-feature-clig-off font-feature-calt-off text-decoration-none text-strikethrough-none\">Durante o passeio, visitaremos os pontos mais emblem\u00e1ticos do parque, como o famoso  <\/span><span class=\"a_GcMg font-feature-liga-off font-feature-clig-off font-feature-calt-off text-decoration-none text-strikethrough-none\">Sinal do fim da Rota Panamericana, Ba\u00eda de Lapataia, Laguna Verde e Lago Acigami. N <\/span><span class=\"a_GcMg font-feature-liga-off font-feature-clig-off font-feature-calt-off text-decoration-none text-strikethrough-none\">Paramos em lugares como Ensenada Zaratiegui e o Centro de Visitantes Alakush, onde voc\u00ea pode aprender mais sobre a hist\u00f3ria e a biodiversidade da \u00e1rea.<\/span><\/p>\n<p class=\"cvGsUA direction-ltr align-center para-style-body\"><span class=\"a_GcMg font-feature-liga-off font-feature-clig-off font-feature-calt-off text-decoration-none text-strikethrough-none\">As caminhadas s\u00e3o curtas, com dura\u00e7\u00e3o aproximada de 30 minutos cada, e s\u00e3o planejadas para que todos possam participar sem dificuldade. Ao longo do caminho, voc\u00ea ter\u00e1 acesso a pontos de vista panor\u00e2micos que lhe proporcionar\u00e3o vistas espetaculares do ambiente fueguino. <\/span><\/p>\n<p class=\"cvGsUA direction-ltr align-center para-style-body\"><span class=\"a_GcMg font-feature-liga-off font-feature-clig-off font-feature-calt-off text-decoration-none text-strikethrough-none\">Essa excurs\u00e3o \u00e9 muito mais do que uma visita: \u00e9 um convite para voc\u00ea descobrir as trilhas do fim do mundo e se conectar com a natureza de forma aut\u00eantica e profunda.<\/span><\/p>\n","protected":false},"excerpt":{"rendered":"<p><span class=\"a_GcMg font-feature-liga-off font-feature-clig-off font-feature-calt-off text-decoration-none text-strikethrough-none\">Um passeio a p\u00e9 por lagoas, florestas, montanhas e litoral. Capturando a ess\u00eancia da paisagem diversificada do parque em uma experi\u00eancia divertida e enriquecedora, adequada para todos. <\/span><\/p>\n","protected":false},"featured_media":11856,"template":"","meta":[],"product_brand":[],"product_cat":[103,105,189,143,224],"product_tag":[231,225,228,230,229,227,226],"destino":[156],"pais":[164,172,166],"class_list":{"0":"post-19331","1":"product","2":"type-product","3":"status-publish","4":"has-post-thumbnail","6":"product_cat-excursiones-pt-br","7":"product_cat-excursoes-terrestres","8":"product_cat-primavera-pt-br","9":"product_cat-trekkings-pt-br","10":"product_cat-verao","11":"product_tag-excursoes","12":"product_tag-fim-do-mundo","13":"product_tag-parque-nacional","14":"product_tag-passeios","15":"product_tag-terra-do-fogo","16":"product_tag-trekking","17":"product_tag-ushuaia","18":"destino-ushuaia-pt-br","19":"pais-argentina-pt-br","20":"pais-brasil-pt-br","21":"pais-chile-pt-br","23":"first","24":"instock","25":"sold-individually","26":"shipping-taxable","27":"purchasable","28":"product-type-booking"},"booking_location":"","booking_location_type":"","booking_duration":1,"booking_duration_unit":"day","booking_buffer":0,"booking_cost":0,"booking_resources":[],"yoast_head":"<!-- This site is optimized with the Yoast SEO plugin v27.4 - https:\/\/yoast.com\/product\/yoast-seo-wordpress\/ -->\n<title>NATUREZA E AVENTURA NO PARQUE NACIONAL - Best Tour Patagonia<\/title>\n<meta name=\"description\" content=\"Visite o Parque Nacional Tierra del Fuego com uma experi\u00eancia que combina diversas paisagens, caminhadas acess\u00edveis e momentos inesquec\u00edveis.\" \/>\n<meta name=\"robots\" content=\"index, follow, max-snippet:-1, max-image-preview:large, max-video-preview:-1\" \/>\n<link rel=\"canonical\" href=\"https:\/\/best-tourpatagonia.tur.ar\/pt-br\/producto\/natureza-e-aventura-no-parque-nacional\/\" \/>\n<meta property=\"og:locale\" content=\"pt_BR\" \/>\n<meta property=\"og:type\" content=\"article\" \/>\n<meta property=\"og:title\" content=\"NATUREZA E AVENTURA NO PARQUE NACIONAL - Best Tour Patagonia\" \/>\n<meta property=\"og:description\" content=\"Visite o Parque Nacional Tierra del Fuego com uma experi\u00eancia que combina diversas paisagens, caminhadas acess\u00edveis e momentos inesquec\u00edveis.\" \/>\n<meta property=\"og:url\" content=\"https:\/\/best-tourpatagonia.tur.ar\/pt-br\/producto\/natureza-e-aventura-no-parque-nacional\/\" \/>\n<meta property=\"og:site_name\" content=\"Best Tour Patagonia\" \/>\n<meta property=\"article:modified_time\" content=\"2026-03-13T14:01:44+00:00\" \/>\n<meta property=\"og:image\" content=\"https:\/\/best-tourpatagonia.tur.ar\/wp-content\/uploads\/2023\/06\/IMG_4984-scaled.jpg\" \/>\n\t<meta property=\"og:image:width\" content=\"2560\" \/>\n\t<meta property=\"og:image:height\" content=\"1536\" \/>\n\t<meta property=\"og:image:type\" content=\"image\/jpeg\" \/>\n<meta name=\"twitter:card\" content=\"summary_large_image\" \/>\n<meta name=\"twitter:label1\" content=\"Est. tempo de leitura\" \/>\n\t<meta name=\"twitter:data1\" content=\"1 minuto\" \/>\n<script type=\"application\/ld+json\" class=\"yoast-schema-graph\">{\"@context\":\"https:\\\/\\\/schema.org\",\"@graph\":[{\"@type\":\"WebPage\",\"@id\":\"https:\\\/\\\/best-tourpatagonia.tur.ar\\\/pt-br\\\/producto\\\/natureza-e-aventura-no-parque-nacional\\\/\",\"url\":\"https:\\\/\\\/best-tourpatagonia.tur.ar\\\/pt-br\\\/producto\\\/natureza-e-aventura-no-parque-nacional\\\/\",\"name\":\"NATUREZA E AVENTURA NO PARQUE NACIONAL - Best Tour Patagonia\",\"isPartOf\":{\"@id\":\"https:\\\/\\\/best-tourpatagonia.tur.ar\\\/pt-br\\\/#website\"},\"primaryImageOfPage\":{\"@id\":\"https:\\\/\\\/best-tourpatagonia.tur.ar\\\/pt-br\\\/producto\\\/natureza-e-aventura-no-parque-nacional\\\/#primaryimage\"},\"image\":{\"@id\":\"https:\\\/\\\/best-tourpatagonia.tur.ar\\\/pt-br\\\/producto\\\/natureza-e-aventura-no-parque-nacional\\\/#primaryimage\"},\"thumbnailUrl\":\"https:\\\/\\\/best-tourpatagonia.tur.ar\\\/wp-content\\\/uploads\\\/2023\\\/06\\\/IMG_4984-scaled.jpg\",\"datePublished\":\"2025-10-19T15:05:39+00:00\",\"dateModified\":\"2026-03-13T14:01:44+00:00\",\"description\":\"Visite o Parque Nacional Tierra del Fuego com uma experi\u00eancia que combina diversas paisagens, caminhadas acess\u00edveis e momentos inesquec\u00edveis.\",\"breadcrumb\":{\"@id\":\"https:\\\/\\\/best-tourpatagonia.tur.ar\\\/pt-br\\\/producto\\\/natureza-e-aventura-no-parque-nacional\\\/#breadcrumb\"},\"inLanguage\":\"pt-BR\",\"potentialAction\":[{\"@type\":\"ReadAction\",\"target\":[\"https:\\\/\\\/best-tourpatagonia.tur.ar\\\/pt-br\\\/producto\\\/natureza-e-aventura-no-parque-nacional\\\/\"]}]},{\"@type\":\"ImageObject\",\"inLanguage\":\"pt-BR\",\"@id\":\"https:\\\/\\\/best-tourpatagonia.tur.ar\\\/pt-br\\\/producto\\\/natureza-e-aventura-no-parque-nacional\\\/#primaryimage\",\"url\":\"https:\\\/\\\/best-tourpatagonia.tur.ar\\\/wp-content\\\/uploads\\\/2023\\\/06\\\/IMG_4984-scaled.jpg\",\"contentUrl\":\"https:\\\/\\\/best-tourpatagonia.tur.ar\\\/wp-content\\\/uploads\\\/2023\\\/06\\\/IMG_4984-scaled.jpg\",\"width\":2560,\"height\":1536,\"caption\":\"Processado com MOLDIV\"},{\"@type\":\"BreadcrumbList\",\"@id\":\"https:\\\/\\\/best-tourpatagonia.tur.ar\\\/pt-br\\\/producto\\\/natureza-e-aventura-no-parque-nacional\\\/#breadcrumb\",\"itemListElement\":[{\"@type\":\"ListItem\",\"position\":1,\"name\":\"Portada\",\"item\":\"https:\\\/\\\/best-tourpatagonia.tur.ar\\\/pt-br\\\/aproveite-ushuaia-el-calafate-e-toda-a-patagonia-durante-todo-o-ano\\\/\"},{\"@type\":\"ListItem\",\"position\":2,\"name\":\"Loja\",\"item\":\"https:\\\/\\\/best-tourpatagonia.tur.ar\\\/pt-br\\\/loja\\\/\"},{\"@type\":\"ListItem\",\"position\":3,\"name\":\"NATUREZA E AVENTURA NO PARQUE NACIONAL\"}]},{\"@type\":\"WebSite\",\"@id\":\"https:\\\/\\\/best-tourpatagonia.tur.ar\\\/pt-br\\\/#website\",\"url\":\"https:\\\/\\\/best-tourpatagonia.tur.ar\\\/pt-br\\\/\",\"name\":\"Best Tour Patagonia\",\"description\":\"Paquetes y excursiones en la Patagona Argentina\",\"publisher\":{\"@id\":\"https:\\\/\\\/best-tourpatagonia.tur.ar\\\/pt-br\\\/#organization\"},\"potentialAction\":[{\"@type\":\"SearchAction\",\"target\":{\"@type\":\"EntryPoint\",\"urlTemplate\":\"https:\\\/\\\/best-tourpatagonia.tur.ar\\\/pt-br\\\/?s={search_term_string}\"},\"query-input\":{\"@type\":\"PropertyValueSpecification\",\"valueRequired\":true,\"valueName\":\"search_term_string\"}}],\"inLanguage\":\"pt-BR\"},{\"@type\":\"Organization\",\"@id\":\"https:\\\/\\\/best-tourpatagonia.tur.ar\\\/pt-br\\\/#organization\",\"name\":\"Best Tour Patagonia\",\"url\":\"https:\\\/\\\/best-tourpatagonia.tur.ar\\\/pt-br\\\/\",\"logo\":{\"@type\":\"ImageObject\",\"inLanguage\":\"pt-BR\",\"@id\":\"https:\\\/\\\/best-tourpatagonia.tur.ar\\\/pt-br\\\/#\\\/schema\\\/logo\\\/image\\\/\",\"url\":\"https:\\\/\\\/best-tourpatagonia.tur.ar\\\/wp-content\\\/uploads\\\/2023\\\/05\\\/cropped-corona-1.png\",\"contentUrl\":\"https:\\\/\\\/best-tourpatagonia.tur.ar\\\/wp-content\\\/uploads\\\/2023\\\/05\\\/cropped-corona-1.png\",\"width\":128,\"height\":75,\"caption\":\"Best Tour Patagonia\"},\"image\":{\"@id\":\"https:\\\/\\\/best-tourpatagonia.tur.ar\\\/pt-br\\\/#\\\/schema\\\/logo\\\/image\\\/\"}}]}<\/script>\n<!-- \/ Yoast SEO plugin. -->","yoast_head_json":{"title":"NATUREZA E AVENTURA NO PARQUE NACIONAL - Best Tour Patagonia","description":"Visite o Parque Nacional Tierra del Fuego com uma experi\u00eancia que combina diversas paisagens, caminhadas acess\u00edveis e momentos inesquec\u00edveis.","robots":{"index":"index","follow":"follow","max-snippet":"max-snippet:-1","max-image-preview":"max-image-preview:large","max-video-preview":"max-video-preview:-1"},"canonical":"https:\/\/best-tourpatagonia.tur.ar\/pt-br\/producto\/natureza-e-aventura-no-parque-nacional\/","og_locale":"pt_BR","og_type":"article","og_title":"NATUREZA E AVENTURA NO PARQUE NACIONAL - Best Tour Patagonia","og_description":"Visite o Parque Nacional Tierra del Fuego com uma experi\u00eancia que combina diversas paisagens, caminhadas acess\u00edveis e momentos inesquec\u00edveis.","og_url":"https:\/\/best-tourpatagonia.tur.ar\/pt-br\/producto\/natureza-e-aventura-no-parque-nacional\/","og_site_name":"Best Tour Patagonia","article_modified_time":"2026-03-13T14:01:44+00:00","og_image":[{"width":2560,"height":1536,"url":"https:\/\/best-tourpatagonia.tur.ar\/wp-content\/uploads\/2023\/06\/IMG_4984-scaled.jpg","type":"image\/jpeg"}],"twitter_card":"summary_large_image","twitter_misc":{"Est. tempo de leitura":"1 minuto"},"schema":{"@context":"https:\/\/schema.org","@graph":[{"@type":"WebPage","@id":"https:\/\/best-tourpatagonia.tur.ar\/pt-br\/producto\/natureza-e-aventura-no-parque-nacional\/","url":"https:\/\/best-tourpatagonia.tur.ar\/pt-br\/producto\/natureza-e-aventura-no-parque-nacional\/","name":"NATUREZA E AVENTURA NO PARQUE NACIONAL - Best Tour Patagonia","isPartOf":{"@id":"https:\/\/best-tourpatagonia.tur.ar\/pt-br\/#website"},"primaryImageOfPage":{"@id":"https:\/\/best-tourpatagonia.tur.ar\/pt-br\/producto\/natureza-e-aventura-no-parque-nacional\/#primaryimage"},"image":{"@id":"https:\/\/best-tourpatagonia.tur.ar\/pt-br\/producto\/natureza-e-aventura-no-parque-nacional\/#primaryimage"},"thumbnailUrl":"https:\/\/best-tourpatagonia.tur.ar\/wp-content\/uploads\/2023\/06\/IMG_4984-scaled.jpg","datePublished":"2025-10-19T15:05:39+00:00","dateModified":"2026-03-13T14:01:44+00:00","description":"Visite o Parque Nacional Tierra del Fuego com uma experi\u00eancia que combina diversas paisagens, caminhadas acess\u00edveis e momentos inesquec\u00edveis.","breadcrumb":{"@id":"https:\/\/best-tourpatagonia.tur.ar\/pt-br\/producto\/natureza-e-aventura-no-parque-nacional\/#breadcrumb"},"inLanguage":"pt-BR","potentialAction":[{"@type":"ReadAction","target":["https:\/\/best-tourpatagonia.tur.ar\/pt-br\/producto\/natureza-e-aventura-no-parque-nacional\/"]}]},{"@type":"ImageObject","inLanguage":"pt-BR","@id":"https:\/\/best-tourpatagonia.tur.ar\/pt-br\/producto\/natureza-e-aventura-no-parque-nacional\/#primaryimage","url":"https:\/\/best-tourpatagonia.tur.ar\/wp-content\/uploads\/2023\/06\/IMG_4984-scaled.jpg","contentUrl":"https:\/\/best-tourpatagonia.tur.ar\/wp-content\/uploads\/2023\/06\/IMG_4984-scaled.jpg","width":2560,"height":1536,"caption":"Processado com MOLDIV"},{"@type":"BreadcrumbList","@id":"https:\/\/best-tourpatagonia.tur.ar\/pt-br\/producto\/natureza-e-aventura-no-parque-nacional\/#breadcrumb","itemListElement":[{"@type":"ListItem","position":1,"name":"Portada","item":"https:\/\/best-tourpatagonia.tur.ar\/pt-br\/aproveite-ushuaia-el-calafate-e-toda-a-patagonia-durante-todo-o-ano\/"},{"@type":"ListItem","position":2,"name":"Loja","item":"https:\/\/best-tourpatagonia.tur.ar\/pt-br\/loja\/"},{"@type":"ListItem","position":3,"name":"NATUREZA E AVENTURA NO PARQUE NACIONAL"}]},{"@type":"WebSite","@id":"https:\/\/best-tourpatagonia.tur.ar\/pt-br\/#website","url":"https:\/\/best-tourpatagonia.tur.ar\/pt-br\/","name":"Best Tour Patagonia","description":"Paquetes y excursiones en la Patagona Argentina","publisher":{"@id":"https:\/\/best-tourpatagonia.tur.ar\/pt-br\/#organization"},"potentialAction":[{"@type":"SearchAction","target":{"@type":"EntryPoint","urlTemplate":"https:\/\/best-tourpatagonia.tur.ar\/pt-br\/?s={search_term_string}"},"query-input":{"@type":"PropertyValueSpecification","valueRequired":true,"valueName":"search_term_string"}}],"inLanguage":"pt-BR"},{"@type":"Organization","@id":"https:\/\/best-tourpatagonia.tur.ar\/pt-br\/#organization","name":"Best Tour Patagonia","url":"https:\/\/best-tourpatagonia.tur.ar\/pt-br\/","logo":{"@type":"ImageObject","inLanguage":"pt-BR","@id":"https:\/\/best-tourpatagonia.tur.ar\/pt-br\/#\/schema\/logo\/image\/","url":"https:\/\/best-tourpatagonia.tur.ar\/wp-content\/uploads\/2023\/05\/cropped-corona-1.png","contentUrl":"https:\/\/best-tourpatagonia.tur.ar\/wp-content\/uploads\/2023\/05\/cropped-corona-1.png","width":128,"height":75,"caption":"Best Tour Patagonia"},"image":{"@id":"https:\/\/best-tourpatagonia.tur.ar\/pt-br\/#\/schema\/logo\/image\/"}}]}},"_links":{"self":[{"href":"https:\/\/best-tourpatagonia.tur.ar\/pt-br\/wp-json\/wp\/v2\/product\/19331","targetHints":{"allow":["GET"]}}],"collection":[{"href":"https:\/\/best-tourpatagonia.tur.ar\/pt-br\/wp-json\/wp\/v2\/product"}],"about":[{"href":"https:\/\/best-tourpatagonia.tur.ar\/pt-br\/wp-json\/wp\/v2\/types\/product"}],"wp:featuredmedia":[{"embeddable":true,"href":"https:\/\/best-tourpatagonia.tur.ar\/pt-br\/wp-json\/wp\/v2\/media\/11856"}],"wp:attachment":[{"href":"https:\/\/best-tourpatagonia.tur.ar\/pt-br\/wp-json\/wp\/v2\/media?parent=19331"}],"wp:term":[{"taxonomy":"product_brand","embeddable":true,"href":"https:\/\/best-tourpatagonia.tur.ar\/pt-br\/wp-json\/wp\/v2\/product_brand?post=19331"},{"taxonomy":"product_cat","embeddable":true,"href":"https:\/\/best-tourpatagonia.tur.ar\/pt-br\/wp-json\/wp\/v2\/product_cat?post=19331"},{"taxonomy":"product_tag","embeddable":true,"href":"https:\/\/best-tourpatagonia.tur.ar\/pt-br\/wp-json\/wp\/v2\/product_tag?post=19331"},{"taxonomy":"destino","embeddable":true,"href":"https:\/\/best-tourpatagonia.tur.ar\/pt-br\/wp-json\/wp\/v2\/destino?post=19331"},{"taxonomy":"pais","embeddable":true,"href":"https:\/\/best-tourpatagonia.tur.ar\/pt-br\/wp-json\/wp\/v2\/pais?post=19331"}],"curies":[{"name":"wp","href":"https:\/\/api.w.org\/{rel}","templated":true}]}}