{"id":16366,"date":"2025-07-07T13:10:21","date_gmt":"2025-07-07T16:10:21","guid":{"rendered":"https:\/\/best-tourpatagonia.tur.ar\/producto\/experiencia-no-lago-escondido-motocicleta-neve-e-sabores\/"},"modified":"2026-03-13T11:02:07","modified_gmt":"2026-03-13T14:02:07","slug":"experiencia-no-lago-escondido-motocicleta-neve-e-sabores","status":"publish","type":"product","link":"https:\/\/best-tourpatagonia.tur.ar\/pt-br\/producto\/experiencia-no-lago-escondido-motocicleta-neve-e-sabores\/","title":{"rendered":"Experi\u00eancia no Lago Escondido: motocicleta, neve e sabores"},"content":{"rendered":"<p><span style=\"font-weight: 400;\">Uma excurs\u00e3o projetada para voc\u00ea aproveitar o inverno na Terra do Fogo: paisagens de tirar o f\u00f4lego, hist\u00f3ria, aventura na neve e  <\/span><span style=\"font-weight: 400;\">sabores regionais. Durante todo esse dia, voc\u00ea explorar\u00e1 o vale, ver\u00e1 lugares \u00fanicos e viver\u00e1 experi\u00eancias.  <\/span><span style=\"font-weight: 400;\">inesquec\u00edvel.<\/span><\/p>\n<p><span style=\"font-weight: 400;\">Percorreremos a m\u00edtica rota nacional n\u00ba 3, com paradas panor\u00e2micas para apreciar as vistas do vale de Tierra Mayor, do Cerro Castor e dos resorts de inverno. <\/span><span style=\"font-weight: 400;\">Voc\u00ea ver\u00e1 o vale de Tierra Mayor, o Cerro Castor e os resorts de inverno.<\/span><\/p>\n<p><span style=\"font-weight: 400;\">Visitamos o centro de inverno de Haruwen, com uma parada especial para descobrir o museu exclusivo de motocicletas antigas.  <\/span><span style=\"font-weight: 400;\">com pe\u00e7as restauradas e hist\u00f3ricas. Tamb\u00e9m visitaremos sua loja de gim artesanal, onde voc\u00ea poder\u00e1 aprender sobre o  <\/span><span style=\"font-weight: 400;\">processo de fabrica\u00e7\u00e3o do gim da Terra do Fogo, com a possibilidade de degusta\u00e7\u00e3o ou compra.<\/span><\/p>\n<p><span style=\"font-weight: 400;\">Em seguida, cruzaremos a cordilheira pelo passo Garibaldi e pelo lago oculto, onde voc\u00ea poder\u00e1 tirar fotos da paisagem. <\/span><span style=\"font-weight: 400;\">Paisagem.<\/span><\/p>\n<p><span style=\"font-weight: 400;\">Finalmente, chegaremos a llanos del castor, onde teremos atividades e almo\u00e7o.<\/span><\/p>\n<p>&nbsp;<\/p>\n<p><span style=\"font-weight: 400;\">Voc\u00ea poder\u00e1 escolher entre duas experi\u00eancias:<\/span><\/p>\n<p><span style=\"font-weight: 400;\">Op\u00e7\u00e3o 1: aventura de snowmobile + almo\u00e7o.<br \/>\n<\/span><\/p>\n<p><span style=\"font-weight: 400;\">Op\u00e7\u00e3o 2: caminhada com raquetes de neve + almo\u00e7o.<\/span><\/p>\n<p>Almo\u00e7o regional: Ca\u00e7arola de cordeiro, frango ao disco.<br \/>\nCard\u00e1pio vegetariano: Ab\u00f3bora recheada.<br \/>\nOp\u00e7\u00e3o de card\u00e1pio infantil: favor consultar.<\/p>\n<p>Todas as op\u00e7\u00f5es incluem 1 bebida n\u00e3o alco\u00f3lica, entrada e sobremesa.<\/p>\n<p><span style=\"font-weight: 400;\"> <\/span><\/p>\n","protected":false},"excerpt":{"rendered":"<p>Uma excurs\u00e3o projetada para voc\u00ea aproveitar o inverno na Terra do Fogo: paisagens de tirar o f\u00f4lego, hist\u00f3ria, aventura na neve e sabores regionais. Durante todo esse dia, voc\u00ea explorar\u00e1 o vale, ver\u00e1 lugares \u00fanicos e viver\u00e1 experi\u00eancias. inesquec\u00edvel. Percorreremos a m\u00edtica rota nacional n\u00ba 3, com paradas panor\u00e2micas para apreciar as vistas do vale [&hellip;]<\/p>\n","protected":false},"featured_media":16043,"template":"","meta":[],"product_brand":[],"product_cat":[103,184,236],"product_tag":[225,247,249,248,226],"destino":[170,156],"pais":[164],"class_list":{"0":"post-16366","1":"product","2":"type-product","3":"status-publish","4":"has-post-thumbnail","6":"product_cat-excursiones-pt-br","7":"product_cat-inverno","8":"product_cat-venda-de-viagens","9":"product_tag-fim-do-mundo","10":"product_tag-motos-de-neve","11":"product_tag-neve","12":"product_tag-raquetes-de-neve","13":"product_tag-ushuaia","14":"destino-terra-do-fogo","15":"destino-ushuaia-pt-br","16":"pais-argentina-pt-br","18":"first","19":"instock","20":"virtual","21":"sold-individually","22":"purchasable","23":"product-type-booking"},"booking_location":"","booking_location_type":"","booking_duration":1,"booking_duration_unit":"day","booking_buffer":0,"booking_cost":0,"booking_resources":[],"yoast_head":"<!-- This site is optimized with the Yoast SEO plugin v27.4 - https:\/\/yoast.com\/product\/yoast-seo-wordpress\/ -->\n<title>Experi\u00eancia no Lago Escondido: motocicleta, neve e sabores - Best Tour Patagonia<\/title>\n<meta name=\"robots\" content=\"index, follow, max-snippet:-1, max-image-preview:large, max-video-preview:-1\" \/>\n<link rel=\"canonical\" href=\"https:\/\/best-tourpatagonia.tur.ar\/pt-br\/producto\/experiencia-no-lago-escondido-motocicleta-neve-e-sabores\/\" \/>\n<meta property=\"og:locale\" content=\"pt_BR\" \/>\n<meta property=\"og:type\" content=\"article\" \/>\n<meta property=\"og:title\" content=\"Experi\u00eancia no Lago Escondido: motocicleta, neve e sabores - Best Tour Patagonia\" \/>\n<meta property=\"og:description\" content=\"Uma excurs\u00e3o projetada para voc\u00ea aproveitar o inverno na Terra do Fogo: paisagens de tirar o f\u00f4lego, hist\u00f3ria, aventura na neve e sabores regionais. Durante todo esse dia, voc\u00ea explorar\u00e1 o vale, ver\u00e1 lugares \u00fanicos e viver\u00e1 experi\u00eancias. inesquec\u00edvel. Percorreremos a m\u00edtica rota nacional n\u00ba 3, com paradas panor\u00e2micas para apreciar as vistas do vale [&hellip;]\" \/>\n<meta property=\"og:url\" content=\"https:\/\/best-tourpatagonia.tur.ar\/pt-br\/producto\/experiencia-no-lago-escondido-motocicleta-neve-e-sabores\/\" \/>\n<meta property=\"og:site_name\" content=\"Best Tour Patagonia\" \/>\n<meta property=\"article:modified_time\" content=\"2026-03-13T14:02:07+00:00\" \/>\n<meta property=\"og:image\" content=\"https:\/\/best-tourpatagonia.tur.ar\/wp-content\/uploads\/2025\/07\/MG_1238-scaled.jpg\" \/>\n\t<meta property=\"og:image:width\" content=\"2560\" \/>\n\t<meta property=\"og:image:height\" content=\"1707\" \/>\n\t<meta property=\"og:image:type\" content=\"image\/jpeg\" \/>\n<meta name=\"twitter:card\" content=\"summary_large_image\" \/>\n<meta name=\"twitter:label1\" content=\"Est. tempo de leitura\" \/>\n\t<meta name=\"twitter:data1\" content=\"1 minuto\" \/>\n<script type=\"application\/ld+json\" class=\"yoast-schema-graph\">{\"@context\":\"https:\\\/\\\/schema.org\",\"@graph\":[{\"@type\":\"WebPage\",\"@id\":\"https:\\\/\\\/best-tourpatagonia.tur.ar\\\/pt-br\\\/producto\\\/experiencia-no-lago-escondido-motocicleta-neve-e-sabores\\\/\",\"url\":\"https:\\\/\\\/best-tourpatagonia.tur.ar\\\/pt-br\\\/producto\\\/experiencia-no-lago-escondido-motocicleta-neve-e-sabores\\\/\",\"name\":\"Experi\u00eancia no Lago Escondido: motocicleta, neve e sabores - Best Tour Patagonia\",\"isPartOf\":{\"@id\":\"https:\\\/\\\/best-tourpatagonia.tur.ar\\\/pt-br\\\/#website\"},\"primaryImageOfPage\":{\"@id\":\"https:\\\/\\\/best-tourpatagonia.tur.ar\\\/pt-br\\\/producto\\\/experiencia-no-lago-escondido-motocicleta-neve-e-sabores\\\/#primaryimage\"},\"image\":{\"@id\":\"https:\\\/\\\/best-tourpatagonia.tur.ar\\\/pt-br\\\/producto\\\/experiencia-no-lago-escondido-motocicleta-neve-e-sabores\\\/#primaryimage\"},\"thumbnailUrl\":\"https:\\\/\\\/best-tourpatagonia.tur.ar\\\/wp-content\\\/uploads\\\/2025\\\/07\\\/MG_1238-scaled.jpg\",\"datePublished\":\"2025-07-07T16:10:21+00:00\",\"dateModified\":\"2026-03-13T14:02:07+00:00\",\"breadcrumb\":{\"@id\":\"https:\\\/\\\/best-tourpatagonia.tur.ar\\\/pt-br\\\/producto\\\/experiencia-no-lago-escondido-motocicleta-neve-e-sabores\\\/#breadcrumb\"},\"inLanguage\":\"pt-BR\",\"potentialAction\":[{\"@type\":\"ReadAction\",\"target\":[\"https:\\\/\\\/best-tourpatagonia.tur.ar\\\/pt-br\\\/producto\\\/experiencia-no-lago-escondido-motocicleta-neve-e-sabores\\\/\"]}]},{\"@type\":\"ImageObject\",\"inLanguage\":\"pt-BR\",\"@id\":\"https:\\\/\\\/best-tourpatagonia.tur.ar\\\/pt-br\\\/producto\\\/experiencia-no-lago-escondido-motocicleta-neve-e-sabores\\\/#primaryimage\",\"url\":\"https:\\\/\\\/best-tourpatagonia.tur.ar\\\/wp-content\\\/uploads\\\/2025\\\/07\\\/MG_1238-scaled.jpg\",\"contentUrl\":\"https:\\\/\\\/best-tourpatagonia.tur.ar\\\/wp-content\\\/uploads\\\/2025\\\/07\\\/MG_1238-scaled.jpg\",\"width\":2560,\"height\":1707},{\"@type\":\"BreadcrumbList\",\"@id\":\"https:\\\/\\\/best-tourpatagonia.tur.ar\\\/pt-br\\\/producto\\\/experiencia-no-lago-escondido-motocicleta-neve-e-sabores\\\/#breadcrumb\",\"itemListElement\":[{\"@type\":\"ListItem\",\"position\":1,\"name\":\"Portada\",\"item\":\"https:\\\/\\\/best-tourpatagonia.tur.ar\\\/pt-br\\\/aproveite-ushuaia-el-calafate-e-toda-a-patagonia-durante-todo-o-ano\\\/\"},{\"@type\":\"ListItem\",\"position\":2,\"name\":\"Loja\",\"item\":\"https:\\\/\\\/best-tourpatagonia.tur.ar\\\/pt-br\\\/loja\\\/\"},{\"@type\":\"ListItem\",\"position\":3,\"name\":\"Experi\u00eancia no Lago Escondido: motocicleta, neve e sabores\"}]},{\"@type\":\"WebSite\",\"@id\":\"https:\\\/\\\/best-tourpatagonia.tur.ar\\\/pt-br\\\/#website\",\"url\":\"https:\\\/\\\/best-tourpatagonia.tur.ar\\\/pt-br\\\/\",\"name\":\"Best Tour Patagonia\",\"description\":\"Paquetes y excursiones en la Patagona Argentina\",\"publisher\":{\"@id\":\"https:\\\/\\\/best-tourpatagonia.tur.ar\\\/pt-br\\\/#organization\"},\"potentialAction\":[{\"@type\":\"SearchAction\",\"target\":{\"@type\":\"EntryPoint\",\"urlTemplate\":\"https:\\\/\\\/best-tourpatagonia.tur.ar\\\/pt-br\\\/?s={search_term_string}\"},\"query-input\":{\"@type\":\"PropertyValueSpecification\",\"valueRequired\":true,\"valueName\":\"search_term_string\"}}],\"inLanguage\":\"pt-BR\"},{\"@type\":\"Organization\",\"@id\":\"https:\\\/\\\/best-tourpatagonia.tur.ar\\\/pt-br\\\/#organization\",\"name\":\"Best Tour Patagonia\",\"url\":\"https:\\\/\\\/best-tourpatagonia.tur.ar\\\/pt-br\\\/\",\"logo\":{\"@type\":\"ImageObject\",\"inLanguage\":\"pt-BR\",\"@id\":\"https:\\\/\\\/best-tourpatagonia.tur.ar\\\/pt-br\\\/#\\\/schema\\\/logo\\\/image\\\/\",\"url\":\"https:\\\/\\\/best-tourpatagonia.tur.ar\\\/wp-content\\\/uploads\\\/2023\\\/05\\\/cropped-corona-1.png\",\"contentUrl\":\"https:\\\/\\\/best-tourpatagonia.tur.ar\\\/wp-content\\\/uploads\\\/2023\\\/05\\\/cropped-corona-1.png\",\"width\":128,\"height\":75,\"caption\":\"Best Tour Patagonia\"},\"image\":{\"@id\":\"https:\\\/\\\/best-tourpatagonia.tur.ar\\\/pt-br\\\/#\\\/schema\\\/logo\\\/image\\\/\"}}]}<\/script>\n<!-- \/ Yoast SEO plugin. -->","yoast_head_json":{"title":"Experi\u00eancia no Lago Escondido: motocicleta, neve e sabores - Best Tour Patagonia","robots":{"index":"index","follow":"follow","max-snippet":"max-snippet:-1","max-image-preview":"max-image-preview:large","max-video-preview":"max-video-preview:-1"},"canonical":"https:\/\/best-tourpatagonia.tur.ar\/pt-br\/producto\/experiencia-no-lago-escondido-motocicleta-neve-e-sabores\/","og_locale":"pt_BR","og_type":"article","og_title":"Experi\u00eancia no Lago Escondido: motocicleta, neve e sabores - Best Tour Patagonia","og_description":"Uma excurs\u00e3o projetada para voc\u00ea aproveitar o inverno na Terra do Fogo: paisagens de tirar o f\u00f4lego, hist\u00f3ria, aventura na neve e sabores regionais. Durante todo esse dia, voc\u00ea explorar\u00e1 o vale, ver\u00e1 lugares \u00fanicos e viver\u00e1 experi\u00eancias. inesquec\u00edvel. Percorreremos a m\u00edtica rota nacional n\u00ba 3, com paradas panor\u00e2micas para apreciar as vistas do vale [&hellip;]","og_url":"https:\/\/best-tourpatagonia.tur.ar\/pt-br\/producto\/experiencia-no-lago-escondido-motocicleta-neve-e-sabores\/","og_site_name":"Best Tour Patagonia","article_modified_time":"2026-03-13T14:02:07+00:00","og_image":[{"width":2560,"height":1707,"url":"https:\/\/best-tourpatagonia.tur.ar\/wp-content\/uploads\/2025\/07\/MG_1238-scaled.jpg","type":"image\/jpeg"}],"twitter_card":"summary_large_image","twitter_misc":{"Est. tempo de leitura":"1 minuto"},"schema":{"@context":"https:\/\/schema.org","@graph":[{"@type":"WebPage","@id":"https:\/\/best-tourpatagonia.tur.ar\/pt-br\/producto\/experiencia-no-lago-escondido-motocicleta-neve-e-sabores\/","url":"https:\/\/best-tourpatagonia.tur.ar\/pt-br\/producto\/experiencia-no-lago-escondido-motocicleta-neve-e-sabores\/","name":"Experi\u00eancia no Lago Escondido: motocicleta, neve e sabores - Best Tour Patagonia","isPartOf":{"@id":"https:\/\/best-tourpatagonia.tur.ar\/pt-br\/#website"},"primaryImageOfPage":{"@id":"https:\/\/best-tourpatagonia.tur.ar\/pt-br\/producto\/experiencia-no-lago-escondido-motocicleta-neve-e-sabores\/#primaryimage"},"image":{"@id":"https:\/\/best-tourpatagonia.tur.ar\/pt-br\/producto\/experiencia-no-lago-escondido-motocicleta-neve-e-sabores\/#primaryimage"},"thumbnailUrl":"https:\/\/best-tourpatagonia.tur.ar\/wp-content\/uploads\/2025\/07\/MG_1238-scaled.jpg","datePublished":"2025-07-07T16:10:21+00:00","dateModified":"2026-03-13T14:02:07+00:00","breadcrumb":{"@id":"https:\/\/best-tourpatagonia.tur.ar\/pt-br\/producto\/experiencia-no-lago-escondido-motocicleta-neve-e-sabores\/#breadcrumb"},"inLanguage":"pt-BR","potentialAction":[{"@type":"ReadAction","target":["https:\/\/best-tourpatagonia.tur.ar\/pt-br\/producto\/experiencia-no-lago-escondido-motocicleta-neve-e-sabores\/"]}]},{"@type":"ImageObject","inLanguage":"pt-BR","@id":"https:\/\/best-tourpatagonia.tur.ar\/pt-br\/producto\/experiencia-no-lago-escondido-motocicleta-neve-e-sabores\/#primaryimage","url":"https:\/\/best-tourpatagonia.tur.ar\/wp-content\/uploads\/2025\/07\/MG_1238-scaled.jpg","contentUrl":"https:\/\/best-tourpatagonia.tur.ar\/wp-content\/uploads\/2025\/07\/MG_1238-scaled.jpg","width":2560,"height":1707},{"@type":"BreadcrumbList","@id":"https:\/\/best-tourpatagonia.tur.ar\/pt-br\/producto\/experiencia-no-lago-escondido-motocicleta-neve-e-sabores\/#breadcrumb","itemListElement":[{"@type":"ListItem","position":1,"name":"Portada","item":"https:\/\/best-tourpatagonia.tur.ar\/pt-br\/aproveite-ushuaia-el-calafate-e-toda-a-patagonia-durante-todo-o-ano\/"},{"@type":"ListItem","position":2,"name":"Loja","item":"https:\/\/best-tourpatagonia.tur.ar\/pt-br\/loja\/"},{"@type":"ListItem","position":3,"name":"Experi\u00eancia no Lago Escondido: motocicleta, neve e sabores"}]},{"@type":"WebSite","@id":"https:\/\/best-tourpatagonia.tur.ar\/pt-br\/#website","url":"https:\/\/best-tourpatagonia.tur.ar\/pt-br\/","name":"Best Tour Patagonia","description":"Paquetes y excursiones en la Patagona Argentina","publisher":{"@id":"https:\/\/best-tourpatagonia.tur.ar\/pt-br\/#organization"},"potentialAction":[{"@type":"SearchAction","target":{"@type":"EntryPoint","urlTemplate":"https:\/\/best-tourpatagonia.tur.ar\/pt-br\/?s={search_term_string}"},"query-input":{"@type":"PropertyValueSpecification","valueRequired":true,"valueName":"search_term_string"}}],"inLanguage":"pt-BR"},{"@type":"Organization","@id":"https:\/\/best-tourpatagonia.tur.ar\/pt-br\/#organization","name":"Best Tour Patagonia","url":"https:\/\/best-tourpatagonia.tur.ar\/pt-br\/","logo":{"@type":"ImageObject","inLanguage":"pt-BR","@id":"https:\/\/best-tourpatagonia.tur.ar\/pt-br\/#\/schema\/logo\/image\/","url":"https:\/\/best-tourpatagonia.tur.ar\/wp-content\/uploads\/2023\/05\/cropped-corona-1.png","contentUrl":"https:\/\/best-tourpatagonia.tur.ar\/wp-content\/uploads\/2023\/05\/cropped-corona-1.png","width":128,"height":75,"caption":"Best Tour Patagonia"},"image":{"@id":"https:\/\/best-tourpatagonia.tur.ar\/pt-br\/#\/schema\/logo\/image\/"}}]}},"_links":{"self":[{"href":"https:\/\/best-tourpatagonia.tur.ar\/pt-br\/wp-json\/wp\/v2\/product\/16366","targetHints":{"allow":["GET"]}}],"collection":[{"href":"https:\/\/best-tourpatagonia.tur.ar\/pt-br\/wp-json\/wp\/v2\/product"}],"about":[{"href":"https:\/\/best-tourpatagonia.tur.ar\/pt-br\/wp-json\/wp\/v2\/types\/product"}],"wp:featuredmedia":[{"embeddable":true,"href":"https:\/\/best-tourpatagonia.tur.ar\/pt-br\/wp-json\/wp\/v2\/media\/16043"}],"wp:attachment":[{"href":"https:\/\/best-tourpatagonia.tur.ar\/pt-br\/wp-json\/wp\/v2\/media?parent=16366"}],"wp:term":[{"taxonomy":"product_brand","embeddable":true,"href":"https:\/\/best-tourpatagonia.tur.ar\/pt-br\/wp-json\/wp\/v2\/product_brand?post=16366"},{"taxonomy":"product_cat","embeddable":true,"href":"https:\/\/best-tourpatagonia.tur.ar\/pt-br\/wp-json\/wp\/v2\/product_cat?post=16366"},{"taxonomy":"product_tag","embeddable":true,"href":"https:\/\/best-tourpatagonia.tur.ar\/pt-br\/wp-json\/wp\/v2\/product_tag?post=16366"},{"taxonomy":"destino","embeddable":true,"href":"https:\/\/best-tourpatagonia.tur.ar\/pt-br\/wp-json\/wp\/v2\/destino?post=16366"},{"taxonomy":"pais","embeddable":true,"href":"https:\/\/best-tourpatagonia.tur.ar\/pt-br\/wp-json\/wp\/v2\/pais?post=16366"}],"curies":[{"name":"wp","href":"https:\/\/api.w.org\/{rel}","templated":true}]}}