{"id":11753,"date":"2023-09-25T13:32:09","date_gmt":"2023-09-25T16:32:09","guid":{"rendered":"https:\/\/best-tourpatagonia.tur.ar\/producto\/puerto-almanza-natureza-e-delicias-do-beagle\/"},"modified":"2025-06-12T12:16:33","modified_gmt":"2025-06-12T15:16:33","slug":"puerto-almanza-natureza-e-delicias-do-beagle","status":"publish","type":"product","link":"https:\/\/best-tourpatagonia.tur.ar\/pt-br\/producto\/puerto-almanza-natureza-e-delicias-do-beagle\/","title":{"rendered":"Puerto Almanza &#8211; natureza e del\u00edcias do Beagle"},"content":{"rendered":"<p class=\"cvGsUA direction-ltr align-justify para-style-body\"><span class=\"OYPEnA text-decoration-none text-strikethrough-none\">Sa\u00edmos de Ushuaia pela Rota 3 at\u00e9 chegarmos \u00e0 primeira parada no Vale Carbajal, onde podemos apreciar os p\u00e2ntanos de turfa e uma vista de tirar o f\u00f4lego da cordilheira e das geleiras da montanha.<\/span><\/p>\n<p class=\"cvGsUA direction-ltr align-justify para-style-body\"><span class=\"OYPEnA text-decoration-none text-strikethrough-none\">Continuamos pela mesma rota at\u00e9 a interse\u00e7\u00e3o com a Rota J, seguindo por uma estrada de cascalho que atravessa uma densa floresta nativa.<\/span><\/p>\n<p class=\"cvGsUA direction-ltr align-justify para-style-body\"><span class=\"OYPEnA text-decoration-none text-strikethrough-none\">No caminho, faremos uma parada no mirante da Laguna Victoria para voc\u00ea aproveitar o momento e tomar uma bebida quente. Em seguida, faremos uma parada no Passo Guarani para apreciar a famosa &#8220;\u00c1rvore da Bandeira&#8221;, uma atra\u00e7\u00e3o tur\u00edstica caracter\u00edstica, patrim\u00f4nio da prov\u00edncia. <\/span><\/p>\n<p class=\"cvGsUA direction-ltr align-justify para-style-body\"><span class=\"OYPEnA text-decoration-none text-strikethrough-none\">De volta ao ve\u00edculo, continuaremos nossa jornada at\u00e9 Puerto Almanza, o porto de pesca mais ao sul.<\/span><\/p>\n<p class=\"cvGsUA direction-ltr align-justify para-style-body\"><span class=\"OYPEnA text-decoration-none text-strikethrough-none\">De l\u00e1, seguimos por cerca de 15 km at\u00e9 chegarmos ao pequeno e ador\u00e1vel vilarejo, onde quase toda a popula\u00e7\u00e3o se dedica \u00e0 pesca artesanal, extraindo caranguejo e outras frutas do canal.<\/span><\/p>\n<p class=\"cvGsUA direction-ltr align-justify para-style-body\"><span class=\"OYPEnA text-decoration-none text-strikethrough-none\">O almo\u00e7o estar\u00e1 nos esperando em uma adega de vinhos. Vamos sabore\u00e1-lo imersos em um lugar \u00fanico, cercado pela natureza, para recuperar as energias e relembrar os bons momentos da excurs\u00e3o. <\/span><\/p>\n<p class=\"cvGsUA direction-ltr align-justify para-style-body\"><span class=\"OYPEnA text-decoration-none text-strikethrough-none\">No final do passeio, retornaremos a Ushuaia.<\/span><\/p>\n","protected":false},"excerpt":{"rendered":"<p>Sa\u00edmos de Ushuaia pela Rota 3 at\u00e9 chegarmos \u00e0 primeira parada no Vale Carbajal, onde podemos apreciar os p\u00e2ntanos de turfa e uma vista de tirar o f\u00f4lego da cordilheira e das geleiras da montanha. Continuamos pela mesma rota at\u00e9 a interse\u00e7\u00e3o com a Rota J, seguindo por uma estrada de cascalho que atravessa uma [&hellip;]<\/p>\n","protected":false},"featured_media":11764,"template":"","meta":[],"product_brand":[],"product_cat":[103,105],"product_tag":[],"destino":[156],"pais":[164],"class_list":{"0":"post-11753","1":"product","2":"type-product","3":"status-publish","4":"has-post-thumbnail","6":"product_cat-excursiones-pt-br","7":"product_cat-excursoes-terrestres","8":"destino-ushuaia-pt-br","9":"pais-argentina-pt-br","11":"first","12":"instock","13":"featured","14":"virtual","15":"sold-individually","16":"purchasable","17":"product-type-booking"},"booking_location":"","booking_location_type":"","booking_duration":1,"booking_duration_unit":"day","booking_buffer":0,"booking_cost":0,"booking_resources":[],"yoast_head":"<!-- This site is optimized with the Yoast SEO plugin v27.4 - https:\/\/yoast.com\/product\/yoast-seo-wordpress\/ -->\n<title>Puerto Almanza - natureza e del\u00edcias do Beagle - Best Tour Patagonia<\/title>\n<meta name=\"robots\" content=\"index, follow, max-snippet:-1, max-image-preview:large, max-video-preview:-1\" \/>\n<link rel=\"canonical\" href=\"https:\/\/best-tourpatagonia.tur.ar\/pt-br\/producto\/puerto-almanza-natureza-e-delicias-do-beagle\/\" \/>\n<meta property=\"og:locale\" content=\"pt_BR\" \/>\n<meta property=\"og:type\" content=\"article\" \/>\n<meta property=\"og:title\" content=\"Puerto Almanza - natureza e del\u00edcias do Beagle - Best Tour Patagonia\" \/>\n<meta property=\"og:description\" content=\"Sa\u00edmos de Ushuaia pela Rota 3 at\u00e9 chegarmos \u00e0 primeira parada no Vale Carbajal, onde podemos apreciar os p\u00e2ntanos de turfa e uma vista de tirar o f\u00f4lego da cordilheira e das geleiras da montanha. Continuamos pela mesma rota at\u00e9 a interse\u00e7\u00e3o com a Rota J, seguindo por uma estrada de cascalho que atravessa uma [&hellip;]\" \/>\n<meta property=\"og:url\" content=\"https:\/\/best-tourpatagonia.tur.ar\/pt-br\/producto\/puerto-almanza-natureza-e-delicias-do-beagle\/\" \/>\n<meta property=\"og:site_name\" content=\"Best Tour Patagonia\" \/>\n<meta property=\"article:modified_time\" content=\"2025-06-12T15:16:33+00:00\" \/>\n<meta property=\"og:image\" content=\"https:\/\/best-tourpatagonia.tur.ar\/wp-content\/uploads\/2023\/09\/Puerto-Almanza-1.jpg\" \/>\n\t<meta property=\"og:image:width\" content=\"780\" \/>\n\t<meta property=\"og:image:height\" content=\"500\" \/>\n\t<meta property=\"og:image:type\" content=\"image\/jpeg\" \/>\n<meta name=\"twitter:card\" content=\"summary_large_image\" \/>\n<meta name=\"twitter:label1\" content=\"Est. tempo de leitura\" \/>\n\t<meta name=\"twitter:data1\" content=\"1 minuto\" \/>\n<script type=\"application\/ld+json\" class=\"yoast-schema-graph\">{\"@context\":\"https:\\\/\\\/schema.org\",\"@graph\":[{\"@type\":\"WebPage\",\"@id\":\"https:\\\/\\\/best-tourpatagonia.tur.ar\\\/pt-br\\\/producto\\\/puerto-almanza-natureza-e-delicias-do-beagle\\\/\",\"url\":\"https:\\\/\\\/best-tourpatagonia.tur.ar\\\/pt-br\\\/producto\\\/puerto-almanza-natureza-e-delicias-do-beagle\\\/\",\"name\":\"Puerto Almanza - natureza e del\u00edcias do Beagle - Best Tour Patagonia\",\"isPartOf\":{\"@id\":\"https:\\\/\\\/best-tourpatagonia.tur.ar\\\/pt-br\\\/#website\"},\"primaryImageOfPage\":{\"@id\":\"https:\\\/\\\/best-tourpatagonia.tur.ar\\\/pt-br\\\/producto\\\/puerto-almanza-natureza-e-delicias-do-beagle\\\/#primaryimage\"},\"image\":{\"@id\":\"https:\\\/\\\/best-tourpatagonia.tur.ar\\\/pt-br\\\/producto\\\/puerto-almanza-natureza-e-delicias-do-beagle\\\/#primaryimage\"},\"thumbnailUrl\":\"https:\\\/\\\/best-tourpatagonia.tur.ar\\\/wp-content\\\/uploads\\\/2023\\\/09\\\/Puerto-Almanza-1.jpg\",\"datePublished\":\"2023-09-25T16:32:09+00:00\",\"dateModified\":\"2025-06-12T15:16:33+00:00\",\"breadcrumb\":{\"@id\":\"https:\\\/\\\/best-tourpatagonia.tur.ar\\\/pt-br\\\/producto\\\/puerto-almanza-natureza-e-delicias-do-beagle\\\/#breadcrumb\"},\"inLanguage\":\"pt-BR\",\"potentialAction\":[{\"@type\":\"ReadAction\",\"target\":[\"https:\\\/\\\/best-tourpatagonia.tur.ar\\\/pt-br\\\/producto\\\/puerto-almanza-natureza-e-delicias-do-beagle\\\/\"]}]},{\"@type\":\"ImageObject\",\"inLanguage\":\"pt-BR\",\"@id\":\"https:\\\/\\\/best-tourpatagonia.tur.ar\\\/pt-br\\\/producto\\\/puerto-almanza-natureza-e-delicias-do-beagle\\\/#primaryimage\",\"url\":\"https:\\\/\\\/best-tourpatagonia.tur.ar\\\/wp-content\\\/uploads\\\/2023\\\/09\\\/Puerto-Almanza-1.jpg\",\"contentUrl\":\"https:\\\/\\\/best-tourpatagonia.tur.ar\\\/wp-content\\\/uploads\\\/2023\\\/09\\\/Puerto-Almanza-1.jpg\",\"width\":780,\"height\":500},{\"@type\":\"BreadcrumbList\",\"@id\":\"https:\\\/\\\/best-tourpatagonia.tur.ar\\\/pt-br\\\/producto\\\/puerto-almanza-natureza-e-delicias-do-beagle\\\/#breadcrumb\",\"itemListElement\":[{\"@type\":\"ListItem\",\"position\":1,\"name\":\"Portada\",\"item\":\"https:\\\/\\\/best-tourpatagonia.tur.ar\\\/pt-br\\\/aproveite-ushuaia-el-calafate-e-toda-a-patagonia-durante-todo-o-ano\\\/\"},{\"@type\":\"ListItem\",\"position\":2,\"name\":\"Loja\",\"item\":\"https:\\\/\\\/best-tourpatagonia.tur.ar\\\/pt-br\\\/loja\\\/\"},{\"@type\":\"ListItem\",\"position\":3,\"name\":\"Puerto Almanza &#8211; natureza e del\u00edcias do Beagle\"}]},{\"@type\":\"WebSite\",\"@id\":\"https:\\\/\\\/best-tourpatagonia.tur.ar\\\/pt-br\\\/#website\",\"url\":\"https:\\\/\\\/best-tourpatagonia.tur.ar\\\/pt-br\\\/\",\"name\":\"Best Tour Patagonia\",\"description\":\"Paquetes y excursiones en la Patagona Argentina\",\"publisher\":{\"@id\":\"https:\\\/\\\/best-tourpatagonia.tur.ar\\\/pt-br\\\/#organization\"},\"potentialAction\":[{\"@type\":\"SearchAction\",\"target\":{\"@type\":\"EntryPoint\",\"urlTemplate\":\"https:\\\/\\\/best-tourpatagonia.tur.ar\\\/pt-br\\\/?s={search_term_string}\"},\"query-input\":{\"@type\":\"PropertyValueSpecification\",\"valueRequired\":true,\"valueName\":\"search_term_string\"}}],\"inLanguage\":\"pt-BR\"},{\"@type\":\"Organization\",\"@id\":\"https:\\\/\\\/best-tourpatagonia.tur.ar\\\/pt-br\\\/#organization\",\"name\":\"Best Tour Patagonia\",\"url\":\"https:\\\/\\\/best-tourpatagonia.tur.ar\\\/pt-br\\\/\",\"logo\":{\"@type\":\"ImageObject\",\"inLanguage\":\"pt-BR\",\"@id\":\"https:\\\/\\\/best-tourpatagonia.tur.ar\\\/pt-br\\\/#\\\/schema\\\/logo\\\/image\\\/\",\"url\":\"https:\\\/\\\/best-tourpatagonia.tur.ar\\\/wp-content\\\/uploads\\\/2023\\\/05\\\/cropped-corona-1.png\",\"contentUrl\":\"https:\\\/\\\/best-tourpatagonia.tur.ar\\\/wp-content\\\/uploads\\\/2023\\\/05\\\/cropped-corona-1.png\",\"width\":128,\"height\":75,\"caption\":\"Best Tour Patagonia\"},\"image\":{\"@id\":\"https:\\\/\\\/best-tourpatagonia.tur.ar\\\/pt-br\\\/#\\\/schema\\\/logo\\\/image\\\/\"}}]}<\/script>\n<!-- \/ Yoast SEO plugin. -->","yoast_head_json":{"title":"Puerto Almanza - natureza e del\u00edcias do Beagle - Best Tour Patagonia","robots":{"index":"index","follow":"follow","max-snippet":"max-snippet:-1","max-image-preview":"max-image-preview:large","max-video-preview":"max-video-preview:-1"},"canonical":"https:\/\/best-tourpatagonia.tur.ar\/pt-br\/producto\/puerto-almanza-natureza-e-delicias-do-beagle\/","og_locale":"pt_BR","og_type":"article","og_title":"Puerto Almanza - natureza e del\u00edcias do Beagle - Best Tour Patagonia","og_description":"Sa\u00edmos de Ushuaia pela Rota 3 at\u00e9 chegarmos \u00e0 primeira parada no Vale Carbajal, onde podemos apreciar os p\u00e2ntanos de turfa e uma vista de tirar o f\u00f4lego da cordilheira e das geleiras da montanha. Continuamos pela mesma rota at\u00e9 a interse\u00e7\u00e3o com a Rota J, seguindo por uma estrada de cascalho que atravessa uma [&hellip;]","og_url":"https:\/\/best-tourpatagonia.tur.ar\/pt-br\/producto\/puerto-almanza-natureza-e-delicias-do-beagle\/","og_site_name":"Best Tour Patagonia","article_modified_time":"2025-06-12T15:16:33+00:00","og_image":[{"width":780,"height":500,"url":"https:\/\/best-tourpatagonia.tur.ar\/wp-content\/uploads\/2023\/09\/Puerto-Almanza-1.jpg","type":"image\/jpeg"}],"twitter_card":"summary_large_image","twitter_misc":{"Est. tempo de leitura":"1 minuto"},"schema":{"@context":"https:\/\/schema.org","@graph":[{"@type":"WebPage","@id":"https:\/\/best-tourpatagonia.tur.ar\/pt-br\/producto\/puerto-almanza-natureza-e-delicias-do-beagle\/","url":"https:\/\/best-tourpatagonia.tur.ar\/pt-br\/producto\/puerto-almanza-natureza-e-delicias-do-beagle\/","name":"Puerto Almanza - natureza e del\u00edcias do Beagle - Best Tour Patagonia","isPartOf":{"@id":"https:\/\/best-tourpatagonia.tur.ar\/pt-br\/#website"},"primaryImageOfPage":{"@id":"https:\/\/best-tourpatagonia.tur.ar\/pt-br\/producto\/puerto-almanza-natureza-e-delicias-do-beagle\/#primaryimage"},"image":{"@id":"https:\/\/best-tourpatagonia.tur.ar\/pt-br\/producto\/puerto-almanza-natureza-e-delicias-do-beagle\/#primaryimage"},"thumbnailUrl":"https:\/\/best-tourpatagonia.tur.ar\/wp-content\/uploads\/2023\/09\/Puerto-Almanza-1.jpg","datePublished":"2023-09-25T16:32:09+00:00","dateModified":"2025-06-12T15:16:33+00:00","breadcrumb":{"@id":"https:\/\/best-tourpatagonia.tur.ar\/pt-br\/producto\/puerto-almanza-natureza-e-delicias-do-beagle\/#breadcrumb"},"inLanguage":"pt-BR","potentialAction":[{"@type":"ReadAction","target":["https:\/\/best-tourpatagonia.tur.ar\/pt-br\/producto\/puerto-almanza-natureza-e-delicias-do-beagle\/"]}]},{"@type":"ImageObject","inLanguage":"pt-BR","@id":"https:\/\/best-tourpatagonia.tur.ar\/pt-br\/producto\/puerto-almanza-natureza-e-delicias-do-beagle\/#primaryimage","url":"https:\/\/best-tourpatagonia.tur.ar\/wp-content\/uploads\/2023\/09\/Puerto-Almanza-1.jpg","contentUrl":"https:\/\/best-tourpatagonia.tur.ar\/wp-content\/uploads\/2023\/09\/Puerto-Almanza-1.jpg","width":780,"height":500},{"@type":"BreadcrumbList","@id":"https:\/\/best-tourpatagonia.tur.ar\/pt-br\/producto\/puerto-almanza-natureza-e-delicias-do-beagle\/#breadcrumb","itemListElement":[{"@type":"ListItem","position":1,"name":"Portada","item":"https:\/\/best-tourpatagonia.tur.ar\/pt-br\/aproveite-ushuaia-el-calafate-e-toda-a-patagonia-durante-todo-o-ano\/"},{"@type":"ListItem","position":2,"name":"Loja","item":"https:\/\/best-tourpatagonia.tur.ar\/pt-br\/loja\/"},{"@type":"ListItem","position":3,"name":"Puerto Almanza &#8211; natureza e del\u00edcias do Beagle"}]},{"@type":"WebSite","@id":"https:\/\/best-tourpatagonia.tur.ar\/pt-br\/#website","url":"https:\/\/best-tourpatagonia.tur.ar\/pt-br\/","name":"Best Tour Patagonia","description":"Paquetes y excursiones en la Patagona Argentina","publisher":{"@id":"https:\/\/best-tourpatagonia.tur.ar\/pt-br\/#organization"},"potentialAction":[{"@type":"SearchAction","target":{"@type":"EntryPoint","urlTemplate":"https:\/\/best-tourpatagonia.tur.ar\/pt-br\/?s={search_term_string}"},"query-input":{"@type":"PropertyValueSpecification","valueRequired":true,"valueName":"search_term_string"}}],"inLanguage":"pt-BR"},{"@type":"Organization","@id":"https:\/\/best-tourpatagonia.tur.ar\/pt-br\/#organization","name":"Best Tour Patagonia","url":"https:\/\/best-tourpatagonia.tur.ar\/pt-br\/","logo":{"@type":"ImageObject","inLanguage":"pt-BR","@id":"https:\/\/best-tourpatagonia.tur.ar\/pt-br\/#\/schema\/logo\/image\/","url":"https:\/\/best-tourpatagonia.tur.ar\/wp-content\/uploads\/2023\/05\/cropped-corona-1.png","contentUrl":"https:\/\/best-tourpatagonia.tur.ar\/wp-content\/uploads\/2023\/05\/cropped-corona-1.png","width":128,"height":75,"caption":"Best Tour Patagonia"},"image":{"@id":"https:\/\/best-tourpatagonia.tur.ar\/pt-br\/#\/schema\/logo\/image\/"}}]}},"_links":{"self":[{"href":"https:\/\/best-tourpatagonia.tur.ar\/pt-br\/wp-json\/wp\/v2\/product\/11753","targetHints":{"allow":["GET"]}}],"collection":[{"href":"https:\/\/best-tourpatagonia.tur.ar\/pt-br\/wp-json\/wp\/v2\/product"}],"about":[{"href":"https:\/\/best-tourpatagonia.tur.ar\/pt-br\/wp-json\/wp\/v2\/types\/product"}],"wp:featuredmedia":[{"embeddable":true,"href":"https:\/\/best-tourpatagonia.tur.ar\/pt-br\/wp-json\/wp\/v2\/media\/11764"}],"wp:attachment":[{"href":"https:\/\/best-tourpatagonia.tur.ar\/pt-br\/wp-json\/wp\/v2\/media?parent=11753"}],"wp:term":[{"taxonomy":"product_brand","embeddable":true,"href":"https:\/\/best-tourpatagonia.tur.ar\/pt-br\/wp-json\/wp\/v2\/product_brand?post=11753"},{"taxonomy":"product_cat","embeddable":true,"href":"https:\/\/best-tourpatagonia.tur.ar\/pt-br\/wp-json\/wp\/v2\/product_cat?post=11753"},{"taxonomy":"product_tag","embeddable":true,"href":"https:\/\/best-tourpatagonia.tur.ar\/pt-br\/wp-json\/wp\/v2\/product_tag?post=11753"},{"taxonomy":"destino","embeddable":true,"href":"https:\/\/best-tourpatagonia.tur.ar\/pt-br\/wp-json\/wp\/v2\/destino?post=11753"},{"taxonomy":"pais","embeddable":true,"href":"https:\/\/best-tourpatagonia.tur.ar\/pt-br\/wp-json\/wp\/v2\/pais?post=11753"}],"curies":[{"name":"wp","href":"https:\/\/api.w.org\/{rel}","templated":true}]}}