{"id":11724,"date":"2023-09-25T12:06:38","date_gmt":"2023-09-25T15:06:38","guid":{"rendered":"https:\/\/best-tourpatagonia.tur.ar\/producto\/lagos-escondido-e-fagnano-sunset-4x4-off-road\/"},"modified":"2026-03-13T11:02:03","modified_gmt":"2026-03-13T14:02:03","slug":"lagos-escondido-e-fagnano-sunset-4x4-off-road","status":"publish","type":"product","link":"https:\/\/best-tourpatagonia.tur.ar\/pt-br\/producto\/lagos-escondido-e-fagnano-sunset-4x4-off-road\/","title":{"rendered":"Lagos Escondido e Fagnano Sunset 4&#215;4 Off Road"},"content":{"rendered":"<p class=\"cvGsUA direction-ltr align-justify para-style-body\"><span class=\"OYPEnA text-decoration-none text-strikethrough-none\">Sa\u00edmos da cidade e pegamos a Rota Nacional 3 em dire\u00e7\u00e3o ao norte.<\/span><\/p>\n<p class=\"cvGsUA direction-ltr align-justify para-style-body\"><span class=\"OYPEnA text-decoration-none text-strikethrough-none\">Depois de cruzar o rio Olivia, margeamos sua montanha hom\u00f4nima para fazer nossa primeira parada no mirante do Vale Carbajal, onde apreciaremos a imensid\u00e3o do lugar, seu relevo e as geleiras ao fundo.<\/span><\/p>\n<p class=\"cvGsUA direction-ltr align-justify para-style-body\"><span class=\"OYPEnA text-decoration-none text-strikethrough-none\">Continuamos pela rota at\u00e9 chegarmos ao mirante do Passo Garibaldi. A partir desse local, desceremos pela antiga rota 3, onde teremos um magn\u00edfico cart\u00e3o postal do Lago Escondido. <\/span><\/p>\n<p class=\"cvGsUA direction-ltr align-justify para-style-body\"><span class=\"OYPEnA text-decoration-none text-strikethrough-none\">Continuamos pela Rota Nacional n\u00ba 3, onde voc\u00ea pode ver a antiga serraria &#8220;Lago Escondido&#8221; e a nascente do rio Milna. Depois de aproximadamente 2 km, chegaremos ao primeiro port\u00e3o onde iniciaremos o circuito off road, que nos levar\u00e1 \u00e0 entrada de Puesto La Carmen, Estancia Los Alamos e Lago Fagnano, onde voc\u00ea ter\u00e1 tempo para fazer algumas caminhadas curtas ao longo da margem e visitar uma fazenda de castores em atividade. <\/span><\/p>\n<p class=\"cvGsUA direction-ltr align-justify para-style-body\"><span class=\"OYPEnA text-decoration-none text-strikethrough-none\">No caminho de volta, pararemos no restaurante, imerso em um lugar \u00fanico, cercado pela natureza, para desfrutar de um jantar refrescante.<\/span><\/p>\n<p class=\"cvGsUA direction-ltr align-justify para-style-body\"><span class=\"OYPEnA text-decoration-none text-strikethrough-none\">No final do passeio, retornaremos a Ushuaia.<\/span><\/p>\n","protected":false},"excerpt":{"rendered":"<p>Sa\u00edmos da cidade e pegamos a Rota Nacional 3 em dire\u00e7\u00e3o ao norte. Depois de cruzar o rio Olivia, margeamos sua montanha hom\u00f4nima para fazer nossa primeira parada no mirante do Vale Carbajal, onde apreciaremos a imensid\u00e3o do lugar, seu relevo e as geleiras ao fundo. Continuamos pela rota at\u00e9 chegarmos ao mirante do Passo [&hellip;]<\/p>\n","protected":false},"featured_media":11746,"template":"","meta":[],"product_brand":[],"product_cat":[140,103,105],"product_tag":[225,139,226],"destino":[156],"pais":[164],"class_list":{"0":"post-11724","1":"product","2":"type-product","3":"status-publish","4":"has-post-thumbnail","6":"product_cat-aventura-pt-br","7":"product_cat-excursiones-pt-br","8":"product_cat-excursoes-terrestres","9":"product_tag-fim-do-mundo","10":"product_tag-parque-nacional-lagos-escondido-e-fagnano-lagos","11":"product_tag-ushuaia","12":"destino-ushuaia-pt-br","13":"pais-argentina-pt-br","15":"first","16":"instock","17":"featured","18":"virtual","19":"sold-individually","20":"purchasable","21":"product-type-booking"},"booking_location":"","booking_location_type":"","booking_duration":1,"booking_duration_unit":"day","booking_buffer":0,"booking_cost":0,"booking_resources":[],"yoast_head":"<!-- This site is optimized with the Yoast SEO plugin v27.1.1 - https:\/\/yoast.com\/product\/yoast-seo-wordpress\/ -->\n<title>Lagos Escondido e Fagnano Sunset 4x4 Off Road - Best Tour Patagonia<\/title>\n<meta name=\"robots\" content=\"index, follow, max-snippet:-1, max-image-preview:large, max-video-preview:-1\" \/>\n<link rel=\"canonical\" href=\"https:\/\/best-tourpatagonia.tur.ar\/pt-br\/producto\/lagos-escondido-e-fagnano-sunset-4x4-off-road\/\" \/>\n<meta property=\"og:locale\" content=\"pt_BR\" \/>\n<meta property=\"og:type\" content=\"article\" \/>\n<meta property=\"og:title\" content=\"Lagos Escondido e Fagnano Sunset 4x4 Off Road - Best Tour Patagonia\" \/>\n<meta property=\"og:description\" content=\"Sa\u00edmos da cidade e pegamos a Rota Nacional 3 em dire\u00e7\u00e3o ao norte. Depois de cruzar o rio Olivia, margeamos sua montanha hom\u00f4nima para fazer nossa primeira parada no mirante do Vale Carbajal, onde apreciaremos a imensid\u00e3o do lugar, seu relevo e as geleiras ao fundo. Continuamos pela rota at\u00e9 chegarmos ao mirante do Passo [&hellip;]\" \/>\n<meta property=\"og:url\" content=\"https:\/\/best-tourpatagonia.tur.ar\/pt-br\/producto\/lagos-escondido-e-fagnano-sunset-4x4-off-road\/\" \/>\n<meta property=\"og:site_name\" content=\"Best Tour Patagonia\" \/>\n<meta property=\"article:modified_time\" content=\"2026-03-13T14:02:03+00:00\" \/>\n<meta property=\"og:image\" content=\"https:\/\/best-tourpatagonia.tur.ar\/wp-content\/uploads\/2023\/09\/WhatsApp-Image-2023-09-04-at-16.12.50-8.jpeg\" \/>\n\t<meta property=\"og:image:width\" content=\"1024\" \/>\n\t<meta property=\"og:image:height\" content=\"768\" \/>\n\t<meta property=\"og:image:type\" content=\"image\/jpeg\" \/>\n<meta name=\"twitter:card\" content=\"summary_large_image\" \/>\n<meta name=\"twitter:label1\" content=\"Est. tempo de leitura\" \/>\n\t<meta name=\"twitter:data1\" content=\"1 minuto\" \/>\n<script type=\"application\/ld+json\" class=\"yoast-schema-graph\">{\"@context\":\"https:\/\/schema.org\",\"@graph\":[{\"@type\":\"WebPage\",\"@id\":\"https:\/\/best-tourpatagonia.tur.ar\/pt-br\/producto\/lagos-escondido-e-fagnano-sunset-4x4-off-road\/\",\"url\":\"https:\/\/best-tourpatagonia.tur.ar\/pt-br\/producto\/lagos-escondido-e-fagnano-sunset-4x4-off-road\/\",\"name\":\"Lagos Escondido e Fagnano Sunset 4x4 Off Road - Best Tour Patagonia\",\"isPartOf\":{\"@id\":\"https:\/\/best-tourpatagonia.tur.ar\/pt-br\/#website\"},\"primaryImageOfPage\":{\"@id\":\"https:\/\/best-tourpatagonia.tur.ar\/pt-br\/producto\/lagos-escondido-e-fagnano-sunset-4x4-off-road\/#primaryimage\"},\"image\":{\"@id\":\"https:\/\/best-tourpatagonia.tur.ar\/pt-br\/producto\/lagos-escondido-e-fagnano-sunset-4x4-off-road\/#primaryimage\"},\"thumbnailUrl\":\"https:\/\/best-tourpatagonia.tur.ar\/wp-content\/uploads\/2023\/09\/WhatsApp-Image-2023-09-04-at-16.12.50-8.jpeg\",\"datePublished\":\"2023-09-25T15:06:38+00:00\",\"dateModified\":\"2026-03-13T14:02:03+00:00\",\"breadcrumb\":{\"@id\":\"https:\/\/best-tourpatagonia.tur.ar\/pt-br\/producto\/lagos-escondido-e-fagnano-sunset-4x4-off-road\/#breadcrumb\"},\"inLanguage\":\"pt-BR\",\"potentialAction\":[{\"@type\":\"ReadAction\",\"target\":[\"https:\/\/best-tourpatagonia.tur.ar\/pt-br\/producto\/lagos-escondido-e-fagnano-sunset-4x4-off-road\/\"]}]},{\"@type\":\"ImageObject\",\"inLanguage\":\"pt-BR\",\"@id\":\"https:\/\/best-tourpatagonia.tur.ar\/pt-br\/producto\/lagos-escondido-e-fagnano-sunset-4x4-off-road\/#primaryimage\",\"url\":\"https:\/\/best-tourpatagonia.tur.ar\/wp-content\/uploads\/2023\/09\/WhatsApp-Image-2023-09-04-at-16.12.50-8.jpeg\",\"contentUrl\":\"https:\/\/best-tourpatagonia.tur.ar\/wp-content\/uploads\/2023\/09\/WhatsApp-Image-2023-09-04-at-16.12.50-8.jpeg\",\"width\":1024,\"height\":768},{\"@type\":\"BreadcrumbList\",\"@id\":\"https:\/\/best-tourpatagonia.tur.ar\/pt-br\/producto\/lagos-escondido-e-fagnano-sunset-4x4-off-road\/#breadcrumb\",\"itemListElement\":[{\"@type\":\"ListItem\",\"position\":1,\"name\":\"Portada\",\"item\":\"https:\/\/best-tourpatagonia.tur.ar\/pt-br\/aproveite-ushuaia-el-calafate-e-toda-a-patagonia-durante-todo-o-ano\/\"},{\"@type\":\"ListItem\",\"position\":2,\"name\":\"Loja\",\"item\":\"https:\/\/best-tourpatagonia.tur.ar\/pt-br\/loja\/\"},{\"@type\":\"ListItem\",\"position\":3,\"name\":\"Lagos Escondido e Fagnano Sunset 4&#215;4 Off Road\"}]},{\"@type\":\"WebSite\",\"@id\":\"https:\/\/best-tourpatagonia.tur.ar\/pt-br\/#website\",\"url\":\"https:\/\/best-tourpatagonia.tur.ar\/pt-br\/\",\"name\":\"Best Tour Patagonia\",\"description\":\"Paquetes y excursiones en la Patagona Argentina\",\"publisher\":{\"@id\":\"https:\/\/best-tourpatagonia.tur.ar\/pt-br\/#organization\"},\"potentialAction\":[{\"@type\":\"SearchAction\",\"target\":{\"@type\":\"EntryPoint\",\"urlTemplate\":\"https:\/\/best-tourpatagonia.tur.ar\/pt-br\/?s={search_term_string}\"},\"query-input\":{\"@type\":\"PropertyValueSpecification\",\"valueRequired\":true,\"valueName\":\"search_term_string\"}}],\"inLanguage\":\"pt-BR\"},{\"@type\":\"Organization\",\"@id\":\"https:\/\/best-tourpatagonia.tur.ar\/pt-br\/#organization\",\"name\":\"Best Tour Patagonia\",\"url\":\"https:\/\/best-tourpatagonia.tur.ar\/pt-br\/\",\"logo\":{\"@type\":\"ImageObject\",\"inLanguage\":\"pt-BR\",\"@id\":\"https:\/\/best-tourpatagonia.tur.ar\/pt-br\/#\/schema\/logo\/image\/\",\"url\":\"https:\/\/best-tourpatagonia.tur.ar\/wp-content\/uploads\/2023\/05\/cropped-corona-1.png\",\"contentUrl\":\"https:\/\/best-tourpatagonia.tur.ar\/wp-content\/uploads\/2023\/05\/cropped-corona-1.png\",\"width\":128,\"height\":75,\"caption\":\"Best Tour Patagonia\"},\"image\":{\"@id\":\"https:\/\/best-tourpatagonia.tur.ar\/pt-br\/#\/schema\/logo\/image\/\"}}]}<\/script>\n<!-- \/ Yoast SEO plugin. -->","yoast_head_json":{"title":"Lagos Escondido e Fagnano Sunset 4x4 Off Road - Best Tour Patagonia","robots":{"index":"index","follow":"follow","max-snippet":"max-snippet:-1","max-image-preview":"max-image-preview:large","max-video-preview":"max-video-preview:-1"},"canonical":"https:\/\/best-tourpatagonia.tur.ar\/pt-br\/producto\/lagos-escondido-e-fagnano-sunset-4x4-off-road\/","og_locale":"pt_BR","og_type":"article","og_title":"Lagos Escondido e Fagnano Sunset 4x4 Off Road - Best Tour Patagonia","og_description":"Sa\u00edmos da cidade e pegamos a Rota Nacional 3 em dire\u00e7\u00e3o ao norte. Depois de cruzar o rio Olivia, margeamos sua montanha hom\u00f4nima para fazer nossa primeira parada no mirante do Vale Carbajal, onde apreciaremos a imensid\u00e3o do lugar, seu relevo e as geleiras ao fundo. Continuamos pela rota at\u00e9 chegarmos ao mirante do Passo [&hellip;]","og_url":"https:\/\/best-tourpatagonia.tur.ar\/pt-br\/producto\/lagos-escondido-e-fagnano-sunset-4x4-off-road\/","og_site_name":"Best Tour Patagonia","article_modified_time":"2026-03-13T14:02:03+00:00","og_image":[{"width":1024,"height":768,"url":"https:\/\/best-tourpatagonia.tur.ar\/wp-content\/uploads\/2023\/09\/WhatsApp-Image-2023-09-04-at-16.12.50-8.jpeg","type":"image\/jpeg"}],"twitter_card":"summary_large_image","twitter_misc":{"Est. tempo de leitura":"1 minuto"},"schema":{"@context":"https:\/\/schema.org","@graph":[{"@type":"WebPage","@id":"https:\/\/best-tourpatagonia.tur.ar\/pt-br\/producto\/lagos-escondido-e-fagnano-sunset-4x4-off-road\/","url":"https:\/\/best-tourpatagonia.tur.ar\/pt-br\/producto\/lagos-escondido-e-fagnano-sunset-4x4-off-road\/","name":"Lagos Escondido e Fagnano Sunset 4x4 Off Road - Best Tour Patagonia","isPartOf":{"@id":"https:\/\/best-tourpatagonia.tur.ar\/pt-br\/#website"},"primaryImageOfPage":{"@id":"https:\/\/best-tourpatagonia.tur.ar\/pt-br\/producto\/lagos-escondido-e-fagnano-sunset-4x4-off-road\/#primaryimage"},"image":{"@id":"https:\/\/best-tourpatagonia.tur.ar\/pt-br\/producto\/lagos-escondido-e-fagnano-sunset-4x4-off-road\/#primaryimage"},"thumbnailUrl":"https:\/\/best-tourpatagonia.tur.ar\/wp-content\/uploads\/2023\/09\/WhatsApp-Image-2023-09-04-at-16.12.50-8.jpeg","datePublished":"2023-09-25T15:06:38+00:00","dateModified":"2026-03-13T14:02:03+00:00","breadcrumb":{"@id":"https:\/\/best-tourpatagonia.tur.ar\/pt-br\/producto\/lagos-escondido-e-fagnano-sunset-4x4-off-road\/#breadcrumb"},"inLanguage":"pt-BR","potentialAction":[{"@type":"ReadAction","target":["https:\/\/best-tourpatagonia.tur.ar\/pt-br\/producto\/lagos-escondido-e-fagnano-sunset-4x4-off-road\/"]}]},{"@type":"ImageObject","inLanguage":"pt-BR","@id":"https:\/\/best-tourpatagonia.tur.ar\/pt-br\/producto\/lagos-escondido-e-fagnano-sunset-4x4-off-road\/#primaryimage","url":"https:\/\/best-tourpatagonia.tur.ar\/wp-content\/uploads\/2023\/09\/WhatsApp-Image-2023-09-04-at-16.12.50-8.jpeg","contentUrl":"https:\/\/best-tourpatagonia.tur.ar\/wp-content\/uploads\/2023\/09\/WhatsApp-Image-2023-09-04-at-16.12.50-8.jpeg","width":1024,"height":768},{"@type":"BreadcrumbList","@id":"https:\/\/best-tourpatagonia.tur.ar\/pt-br\/producto\/lagos-escondido-e-fagnano-sunset-4x4-off-road\/#breadcrumb","itemListElement":[{"@type":"ListItem","position":1,"name":"Portada","item":"https:\/\/best-tourpatagonia.tur.ar\/pt-br\/aproveite-ushuaia-el-calafate-e-toda-a-patagonia-durante-todo-o-ano\/"},{"@type":"ListItem","position":2,"name":"Loja","item":"https:\/\/best-tourpatagonia.tur.ar\/pt-br\/loja\/"},{"@type":"ListItem","position":3,"name":"Lagos Escondido e Fagnano Sunset 4&#215;4 Off Road"}]},{"@type":"WebSite","@id":"https:\/\/best-tourpatagonia.tur.ar\/pt-br\/#website","url":"https:\/\/best-tourpatagonia.tur.ar\/pt-br\/","name":"Best Tour Patagonia","description":"Paquetes y excursiones en la Patagona Argentina","publisher":{"@id":"https:\/\/best-tourpatagonia.tur.ar\/pt-br\/#organization"},"potentialAction":[{"@type":"SearchAction","target":{"@type":"EntryPoint","urlTemplate":"https:\/\/best-tourpatagonia.tur.ar\/pt-br\/?s={search_term_string}"},"query-input":{"@type":"PropertyValueSpecification","valueRequired":true,"valueName":"search_term_string"}}],"inLanguage":"pt-BR"},{"@type":"Organization","@id":"https:\/\/best-tourpatagonia.tur.ar\/pt-br\/#organization","name":"Best Tour Patagonia","url":"https:\/\/best-tourpatagonia.tur.ar\/pt-br\/","logo":{"@type":"ImageObject","inLanguage":"pt-BR","@id":"https:\/\/best-tourpatagonia.tur.ar\/pt-br\/#\/schema\/logo\/image\/","url":"https:\/\/best-tourpatagonia.tur.ar\/wp-content\/uploads\/2023\/05\/cropped-corona-1.png","contentUrl":"https:\/\/best-tourpatagonia.tur.ar\/wp-content\/uploads\/2023\/05\/cropped-corona-1.png","width":128,"height":75,"caption":"Best Tour Patagonia"},"image":{"@id":"https:\/\/best-tourpatagonia.tur.ar\/pt-br\/#\/schema\/logo\/image\/"}}]}},"_links":{"self":[{"href":"https:\/\/best-tourpatagonia.tur.ar\/pt-br\/wp-json\/wp\/v2\/product\/11724","targetHints":{"allow":["GET"]}}],"collection":[{"href":"https:\/\/best-tourpatagonia.tur.ar\/pt-br\/wp-json\/wp\/v2\/product"}],"about":[{"href":"https:\/\/best-tourpatagonia.tur.ar\/pt-br\/wp-json\/wp\/v2\/types\/product"}],"wp:featuredmedia":[{"embeddable":true,"href":"https:\/\/best-tourpatagonia.tur.ar\/pt-br\/wp-json\/wp\/v2\/media\/11746"}],"wp:attachment":[{"href":"https:\/\/best-tourpatagonia.tur.ar\/pt-br\/wp-json\/wp\/v2\/media?parent=11724"}],"wp:term":[{"taxonomy":"product_brand","embeddable":true,"href":"https:\/\/best-tourpatagonia.tur.ar\/pt-br\/wp-json\/wp\/v2\/product_brand?post=11724"},{"taxonomy":"product_cat","embeddable":true,"href":"https:\/\/best-tourpatagonia.tur.ar\/pt-br\/wp-json\/wp\/v2\/product_cat?post=11724"},{"taxonomy":"product_tag","embeddable":true,"href":"https:\/\/best-tourpatagonia.tur.ar\/pt-br\/wp-json\/wp\/v2\/product_tag?post=11724"},{"taxonomy":"destino","embeddable":true,"href":"https:\/\/best-tourpatagonia.tur.ar\/pt-br\/wp-json\/wp\/v2\/destino?post=11724"},{"taxonomy":"pais","embeddable":true,"href":"https:\/\/best-tourpatagonia.tur.ar\/pt-br\/wp-json\/wp\/v2\/pais?post=11724"}],"curies":[{"name":"wp","href":"https:\/\/api.w.org\/{rel}","templated":true}]}}