{"id":11722,"date":"2023-07-03T17:21:01","date_gmt":"2023-07-03T20:21:01","guid":{"rendered":"https:\/\/best-tourpatagonia.tur.ar\/producto\/city-tour-classico\/"},"modified":"2026-03-13T11:01:58","modified_gmt":"2026-03-13T14:01:58","slug":"city-tour-classico","status":"publish","type":"product","link":"https:\/\/best-tourpatagonia.tur.ar\/pt-br\/producto\/city-tour-classico\/","title":{"rendered":"City Tour &#8211; cl\u00e1ssico"},"content":{"rendered":"<p>Come\u00e7amos visitando o bairro de La Misi\u00f3n, onde os padres anglicanos se estabeleceram, conhecido como Misi\u00f3n Baja. Em seguida, continuamos nosso passeio at\u00e9 a rotat\u00f3ria do CADIC, onde est\u00e1 localizado o Centro Austral de Investigaciones Cient\u00edficas, e pegamos a Avenida Prefectura Naval (avenida costeira), continuando pela Avenida Perito Moreno, passamos em frente ao Shopping Paseo del Fuego, um importante centro comercial da cidade. Mais adiante, chegamos ao parque industrial, que iniciou suas atividades em 1972 por meio da lei 19640, representando uma das principais fontes de renda da prov\u00edncia. De l\u00e1, passamos pela Rotonda del Indio, a entrada da cidade de Ushuaia, retornando pela Rua H\u00e9roes de Malvinas, fazemos uma parada no Mirador La Colina, um dos pontos panor\u00e2micos mais imponentes da cidade.   <\/p>\n<p>Continuamos nosso passeio subindo a Avenida Alem at\u00e9 chegarmos ao mirante do Hotel Las Hayas, outro importante ponto panor\u00e2mico, que nos oferece excelentes paisagens. Em seguida, desceremos at\u00e9 chegar ao bairro de Solier, onde est\u00e1 localizada a comunidade \u00edtalo-argentina. Seguimos pela Rua 12 de Octubre at\u00e9 chegarmos \u00e0 Avenida Prefectura Naval, que nos leva ao antigo Cemit\u00e9rio, onde faremos uma pequena revis\u00e3o hist\u00f3rica dos Antigos Colonos que descansam nesse local.  <\/p>\n<p>Em seguida, chegaremos \u00e0 rua San Martin, a principal avenida da cidade, onde voc\u00ea encontrar\u00e1 a maioria dos restaurantes e lojas. Depois, vamos para a rua Deloqui, onde voc\u00ea pode apreciar as casas dos antigos colonos. Continuamos at\u00e9 a rotat\u00f3ria do Museu Mar\u00edtimo e do Presidio e, de l\u00e1, at\u00e9 o Museu do Fim do Mundo, na rua Maip\u00fa, onde a excurs\u00e3o termina.  <\/p>\n<div><\/div>\n","protected":false},"excerpt":{"rendered":"<p>Come\u00e7amos visitando o bairro de La Misi\u00f3n, onde os padres anglicanos se estabeleceram, conhecido como Misi\u00f3n Baja. Em seguida, continuamos nosso passeio at\u00e9 a rotat\u00f3ria do CADIC, onde est\u00e1 localizado o Centro Austral de Investigaciones Cient\u00edficas, e pegamos a Avenida Prefectura Naval (avenida costeira), continuando pela Avenida Perito Moreno, passamos em frente ao Shopping Paseo [&hellip;]<\/p>\n","protected":false},"featured_media":11750,"template":"","meta":[],"product_brand":[],"product_cat":[103,105,236],"product_tag":[225,244,226],"destino":[156],"pais":[164],"class_list":{"0":"post-11722","1":"product","2":"type-product","3":"status-publish","4":"has-post-thumbnail","6":"product_cat-excursiones-pt-br","7":"product_cat-excursoes-terrestres","8":"product_cat-venda-de-viagens","9":"product_tag-fim-do-mundo","10":"product_tag-passeio-pela-cidade","11":"product_tag-ushuaia","12":"destino-ushuaia-pt-br","13":"pais-argentina-pt-br","15":"first","16":"instock","17":"virtual","18":"sold-individually","19":"purchasable","20":"product-type-booking"},"booking_location":"","booking_location_type":"","booking_duration":1,"booking_duration_unit":"day","booking_buffer":0,"booking_cost":0,"booking_resources":[],"yoast_head":"<!-- This site is optimized with the Yoast SEO plugin v27.4 - https:\/\/yoast.com\/product\/yoast-seo-wordpress\/ -->\n<title>City Tour - cl\u00e1ssico - Best Tour Patagonia<\/title>\n<meta name=\"robots\" content=\"index, follow, max-snippet:-1, max-image-preview:large, max-video-preview:-1\" \/>\n<link rel=\"canonical\" href=\"https:\/\/best-tourpatagonia.tur.ar\/pt-br\/producto\/city-tour-classico\/\" \/>\n<meta property=\"og:locale\" content=\"pt_BR\" \/>\n<meta property=\"og:type\" content=\"article\" \/>\n<meta property=\"og:title\" content=\"City Tour - cl\u00e1ssico - Best Tour Patagonia\" \/>\n<meta property=\"og:description\" content=\"Come\u00e7amos visitando o bairro de La Misi\u00f3n, onde os padres anglicanos se estabeleceram, conhecido como Misi\u00f3n Baja. Em seguida, continuamos nosso passeio at\u00e9 a rotat\u00f3ria do CADIC, onde est\u00e1 localizado o Centro Austral de Investigaciones Cient\u00edficas, e pegamos a Avenida Prefectura Naval (avenida costeira), continuando pela Avenida Perito Moreno, passamos em frente ao Shopping Paseo [&hellip;]\" \/>\n<meta property=\"og:url\" content=\"https:\/\/best-tourpatagonia.tur.ar\/pt-br\/producto\/city-tour-classico\/\" \/>\n<meta property=\"og:site_name\" content=\"Best Tour Patagonia\" \/>\n<meta property=\"article:modified_time\" content=\"2026-03-13T14:01:58+00:00\" \/>\n<meta property=\"og:image\" content=\"https:\/\/best-tourpatagonia.tur.ar\/wp-content\/uploads\/2023\/07\/IMG_2100.jpg\" \/>\n\t<meta property=\"og:image:width\" content=\"720\" \/>\n\t<meta property=\"og:image:height\" content=\"540\" \/>\n\t<meta property=\"og:image:type\" content=\"image\/jpeg\" \/>\n<meta name=\"twitter:card\" content=\"summary_large_image\" \/>\n<meta name=\"twitter:label1\" content=\"Est. tempo de leitura\" \/>\n\t<meta name=\"twitter:data1\" content=\"2 minutos\" \/>\n<script type=\"application\/ld+json\" class=\"yoast-schema-graph\">{\"@context\":\"https:\\\/\\\/schema.org\",\"@graph\":[{\"@type\":\"WebPage\",\"@id\":\"https:\\\/\\\/best-tourpatagonia.tur.ar\\\/pt-br\\\/producto\\\/city-tour-classico\\\/\",\"url\":\"https:\\\/\\\/best-tourpatagonia.tur.ar\\\/pt-br\\\/producto\\\/city-tour-classico\\\/\",\"name\":\"City Tour - cl\u00e1ssico - Best Tour Patagonia\",\"isPartOf\":{\"@id\":\"https:\\\/\\\/best-tourpatagonia.tur.ar\\\/pt-br\\\/#website\"},\"primaryImageOfPage\":{\"@id\":\"https:\\\/\\\/best-tourpatagonia.tur.ar\\\/pt-br\\\/producto\\\/city-tour-classico\\\/#primaryimage\"},\"image\":{\"@id\":\"https:\\\/\\\/best-tourpatagonia.tur.ar\\\/pt-br\\\/producto\\\/city-tour-classico\\\/#primaryimage\"},\"thumbnailUrl\":\"https:\\\/\\\/best-tourpatagonia.tur.ar\\\/wp-content\\\/uploads\\\/2023\\\/07\\\/IMG_2100.jpg\",\"datePublished\":\"2023-07-03T20:21:01+00:00\",\"dateModified\":\"2026-03-13T14:01:58+00:00\",\"breadcrumb\":{\"@id\":\"https:\\\/\\\/best-tourpatagonia.tur.ar\\\/pt-br\\\/producto\\\/city-tour-classico\\\/#breadcrumb\"},\"inLanguage\":\"pt-BR\",\"potentialAction\":[{\"@type\":\"ReadAction\",\"target\":[\"https:\\\/\\\/best-tourpatagonia.tur.ar\\\/pt-br\\\/producto\\\/city-tour-classico\\\/\"]}]},{\"@type\":\"ImageObject\",\"inLanguage\":\"pt-BR\",\"@id\":\"https:\\\/\\\/best-tourpatagonia.tur.ar\\\/pt-br\\\/producto\\\/city-tour-classico\\\/#primaryimage\",\"url\":\"https:\\\/\\\/best-tourpatagonia.tur.ar\\\/wp-content\\\/uploads\\\/2023\\\/07\\\/IMG_2100.jpg\",\"contentUrl\":\"https:\\\/\\\/best-tourpatagonia.tur.ar\\\/wp-content\\\/uploads\\\/2023\\\/07\\\/IMG_2100.jpg\",\"width\":720,\"height\":540},{\"@type\":\"BreadcrumbList\",\"@id\":\"https:\\\/\\\/best-tourpatagonia.tur.ar\\\/pt-br\\\/producto\\\/city-tour-classico\\\/#breadcrumb\",\"itemListElement\":[{\"@type\":\"ListItem\",\"position\":1,\"name\":\"Portada\",\"item\":\"https:\\\/\\\/best-tourpatagonia.tur.ar\\\/pt-br\\\/aproveite-ushuaia-el-calafate-e-toda-a-patagonia-durante-todo-o-ano\\\/\"},{\"@type\":\"ListItem\",\"position\":2,\"name\":\"Loja\",\"item\":\"https:\\\/\\\/best-tourpatagonia.tur.ar\\\/pt-br\\\/loja\\\/\"},{\"@type\":\"ListItem\",\"position\":3,\"name\":\"City Tour &#8211; cl\u00e1ssico\"}]},{\"@type\":\"WebSite\",\"@id\":\"https:\\\/\\\/best-tourpatagonia.tur.ar\\\/pt-br\\\/#website\",\"url\":\"https:\\\/\\\/best-tourpatagonia.tur.ar\\\/pt-br\\\/\",\"name\":\"Best Tour Patagonia\",\"description\":\"Paquetes y excursiones en la Patagona Argentina\",\"publisher\":{\"@id\":\"https:\\\/\\\/best-tourpatagonia.tur.ar\\\/pt-br\\\/#organization\"},\"potentialAction\":[{\"@type\":\"SearchAction\",\"target\":{\"@type\":\"EntryPoint\",\"urlTemplate\":\"https:\\\/\\\/best-tourpatagonia.tur.ar\\\/pt-br\\\/?s={search_term_string}\"},\"query-input\":{\"@type\":\"PropertyValueSpecification\",\"valueRequired\":true,\"valueName\":\"search_term_string\"}}],\"inLanguage\":\"pt-BR\"},{\"@type\":\"Organization\",\"@id\":\"https:\\\/\\\/best-tourpatagonia.tur.ar\\\/pt-br\\\/#organization\",\"name\":\"Best Tour Patagonia\",\"url\":\"https:\\\/\\\/best-tourpatagonia.tur.ar\\\/pt-br\\\/\",\"logo\":{\"@type\":\"ImageObject\",\"inLanguage\":\"pt-BR\",\"@id\":\"https:\\\/\\\/best-tourpatagonia.tur.ar\\\/pt-br\\\/#\\\/schema\\\/logo\\\/image\\\/\",\"url\":\"https:\\\/\\\/best-tourpatagonia.tur.ar\\\/wp-content\\\/uploads\\\/2023\\\/05\\\/cropped-corona-1.png\",\"contentUrl\":\"https:\\\/\\\/best-tourpatagonia.tur.ar\\\/wp-content\\\/uploads\\\/2023\\\/05\\\/cropped-corona-1.png\",\"width\":128,\"height\":75,\"caption\":\"Best Tour Patagonia\"},\"image\":{\"@id\":\"https:\\\/\\\/best-tourpatagonia.tur.ar\\\/pt-br\\\/#\\\/schema\\\/logo\\\/image\\\/\"}}]}<\/script>\n<!-- \/ Yoast SEO plugin. -->","yoast_head_json":{"title":"City Tour - cl\u00e1ssico - Best Tour Patagonia","robots":{"index":"index","follow":"follow","max-snippet":"max-snippet:-1","max-image-preview":"max-image-preview:large","max-video-preview":"max-video-preview:-1"},"canonical":"https:\/\/best-tourpatagonia.tur.ar\/pt-br\/producto\/city-tour-classico\/","og_locale":"pt_BR","og_type":"article","og_title":"City Tour - cl\u00e1ssico - Best Tour Patagonia","og_description":"Come\u00e7amos visitando o bairro de La Misi\u00f3n, onde os padres anglicanos se estabeleceram, conhecido como Misi\u00f3n Baja. Em seguida, continuamos nosso passeio at\u00e9 a rotat\u00f3ria do CADIC, onde est\u00e1 localizado o Centro Austral de Investigaciones Cient\u00edficas, e pegamos a Avenida Prefectura Naval (avenida costeira), continuando pela Avenida Perito Moreno, passamos em frente ao Shopping Paseo [&hellip;]","og_url":"https:\/\/best-tourpatagonia.tur.ar\/pt-br\/producto\/city-tour-classico\/","og_site_name":"Best Tour Patagonia","article_modified_time":"2026-03-13T14:01:58+00:00","og_image":[{"width":720,"height":540,"url":"https:\/\/best-tourpatagonia.tur.ar\/wp-content\/uploads\/2023\/07\/IMG_2100.jpg","type":"image\/jpeg"}],"twitter_card":"summary_large_image","twitter_misc":{"Est. tempo de leitura":"2 minutos"},"schema":{"@context":"https:\/\/schema.org","@graph":[{"@type":"WebPage","@id":"https:\/\/best-tourpatagonia.tur.ar\/pt-br\/producto\/city-tour-classico\/","url":"https:\/\/best-tourpatagonia.tur.ar\/pt-br\/producto\/city-tour-classico\/","name":"City Tour - cl\u00e1ssico - Best Tour Patagonia","isPartOf":{"@id":"https:\/\/best-tourpatagonia.tur.ar\/pt-br\/#website"},"primaryImageOfPage":{"@id":"https:\/\/best-tourpatagonia.tur.ar\/pt-br\/producto\/city-tour-classico\/#primaryimage"},"image":{"@id":"https:\/\/best-tourpatagonia.tur.ar\/pt-br\/producto\/city-tour-classico\/#primaryimage"},"thumbnailUrl":"https:\/\/best-tourpatagonia.tur.ar\/wp-content\/uploads\/2023\/07\/IMG_2100.jpg","datePublished":"2023-07-03T20:21:01+00:00","dateModified":"2026-03-13T14:01:58+00:00","breadcrumb":{"@id":"https:\/\/best-tourpatagonia.tur.ar\/pt-br\/producto\/city-tour-classico\/#breadcrumb"},"inLanguage":"pt-BR","potentialAction":[{"@type":"ReadAction","target":["https:\/\/best-tourpatagonia.tur.ar\/pt-br\/producto\/city-tour-classico\/"]}]},{"@type":"ImageObject","inLanguage":"pt-BR","@id":"https:\/\/best-tourpatagonia.tur.ar\/pt-br\/producto\/city-tour-classico\/#primaryimage","url":"https:\/\/best-tourpatagonia.tur.ar\/wp-content\/uploads\/2023\/07\/IMG_2100.jpg","contentUrl":"https:\/\/best-tourpatagonia.tur.ar\/wp-content\/uploads\/2023\/07\/IMG_2100.jpg","width":720,"height":540},{"@type":"BreadcrumbList","@id":"https:\/\/best-tourpatagonia.tur.ar\/pt-br\/producto\/city-tour-classico\/#breadcrumb","itemListElement":[{"@type":"ListItem","position":1,"name":"Portada","item":"https:\/\/best-tourpatagonia.tur.ar\/pt-br\/aproveite-ushuaia-el-calafate-e-toda-a-patagonia-durante-todo-o-ano\/"},{"@type":"ListItem","position":2,"name":"Loja","item":"https:\/\/best-tourpatagonia.tur.ar\/pt-br\/loja\/"},{"@type":"ListItem","position":3,"name":"City Tour &#8211; cl\u00e1ssico"}]},{"@type":"WebSite","@id":"https:\/\/best-tourpatagonia.tur.ar\/pt-br\/#website","url":"https:\/\/best-tourpatagonia.tur.ar\/pt-br\/","name":"Best Tour Patagonia","description":"Paquetes y excursiones en la Patagona Argentina","publisher":{"@id":"https:\/\/best-tourpatagonia.tur.ar\/pt-br\/#organization"},"potentialAction":[{"@type":"SearchAction","target":{"@type":"EntryPoint","urlTemplate":"https:\/\/best-tourpatagonia.tur.ar\/pt-br\/?s={search_term_string}"},"query-input":{"@type":"PropertyValueSpecification","valueRequired":true,"valueName":"search_term_string"}}],"inLanguage":"pt-BR"},{"@type":"Organization","@id":"https:\/\/best-tourpatagonia.tur.ar\/pt-br\/#organization","name":"Best Tour Patagonia","url":"https:\/\/best-tourpatagonia.tur.ar\/pt-br\/","logo":{"@type":"ImageObject","inLanguage":"pt-BR","@id":"https:\/\/best-tourpatagonia.tur.ar\/pt-br\/#\/schema\/logo\/image\/","url":"https:\/\/best-tourpatagonia.tur.ar\/wp-content\/uploads\/2023\/05\/cropped-corona-1.png","contentUrl":"https:\/\/best-tourpatagonia.tur.ar\/wp-content\/uploads\/2023\/05\/cropped-corona-1.png","width":128,"height":75,"caption":"Best Tour Patagonia"},"image":{"@id":"https:\/\/best-tourpatagonia.tur.ar\/pt-br\/#\/schema\/logo\/image\/"}}]}},"_links":{"self":[{"href":"https:\/\/best-tourpatagonia.tur.ar\/pt-br\/wp-json\/wp\/v2\/product\/11722","targetHints":{"allow":["GET"]}}],"collection":[{"href":"https:\/\/best-tourpatagonia.tur.ar\/pt-br\/wp-json\/wp\/v2\/product"}],"about":[{"href":"https:\/\/best-tourpatagonia.tur.ar\/pt-br\/wp-json\/wp\/v2\/types\/product"}],"wp:featuredmedia":[{"embeddable":true,"href":"https:\/\/best-tourpatagonia.tur.ar\/pt-br\/wp-json\/wp\/v2\/media\/11750"}],"wp:attachment":[{"href":"https:\/\/best-tourpatagonia.tur.ar\/pt-br\/wp-json\/wp\/v2\/media?parent=11722"}],"wp:term":[{"taxonomy":"product_brand","embeddable":true,"href":"https:\/\/best-tourpatagonia.tur.ar\/pt-br\/wp-json\/wp\/v2\/product_brand?post=11722"},{"taxonomy":"product_cat","embeddable":true,"href":"https:\/\/best-tourpatagonia.tur.ar\/pt-br\/wp-json\/wp\/v2\/product_cat?post=11722"},{"taxonomy":"product_tag","embeddable":true,"href":"https:\/\/best-tourpatagonia.tur.ar\/pt-br\/wp-json\/wp\/v2\/product_tag?post=11722"},{"taxonomy":"destino","embeddable":true,"href":"https:\/\/best-tourpatagonia.tur.ar\/pt-br\/wp-json\/wp\/v2\/destino?post=11722"},{"taxonomy":"pais","embeddable":true,"href":"https:\/\/best-tourpatagonia.tur.ar\/pt-br\/wp-json\/wp\/v2\/pais?post=11722"}],"curies":[{"name":"wp","href":"https:\/\/api.w.org\/{rel}","templated":true}]}}