{"id":11694,"date":"2023-09-25T11:25:20","date_gmt":"2023-09-25T14:25:20","guid":{"rendered":"https:\/\/best-tourpatagonia.tur.ar\/producto\/navegacao-pelo-canal-de-beagle-e-pinguinera-de-catamara\/"},"modified":"2025-06-12T12:16:14","modified_gmt":"2025-06-12T15:16:14","slug":"navegacao-pelo-canal-de-beagle-e-pinguinera-de-catamara","status":"publish","type":"product","link":"https:\/\/best-tourpatagonia.tur.ar\/pt-br\/producto\/navegacao-pelo-canal-de-beagle-e-pinguinera-de-catamara\/","title":{"rendered":"Navega\u00e7\u00e3o pelo Canal de Beagle e Ping\u00fcinera &#8211; de catamar\u00e3"},"content":{"rendered":"<p class=\"cvGsUA direction-ltr align-justify para-style-body\"><span class=\"OYPEnA text-decoration-none text-strikethrough-none\">Come\u00e7amos a navegar do p\u00eder tur\u00edstico em dire\u00e7\u00e3o ao sudeste.<\/span><\/p>\n<p class=\"cvGsUA direction-ltr align-justify para-style-body\"><span class=\"OYPEnA text-decoration-none text-strikethrough-none\">Navegando pela ba\u00eda de Ushuaia, voc\u00ea ter\u00e1 uma incr\u00edvel vista frontal da cidade, emoldurada pelas montanhas Olivia e Cinco Hermanos.<\/span><\/p>\n<p class=\"cvGsUA direction-ltr align-justify para-style-body\"><span class=\"OYPEnA text-decoration-none text-strikethrough-none\">Paralelamente \u00e0 costa, entramos na calma e no frescor do Canal de Beagle at\u00e9 chegarmos \u00e0 nossa primeira parada, a ilha dos p\u00e1ssaros.<\/span><\/p>\n<p class=\"cvGsUA direction-ltr align-justify para-style-body\"><span class=\"OYPEnA text-decoration-none text-strikethrough-none\">Do conv\u00e9s, voc\u00ea pode observar e fotografar cormor\u00f5es imperiais, albatrozes e petr\u00e9is.<\/span><\/p>\n<p class=\"cvGsUA direction-ltr align-justify para-style-body\"><span class=\"OYPEnA text-decoration-none text-strikethrough-none\">Continuaremos nosso caminho at\u00e9 chegarmos ao m\u00edtico Farol Les Eclaireurs, que indica a chegada \u00e0 Ba\u00eda de Ushuaia.<\/span><\/p>\n<p class=\"cvGsUA direction-ltr align-justify para-style-body\"><span class=\"OYPEnA text-decoration-none text-strikethrough-none\">Faremos outra parada para fotos na Isla de los Lobos, onde veremos esp\u00e9cimes de um e dois pelos.<\/span><\/p>\n<p class=\"cvGsUA direction-ltr align-justify para-style-body\"><span class=\"OYPEnA text-decoration-none text-strikethrough-none\">Navegaremos para o leste at\u00e9 chegarmos \u00e0 Ilha Martillo, onde teremos a oportunidade de ver uma col\u00f4nia de pinguins-de-magalh\u00e3es e alguns exemplares de pinguins-gentoo.<\/span><\/p>\n<p class=\"cvGsUA direction-ltr align-justify para-style-body\"><span class=\"OYPEnA text-decoration-none text-strikethrough-none\">A partir desse ponto, voc\u00ea retornar\u00e1 \u00e0 cidade.<\/span><\/p>\n<p class=\"cvGsUA direction-ltr align-justify para-style-body\"><span class=\"OYPEnA text-decoration-none text-strikethrough-none\">Os traslados para o p\u00eder n\u00e3o est\u00e3o inclu\u00eddos.<\/span><\/p>\n<p class=\"cvGsUA direction-ltr align-justify para-style-body\"><span class=\"OYPEnA text-decoration-none text-strikethrough-none\">Apresenta\u00e7\u00e3o: 45 minutos antes da partida.<\/span><\/p>\n","protected":false},"excerpt":{"rendered":"<p>Come\u00e7amos a navegar do p\u00eder tur\u00edstico em dire\u00e7\u00e3o ao sudeste. Navegando pela ba\u00eda de Ushuaia, voc\u00ea ter\u00e1 uma incr\u00edvel vista frontal da cidade, emoldurada pelas montanhas Olivia e Cinco Hermanos. Paralelamente \u00e0 costa, entramos na calma e no frescor do Canal de Beagle at\u00e9 chegarmos \u00e0 nossa primeira parada, a ilha dos p\u00e1ssaros. Do conv\u00e9s, [&hellip;]<\/p>\n","protected":false},"featured_media":11704,"template":"","meta":[],"product_brand":[],"product_cat":[103,119,115],"product_tag":[],"destino":[156],"pais":[164],"class_list":{"0":"post-11694","1":"product","2":"type-product","3":"status-publish","4":"has-post-thumbnail","6":"product_cat-excursiones-pt-br","7":"product_cat-excursoes-maritimas","8":"product_cat-navegacoes","9":"destino-ushuaia-pt-br","10":"pais-argentina-pt-br","12":"first","13":"instock","14":"virtual","15":"sold-individually","16":"purchasable","17":"product-type-booking"},"booking_location":"","booking_location_type":"","booking_duration":1,"booking_duration_unit":"hour","booking_buffer":0,"booking_cost":0,"booking_resources":[],"yoast_head":"<!-- This site is optimized with the Yoast SEO plugin v27.4 - https:\/\/yoast.com\/product\/yoast-seo-wordpress\/ -->\n<title>Navega\u00e7\u00e3o pelo Canal de Beagle e Ping\u00fcinera - de catamar\u00e3 - Best Tour Patagonia<\/title>\n<meta name=\"robots\" content=\"index, follow, max-snippet:-1, max-image-preview:large, max-video-preview:-1\" \/>\n<link rel=\"canonical\" href=\"https:\/\/best-tourpatagonia.tur.ar\/pt-br\/producto\/navegacao-pelo-canal-de-beagle-e-pinguinera-de-catamara\/\" \/>\n<meta property=\"og:locale\" content=\"pt_BR\" \/>\n<meta property=\"og:type\" content=\"article\" \/>\n<meta property=\"og:title\" content=\"Navega\u00e7\u00e3o pelo Canal de Beagle e Ping\u00fcinera - de catamar\u00e3 - Best Tour Patagonia\" \/>\n<meta property=\"og:description\" content=\"Come\u00e7amos a navegar do p\u00eder tur\u00edstico em dire\u00e7\u00e3o ao sudeste. Navegando pela ba\u00eda de Ushuaia, voc\u00ea ter\u00e1 uma incr\u00edvel vista frontal da cidade, emoldurada pelas montanhas Olivia e Cinco Hermanos. Paralelamente \u00e0 costa, entramos na calma e no frescor do Canal de Beagle at\u00e9 chegarmos \u00e0 nossa primeira parada, a ilha dos p\u00e1ssaros. Do conv\u00e9s, [&hellip;]\" \/>\n<meta property=\"og:url\" content=\"https:\/\/best-tourpatagonia.tur.ar\/pt-br\/producto\/navegacao-pelo-canal-de-beagle-e-pinguinera-de-catamara\/\" \/>\n<meta property=\"og:site_name\" content=\"Best Tour Patagonia\" \/>\n<meta property=\"article:modified_time\" content=\"2025-06-12T15:16:14+00:00\" \/>\n<meta property=\"og:image\" content=\"https:\/\/best-tourpatagonia.tur.ar\/wp-content\/uploads\/2023\/09\/Pinguinos-navegacion.jpg\" \/>\n\t<meta property=\"og:image:width\" content=\"780\" \/>\n\t<meta property=\"og:image:height\" content=\"500\" \/>\n\t<meta property=\"og:image:type\" content=\"image\/jpeg\" \/>\n<meta name=\"twitter:card\" content=\"summary_large_image\" \/>\n<meta name=\"twitter:label1\" content=\"Est. tempo de leitura\" \/>\n\t<meta name=\"twitter:data1\" content=\"1 minuto\" \/>\n<script type=\"application\/ld+json\" class=\"yoast-schema-graph\">{\"@context\":\"https:\\\/\\\/schema.org\",\"@graph\":[{\"@type\":\"WebPage\",\"@id\":\"https:\\\/\\\/best-tourpatagonia.tur.ar\\\/pt-br\\\/producto\\\/navegacao-pelo-canal-de-beagle-e-pinguinera-de-catamara\\\/\",\"url\":\"https:\\\/\\\/best-tourpatagonia.tur.ar\\\/pt-br\\\/producto\\\/navegacao-pelo-canal-de-beagle-e-pinguinera-de-catamara\\\/\",\"name\":\"Navega\u00e7\u00e3o pelo Canal de Beagle e Ping\u00fcinera - de catamar\u00e3 - Best Tour Patagonia\",\"isPartOf\":{\"@id\":\"https:\\\/\\\/best-tourpatagonia.tur.ar\\\/pt-br\\\/#website\"},\"primaryImageOfPage\":{\"@id\":\"https:\\\/\\\/best-tourpatagonia.tur.ar\\\/pt-br\\\/producto\\\/navegacao-pelo-canal-de-beagle-e-pinguinera-de-catamara\\\/#primaryimage\"},\"image\":{\"@id\":\"https:\\\/\\\/best-tourpatagonia.tur.ar\\\/pt-br\\\/producto\\\/navegacao-pelo-canal-de-beagle-e-pinguinera-de-catamara\\\/#primaryimage\"},\"thumbnailUrl\":\"https:\\\/\\\/best-tourpatagonia.tur.ar\\\/wp-content\\\/uploads\\\/2023\\\/09\\\/Pinguinos-navegacion.jpg\",\"datePublished\":\"2023-09-25T14:25:20+00:00\",\"dateModified\":\"2025-06-12T15:16:14+00:00\",\"breadcrumb\":{\"@id\":\"https:\\\/\\\/best-tourpatagonia.tur.ar\\\/pt-br\\\/producto\\\/navegacao-pelo-canal-de-beagle-e-pinguinera-de-catamara\\\/#breadcrumb\"},\"inLanguage\":\"pt-BR\",\"potentialAction\":[{\"@type\":\"ReadAction\",\"target\":[\"https:\\\/\\\/best-tourpatagonia.tur.ar\\\/pt-br\\\/producto\\\/navegacao-pelo-canal-de-beagle-e-pinguinera-de-catamara\\\/\"]}]},{\"@type\":\"ImageObject\",\"inLanguage\":\"pt-BR\",\"@id\":\"https:\\\/\\\/best-tourpatagonia.tur.ar\\\/pt-br\\\/producto\\\/navegacao-pelo-canal-de-beagle-e-pinguinera-de-catamara\\\/#primaryimage\",\"url\":\"https:\\\/\\\/best-tourpatagonia.tur.ar\\\/wp-content\\\/uploads\\\/2023\\\/09\\\/Pinguinos-navegacion.jpg\",\"contentUrl\":\"https:\\\/\\\/best-tourpatagonia.tur.ar\\\/wp-content\\\/uploads\\\/2023\\\/09\\\/Pinguinos-navegacion.jpg\",\"width\":780,\"height\":500},{\"@type\":\"BreadcrumbList\",\"@id\":\"https:\\\/\\\/best-tourpatagonia.tur.ar\\\/pt-br\\\/producto\\\/navegacao-pelo-canal-de-beagle-e-pinguinera-de-catamara\\\/#breadcrumb\",\"itemListElement\":[{\"@type\":\"ListItem\",\"position\":1,\"name\":\"Portada\",\"item\":\"https:\\\/\\\/best-tourpatagonia.tur.ar\\\/pt-br\\\/aproveite-ushuaia-el-calafate-e-toda-a-patagonia-durante-todo-o-ano\\\/\"},{\"@type\":\"ListItem\",\"position\":2,\"name\":\"Loja\",\"item\":\"https:\\\/\\\/best-tourpatagonia.tur.ar\\\/pt-br\\\/loja\\\/\"},{\"@type\":\"ListItem\",\"position\":3,\"name\":\"Navega\u00e7\u00e3o pelo Canal de Beagle e Ping\u00fcinera &#8211; de catamar\u00e3\"}]},{\"@type\":\"WebSite\",\"@id\":\"https:\\\/\\\/best-tourpatagonia.tur.ar\\\/pt-br\\\/#website\",\"url\":\"https:\\\/\\\/best-tourpatagonia.tur.ar\\\/pt-br\\\/\",\"name\":\"Best Tour Patagonia\",\"description\":\"Paquetes y excursiones en la Patagona Argentina\",\"publisher\":{\"@id\":\"https:\\\/\\\/best-tourpatagonia.tur.ar\\\/pt-br\\\/#organization\"},\"potentialAction\":[{\"@type\":\"SearchAction\",\"target\":{\"@type\":\"EntryPoint\",\"urlTemplate\":\"https:\\\/\\\/best-tourpatagonia.tur.ar\\\/pt-br\\\/?s={search_term_string}\"},\"query-input\":{\"@type\":\"PropertyValueSpecification\",\"valueRequired\":true,\"valueName\":\"search_term_string\"}}],\"inLanguage\":\"pt-BR\"},{\"@type\":\"Organization\",\"@id\":\"https:\\\/\\\/best-tourpatagonia.tur.ar\\\/pt-br\\\/#organization\",\"name\":\"Best Tour Patagonia\",\"url\":\"https:\\\/\\\/best-tourpatagonia.tur.ar\\\/pt-br\\\/\",\"logo\":{\"@type\":\"ImageObject\",\"inLanguage\":\"pt-BR\",\"@id\":\"https:\\\/\\\/best-tourpatagonia.tur.ar\\\/pt-br\\\/#\\\/schema\\\/logo\\\/image\\\/\",\"url\":\"https:\\\/\\\/best-tourpatagonia.tur.ar\\\/wp-content\\\/uploads\\\/2023\\\/05\\\/cropped-corona-1.png\",\"contentUrl\":\"https:\\\/\\\/best-tourpatagonia.tur.ar\\\/wp-content\\\/uploads\\\/2023\\\/05\\\/cropped-corona-1.png\",\"width\":128,\"height\":75,\"caption\":\"Best Tour Patagonia\"},\"image\":{\"@id\":\"https:\\\/\\\/best-tourpatagonia.tur.ar\\\/pt-br\\\/#\\\/schema\\\/logo\\\/image\\\/\"}}]}<\/script>\n<!-- \/ Yoast SEO plugin. -->","yoast_head_json":{"title":"Navega\u00e7\u00e3o pelo Canal de Beagle e Ping\u00fcinera - de catamar\u00e3 - Best Tour Patagonia","robots":{"index":"index","follow":"follow","max-snippet":"max-snippet:-1","max-image-preview":"max-image-preview:large","max-video-preview":"max-video-preview:-1"},"canonical":"https:\/\/best-tourpatagonia.tur.ar\/pt-br\/producto\/navegacao-pelo-canal-de-beagle-e-pinguinera-de-catamara\/","og_locale":"pt_BR","og_type":"article","og_title":"Navega\u00e7\u00e3o pelo Canal de Beagle e Ping\u00fcinera - de catamar\u00e3 - Best Tour Patagonia","og_description":"Come\u00e7amos a navegar do p\u00eder tur\u00edstico em dire\u00e7\u00e3o ao sudeste. Navegando pela ba\u00eda de Ushuaia, voc\u00ea ter\u00e1 uma incr\u00edvel vista frontal da cidade, emoldurada pelas montanhas Olivia e Cinco Hermanos. Paralelamente \u00e0 costa, entramos na calma e no frescor do Canal de Beagle at\u00e9 chegarmos \u00e0 nossa primeira parada, a ilha dos p\u00e1ssaros. Do conv\u00e9s, [&hellip;]","og_url":"https:\/\/best-tourpatagonia.tur.ar\/pt-br\/producto\/navegacao-pelo-canal-de-beagle-e-pinguinera-de-catamara\/","og_site_name":"Best Tour Patagonia","article_modified_time":"2025-06-12T15:16:14+00:00","og_image":[{"width":780,"height":500,"url":"https:\/\/best-tourpatagonia.tur.ar\/wp-content\/uploads\/2023\/09\/Pinguinos-navegacion.jpg","type":"image\/jpeg"}],"twitter_card":"summary_large_image","twitter_misc":{"Est. tempo de leitura":"1 minuto"},"schema":{"@context":"https:\/\/schema.org","@graph":[{"@type":"WebPage","@id":"https:\/\/best-tourpatagonia.tur.ar\/pt-br\/producto\/navegacao-pelo-canal-de-beagle-e-pinguinera-de-catamara\/","url":"https:\/\/best-tourpatagonia.tur.ar\/pt-br\/producto\/navegacao-pelo-canal-de-beagle-e-pinguinera-de-catamara\/","name":"Navega\u00e7\u00e3o pelo Canal de Beagle e Ping\u00fcinera - de catamar\u00e3 - Best Tour Patagonia","isPartOf":{"@id":"https:\/\/best-tourpatagonia.tur.ar\/pt-br\/#website"},"primaryImageOfPage":{"@id":"https:\/\/best-tourpatagonia.tur.ar\/pt-br\/producto\/navegacao-pelo-canal-de-beagle-e-pinguinera-de-catamara\/#primaryimage"},"image":{"@id":"https:\/\/best-tourpatagonia.tur.ar\/pt-br\/producto\/navegacao-pelo-canal-de-beagle-e-pinguinera-de-catamara\/#primaryimage"},"thumbnailUrl":"https:\/\/best-tourpatagonia.tur.ar\/wp-content\/uploads\/2023\/09\/Pinguinos-navegacion.jpg","datePublished":"2023-09-25T14:25:20+00:00","dateModified":"2025-06-12T15:16:14+00:00","breadcrumb":{"@id":"https:\/\/best-tourpatagonia.tur.ar\/pt-br\/producto\/navegacao-pelo-canal-de-beagle-e-pinguinera-de-catamara\/#breadcrumb"},"inLanguage":"pt-BR","potentialAction":[{"@type":"ReadAction","target":["https:\/\/best-tourpatagonia.tur.ar\/pt-br\/producto\/navegacao-pelo-canal-de-beagle-e-pinguinera-de-catamara\/"]}]},{"@type":"ImageObject","inLanguage":"pt-BR","@id":"https:\/\/best-tourpatagonia.tur.ar\/pt-br\/producto\/navegacao-pelo-canal-de-beagle-e-pinguinera-de-catamara\/#primaryimage","url":"https:\/\/best-tourpatagonia.tur.ar\/wp-content\/uploads\/2023\/09\/Pinguinos-navegacion.jpg","contentUrl":"https:\/\/best-tourpatagonia.tur.ar\/wp-content\/uploads\/2023\/09\/Pinguinos-navegacion.jpg","width":780,"height":500},{"@type":"BreadcrumbList","@id":"https:\/\/best-tourpatagonia.tur.ar\/pt-br\/producto\/navegacao-pelo-canal-de-beagle-e-pinguinera-de-catamara\/#breadcrumb","itemListElement":[{"@type":"ListItem","position":1,"name":"Portada","item":"https:\/\/best-tourpatagonia.tur.ar\/pt-br\/aproveite-ushuaia-el-calafate-e-toda-a-patagonia-durante-todo-o-ano\/"},{"@type":"ListItem","position":2,"name":"Loja","item":"https:\/\/best-tourpatagonia.tur.ar\/pt-br\/loja\/"},{"@type":"ListItem","position":3,"name":"Navega\u00e7\u00e3o pelo Canal de Beagle e Ping\u00fcinera &#8211; de catamar\u00e3"}]},{"@type":"WebSite","@id":"https:\/\/best-tourpatagonia.tur.ar\/pt-br\/#website","url":"https:\/\/best-tourpatagonia.tur.ar\/pt-br\/","name":"Best Tour Patagonia","description":"Paquetes y excursiones en la Patagona Argentina","publisher":{"@id":"https:\/\/best-tourpatagonia.tur.ar\/pt-br\/#organization"},"potentialAction":[{"@type":"SearchAction","target":{"@type":"EntryPoint","urlTemplate":"https:\/\/best-tourpatagonia.tur.ar\/pt-br\/?s={search_term_string}"},"query-input":{"@type":"PropertyValueSpecification","valueRequired":true,"valueName":"search_term_string"}}],"inLanguage":"pt-BR"},{"@type":"Organization","@id":"https:\/\/best-tourpatagonia.tur.ar\/pt-br\/#organization","name":"Best Tour Patagonia","url":"https:\/\/best-tourpatagonia.tur.ar\/pt-br\/","logo":{"@type":"ImageObject","inLanguage":"pt-BR","@id":"https:\/\/best-tourpatagonia.tur.ar\/pt-br\/#\/schema\/logo\/image\/","url":"https:\/\/best-tourpatagonia.tur.ar\/wp-content\/uploads\/2023\/05\/cropped-corona-1.png","contentUrl":"https:\/\/best-tourpatagonia.tur.ar\/wp-content\/uploads\/2023\/05\/cropped-corona-1.png","width":128,"height":75,"caption":"Best Tour Patagonia"},"image":{"@id":"https:\/\/best-tourpatagonia.tur.ar\/pt-br\/#\/schema\/logo\/image\/"}}]}},"_links":{"self":[{"href":"https:\/\/best-tourpatagonia.tur.ar\/pt-br\/wp-json\/wp\/v2\/product\/11694","targetHints":{"allow":["GET"]}}],"collection":[{"href":"https:\/\/best-tourpatagonia.tur.ar\/pt-br\/wp-json\/wp\/v2\/product"}],"about":[{"href":"https:\/\/best-tourpatagonia.tur.ar\/pt-br\/wp-json\/wp\/v2\/types\/product"}],"wp:featuredmedia":[{"embeddable":true,"href":"https:\/\/best-tourpatagonia.tur.ar\/pt-br\/wp-json\/wp\/v2\/media\/11704"}],"wp:attachment":[{"href":"https:\/\/best-tourpatagonia.tur.ar\/pt-br\/wp-json\/wp\/v2\/media?parent=11694"}],"wp:term":[{"taxonomy":"product_brand","embeddable":true,"href":"https:\/\/best-tourpatagonia.tur.ar\/pt-br\/wp-json\/wp\/v2\/product_brand?post=11694"},{"taxonomy":"product_cat","embeddable":true,"href":"https:\/\/best-tourpatagonia.tur.ar\/pt-br\/wp-json\/wp\/v2\/product_cat?post=11694"},{"taxonomy":"product_tag","embeddable":true,"href":"https:\/\/best-tourpatagonia.tur.ar\/pt-br\/wp-json\/wp\/v2\/product_tag?post=11694"},{"taxonomy":"destino","embeddable":true,"href":"https:\/\/best-tourpatagonia.tur.ar\/pt-br\/wp-json\/wp\/v2\/destino?post=11694"},{"taxonomy":"pais","embeddable":true,"href":"https:\/\/best-tourpatagonia.tur.ar\/pt-br\/wp-json\/wp\/v2\/pais?post=11694"}],"curies":[{"name":"wp","href":"https:\/\/api.w.org\/{rel}","templated":true}]}}