{"id":11613,"date":"2023-10-19T15:42:19","date_gmt":"2023-10-19T18:42:19","guid":{"rendered":"https:\/\/best-tourpatagonia.tur.ar\/producto\/toda-a-navegacao-glacier\/"},"modified":"2025-06-12T12:16:07","modified_gmt":"2025-06-12T15:16:07","slug":"toda-a-navegacao-glacier","status":"publish","type":"product","link":"https:\/\/best-tourpatagonia.tur.ar\/pt-br\/producto\/toda-a-navegacao-glacier\/","title":{"rendered":"Toda a navega\u00e7\u00e3o Glacier"},"content":{"rendered":"<p>TODOS OS GLACIERS<span class=\"\">  \u00e9 muito mais do que velejar. \u00c9 uma experi\u00eancia dif\u00edcil de ser comparada, pois \u00e9 t\u00e3o \u00fanica e, portanto, dif\u00edcil de ser descrita em palavras. Temos certeza de que voc\u00ea nunca se esquecer\u00e1 dela.    <\/span>Voc\u00ea precisa estar l\u00e1 para vivenciar isso.<\/p>\n<p class=\"m-text-align-center\"><span class=\"\">Partimos do <\/span>porto de Punta Bandera<span class=\"\">  A 47 km da cidade de El Calafate. Ao chegar, voc\u00ea ser\u00e1 recebido em nosso terminal de embarque com decora\u00e7\u00e3o aconchegante. Nossa equipe experiente mostrar\u00e1 a voc\u00ea como realizar o processo de pr\u00e9-embarque para come\u00e7ar sua melhor experi\u00eancia na geleira. Se, a essa altura, voc\u00ea ainda n\u00e3o tiver sua passagem para o     <\/span>Parque Nacional Los Glaciares, n\u00f3s lhe diremos onde voc\u00ea pode compr\u00e1-lo. Prestaremos o melhor servi\u00e7o em todos os momentos para que voc\u00ea possa viver um momento inesquec\u00edvel e aproveitar cada detalhe da experi\u00eancia. <\/p>\n<p class=\"m-text-align-center\">Uma <span class=\"\">vez a bordo de nossos confort\u00e1veis barcos, <\/span>Todo Glaciares<span class=\"\"> come\u00e7a a navegar ao longo do Bra\u00e7o Norte do Lago Argentino, cruzando a Boca del Diablo, indo em dire\u00e7\u00e3o ao Canal Upsala para experimentar a sensa\u00e7\u00e3o \u00fanica de navegar entre icebergs, alguns dos quais s\u00e3o muito grandes, que se desprendem da Geleira Upsala. <\/span>Uma experi\u00eancia verdadeiramente maravilhosa e \u00fanica!<\/p>\n<p class=\"m-text-align-center\"><span class=\"\">Em seguida, navegaremos em dire\u00e7\u00e3o ao <\/span>Canal Spegazzini<span class=\"\">, que oferecer\u00e1 a voc\u00ea vistas \u00fanicas de incr\u00edveis geleiras suspensas, como a <\/span>Geleira Seco<span class=\"\">, a <\/span>Geleira Heim Sul<span class=\"\"> e a <\/span>Geleira Peineta, que s\u00e3o o prel\u00fadio do maior espet\u00e1culo: a imponente Geleira Spegazzini. A maior de todas, ela espera por voc\u00ea para lhe oferecer uma vista majestosa com sua altura de mais de 135 metros. <\/p>\n<p class=\"m-text-align-center\"><span class=\"\">E para coroar esse momento, desceremos at\u00e9 a <\/span>Base Spegazzini<span class=\"\">, bem em frente ao Glaciar, para desfrutar do nosso moderno <\/span>Ref\u00fagio Spegazzini, que conta com todos os servi\u00e7os que voc\u00ea precisar\u00e1 durante o dia e que lhe permitir\u00e1 vivenciar momentos verdadeiramente \u00fanicos, com suas deslumbrantes vistas panor\u00e2micas. Opcionalmente, voc\u00ea poder\u00e1 saborear requintados card\u00e1pios regionais com variantes para todos os gostos. <\/p>\n<p class=\"cvGsUA direction-ltr align-justify para-style-body\"><span class=\"OYPEnA text-decoration-none text-strikethrough-none\">N\u00e3o inclu\u00eddo: Taxa de entrada no Parque Nacional e almo\u00e7o.<\/span><\/p>\n","protected":false},"excerpt":{"rendered":"<p>TODOS OS GLACIERS \u00e9 muito mais do que velejar. \u00c9 uma experi\u00eancia dif\u00edcil de ser comparada, pois \u00e9 t\u00e3o \u00fanica e, portanto, dif\u00edcil de ser descrita em palavras. Temos certeza de que voc\u00ea nunca se esquecer\u00e1 dela. Voc\u00ea precisa estar l\u00e1 para vivenciar isso. Partimos do porto de Punta Bandera A 47 km da cidade [&hellip;]<\/p>\n","protected":false},"featured_media":11642,"template":"","meta":[],"product_brand":[],"product_cat":[103],"product_tag":[],"destino":[157],"pais":[164],"class_list":{"0":"post-11613","1":"product","2":"type-product","3":"status-publish","4":"has-post-thumbnail","6":"product_cat-excursiones-pt-br","7":"destino-el-calafate-pt-br","8":"pais-argentina-pt-br","10":"first","11":"instock","12":"virtual","13":"sold-individually","14":"purchasable","15":"product-type-booking"},"booking_location":"","booking_location_type":"","booking_duration":1,"booking_duration_unit":"day","booking_buffer":0,"booking_cost":0,"booking_resources":[],"yoast_head":"<!-- This site is optimized with the Yoast SEO plugin v27.4 - https:\/\/yoast.com\/product\/yoast-seo-wordpress\/ -->\n<title>Toda a navega\u00e7\u00e3o Glacier - Best Tour Patagonia<\/title>\n<meta name=\"robots\" content=\"index, follow, max-snippet:-1, max-image-preview:large, max-video-preview:-1\" \/>\n<link rel=\"canonical\" href=\"https:\/\/best-tourpatagonia.tur.ar\/pt-br\/producto\/toda-a-navegacao-glacier\/\" \/>\n<meta property=\"og:locale\" content=\"pt_BR\" \/>\n<meta property=\"og:type\" content=\"article\" \/>\n<meta property=\"og:title\" content=\"Toda a navega\u00e7\u00e3o Glacier - Best Tour Patagonia\" \/>\n<meta property=\"og:description\" content=\"TODOS OS GLACIERS \u00e9 muito mais do que velejar. \u00c9 uma experi\u00eancia dif\u00edcil de ser comparada, pois \u00e9 t\u00e3o \u00fanica e, portanto, dif\u00edcil de ser descrita em palavras. Temos certeza de que voc\u00ea nunca se esquecer\u00e1 dela. Voc\u00ea precisa estar l\u00e1 para vivenciar isso. Partimos do porto de Punta Bandera A 47 km da cidade [&hellip;]\" \/>\n<meta property=\"og:url\" content=\"https:\/\/best-tourpatagonia.tur.ar\/pt-br\/producto\/toda-a-navegacao-glacier\/\" \/>\n<meta property=\"og:site_name\" content=\"Best Tour Patagonia\" \/>\n<meta property=\"article:modified_time\" content=\"2025-06-12T15:16:07+00:00\" \/>\n<meta property=\"og:image\" content=\"https:\/\/best-tourpatagonia.tur.ar\/wp-content\/uploads\/2023\/10\/todo-claciares-14-cd9d0fc5-1920w.webp\" \/>\n\t<meta property=\"og:image:width\" content=\"1000\" \/>\n\t<meta property=\"og:image:height\" content=\"1000\" \/>\n\t<meta property=\"og:image:type\" content=\"image\/webp\" \/>\n<meta name=\"twitter:card\" content=\"summary_large_image\" \/>\n<meta name=\"twitter:label1\" content=\"Est. tempo de leitura\" \/>\n\t<meta name=\"twitter:data1\" content=\"2 minutos\" \/>\n<script type=\"application\/ld+json\" class=\"yoast-schema-graph\">{\"@context\":\"https:\\\/\\\/schema.org\",\"@graph\":[{\"@type\":\"WebPage\",\"@id\":\"https:\\\/\\\/best-tourpatagonia.tur.ar\\\/pt-br\\\/producto\\\/toda-a-navegacao-glacier\\\/\",\"url\":\"https:\\\/\\\/best-tourpatagonia.tur.ar\\\/pt-br\\\/producto\\\/toda-a-navegacao-glacier\\\/\",\"name\":\"Toda a navega\u00e7\u00e3o Glacier - Best Tour Patagonia\",\"isPartOf\":{\"@id\":\"https:\\\/\\\/best-tourpatagonia.tur.ar\\\/pt-br\\\/#website\"},\"primaryImageOfPage\":{\"@id\":\"https:\\\/\\\/best-tourpatagonia.tur.ar\\\/pt-br\\\/producto\\\/toda-a-navegacao-glacier\\\/#primaryimage\"},\"image\":{\"@id\":\"https:\\\/\\\/best-tourpatagonia.tur.ar\\\/pt-br\\\/producto\\\/toda-a-navegacao-glacier\\\/#primaryimage\"},\"thumbnailUrl\":\"https:\\\/\\\/best-tourpatagonia.tur.ar\\\/wp-content\\\/uploads\\\/2023\\\/10\\\/todo-claciares-14-cd9d0fc5-1920w.webp\",\"datePublished\":\"2023-10-19T18:42:19+00:00\",\"dateModified\":\"2025-06-12T15:16:07+00:00\",\"breadcrumb\":{\"@id\":\"https:\\\/\\\/best-tourpatagonia.tur.ar\\\/pt-br\\\/producto\\\/toda-a-navegacao-glacier\\\/#breadcrumb\"},\"inLanguage\":\"pt-BR\",\"potentialAction\":[{\"@type\":\"ReadAction\",\"target\":[\"https:\\\/\\\/best-tourpatagonia.tur.ar\\\/pt-br\\\/producto\\\/toda-a-navegacao-glacier\\\/\"]}]},{\"@type\":\"ImageObject\",\"inLanguage\":\"pt-BR\",\"@id\":\"https:\\\/\\\/best-tourpatagonia.tur.ar\\\/pt-br\\\/producto\\\/toda-a-navegacao-glacier\\\/#primaryimage\",\"url\":\"https:\\\/\\\/best-tourpatagonia.tur.ar\\\/wp-content\\\/uploads\\\/2023\\\/10\\\/todo-claciares-14-cd9d0fc5-1920w.webp\",\"contentUrl\":\"https:\\\/\\\/best-tourpatagonia.tur.ar\\\/wp-content\\\/uploads\\\/2023\\\/10\\\/todo-claciares-14-cd9d0fc5-1920w.webp\",\"width\":1000,\"height\":1000},{\"@type\":\"BreadcrumbList\",\"@id\":\"https:\\\/\\\/best-tourpatagonia.tur.ar\\\/pt-br\\\/producto\\\/toda-a-navegacao-glacier\\\/#breadcrumb\",\"itemListElement\":[{\"@type\":\"ListItem\",\"position\":1,\"name\":\"Portada\",\"item\":\"https:\\\/\\\/best-tourpatagonia.tur.ar\\\/pt-br\\\/aproveite-ushuaia-el-calafate-e-toda-a-patagonia-durante-todo-o-ano\\\/\"},{\"@type\":\"ListItem\",\"position\":2,\"name\":\"Loja\",\"item\":\"https:\\\/\\\/best-tourpatagonia.tur.ar\\\/pt-br\\\/loja\\\/\"},{\"@type\":\"ListItem\",\"position\":3,\"name\":\"Toda a navega\u00e7\u00e3o Glacier\"}]},{\"@type\":\"WebSite\",\"@id\":\"https:\\\/\\\/best-tourpatagonia.tur.ar\\\/pt-br\\\/#website\",\"url\":\"https:\\\/\\\/best-tourpatagonia.tur.ar\\\/pt-br\\\/\",\"name\":\"Best Tour Patagonia\",\"description\":\"Paquetes y excursiones en la Patagona Argentina\",\"publisher\":{\"@id\":\"https:\\\/\\\/best-tourpatagonia.tur.ar\\\/pt-br\\\/#organization\"},\"potentialAction\":[{\"@type\":\"SearchAction\",\"target\":{\"@type\":\"EntryPoint\",\"urlTemplate\":\"https:\\\/\\\/best-tourpatagonia.tur.ar\\\/pt-br\\\/?s={search_term_string}\"},\"query-input\":{\"@type\":\"PropertyValueSpecification\",\"valueRequired\":true,\"valueName\":\"search_term_string\"}}],\"inLanguage\":\"pt-BR\"},{\"@type\":\"Organization\",\"@id\":\"https:\\\/\\\/best-tourpatagonia.tur.ar\\\/pt-br\\\/#organization\",\"name\":\"Best Tour Patagonia\",\"url\":\"https:\\\/\\\/best-tourpatagonia.tur.ar\\\/pt-br\\\/\",\"logo\":{\"@type\":\"ImageObject\",\"inLanguage\":\"pt-BR\",\"@id\":\"https:\\\/\\\/best-tourpatagonia.tur.ar\\\/pt-br\\\/#\\\/schema\\\/logo\\\/image\\\/\",\"url\":\"https:\\\/\\\/best-tourpatagonia.tur.ar\\\/wp-content\\\/uploads\\\/2023\\\/05\\\/cropped-corona-1.png\",\"contentUrl\":\"https:\\\/\\\/best-tourpatagonia.tur.ar\\\/wp-content\\\/uploads\\\/2023\\\/05\\\/cropped-corona-1.png\",\"width\":128,\"height\":75,\"caption\":\"Best Tour Patagonia\"},\"image\":{\"@id\":\"https:\\\/\\\/best-tourpatagonia.tur.ar\\\/pt-br\\\/#\\\/schema\\\/logo\\\/image\\\/\"}}]}<\/script>\n<!-- \/ Yoast SEO plugin. -->","yoast_head_json":{"title":"Toda a navega\u00e7\u00e3o Glacier - Best Tour Patagonia","robots":{"index":"index","follow":"follow","max-snippet":"max-snippet:-1","max-image-preview":"max-image-preview:large","max-video-preview":"max-video-preview:-1"},"canonical":"https:\/\/best-tourpatagonia.tur.ar\/pt-br\/producto\/toda-a-navegacao-glacier\/","og_locale":"pt_BR","og_type":"article","og_title":"Toda a navega\u00e7\u00e3o Glacier - Best Tour Patagonia","og_description":"TODOS OS GLACIERS \u00e9 muito mais do que velejar. \u00c9 uma experi\u00eancia dif\u00edcil de ser comparada, pois \u00e9 t\u00e3o \u00fanica e, portanto, dif\u00edcil de ser descrita em palavras. Temos certeza de que voc\u00ea nunca se esquecer\u00e1 dela. Voc\u00ea precisa estar l\u00e1 para vivenciar isso. Partimos do porto de Punta Bandera A 47 km da cidade [&hellip;]","og_url":"https:\/\/best-tourpatagonia.tur.ar\/pt-br\/producto\/toda-a-navegacao-glacier\/","og_site_name":"Best Tour Patagonia","article_modified_time":"2025-06-12T15:16:07+00:00","og_image":[{"width":1000,"height":1000,"url":"https:\/\/best-tourpatagonia.tur.ar\/wp-content\/uploads\/2023\/10\/todo-claciares-14-cd9d0fc5-1920w.webp","type":"image\/webp"}],"twitter_card":"summary_large_image","twitter_misc":{"Est. tempo de leitura":"2 minutos"},"schema":{"@context":"https:\/\/schema.org","@graph":[{"@type":"WebPage","@id":"https:\/\/best-tourpatagonia.tur.ar\/pt-br\/producto\/toda-a-navegacao-glacier\/","url":"https:\/\/best-tourpatagonia.tur.ar\/pt-br\/producto\/toda-a-navegacao-glacier\/","name":"Toda a navega\u00e7\u00e3o Glacier - Best Tour Patagonia","isPartOf":{"@id":"https:\/\/best-tourpatagonia.tur.ar\/pt-br\/#website"},"primaryImageOfPage":{"@id":"https:\/\/best-tourpatagonia.tur.ar\/pt-br\/producto\/toda-a-navegacao-glacier\/#primaryimage"},"image":{"@id":"https:\/\/best-tourpatagonia.tur.ar\/pt-br\/producto\/toda-a-navegacao-glacier\/#primaryimage"},"thumbnailUrl":"https:\/\/best-tourpatagonia.tur.ar\/wp-content\/uploads\/2023\/10\/todo-claciares-14-cd9d0fc5-1920w.webp","datePublished":"2023-10-19T18:42:19+00:00","dateModified":"2025-06-12T15:16:07+00:00","breadcrumb":{"@id":"https:\/\/best-tourpatagonia.tur.ar\/pt-br\/producto\/toda-a-navegacao-glacier\/#breadcrumb"},"inLanguage":"pt-BR","potentialAction":[{"@type":"ReadAction","target":["https:\/\/best-tourpatagonia.tur.ar\/pt-br\/producto\/toda-a-navegacao-glacier\/"]}]},{"@type":"ImageObject","inLanguage":"pt-BR","@id":"https:\/\/best-tourpatagonia.tur.ar\/pt-br\/producto\/toda-a-navegacao-glacier\/#primaryimage","url":"https:\/\/best-tourpatagonia.tur.ar\/wp-content\/uploads\/2023\/10\/todo-claciares-14-cd9d0fc5-1920w.webp","contentUrl":"https:\/\/best-tourpatagonia.tur.ar\/wp-content\/uploads\/2023\/10\/todo-claciares-14-cd9d0fc5-1920w.webp","width":1000,"height":1000},{"@type":"BreadcrumbList","@id":"https:\/\/best-tourpatagonia.tur.ar\/pt-br\/producto\/toda-a-navegacao-glacier\/#breadcrumb","itemListElement":[{"@type":"ListItem","position":1,"name":"Portada","item":"https:\/\/best-tourpatagonia.tur.ar\/pt-br\/aproveite-ushuaia-el-calafate-e-toda-a-patagonia-durante-todo-o-ano\/"},{"@type":"ListItem","position":2,"name":"Loja","item":"https:\/\/best-tourpatagonia.tur.ar\/pt-br\/loja\/"},{"@type":"ListItem","position":3,"name":"Toda a navega\u00e7\u00e3o Glacier"}]},{"@type":"WebSite","@id":"https:\/\/best-tourpatagonia.tur.ar\/pt-br\/#website","url":"https:\/\/best-tourpatagonia.tur.ar\/pt-br\/","name":"Best Tour Patagonia","description":"Paquetes y excursiones en la Patagona Argentina","publisher":{"@id":"https:\/\/best-tourpatagonia.tur.ar\/pt-br\/#organization"},"potentialAction":[{"@type":"SearchAction","target":{"@type":"EntryPoint","urlTemplate":"https:\/\/best-tourpatagonia.tur.ar\/pt-br\/?s={search_term_string}"},"query-input":{"@type":"PropertyValueSpecification","valueRequired":true,"valueName":"search_term_string"}}],"inLanguage":"pt-BR"},{"@type":"Organization","@id":"https:\/\/best-tourpatagonia.tur.ar\/pt-br\/#organization","name":"Best Tour Patagonia","url":"https:\/\/best-tourpatagonia.tur.ar\/pt-br\/","logo":{"@type":"ImageObject","inLanguage":"pt-BR","@id":"https:\/\/best-tourpatagonia.tur.ar\/pt-br\/#\/schema\/logo\/image\/","url":"https:\/\/best-tourpatagonia.tur.ar\/wp-content\/uploads\/2023\/05\/cropped-corona-1.png","contentUrl":"https:\/\/best-tourpatagonia.tur.ar\/wp-content\/uploads\/2023\/05\/cropped-corona-1.png","width":128,"height":75,"caption":"Best Tour Patagonia"},"image":{"@id":"https:\/\/best-tourpatagonia.tur.ar\/pt-br\/#\/schema\/logo\/image\/"}}]}},"_links":{"self":[{"href":"https:\/\/best-tourpatagonia.tur.ar\/pt-br\/wp-json\/wp\/v2\/product\/11613","targetHints":{"allow":["GET"]}}],"collection":[{"href":"https:\/\/best-tourpatagonia.tur.ar\/pt-br\/wp-json\/wp\/v2\/product"}],"about":[{"href":"https:\/\/best-tourpatagonia.tur.ar\/pt-br\/wp-json\/wp\/v2\/types\/product"}],"wp:featuredmedia":[{"embeddable":true,"href":"https:\/\/best-tourpatagonia.tur.ar\/pt-br\/wp-json\/wp\/v2\/media\/11642"}],"wp:attachment":[{"href":"https:\/\/best-tourpatagonia.tur.ar\/pt-br\/wp-json\/wp\/v2\/media?parent=11613"}],"wp:term":[{"taxonomy":"product_brand","embeddable":true,"href":"https:\/\/best-tourpatagonia.tur.ar\/pt-br\/wp-json\/wp\/v2\/product_brand?post=11613"},{"taxonomy":"product_cat","embeddable":true,"href":"https:\/\/best-tourpatagonia.tur.ar\/pt-br\/wp-json\/wp\/v2\/product_cat?post=11613"},{"taxonomy":"product_tag","embeddable":true,"href":"https:\/\/best-tourpatagonia.tur.ar\/pt-br\/wp-json\/wp\/v2\/product_tag?post=11613"},{"taxonomy":"destino","embeddable":true,"href":"https:\/\/best-tourpatagonia.tur.ar\/pt-br\/wp-json\/wp\/v2\/destino?post=11613"},{"taxonomy":"pais","embeddable":true,"href":"https:\/\/best-tourpatagonia.tur.ar\/pt-br\/wp-json\/wp\/v2\/pais?post=11613"}],"curies":[{"name":"wp","href":"https:\/\/api.w.org\/{rel}","templated":true}]}}