{"id":11495,"date":"2023-10-11T15:38:12","date_gmt":"2023-10-11T18:38:12","guid":{"rendered":"https:\/\/best-tourpatagonia.tur.ar\/producto\/passeio-a-cavalo-monte-susana-e-costa-do-canal-de-beagle-duracao-de-2-horas\/"},"modified":"2025-06-12T12:16:07","modified_gmt":"2025-06-12T15:16:07","slug":"passeio-a-cavalo-monte-susana-e-costa-do-canal-de-beagle-duracao-de-2-horas","status":"publish","type":"product","link":"https:\/\/best-tourpatagonia.tur.ar\/pt-br\/producto\/passeio-a-cavalo-monte-susana-e-costa-do-canal-de-beagle-duracao-de-2-horas\/","title":{"rendered":"Passeio a cavalo &#8211; Monte Susana e costa do Canal de Beagle &#8211; dura\u00e7\u00e3o de 2 horas"},"content":{"rendered":"<p class=\"cvGsUA direction-ltr align-justify para-style-body\"><span class=\"OYPEnA text-decoration-none text-strikethrough-none\">Desfrute da paz e da tranquilidade da floresta Nothofagus, acompanhada pela fauna e flora \u00fanicas da Floresta Subant\u00e1rtica.<\/span><\/p>\n<p class=\"cvGsUA direction-ltr align-justify para-style-body\"><span class=\"OYPEnA text-decoration-none text-strikethrough-none\">Delicie-se com a beleza da paisagem, subindo alguns metros do Monte Susana, onde voc\u00ea ver\u00e1 as imponentes Ilhas Navarino e Hoste e uma vista invej\u00e1vel da cidade e da cadeia de montanhas que a cerca.<\/span><\/p>\n<p class=\"cvGsUA direction-ltr align-justify para-style-body\"><span class=\"OYPEnA text-decoration-none text-strikethrough-none\">Ao refazer o caminho, revele a hist\u00f3ria e a cultura do povo abor\u00edgine Yamana revelada por tr\u00e1s dos Concheros enquanto voc\u00ea cavalga ao longo das margens do Canal de Beagle.<\/span><\/p>\n<p class=\"cvGsUA direction-ltr align-justify para-style-body\"><span class=\"OYPEnA text-decoration-none text-strikethrough-none\">Por fim, caminharemos ao longo das margens do rio Pipo e depois o atravessaremos para concluir essa aventura inesquec\u00edvel.<\/span><\/p>\n<p class=\"cvGsUA direction-ltr align-justify para-style-body\"><span class=\"OYPEnA text-decoration-none text-strikethrough-none\">Oferecemos essa excurs\u00e3o para aqueles que desejam estar em contato com a natureza de um ponto de vista hist\u00f3rico-cultural, explorando a floresta e a costa fueguina guiados por nossos guias-cavaleiros especializados que acompanhar\u00e3o voc\u00ea nessa experi\u00eancia magn\u00edfica.<\/span><\/p>\n<p class=\"cvGsUA direction-ltr align-justify para-style-body\"><span class=\"OYPEnA text-decoration-none text-strikethrough-none\">Recomenda-se que voc\u00ea use roupas e cal\u00e7ados confort\u00e1veis e, se poss\u00edvel, traga roupas quentes e imperme\u00e1veis.<\/span><\/p>\n","protected":false},"excerpt":{"rendered":"<p>Desfrute da paz e da tranquilidade da floresta Nothofagus, acompanhada pela fauna e flora \u00fanicas da Floresta Subant\u00e1rtica. Delicie-se com a beleza da paisagem, subindo alguns metros do Monte Susana, onde voc\u00ea ver\u00e1 as imponentes Ilhas Navarino e Hoste e uma vista invej\u00e1vel da cidade e da cadeia de montanhas que a cerca. Ao refazer [&hellip;]<\/p>\n","protected":false},"featured_media":11595,"template":"","meta":[],"product_brand":[],"product_cat":[103,105,187,189],"product_tag":[],"destino":[156],"pais":[164],"class_list":{"0":"post-11495","1":"product","2":"type-product","3":"status-publish","4":"has-post-thumbnail","6":"product_cat-excursiones-pt-br","7":"product_cat-excursoes-terrestres","8":"product_cat-outono","9":"product_cat-primavera-pt-br","10":"destino-ushuaia-pt-br","11":"pais-argentina-pt-br","13":"first","14":"instock","15":"virtual","16":"sold-individually","17":"purchasable","18":"product-type-booking"},"booking_location":"","booking_location_type":"","booking_duration":1,"booking_duration_unit":"day","booking_buffer":0,"booking_cost":0,"booking_resources":[],"yoast_head":"<!-- This site is optimized with the Yoast SEO plugin v27.1.1 - https:\/\/yoast.com\/product\/yoast-seo-wordpress\/ -->\n<title>Passeio a cavalo - Monte Susana e costa do Canal de Beagle - dura\u00e7\u00e3o de 2 horas - Best Tour Patagonia<\/title>\n<meta name=\"robots\" content=\"index, follow, max-snippet:-1, max-image-preview:large, max-video-preview:-1\" \/>\n<link rel=\"canonical\" href=\"https:\/\/best-tourpatagonia.tur.ar\/pt-br\/producto\/passeio-a-cavalo-monte-susana-e-costa-do-canal-de-beagle-duracao-de-2-horas\/\" \/>\n<meta property=\"og:locale\" content=\"pt_BR\" \/>\n<meta property=\"og:type\" content=\"article\" \/>\n<meta property=\"og:title\" content=\"Passeio a cavalo - Monte Susana e costa do Canal de Beagle - dura\u00e7\u00e3o de 2 horas - Best Tour Patagonia\" \/>\n<meta property=\"og:description\" content=\"Desfrute da paz e da tranquilidade da floresta Nothofagus, acompanhada pela fauna e flora \u00fanicas da Floresta Subant\u00e1rtica. Delicie-se com a beleza da paisagem, subindo alguns metros do Monte Susana, onde voc\u00ea ver\u00e1 as imponentes Ilhas Navarino e Hoste e uma vista invej\u00e1vel da cidade e da cadeia de montanhas que a cerca. Ao refazer [&hellip;]\" \/>\n<meta property=\"og:url\" content=\"https:\/\/best-tourpatagonia.tur.ar\/pt-br\/producto\/passeio-a-cavalo-monte-susana-e-costa-do-canal-de-beagle-duracao-de-2-horas\/\" \/>\n<meta property=\"og:site_name\" content=\"Best Tour Patagonia\" \/>\n<meta property=\"article:modified_time\" content=\"2025-06-12T15:16:07+00:00\" \/>\n<meta property=\"og:image\" content=\"https:\/\/best-tourpatagonia.tur.ar\/wp-content\/uploads\/2023\/10\/BCF5175-1024x684-1.jpg\" \/>\n\t<meta property=\"og:image:width\" content=\"1024\" \/>\n\t<meta property=\"og:image:height\" content=\"684\" \/>\n\t<meta property=\"og:image:type\" content=\"image\/jpeg\" \/>\n<meta name=\"twitter:card\" content=\"summary_large_image\" \/>\n<meta name=\"twitter:label1\" content=\"Est. tempo de leitura\" \/>\n\t<meta name=\"twitter:data1\" content=\"1 minuto\" \/>\n<script type=\"application\/ld+json\" class=\"yoast-schema-graph\">{\"@context\":\"https:\/\/schema.org\",\"@graph\":[{\"@type\":\"WebPage\",\"@id\":\"https:\/\/best-tourpatagonia.tur.ar\/pt-br\/producto\/passeio-a-cavalo-monte-susana-e-costa-do-canal-de-beagle-duracao-de-2-horas\/\",\"url\":\"https:\/\/best-tourpatagonia.tur.ar\/pt-br\/producto\/passeio-a-cavalo-monte-susana-e-costa-do-canal-de-beagle-duracao-de-2-horas\/\",\"name\":\"Passeio a cavalo - Monte Susana e costa do Canal de Beagle - dura\u00e7\u00e3o de 2 horas - Best Tour Patagonia\",\"isPartOf\":{\"@id\":\"https:\/\/best-tourpatagonia.tur.ar\/pt-br\/#website\"},\"primaryImageOfPage\":{\"@id\":\"https:\/\/best-tourpatagonia.tur.ar\/pt-br\/producto\/passeio-a-cavalo-monte-susana-e-costa-do-canal-de-beagle-duracao-de-2-horas\/#primaryimage\"},\"image\":{\"@id\":\"https:\/\/best-tourpatagonia.tur.ar\/pt-br\/producto\/passeio-a-cavalo-monte-susana-e-costa-do-canal-de-beagle-duracao-de-2-horas\/#primaryimage\"},\"thumbnailUrl\":\"https:\/\/best-tourpatagonia.tur.ar\/wp-content\/uploads\/2023\/10\/BCF5175-1024x684-1.jpg\",\"datePublished\":\"2023-10-11T18:38:12+00:00\",\"dateModified\":\"2025-06-12T15:16:07+00:00\",\"breadcrumb\":{\"@id\":\"https:\/\/best-tourpatagonia.tur.ar\/pt-br\/producto\/passeio-a-cavalo-monte-susana-e-costa-do-canal-de-beagle-duracao-de-2-horas\/#breadcrumb\"},\"inLanguage\":\"pt-BR\",\"potentialAction\":[{\"@type\":\"ReadAction\",\"target\":[\"https:\/\/best-tourpatagonia.tur.ar\/pt-br\/producto\/passeio-a-cavalo-monte-susana-e-costa-do-canal-de-beagle-duracao-de-2-horas\/\"]}]},{\"@type\":\"ImageObject\",\"inLanguage\":\"pt-BR\",\"@id\":\"https:\/\/best-tourpatagonia.tur.ar\/pt-br\/producto\/passeio-a-cavalo-monte-susana-e-costa-do-canal-de-beagle-duracao-de-2-horas\/#primaryimage\",\"url\":\"https:\/\/best-tourpatagonia.tur.ar\/wp-content\/uploads\/2023\/10\/BCF5175-1024x684-1.jpg\",\"contentUrl\":\"https:\/\/best-tourpatagonia.tur.ar\/wp-content\/uploads\/2023\/10\/BCF5175-1024x684-1.jpg\",\"width\":1024,\"height\":684},{\"@type\":\"BreadcrumbList\",\"@id\":\"https:\/\/best-tourpatagonia.tur.ar\/pt-br\/producto\/passeio-a-cavalo-monte-susana-e-costa-do-canal-de-beagle-duracao-de-2-horas\/#breadcrumb\",\"itemListElement\":[{\"@type\":\"ListItem\",\"position\":1,\"name\":\"Portada\",\"item\":\"https:\/\/best-tourpatagonia.tur.ar\/pt-br\/aproveite-ushuaia-el-calafate-e-toda-a-patagonia-durante-todo-o-ano\/\"},{\"@type\":\"ListItem\",\"position\":2,\"name\":\"Loja\",\"item\":\"https:\/\/best-tourpatagonia.tur.ar\/pt-br\/loja\/\"},{\"@type\":\"ListItem\",\"position\":3,\"name\":\"Passeio a cavalo &#8211; Monte Susana e costa do Canal de Beagle &#8211; dura\u00e7\u00e3o de 2 horas\"}]},{\"@type\":\"WebSite\",\"@id\":\"https:\/\/best-tourpatagonia.tur.ar\/pt-br\/#website\",\"url\":\"https:\/\/best-tourpatagonia.tur.ar\/pt-br\/\",\"name\":\"Best Tour Patagonia\",\"description\":\"Paquetes y excursiones en la Patagona Argentina\",\"publisher\":{\"@id\":\"https:\/\/best-tourpatagonia.tur.ar\/pt-br\/#organization\"},\"potentialAction\":[{\"@type\":\"SearchAction\",\"target\":{\"@type\":\"EntryPoint\",\"urlTemplate\":\"https:\/\/best-tourpatagonia.tur.ar\/pt-br\/?s={search_term_string}\"},\"query-input\":{\"@type\":\"PropertyValueSpecification\",\"valueRequired\":true,\"valueName\":\"search_term_string\"}}],\"inLanguage\":\"pt-BR\"},{\"@type\":\"Organization\",\"@id\":\"https:\/\/best-tourpatagonia.tur.ar\/pt-br\/#organization\",\"name\":\"Best Tour Patagonia\",\"url\":\"https:\/\/best-tourpatagonia.tur.ar\/pt-br\/\",\"logo\":{\"@type\":\"ImageObject\",\"inLanguage\":\"pt-BR\",\"@id\":\"https:\/\/best-tourpatagonia.tur.ar\/pt-br\/#\/schema\/logo\/image\/\",\"url\":\"https:\/\/best-tourpatagonia.tur.ar\/wp-content\/uploads\/2023\/05\/cropped-corona-1.png\",\"contentUrl\":\"https:\/\/best-tourpatagonia.tur.ar\/wp-content\/uploads\/2023\/05\/cropped-corona-1.png\",\"width\":128,\"height\":75,\"caption\":\"Best Tour Patagonia\"},\"image\":{\"@id\":\"https:\/\/best-tourpatagonia.tur.ar\/pt-br\/#\/schema\/logo\/image\/\"}}]}<\/script>\n<!-- \/ Yoast SEO plugin. -->","yoast_head_json":{"title":"Passeio a cavalo - Monte Susana e costa do Canal de Beagle - dura\u00e7\u00e3o de 2 horas - Best Tour Patagonia","robots":{"index":"index","follow":"follow","max-snippet":"max-snippet:-1","max-image-preview":"max-image-preview:large","max-video-preview":"max-video-preview:-1"},"canonical":"https:\/\/best-tourpatagonia.tur.ar\/pt-br\/producto\/passeio-a-cavalo-monte-susana-e-costa-do-canal-de-beagle-duracao-de-2-horas\/","og_locale":"pt_BR","og_type":"article","og_title":"Passeio a cavalo - Monte Susana e costa do Canal de Beagle - dura\u00e7\u00e3o de 2 horas - Best Tour Patagonia","og_description":"Desfrute da paz e da tranquilidade da floresta Nothofagus, acompanhada pela fauna e flora \u00fanicas da Floresta Subant\u00e1rtica. Delicie-se com a beleza da paisagem, subindo alguns metros do Monte Susana, onde voc\u00ea ver\u00e1 as imponentes Ilhas Navarino e Hoste e uma vista invej\u00e1vel da cidade e da cadeia de montanhas que a cerca. Ao refazer [&hellip;]","og_url":"https:\/\/best-tourpatagonia.tur.ar\/pt-br\/producto\/passeio-a-cavalo-monte-susana-e-costa-do-canal-de-beagle-duracao-de-2-horas\/","og_site_name":"Best Tour Patagonia","article_modified_time":"2025-06-12T15:16:07+00:00","og_image":[{"width":1024,"height":684,"url":"https:\/\/best-tourpatagonia.tur.ar\/wp-content\/uploads\/2023\/10\/BCF5175-1024x684-1.jpg","type":"image\/jpeg"}],"twitter_card":"summary_large_image","twitter_misc":{"Est. tempo de leitura":"1 minuto"},"schema":{"@context":"https:\/\/schema.org","@graph":[{"@type":"WebPage","@id":"https:\/\/best-tourpatagonia.tur.ar\/pt-br\/producto\/passeio-a-cavalo-monte-susana-e-costa-do-canal-de-beagle-duracao-de-2-horas\/","url":"https:\/\/best-tourpatagonia.tur.ar\/pt-br\/producto\/passeio-a-cavalo-monte-susana-e-costa-do-canal-de-beagle-duracao-de-2-horas\/","name":"Passeio a cavalo - Monte Susana e costa do Canal de Beagle - dura\u00e7\u00e3o de 2 horas - Best Tour Patagonia","isPartOf":{"@id":"https:\/\/best-tourpatagonia.tur.ar\/pt-br\/#website"},"primaryImageOfPage":{"@id":"https:\/\/best-tourpatagonia.tur.ar\/pt-br\/producto\/passeio-a-cavalo-monte-susana-e-costa-do-canal-de-beagle-duracao-de-2-horas\/#primaryimage"},"image":{"@id":"https:\/\/best-tourpatagonia.tur.ar\/pt-br\/producto\/passeio-a-cavalo-monte-susana-e-costa-do-canal-de-beagle-duracao-de-2-horas\/#primaryimage"},"thumbnailUrl":"https:\/\/best-tourpatagonia.tur.ar\/wp-content\/uploads\/2023\/10\/BCF5175-1024x684-1.jpg","datePublished":"2023-10-11T18:38:12+00:00","dateModified":"2025-06-12T15:16:07+00:00","breadcrumb":{"@id":"https:\/\/best-tourpatagonia.tur.ar\/pt-br\/producto\/passeio-a-cavalo-monte-susana-e-costa-do-canal-de-beagle-duracao-de-2-horas\/#breadcrumb"},"inLanguage":"pt-BR","potentialAction":[{"@type":"ReadAction","target":["https:\/\/best-tourpatagonia.tur.ar\/pt-br\/producto\/passeio-a-cavalo-monte-susana-e-costa-do-canal-de-beagle-duracao-de-2-horas\/"]}]},{"@type":"ImageObject","inLanguage":"pt-BR","@id":"https:\/\/best-tourpatagonia.tur.ar\/pt-br\/producto\/passeio-a-cavalo-monte-susana-e-costa-do-canal-de-beagle-duracao-de-2-horas\/#primaryimage","url":"https:\/\/best-tourpatagonia.tur.ar\/wp-content\/uploads\/2023\/10\/BCF5175-1024x684-1.jpg","contentUrl":"https:\/\/best-tourpatagonia.tur.ar\/wp-content\/uploads\/2023\/10\/BCF5175-1024x684-1.jpg","width":1024,"height":684},{"@type":"BreadcrumbList","@id":"https:\/\/best-tourpatagonia.tur.ar\/pt-br\/producto\/passeio-a-cavalo-monte-susana-e-costa-do-canal-de-beagle-duracao-de-2-horas\/#breadcrumb","itemListElement":[{"@type":"ListItem","position":1,"name":"Portada","item":"https:\/\/best-tourpatagonia.tur.ar\/pt-br\/aproveite-ushuaia-el-calafate-e-toda-a-patagonia-durante-todo-o-ano\/"},{"@type":"ListItem","position":2,"name":"Loja","item":"https:\/\/best-tourpatagonia.tur.ar\/pt-br\/loja\/"},{"@type":"ListItem","position":3,"name":"Passeio a cavalo &#8211; Monte Susana e costa do Canal de Beagle &#8211; dura\u00e7\u00e3o de 2 horas"}]},{"@type":"WebSite","@id":"https:\/\/best-tourpatagonia.tur.ar\/pt-br\/#website","url":"https:\/\/best-tourpatagonia.tur.ar\/pt-br\/","name":"Best Tour Patagonia","description":"Paquetes y excursiones en la Patagona Argentina","publisher":{"@id":"https:\/\/best-tourpatagonia.tur.ar\/pt-br\/#organization"},"potentialAction":[{"@type":"SearchAction","target":{"@type":"EntryPoint","urlTemplate":"https:\/\/best-tourpatagonia.tur.ar\/pt-br\/?s={search_term_string}"},"query-input":{"@type":"PropertyValueSpecification","valueRequired":true,"valueName":"search_term_string"}}],"inLanguage":"pt-BR"},{"@type":"Organization","@id":"https:\/\/best-tourpatagonia.tur.ar\/pt-br\/#organization","name":"Best Tour Patagonia","url":"https:\/\/best-tourpatagonia.tur.ar\/pt-br\/","logo":{"@type":"ImageObject","inLanguage":"pt-BR","@id":"https:\/\/best-tourpatagonia.tur.ar\/pt-br\/#\/schema\/logo\/image\/","url":"https:\/\/best-tourpatagonia.tur.ar\/wp-content\/uploads\/2023\/05\/cropped-corona-1.png","contentUrl":"https:\/\/best-tourpatagonia.tur.ar\/wp-content\/uploads\/2023\/05\/cropped-corona-1.png","width":128,"height":75,"caption":"Best Tour Patagonia"},"image":{"@id":"https:\/\/best-tourpatagonia.tur.ar\/pt-br\/#\/schema\/logo\/image\/"}}]}},"_links":{"self":[{"href":"https:\/\/best-tourpatagonia.tur.ar\/pt-br\/wp-json\/wp\/v2\/product\/11495","targetHints":{"allow":["GET"]}}],"collection":[{"href":"https:\/\/best-tourpatagonia.tur.ar\/pt-br\/wp-json\/wp\/v2\/product"}],"about":[{"href":"https:\/\/best-tourpatagonia.tur.ar\/pt-br\/wp-json\/wp\/v2\/types\/product"}],"wp:featuredmedia":[{"embeddable":true,"href":"https:\/\/best-tourpatagonia.tur.ar\/pt-br\/wp-json\/wp\/v2\/media\/11595"}],"wp:attachment":[{"href":"https:\/\/best-tourpatagonia.tur.ar\/pt-br\/wp-json\/wp\/v2\/media?parent=11495"}],"wp:term":[{"taxonomy":"product_brand","embeddable":true,"href":"https:\/\/best-tourpatagonia.tur.ar\/pt-br\/wp-json\/wp\/v2\/product_brand?post=11495"},{"taxonomy":"product_cat","embeddable":true,"href":"https:\/\/best-tourpatagonia.tur.ar\/pt-br\/wp-json\/wp\/v2\/product_cat?post=11495"},{"taxonomy":"product_tag","embeddable":true,"href":"https:\/\/best-tourpatagonia.tur.ar\/pt-br\/wp-json\/wp\/v2\/product_tag?post=11495"},{"taxonomy":"destino","embeddable":true,"href":"https:\/\/best-tourpatagonia.tur.ar\/pt-br\/wp-json\/wp\/v2\/destino?post=11495"},{"taxonomy":"pais","embeddable":true,"href":"https:\/\/best-tourpatagonia.tur.ar\/pt-br\/wp-json\/wp\/v2\/pais?post=11495"}],"curies":[{"name":"wp","href":"https:\/\/api.w.org\/{rel}","templated":true}]}}