{"id":11435,"date":"2023-10-12T12:13:18","date_gmt":"2023-10-12T15:13:18","guid":{"rendered":"https:\/\/best-tourpatagonia.tur.ar\/producto\/helitours-sobrevoos-de-helicoptero\/"},"modified":"2023-10-12T12:13:18","modified_gmt":"2023-10-12T15:13:18","slug":"helitours-sobrevoos-de-helicoptero","status":"publish","type":"product","link":"https:\/\/best-tourpatagonia.tur.ar\/pt-br\/producto\/helitours-sobrevoos-de-helicoptero\/","title":{"rendered":"Helitours &#8211; Sobrevoos de helic\u00f3ptero"},"content":{"rendered":"<p>As paisagens da Terra do Fogo s\u00e3o um tesouro de maravilhas naturais. Geleiras suspensas, lagoas de alta montanha e picos de neve eterna enchem seus olhos de imensid\u00e3o. Voc\u00ea pode v\u00ea-los t\u00e3o de perto que quase pode toc\u00e1-los. Atreva-se a viver conosco uma aventura \u00e0 altura dos seus sonhos! Somos um grupo de pilotos experientes da Patag\u00f4nia que gostam da aventura de voar sobre a geografia mais espetacular do mundo e queremos compartilh\u00e1-la com voc\u00ea. Os passeios de helic\u00f3ptero s\u00e3o a alternativa ideal para voc\u00ea apreciar a paisagem acidentada, diversificada e majestosa da Terra do Fogo. Partindo de nosso heliporto localizado na Pen\u00ednsula de Ushuaia, convidamos voc\u00ea a apreciar as vistas de tirar o f\u00f4lego das montanhas, ilhas, lagos, geleiras, praias, fazendas e lugares inacess\u00edveis por outros meios da Terra do Fogo.<\/p>\n<p><strong>Entre em contato conosco para saber mais sobre as seguintes op\u00e7\u00f5es, de acordo com seus gostos e necessidades:<\/strong><\/p>\n<p class=\"cvGsUA direction-ltr align-justify para-style-body\"><span class=\"OYPEnA text-decoration-underline text-strikethrough-none\"><strong>Ushuaia 360\u00ba<\/strong>:<\/span><span class=\"OYPEnA text-strikethrough-none text-decoration-none\">  Dura\u00e7\u00e3o: 7 minutos. &#8211; M\u00ednimo de duas pessoas. <\/span><\/p>\n<p class=\"cvGsUA direction-ltr align-justify para-style-body\"><span class=\"OYPEnA text-decoration-underline text-strikethrough-none\"><strong>Emerald Lagoon<\/strong>:<\/span><span class=\"OYPEnA text-strikethrough-none text-decoration-none\">  Dura\u00e7\u00e3o: 15 minutos. &#8211; M\u00ednimo de duas pessoas. <\/span><\/p>\n<p class=\"cvGsUA direction-ltr align-justify para-style-body\"><span class=\"OYPEnA text-decoration-underline text-strikethrough-none\"><strong>Cora\u00e7\u00e3o dos Andes<\/strong>:<\/span><span class=\"OYPEnA text-strikethrough-none text-decoration-none\">  Dura\u00e7\u00e3o: 40 min. &#8211; 30 min. de sobrevoo.   <\/span><span class=\"OYPEnA text-decoration-none text-strikethrough-none\">M\u00ednimo de duas pessoas. Inclui torradas e desembarque. <\/span><\/p>\n<p class=\"cvGsUA direction-ltr align-justify para-style-body\"><strong><span class=\"OYPEnA text-decoration-underline text-strikethrough-none\">Naufr\u00e1gio do Sarmiento<\/span><\/strong><span class=\"OYPEnA text-strikethrough-none text-decoration-none\">Dura\u00e7\u00e3o: 60 min. &#8211; 45 min. de sobrevoo.   <\/span><span class=\"OYPEnA text-decoration-none text-strikethrough-none\">M\u00ednimo de duas pessoas. Inclui torradas e desembarque. <\/span><\/p>\n<p class=\"cvGsUA direction-ltr align-justify para-style-body\"><span class=\"OYPEnA text-decoration-underline text-strikethrough-none\"><strong>Grandes Lagos<\/strong>: Dura\u00e7\u00e3o:<\/span><span class=\"OYPEnA text-strikethrough-none text-decoration-none\">  90 min. &#8211; 60 min. de sobrevoo.   <\/span><span class=\"OYPEnA text-decoration-none text-strikethrough-none\">M\u00ednimo de duas pessoas. Inclui torradas e pouso. <\/span><\/p>\n<p class=\"cvGsUA direction-ltr align-justify para-style-body\"><span class=\"OYPEnA text-decoration-underline text-strikethrough-none\"><strong>Pen\u00ednsula Mitre<\/strong>:<\/span><span class=\"OYPEnA text-strikethrough-none text-decoration-none\">  Dura\u00e7\u00e3o: 4 hs. &#8211; 3 hs. de sobrevoo.   <\/span><span class=\"OYPEnA text-decoration-none text-strikethrough-none\">M\u00ednimo de duas pessoas. Inclui torradas, pouso <\/span> <span class=\"OYPEnA text-decoration-none text-strikethrough-none\">gastronomia.<\/span><\/p>\n<p class=\"cvGsUA direction-ltr align-justify para-style-body\"><span class=\"OYPEnA text-decoration-underline text-strikethrough-none\"><strong>Heli-skiing-Board<\/strong>:<\/span><span class=\"OYPEnA text-strikethrough-none text-decoration-none\"> Dura\u00e7\u00e3o: sob medida. <\/span><span class=\"OYPEnA text-decoration-none text-strikethrough-none\">M\u00ednimo de duas pessoas.<\/span><\/p>\n<p>&nbsp;<\/p>\n<p><strong>CONSULTE-NOS SOBRE AS TARIFAS ATUAIS<\/strong><\/p>\n<p>&nbsp;<\/p>\n<p>&nbsp;<\/p>\n","protected":false},"excerpt":{"rendered":"<p>As paisagens da Terra do Fogo s\u00e3o um tesouro de maravilhas naturais. Geleiras suspensas, lagoas de alta montanha e picos de neve eterna enchem seus olhos de imensid\u00e3o. Voc\u00ea pode v\u00ea-los t\u00e3o de perto que quase pode toc\u00e1-los. Atreva-se a viver conosco uma aventura \u00e0 altura dos seus sonhos! Somos um grupo de pilotos experientes [&hellip;]<\/p>\n","protected":false},"featured_media":11492,"template":"","meta":[],"product_brand":[],"product_cat":[103],"product_tag":[],"destino":[156],"pais":[164],"class_list":{"0":"post-11435","1":"product","2":"type-product","3":"status-publish","4":"has-post-thumbnail","6":"product_cat-excursiones-pt-br","7":"destino-ushuaia-pt-br","8":"pais-argentina-pt-br","10":"first","11":"instock","12":"virtual","13":"sold-individually","14":"purchasable","15":"product-type-booking"},"booking_location":"","booking_location_type":"","booking_duration":1,"booking_duration_unit":"day","booking_buffer":0,"booking_cost":0,"booking_resources":[],"yoast_head":"<!-- This site is optimized with the Yoast SEO plugin v27.4 - https:\/\/yoast.com\/product\/yoast-seo-wordpress\/ -->\n<title>Helitours - Sobrevoos de helic\u00f3ptero - Best Tour Patagonia<\/title>\n<meta name=\"robots\" content=\"index, follow, max-snippet:-1, max-image-preview:large, max-video-preview:-1\" \/>\n<link rel=\"canonical\" href=\"https:\/\/best-tourpatagonia.tur.ar\/pt-br\/producto\/helitours-sobrevoos-de-helicoptero\/\" \/>\n<meta property=\"og:locale\" content=\"pt_BR\" \/>\n<meta property=\"og:type\" content=\"article\" \/>\n<meta property=\"og:title\" content=\"Helitours - Sobrevoos de helic\u00f3ptero - Best Tour Patagonia\" \/>\n<meta property=\"og:description\" content=\"As paisagens da Terra do Fogo s\u00e3o um tesouro de maravilhas naturais. Geleiras suspensas, lagoas de alta montanha e picos de neve eterna enchem seus olhos de imensid\u00e3o. Voc\u00ea pode v\u00ea-los t\u00e3o de perto que quase pode toc\u00e1-los. Atreva-se a viver conosco uma aventura \u00e0 altura dos seus sonhos! Somos um grupo de pilotos experientes [&hellip;]\" \/>\n<meta property=\"og:url\" content=\"https:\/\/best-tourpatagonia.tur.ar\/pt-br\/producto\/helitours-sobrevoos-de-helicoptero\/\" \/>\n<meta property=\"og:site_name\" content=\"Best Tour Patagonia\" \/>\n<meta property=\"og:image\" content=\"https:\/\/best-tourpatagonia.tur.ar\/wp-content\/uploads\/2023\/10\/Aterrizaje-en-Los-Andes-Sobrevuelo-30-minutos-2.jpg\" \/>\n\t<meta property=\"og:image:width\" content=\"2560\" \/>\n\t<meta property=\"og:image:height\" content=\"1440\" \/>\n\t<meta property=\"og:image:type\" content=\"image\/jpeg\" \/>\n<meta name=\"twitter:card\" content=\"summary_large_image\" \/>\n<meta name=\"twitter:label1\" content=\"Est. tempo de leitura\" \/>\n\t<meta name=\"twitter:data1\" content=\"1 minuto\" \/>\n<script type=\"application\/ld+json\" class=\"yoast-schema-graph\">{\"@context\":\"https:\\\/\\\/schema.org\",\"@graph\":[{\"@type\":\"WebPage\",\"@id\":\"https:\\\/\\\/best-tourpatagonia.tur.ar\\\/pt-br\\\/producto\\\/helitours-sobrevoos-de-helicoptero\\\/\",\"url\":\"https:\\\/\\\/best-tourpatagonia.tur.ar\\\/pt-br\\\/producto\\\/helitours-sobrevoos-de-helicoptero\\\/\",\"name\":\"Helitours - Sobrevoos de helic\u00f3ptero - Best Tour Patagonia\",\"isPartOf\":{\"@id\":\"https:\\\/\\\/best-tourpatagonia.tur.ar\\\/pt-br\\\/#website\"},\"primaryImageOfPage\":{\"@id\":\"https:\\\/\\\/best-tourpatagonia.tur.ar\\\/pt-br\\\/producto\\\/helitours-sobrevoos-de-helicoptero\\\/#primaryimage\"},\"image\":{\"@id\":\"https:\\\/\\\/best-tourpatagonia.tur.ar\\\/pt-br\\\/producto\\\/helitours-sobrevoos-de-helicoptero\\\/#primaryimage\"},\"thumbnailUrl\":\"https:\\\/\\\/best-tourpatagonia.tur.ar\\\/wp-content\\\/uploads\\\/2023\\\/10\\\/Aterrizaje-en-Los-Andes-Sobrevuelo-30-minutos-2.jpg\",\"datePublished\":\"2023-10-12T15:13:18+00:00\",\"breadcrumb\":{\"@id\":\"https:\\\/\\\/best-tourpatagonia.tur.ar\\\/pt-br\\\/producto\\\/helitours-sobrevoos-de-helicoptero\\\/#breadcrumb\"},\"inLanguage\":\"pt-BR\",\"potentialAction\":[{\"@type\":\"ReadAction\",\"target\":[\"https:\\\/\\\/best-tourpatagonia.tur.ar\\\/pt-br\\\/producto\\\/helitours-sobrevoos-de-helicoptero\\\/\"]}]},{\"@type\":\"ImageObject\",\"inLanguage\":\"pt-BR\",\"@id\":\"https:\\\/\\\/best-tourpatagonia.tur.ar\\\/pt-br\\\/producto\\\/helitours-sobrevoos-de-helicoptero\\\/#primaryimage\",\"url\":\"https:\\\/\\\/best-tourpatagonia.tur.ar\\\/wp-content\\\/uploads\\\/2023\\\/10\\\/Aterrizaje-en-Los-Andes-Sobrevuelo-30-minutos-2.jpg\",\"contentUrl\":\"https:\\\/\\\/best-tourpatagonia.tur.ar\\\/wp-content\\\/uploads\\\/2023\\\/10\\\/Aterrizaje-en-Los-Andes-Sobrevuelo-30-minutos-2.jpg\",\"width\":2560,\"height\":1440},{\"@type\":\"BreadcrumbList\",\"@id\":\"https:\\\/\\\/best-tourpatagonia.tur.ar\\\/pt-br\\\/producto\\\/helitours-sobrevoos-de-helicoptero\\\/#breadcrumb\",\"itemListElement\":[{\"@type\":\"ListItem\",\"position\":1,\"name\":\"Portada\",\"item\":\"https:\\\/\\\/best-tourpatagonia.tur.ar\\\/pt-br\\\/aproveite-ushuaia-el-calafate-e-toda-a-patagonia-durante-todo-o-ano\\\/\"},{\"@type\":\"ListItem\",\"position\":2,\"name\":\"Loja\",\"item\":\"https:\\\/\\\/best-tourpatagonia.tur.ar\\\/pt-br\\\/loja\\\/\"},{\"@type\":\"ListItem\",\"position\":3,\"name\":\"Helitours &#8211; Sobrevoos de helic\u00f3ptero\"}]},{\"@type\":\"WebSite\",\"@id\":\"https:\\\/\\\/best-tourpatagonia.tur.ar\\\/pt-br\\\/#website\",\"url\":\"https:\\\/\\\/best-tourpatagonia.tur.ar\\\/pt-br\\\/\",\"name\":\"Best Tour Patagonia\",\"description\":\"Paquetes y excursiones en la Patagona Argentina\",\"publisher\":{\"@id\":\"https:\\\/\\\/best-tourpatagonia.tur.ar\\\/pt-br\\\/#organization\"},\"potentialAction\":[{\"@type\":\"SearchAction\",\"target\":{\"@type\":\"EntryPoint\",\"urlTemplate\":\"https:\\\/\\\/best-tourpatagonia.tur.ar\\\/pt-br\\\/?s={search_term_string}\"},\"query-input\":{\"@type\":\"PropertyValueSpecification\",\"valueRequired\":true,\"valueName\":\"search_term_string\"}}],\"inLanguage\":\"pt-BR\"},{\"@type\":\"Organization\",\"@id\":\"https:\\\/\\\/best-tourpatagonia.tur.ar\\\/pt-br\\\/#organization\",\"name\":\"Best Tour Patagonia\",\"url\":\"https:\\\/\\\/best-tourpatagonia.tur.ar\\\/pt-br\\\/\",\"logo\":{\"@type\":\"ImageObject\",\"inLanguage\":\"pt-BR\",\"@id\":\"https:\\\/\\\/best-tourpatagonia.tur.ar\\\/pt-br\\\/#\\\/schema\\\/logo\\\/image\\\/\",\"url\":\"https:\\\/\\\/best-tourpatagonia.tur.ar\\\/wp-content\\\/uploads\\\/2023\\\/05\\\/cropped-corona-1.png\",\"contentUrl\":\"https:\\\/\\\/best-tourpatagonia.tur.ar\\\/wp-content\\\/uploads\\\/2023\\\/05\\\/cropped-corona-1.png\",\"width\":128,\"height\":75,\"caption\":\"Best Tour Patagonia\"},\"image\":{\"@id\":\"https:\\\/\\\/best-tourpatagonia.tur.ar\\\/pt-br\\\/#\\\/schema\\\/logo\\\/image\\\/\"}}]}<\/script>\n<!-- \/ Yoast SEO plugin. -->","yoast_head_json":{"title":"Helitours - Sobrevoos de helic\u00f3ptero - Best Tour Patagonia","robots":{"index":"index","follow":"follow","max-snippet":"max-snippet:-1","max-image-preview":"max-image-preview:large","max-video-preview":"max-video-preview:-1"},"canonical":"https:\/\/best-tourpatagonia.tur.ar\/pt-br\/producto\/helitours-sobrevoos-de-helicoptero\/","og_locale":"pt_BR","og_type":"article","og_title":"Helitours - Sobrevoos de helic\u00f3ptero - Best Tour Patagonia","og_description":"As paisagens da Terra do Fogo s\u00e3o um tesouro de maravilhas naturais. Geleiras suspensas, lagoas de alta montanha e picos de neve eterna enchem seus olhos de imensid\u00e3o. Voc\u00ea pode v\u00ea-los t\u00e3o de perto que quase pode toc\u00e1-los. Atreva-se a viver conosco uma aventura \u00e0 altura dos seus sonhos! Somos um grupo de pilotos experientes [&hellip;]","og_url":"https:\/\/best-tourpatagonia.tur.ar\/pt-br\/producto\/helitours-sobrevoos-de-helicoptero\/","og_site_name":"Best Tour Patagonia","og_image":[{"width":2560,"height":1440,"url":"https:\/\/best-tourpatagonia.tur.ar\/wp-content\/uploads\/2023\/10\/Aterrizaje-en-Los-Andes-Sobrevuelo-30-minutos-2.jpg","type":"image\/jpeg"}],"twitter_card":"summary_large_image","twitter_misc":{"Est. tempo de leitura":"1 minuto"},"schema":{"@context":"https:\/\/schema.org","@graph":[{"@type":"WebPage","@id":"https:\/\/best-tourpatagonia.tur.ar\/pt-br\/producto\/helitours-sobrevoos-de-helicoptero\/","url":"https:\/\/best-tourpatagonia.tur.ar\/pt-br\/producto\/helitours-sobrevoos-de-helicoptero\/","name":"Helitours - Sobrevoos de helic\u00f3ptero - Best Tour Patagonia","isPartOf":{"@id":"https:\/\/best-tourpatagonia.tur.ar\/pt-br\/#website"},"primaryImageOfPage":{"@id":"https:\/\/best-tourpatagonia.tur.ar\/pt-br\/producto\/helitours-sobrevoos-de-helicoptero\/#primaryimage"},"image":{"@id":"https:\/\/best-tourpatagonia.tur.ar\/pt-br\/producto\/helitours-sobrevoos-de-helicoptero\/#primaryimage"},"thumbnailUrl":"https:\/\/best-tourpatagonia.tur.ar\/wp-content\/uploads\/2023\/10\/Aterrizaje-en-Los-Andes-Sobrevuelo-30-minutos-2.jpg","datePublished":"2023-10-12T15:13:18+00:00","breadcrumb":{"@id":"https:\/\/best-tourpatagonia.tur.ar\/pt-br\/producto\/helitours-sobrevoos-de-helicoptero\/#breadcrumb"},"inLanguage":"pt-BR","potentialAction":[{"@type":"ReadAction","target":["https:\/\/best-tourpatagonia.tur.ar\/pt-br\/producto\/helitours-sobrevoos-de-helicoptero\/"]}]},{"@type":"ImageObject","inLanguage":"pt-BR","@id":"https:\/\/best-tourpatagonia.tur.ar\/pt-br\/producto\/helitours-sobrevoos-de-helicoptero\/#primaryimage","url":"https:\/\/best-tourpatagonia.tur.ar\/wp-content\/uploads\/2023\/10\/Aterrizaje-en-Los-Andes-Sobrevuelo-30-minutos-2.jpg","contentUrl":"https:\/\/best-tourpatagonia.tur.ar\/wp-content\/uploads\/2023\/10\/Aterrizaje-en-Los-Andes-Sobrevuelo-30-minutos-2.jpg","width":2560,"height":1440},{"@type":"BreadcrumbList","@id":"https:\/\/best-tourpatagonia.tur.ar\/pt-br\/producto\/helitours-sobrevoos-de-helicoptero\/#breadcrumb","itemListElement":[{"@type":"ListItem","position":1,"name":"Portada","item":"https:\/\/best-tourpatagonia.tur.ar\/pt-br\/aproveite-ushuaia-el-calafate-e-toda-a-patagonia-durante-todo-o-ano\/"},{"@type":"ListItem","position":2,"name":"Loja","item":"https:\/\/best-tourpatagonia.tur.ar\/pt-br\/loja\/"},{"@type":"ListItem","position":3,"name":"Helitours &#8211; Sobrevoos de helic\u00f3ptero"}]},{"@type":"WebSite","@id":"https:\/\/best-tourpatagonia.tur.ar\/pt-br\/#website","url":"https:\/\/best-tourpatagonia.tur.ar\/pt-br\/","name":"Best Tour Patagonia","description":"Paquetes y excursiones en la Patagona Argentina","publisher":{"@id":"https:\/\/best-tourpatagonia.tur.ar\/pt-br\/#organization"},"potentialAction":[{"@type":"SearchAction","target":{"@type":"EntryPoint","urlTemplate":"https:\/\/best-tourpatagonia.tur.ar\/pt-br\/?s={search_term_string}"},"query-input":{"@type":"PropertyValueSpecification","valueRequired":true,"valueName":"search_term_string"}}],"inLanguage":"pt-BR"},{"@type":"Organization","@id":"https:\/\/best-tourpatagonia.tur.ar\/pt-br\/#organization","name":"Best Tour Patagonia","url":"https:\/\/best-tourpatagonia.tur.ar\/pt-br\/","logo":{"@type":"ImageObject","inLanguage":"pt-BR","@id":"https:\/\/best-tourpatagonia.tur.ar\/pt-br\/#\/schema\/logo\/image\/","url":"https:\/\/best-tourpatagonia.tur.ar\/wp-content\/uploads\/2023\/05\/cropped-corona-1.png","contentUrl":"https:\/\/best-tourpatagonia.tur.ar\/wp-content\/uploads\/2023\/05\/cropped-corona-1.png","width":128,"height":75,"caption":"Best Tour Patagonia"},"image":{"@id":"https:\/\/best-tourpatagonia.tur.ar\/pt-br\/#\/schema\/logo\/image\/"}}]}},"_links":{"self":[{"href":"https:\/\/best-tourpatagonia.tur.ar\/pt-br\/wp-json\/wp\/v2\/product\/11435","targetHints":{"allow":["GET"]}}],"collection":[{"href":"https:\/\/best-tourpatagonia.tur.ar\/pt-br\/wp-json\/wp\/v2\/product"}],"about":[{"href":"https:\/\/best-tourpatagonia.tur.ar\/pt-br\/wp-json\/wp\/v2\/types\/product"}],"wp:featuredmedia":[{"embeddable":true,"href":"https:\/\/best-tourpatagonia.tur.ar\/pt-br\/wp-json\/wp\/v2\/media\/11492"}],"wp:attachment":[{"href":"https:\/\/best-tourpatagonia.tur.ar\/pt-br\/wp-json\/wp\/v2\/media?parent=11435"}],"wp:term":[{"taxonomy":"product_brand","embeddable":true,"href":"https:\/\/best-tourpatagonia.tur.ar\/pt-br\/wp-json\/wp\/v2\/product_brand?post=11435"},{"taxonomy":"product_cat","embeddable":true,"href":"https:\/\/best-tourpatagonia.tur.ar\/pt-br\/wp-json\/wp\/v2\/product_cat?post=11435"},{"taxonomy":"product_tag","embeddable":true,"href":"https:\/\/best-tourpatagonia.tur.ar\/pt-br\/wp-json\/wp\/v2\/product_tag?post=11435"},{"taxonomy":"destino","embeddable":true,"href":"https:\/\/best-tourpatagonia.tur.ar\/pt-br\/wp-json\/wp\/v2\/destino?post=11435"},{"taxonomy":"pais","embeddable":true,"href":"https:\/\/best-tourpatagonia.tur.ar\/pt-br\/wp-json\/wp\/v2\/pais?post=11435"}],"curies":[{"name":"wp","href":"https:\/\/api.w.org\/{rel}","templated":true}]}}