{"id":11432,"date":"2023-10-19T13:57:15","date_gmt":"2023-10-19T16:57:15","guid":{"rendered":"https:\/\/best-tourpatagonia.tur.ar\/producto\/blue-safari-glaciar-perito-moreno\/"},"modified":"2025-06-12T12:16:32","modified_gmt":"2025-06-12T15:16:32","slug":"blue-safari-glaciar-perito-moreno","status":"publish","type":"product","link":"https:\/\/best-tourpatagonia.tur.ar\/pt-br\/producto\/blue-safari-glaciar-perito-moreno\/","title":{"rendered":"Blue Safari &#8211; Glaciar Perito Moreno"},"content":{"rendered":"<p><strong>O Blue Safari<\/strong> foi projetado para aqueles que, al\u00e9m de navegar em frente \u00e0 geleira Perito Moreno, <strong>sonham em chegar perto do gelo da geleira!<\/strong><\/p>\n<p>A excurs\u00e3o come\u00e7a em El Calafate, quando o \u00f4nibus parte para o <strong>Parque Nacional Los Glaciares.<\/strong> Uma vez em Puerto Bajo de las Sombras, a apenas 7 km das passarelas, pegaremos um barco para cruzar o Lago Rico e, depois de navegar por 20 minutos, desembarcaremos na margem oposta.<\/p>\n<p>Pouco a pouco <strong>, caminharemos por 30 minutos<\/strong>, sempre com vista para a parede sul da geleira, para o caso de sermos surpreendidos por um desprendimento estrondoso. <strong>Quando estivermos pr\u00f3ximos ao gelo, ser\u00e1 hora de uma experi\u00eancia inesquec\u00edvel..<\/strong>. Poderemos desfrutar plenamente de seus intensos e variados azuis, brancos e formas caprichosas.<\/p>\n<p>Teremos tempo para tirar muitas fotos e depois retornaremos ao ponto de embarque acompanhados por um guia experiente. <strong>A caminhada total leva <\/strong>cerca de <strong>uma hora e meia <\/strong>em um terreno natural de areia e pedras com alguns declives e escadas. A caminhada, de um quil\u00f4metro e meio, ser\u00e1 feita ao longo da margem do lago e por uma floresta exuberante com vista para a geleira. <\/p>\n<p>Por fim, <strong>pegaremos o barco para apreciar da \u00e1gua<\/strong> e, a poucos metros de dist\u00e2ncia, toda a face sul da geleira e poder ver cada detalhe da parede de gelo marmorizada.<\/p>\n<p>Uma vez no porto, se voc\u00ea tiver contratado o servi\u00e7o de traslado, <strong>pegaremos o \u00f4nibus para as passarelas<\/strong>, onde teremos 2 horas para apreciar a incr\u00edvel vista panor\u00e2mica. Caso tenha sido transferido por seus pr\u00f3prios meios, voc\u00ea ter\u00e1 liberdade para escolher o hor\u00e1rio para visitar as passarelas. Voc\u00ea tamb\u00e9m pode aproveitar esse tempo para comer o almo\u00e7o que ter\u00e1 de trazer de El Calafate.  <\/p>\n<p>Chegaremos a El Calafate depois de atravessar a estepe patag\u00f4nica, com a alma carregada pela energia natural dessa geleira \u00fanica.  <strong>Estamos ansiosos para receber voc\u00ea!<\/strong><\/p>\n<p><strong>O Blue Safari \u00e9 realizado em um ambiente natural, portanto, as condi\u00e7\u00f5es clim\u00e1ticas e as caracter\u00edsticas da geleira e seus arredores mudam diariamente. No entanto, a excurs\u00e3o n\u00e3o ser\u00e1 suspensa, desde que as condi\u00e7\u00f5es de seguran\u00e7a o permitam. Esperamos voc\u00ea!  <\/strong><\/p>\n<p class=\"cvGsUA direction-ltr align-justify para-style-body\"><span class=\"OYPEnA text-decoration-none text-strikethrough-none\">N\u00e3o inclu\u00eddo: Taxa de entrada no Parque Nacional e almo\u00e7o.<\/span><\/p>\n","protected":false},"excerpt":{"rendered":"<p>O Blue Safari foi projetado para aqueles que, al\u00e9m de navegar em frente \u00e0 geleira Perito Moreno, sonham em chegar perto do gelo da geleira! A excurs\u00e3o come\u00e7a em El Calafate, quando o \u00f4nibus parte para o Parque Nacional Los Glaciares. Uma vez em Puerto Bajo de las Sombras, a apenas 7 km das passarelas, [&hellip;]<\/p>\n","protected":false},"featured_media":11484,"template":"","meta":[],"product_brand":[],"product_cat":[103],"product_tag":[],"destino":[157],"pais":[164],"class_list":{"0":"post-11432","1":"product","2":"type-product","3":"status-publish","4":"has-post-thumbnail","6":"product_cat-excursiones-pt-br","7":"destino-el-calafate-pt-br","8":"pais-argentina-pt-br","10":"first","11":"instock","12":"virtual","13":"sold-individually","14":"purchasable","15":"product-type-booking"},"booking_location":"","booking_location_type":"","booking_duration":1,"booking_duration_unit":"day","booking_buffer":0,"booking_cost":0,"booking_resources":[],"yoast_head":"<!-- This site is optimized with the Yoast SEO plugin v27.4 - https:\/\/yoast.com\/product\/yoast-seo-wordpress\/ -->\n<title>Blue Safari - Glaciar Perito Moreno - Best Tour Patagonia<\/title>\n<meta name=\"robots\" content=\"index, follow, max-snippet:-1, max-image-preview:large, max-video-preview:-1\" \/>\n<link rel=\"canonical\" href=\"https:\/\/best-tourpatagonia.tur.ar\/pt-br\/producto\/blue-safari-glaciar-perito-moreno\/\" \/>\n<meta property=\"og:locale\" content=\"pt_BR\" \/>\n<meta property=\"og:type\" content=\"article\" \/>\n<meta property=\"og:title\" content=\"Blue Safari - Glaciar Perito Moreno - Best Tour Patagonia\" \/>\n<meta property=\"og:description\" content=\"O Blue Safari foi projetado para aqueles que, al\u00e9m de navegar em frente \u00e0 geleira Perito Moreno, sonham em chegar perto do gelo da geleira! A excurs\u00e3o come\u00e7a em El Calafate, quando o \u00f4nibus parte para o Parque Nacional Los Glaciares. Uma vez em Puerto Bajo de las Sombras, a apenas 7 km das passarelas, [&hellip;]\" \/>\n<meta property=\"og:url\" content=\"https:\/\/best-tourpatagonia.tur.ar\/pt-br\/producto\/blue-safari-glaciar-perito-moreno\/\" \/>\n<meta property=\"og:site_name\" content=\"Best Tour Patagonia\" \/>\n<meta property=\"article:modified_time\" content=\"2025-06-12T15:16:32+00:00\" \/>\n<meta property=\"og:image\" content=\"https:\/\/best-tourpatagonia.tur.ar\/wp-content\/uploads\/2023\/10\/safari-azul0_4-1024x683.jpg\" \/>\n\t<meta property=\"og:image:width\" content=\"1024\" \/>\n\t<meta property=\"og:image:height\" content=\"683\" \/>\n\t<meta property=\"og:image:type\" content=\"image\/jpeg\" \/>\n<meta name=\"twitter:card\" content=\"summary_large_image\" \/>\n<meta name=\"twitter:label1\" content=\"Est. tempo de leitura\" \/>\n\t<meta name=\"twitter:data1\" content=\"2 minutos\" \/>\n<script type=\"application\/ld+json\" class=\"yoast-schema-graph\">{\"@context\":\"https:\\\/\\\/schema.org\",\"@graph\":[{\"@type\":\"WebPage\",\"@id\":\"https:\\\/\\\/best-tourpatagonia.tur.ar\\\/pt-br\\\/producto\\\/blue-safari-glaciar-perito-moreno\\\/\",\"url\":\"https:\\\/\\\/best-tourpatagonia.tur.ar\\\/pt-br\\\/producto\\\/blue-safari-glaciar-perito-moreno\\\/\",\"name\":\"Blue Safari - Glaciar Perito Moreno - Best Tour Patagonia\",\"isPartOf\":{\"@id\":\"https:\\\/\\\/best-tourpatagonia.tur.ar\\\/pt-br\\\/#website\"},\"primaryImageOfPage\":{\"@id\":\"https:\\\/\\\/best-tourpatagonia.tur.ar\\\/pt-br\\\/producto\\\/blue-safari-glaciar-perito-moreno\\\/#primaryimage\"},\"image\":{\"@id\":\"https:\\\/\\\/best-tourpatagonia.tur.ar\\\/pt-br\\\/producto\\\/blue-safari-glaciar-perito-moreno\\\/#primaryimage\"},\"thumbnailUrl\":\"https:\\\/\\\/best-tourpatagonia.tur.ar\\\/wp-content\\\/uploads\\\/2023\\\/10\\\/safari-azul0_4.jpg\",\"datePublished\":\"2023-10-19T16:57:15+00:00\",\"dateModified\":\"2025-06-12T15:16:32+00:00\",\"breadcrumb\":{\"@id\":\"https:\\\/\\\/best-tourpatagonia.tur.ar\\\/pt-br\\\/producto\\\/blue-safari-glaciar-perito-moreno\\\/#breadcrumb\"},\"inLanguage\":\"pt-BR\",\"potentialAction\":[{\"@type\":\"ReadAction\",\"target\":[\"https:\\\/\\\/best-tourpatagonia.tur.ar\\\/pt-br\\\/producto\\\/blue-safari-glaciar-perito-moreno\\\/\"]}]},{\"@type\":\"ImageObject\",\"inLanguage\":\"pt-BR\",\"@id\":\"https:\\\/\\\/best-tourpatagonia.tur.ar\\\/pt-br\\\/producto\\\/blue-safari-glaciar-perito-moreno\\\/#primaryimage\",\"url\":\"https:\\\/\\\/best-tourpatagonia.tur.ar\\\/wp-content\\\/uploads\\\/2023\\\/10\\\/safari-azul0_4.jpg\",\"contentUrl\":\"https:\\\/\\\/best-tourpatagonia.tur.ar\\\/wp-content\\\/uploads\\\/2023\\\/10\\\/safari-azul0_4.jpg\",\"width\":1920,\"height\":1280},{\"@type\":\"BreadcrumbList\",\"@id\":\"https:\\\/\\\/best-tourpatagonia.tur.ar\\\/pt-br\\\/producto\\\/blue-safari-glaciar-perito-moreno\\\/#breadcrumb\",\"itemListElement\":[{\"@type\":\"ListItem\",\"position\":1,\"name\":\"Portada\",\"item\":\"https:\\\/\\\/best-tourpatagonia.tur.ar\\\/pt-br\\\/aproveite-ushuaia-el-calafate-e-toda-a-patagonia-durante-todo-o-ano\\\/\"},{\"@type\":\"ListItem\",\"position\":2,\"name\":\"Loja\",\"item\":\"https:\\\/\\\/best-tourpatagonia.tur.ar\\\/pt-br\\\/loja\\\/\"},{\"@type\":\"ListItem\",\"position\":3,\"name\":\"Blue Safari &#8211; Glaciar Perito Moreno\"}]},{\"@type\":\"WebSite\",\"@id\":\"https:\\\/\\\/best-tourpatagonia.tur.ar\\\/pt-br\\\/#website\",\"url\":\"https:\\\/\\\/best-tourpatagonia.tur.ar\\\/pt-br\\\/\",\"name\":\"Best Tour Patagonia\",\"description\":\"Paquetes y excursiones en la Patagona Argentina\",\"publisher\":{\"@id\":\"https:\\\/\\\/best-tourpatagonia.tur.ar\\\/pt-br\\\/#organization\"},\"potentialAction\":[{\"@type\":\"SearchAction\",\"target\":{\"@type\":\"EntryPoint\",\"urlTemplate\":\"https:\\\/\\\/best-tourpatagonia.tur.ar\\\/pt-br\\\/?s={search_term_string}\"},\"query-input\":{\"@type\":\"PropertyValueSpecification\",\"valueRequired\":true,\"valueName\":\"search_term_string\"}}],\"inLanguage\":\"pt-BR\"},{\"@type\":\"Organization\",\"@id\":\"https:\\\/\\\/best-tourpatagonia.tur.ar\\\/pt-br\\\/#organization\",\"name\":\"Best Tour Patagonia\",\"url\":\"https:\\\/\\\/best-tourpatagonia.tur.ar\\\/pt-br\\\/\",\"logo\":{\"@type\":\"ImageObject\",\"inLanguage\":\"pt-BR\",\"@id\":\"https:\\\/\\\/best-tourpatagonia.tur.ar\\\/pt-br\\\/#\\\/schema\\\/logo\\\/image\\\/\",\"url\":\"https:\\\/\\\/best-tourpatagonia.tur.ar\\\/wp-content\\\/uploads\\\/2023\\\/05\\\/cropped-corona-1.png\",\"contentUrl\":\"https:\\\/\\\/best-tourpatagonia.tur.ar\\\/wp-content\\\/uploads\\\/2023\\\/05\\\/cropped-corona-1.png\",\"width\":128,\"height\":75,\"caption\":\"Best Tour Patagonia\"},\"image\":{\"@id\":\"https:\\\/\\\/best-tourpatagonia.tur.ar\\\/pt-br\\\/#\\\/schema\\\/logo\\\/image\\\/\"}}]}<\/script>\n<!-- \/ Yoast SEO plugin. -->","yoast_head_json":{"title":"Blue Safari - Glaciar Perito Moreno - Best Tour Patagonia","robots":{"index":"index","follow":"follow","max-snippet":"max-snippet:-1","max-image-preview":"max-image-preview:large","max-video-preview":"max-video-preview:-1"},"canonical":"https:\/\/best-tourpatagonia.tur.ar\/pt-br\/producto\/blue-safari-glaciar-perito-moreno\/","og_locale":"pt_BR","og_type":"article","og_title":"Blue Safari - Glaciar Perito Moreno - Best Tour Patagonia","og_description":"O Blue Safari foi projetado para aqueles que, al\u00e9m de navegar em frente \u00e0 geleira Perito Moreno, sonham em chegar perto do gelo da geleira! A excurs\u00e3o come\u00e7a em El Calafate, quando o \u00f4nibus parte para o Parque Nacional Los Glaciares. Uma vez em Puerto Bajo de las Sombras, a apenas 7 km das passarelas, [&hellip;]","og_url":"https:\/\/best-tourpatagonia.tur.ar\/pt-br\/producto\/blue-safari-glaciar-perito-moreno\/","og_site_name":"Best Tour Patagonia","article_modified_time":"2025-06-12T15:16:32+00:00","og_image":[{"width":1024,"height":683,"url":"https:\/\/best-tourpatagonia.tur.ar\/wp-content\/uploads\/2023\/10\/safari-azul0_4-1024x683.jpg","type":"image\/jpeg"}],"twitter_card":"summary_large_image","twitter_misc":{"Est. tempo de leitura":"2 minutos"},"schema":{"@context":"https:\/\/schema.org","@graph":[{"@type":"WebPage","@id":"https:\/\/best-tourpatagonia.tur.ar\/pt-br\/producto\/blue-safari-glaciar-perito-moreno\/","url":"https:\/\/best-tourpatagonia.tur.ar\/pt-br\/producto\/blue-safari-glaciar-perito-moreno\/","name":"Blue Safari - Glaciar Perito Moreno - Best Tour Patagonia","isPartOf":{"@id":"https:\/\/best-tourpatagonia.tur.ar\/pt-br\/#website"},"primaryImageOfPage":{"@id":"https:\/\/best-tourpatagonia.tur.ar\/pt-br\/producto\/blue-safari-glaciar-perito-moreno\/#primaryimage"},"image":{"@id":"https:\/\/best-tourpatagonia.tur.ar\/pt-br\/producto\/blue-safari-glaciar-perito-moreno\/#primaryimage"},"thumbnailUrl":"https:\/\/best-tourpatagonia.tur.ar\/wp-content\/uploads\/2023\/10\/safari-azul0_4.jpg","datePublished":"2023-10-19T16:57:15+00:00","dateModified":"2025-06-12T15:16:32+00:00","breadcrumb":{"@id":"https:\/\/best-tourpatagonia.tur.ar\/pt-br\/producto\/blue-safari-glaciar-perito-moreno\/#breadcrumb"},"inLanguage":"pt-BR","potentialAction":[{"@type":"ReadAction","target":["https:\/\/best-tourpatagonia.tur.ar\/pt-br\/producto\/blue-safari-glaciar-perito-moreno\/"]}]},{"@type":"ImageObject","inLanguage":"pt-BR","@id":"https:\/\/best-tourpatagonia.tur.ar\/pt-br\/producto\/blue-safari-glaciar-perito-moreno\/#primaryimage","url":"https:\/\/best-tourpatagonia.tur.ar\/wp-content\/uploads\/2023\/10\/safari-azul0_4.jpg","contentUrl":"https:\/\/best-tourpatagonia.tur.ar\/wp-content\/uploads\/2023\/10\/safari-azul0_4.jpg","width":1920,"height":1280},{"@type":"BreadcrumbList","@id":"https:\/\/best-tourpatagonia.tur.ar\/pt-br\/producto\/blue-safari-glaciar-perito-moreno\/#breadcrumb","itemListElement":[{"@type":"ListItem","position":1,"name":"Portada","item":"https:\/\/best-tourpatagonia.tur.ar\/pt-br\/aproveite-ushuaia-el-calafate-e-toda-a-patagonia-durante-todo-o-ano\/"},{"@type":"ListItem","position":2,"name":"Loja","item":"https:\/\/best-tourpatagonia.tur.ar\/pt-br\/loja\/"},{"@type":"ListItem","position":3,"name":"Blue Safari &#8211; Glaciar Perito Moreno"}]},{"@type":"WebSite","@id":"https:\/\/best-tourpatagonia.tur.ar\/pt-br\/#website","url":"https:\/\/best-tourpatagonia.tur.ar\/pt-br\/","name":"Best Tour Patagonia","description":"Paquetes y excursiones en la Patagona Argentina","publisher":{"@id":"https:\/\/best-tourpatagonia.tur.ar\/pt-br\/#organization"},"potentialAction":[{"@type":"SearchAction","target":{"@type":"EntryPoint","urlTemplate":"https:\/\/best-tourpatagonia.tur.ar\/pt-br\/?s={search_term_string}"},"query-input":{"@type":"PropertyValueSpecification","valueRequired":true,"valueName":"search_term_string"}}],"inLanguage":"pt-BR"},{"@type":"Organization","@id":"https:\/\/best-tourpatagonia.tur.ar\/pt-br\/#organization","name":"Best Tour Patagonia","url":"https:\/\/best-tourpatagonia.tur.ar\/pt-br\/","logo":{"@type":"ImageObject","inLanguage":"pt-BR","@id":"https:\/\/best-tourpatagonia.tur.ar\/pt-br\/#\/schema\/logo\/image\/","url":"https:\/\/best-tourpatagonia.tur.ar\/wp-content\/uploads\/2023\/05\/cropped-corona-1.png","contentUrl":"https:\/\/best-tourpatagonia.tur.ar\/wp-content\/uploads\/2023\/05\/cropped-corona-1.png","width":128,"height":75,"caption":"Best Tour Patagonia"},"image":{"@id":"https:\/\/best-tourpatagonia.tur.ar\/pt-br\/#\/schema\/logo\/image\/"}}]}},"_links":{"self":[{"href":"https:\/\/best-tourpatagonia.tur.ar\/pt-br\/wp-json\/wp\/v2\/product\/11432","targetHints":{"allow":["GET"]}}],"collection":[{"href":"https:\/\/best-tourpatagonia.tur.ar\/pt-br\/wp-json\/wp\/v2\/product"}],"about":[{"href":"https:\/\/best-tourpatagonia.tur.ar\/pt-br\/wp-json\/wp\/v2\/types\/product"}],"wp:featuredmedia":[{"embeddable":true,"href":"https:\/\/best-tourpatagonia.tur.ar\/pt-br\/wp-json\/wp\/v2\/media\/11484"}],"wp:attachment":[{"href":"https:\/\/best-tourpatagonia.tur.ar\/pt-br\/wp-json\/wp\/v2\/media?parent=11432"}],"wp:term":[{"taxonomy":"product_brand","embeddable":true,"href":"https:\/\/best-tourpatagonia.tur.ar\/pt-br\/wp-json\/wp\/v2\/product_brand?post=11432"},{"taxonomy":"product_cat","embeddable":true,"href":"https:\/\/best-tourpatagonia.tur.ar\/pt-br\/wp-json\/wp\/v2\/product_cat?post=11432"},{"taxonomy":"product_tag","embeddable":true,"href":"https:\/\/best-tourpatagonia.tur.ar\/pt-br\/wp-json\/wp\/v2\/product_tag?post=11432"},{"taxonomy":"destino","embeddable":true,"href":"https:\/\/best-tourpatagonia.tur.ar\/pt-br\/wp-json\/wp\/v2\/destino?post=11432"},{"taxonomy":"pais","embeddable":true,"href":"https:\/\/best-tourpatagonia.tur.ar\/pt-br\/wp-json\/wp\/v2\/pais?post=11432"}],"curies":[{"name":"wp","href":"https:\/\/api.w.org\/{rel}","templated":true}]}}