{"id":11417,"date":"2023-10-17T14:48:43","date_gmt":"2023-10-17T17:48:43","guid":{"rendered":"https:\/\/best-tourpatagonia.tur.ar\/producto\/minitrekking-glaciar-perito-moreno\/"},"modified":"2025-06-12T12:16:30","modified_gmt":"2025-06-12T15:16:30","slug":"minitrekking-glaciar-perito-moreno","status":"publish","type":"product","link":"https:\/\/best-tourpatagonia.tur.ar\/pt-br\/producto\/minitrekking-glaciar-perito-moreno\/","title":{"rendered":"Minitrekking &#8211; Glaciar Perito Moreno"},"content":{"rendered":"<p>A excurs\u00e3o come\u00e7a com o embarque dos passageiros em El Calafate. Em nossos \u00f4nibus confort\u00e1veis, a caminho do Parque Nacional Los Glaciares, os guias tur\u00edsticos fornecer\u00e3o informa\u00e7\u00f5es sobre o local, a geleira e a excurs\u00e3o. <\/p>\n<p>Uma vez no porto \u201cBajo de las Sombras\u201d (Rota 11, a 70 km de El Calafate), embarcamos para cruzar o Lago Rico, chegando \u00e0 margem oposta ap\u00f3s aproximadamente 20 minutos de navega\u00e7\u00e3o em frente \u00e0 imponente face sul da Geleira Perito Moreno.<\/p>\n<p>Ao desembarcar, voc\u00ea ser\u00e1 recebido por nossos guias de montanha especializados, que o levar\u00e3o a um ref\u00fagio aconchegante com uma vista privilegiada da geleira. A partir daqui, voc\u00ea come\u00e7ar\u00e1 o trekking! Come\u00e7aremos o trekking com uma caminhada ao longo da margem do lago e com os olhos na geleira para que voc\u00ea n\u00e3o perca a oportunidade de ver deslizamentos de terra. Em seguida, os guias dar\u00e3o uma palestra sobre glaciologia.   <\/p>\n<p>Ao chegar \u00e0 borda da geleira, com os incr\u00edveis tons azuis do gelo emoldurando a paisagem, subgrupos de no m\u00e1ximo 20 pessoas cada ser\u00e3o organizados e equipados com crampons e capacetes fornecidos pela empresa. Essa excurs\u00e3o \u00e9 altamente personalizada (um guia para um m\u00e1ximo de 10 passageiros). Uma vez na geleira, voc\u00ea receber\u00e1 uma palestra sobre seguran\u00e7a e caminhar\u00e1 para desfrutar desse para\u00edso congelado declarado Patrim\u00f4nio da Humanidade (1981).  <\/p>\n<p><strong>O circuito sobre a geleira \u00e9 de dificuldade m\u00e9dia, a superf\u00edcie do gelo \u00e9 irregular, mas firme e segura.  <\/strong>Durante a caminhada, voc\u00ea ver\u00e1 uma variedade de forma\u00e7\u00f5es t\u00edpicas de geleiras, como fendas profundas, buracos azuis, enormes seracs e lagoas azul-turquesa.<\/p>\n<p>Ao final da caminhada no gelo, voc\u00ea passar\u00e1 pela \u00e1rea periglacial e pela morena lateral, de onde ter\u00e1 uma vista panor\u00e2mica do Glaciar Perito Moreno, das montanhas e do lago. Depois, voc\u00ea voltar\u00e1 por uma trilha que atravessa o exuberante bosque andino patag\u00f4nico, completando assim as <strong>TR\u00caS HORAS DE CAMINHADA NA COSTA DO LAGO, MORENA, GELO E FLORESTA (das quais aproximadamente uma hora \u00e9 no gelo da geleira).<\/strong> Ao chegar ao ref\u00fagio, voc\u00ea tomar\u00e1 uma bebida quente e receber\u00e1 uma lembran\u00e7a. Logo depois, voc\u00ea embarcar\u00e1 no barco para retornar ao Puerto Bajo de las Sombras, mas antes voc\u00ea contemplar\u00e1 as enormes paredes da geleira a partir do barco.  <\/p>\n<p><strong>A dura\u00e7\u00e3o da excurs\u00e3o com o traslado \u00e9 de cerca de dez horas no total <\/strong>e inclui uma visita guiada de cerca de uma hora \u00e0s passarelas da Geleira Perito Moreno, a 7 km do porto. L\u00e1 voc\u00ea pode apreciar a espetacular vista panor\u00e2mica da geleira e caminhar por uma das trilhas autoguiadas. Caso voc\u00ea n\u00e3o opte pelo nosso transporte e v\u00e1 por conta pr\u00f3pria, o Minitrekking dura aproximadamente quatro horas e meia, saindo do porto e retornando ao mesmo ponto de partida.  <\/p>\n<p><strong>O minitrekking \u00e9 realizado em um ambiente natural, portanto, as condi\u00e7\u00f5es clim\u00e1ticas e as caracter\u00edsticas da geleira e seus arredores mudam diariamente. No entanto, a excurs\u00e3o n\u00e3o ser\u00e1 suspensa, desde que as condi\u00e7\u00f5es de seguran\u00e7a o permitam. Esperamos voc\u00ea!  <\/strong><\/p>\n<p><strong>Sa\u00eddas em grupo:<\/strong> Temos v\u00e1rias sa\u00eddas di\u00e1rias em hor\u00e1rios diferentes. Se voc\u00ea estiver viajando em grupo ou com um parceiro, informe-nos com anteced\u00eancia, para que possamos coloc\u00e1-los no mesmo hor\u00e1rio e garantir a sa\u00edda do grupo no mesmo hor\u00e1rio. <\/p>\n<p class=\"cvGsUA direction-ltr align-justify para-style-body\"><span class=\"OYPEnA text-decoration-none text-strikethrough-none\">N\u00e3o inclu\u00eddo: Taxa de entrada no Parque Nacional e almo\u00e7o.<\/span><\/p>\n","protected":false},"excerpt":{"rendered":"<p>A excurs\u00e3o come\u00e7a com o embarque dos passageiros em El Calafate. Em nossos \u00f4nibus confort\u00e1veis, a caminho do Parque Nacional Los Glaciares, os guias tur\u00edsticos fornecer\u00e3o informa\u00e7\u00f5es sobre o local, a geleira e a excurs\u00e3o. Uma vez no porto \u201cBajo de las Sombras\u201d (Rota 11, a 70 km de El Calafate), embarcamos para cruzar o [&hellip;]<\/p>\n","protected":false},"featured_media":11451,"template":"","meta":[],"product_brand":[],"product_cat":[103,105],"product_tag":[],"destino":[157],"pais":[164],"class_list":{"0":"post-11417","1":"product","2":"type-product","3":"status-publish","4":"has-post-thumbnail","6":"product_cat-excursiones-pt-br","7":"product_cat-excursoes-terrestres","8":"destino-el-calafate-pt-br","9":"pais-argentina-pt-br","11":"first","12":"instock","13":"virtual","14":"sold-individually","15":"purchasable","16":"product-type-booking"},"booking_location":"","booking_location_type":"","booking_duration":1,"booking_duration_unit":"day","booking_buffer":0,"booking_cost":0,"booking_resources":[],"yoast_head":"<!-- This site is optimized with the Yoast SEO plugin v27.1.1 - https:\/\/yoast.com\/product\/yoast-seo-wordpress\/ -->\n<title>Minitrekking - Glaciar Perito Moreno - Best Tour Patagonia<\/title>\n<meta name=\"robots\" content=\"index, follow, max-snippet:-1, max-image-preview:large, max-video-preview:-1\" \/>\n<link rel=\"canonical\" href=\"https:\/\/best-tourpatagonia.tur.ar\/pt-br\/producto\/minitrekking-glaciar-perito-moreno\/\" \/>\n<meta property=\"og:locale\" content=\"pt_BR\" \/>\n<meta property=\"og:type\" content=\"article\" \/>\n<meta property=\"og:title\" content=\"Minitrekking - Glaciar Perito Moreno - Best Tour Patagonia\" \/>\n<meta property=\"og:description\" content=\"A excurs\u00e3o come\u00e7a com o embarque dos passageiros em El Calafate. Em nossos \u00f4nibus confort\u00e1veis, a caminho do Parque Nacional Los Glaciares, os guias tur\u00edsticos fornecer\u00e3o informa\u00e7\u00f5es sobre o local, a geleira e a excurs\u00e3o. Uma vez no porto \u201cBajo de las Sombras\u201d (Rota 11, a 70 km de El Calafate), embarcamos para cruzar o [&hellip;]\" \/>\n<meta property=\"og:url\" content=\"https:\/\/best-tourpatagonia.tur.ar\/pt-br\/producto\/minitrekking-glaciar-perito-moreno\/\" \/>\n<meta property=\"og:site_name\" content=\"Best Tour Patagonia\" \/>\n<meta property=\"article:modified_time\" content=\"2025-06-12T15:16:30+00:00\" \/>\n<meta property=\"og:image\" content=\"https:\/\/best-tourpatagonia.tur.ar\/wp-content\/uploads\/2023\/10\/minitrekking2_1.jpg\" \/>\n\t<meta property=\"og:image:width\" content=\"1920\" \/>\n\t<meta property=\"og:image:height\" content=\"1280\" \/>\n\t<meta property=\"og:image:type\" content=\"image\/jpeg\" \/>\n<meta name=\"twitter:card\" content=\"summary_large_image\" \/>\n<meta name=\"twitter:label1\" content=\"Est. tempo de leitura\" \/>\n\t<meta name=\"twitter:data1\" content=\"3 minutos\" \/>\n<script type=\"application\/ld+json\" class=\"yoast-schema-graph\">{\"@context\":\"https:\/\/schema.org\",\"@graph\":[{\"@type\":\"WebPage\",\"@id\":\"https:\/\/best-tourpatagonia.tur.ar\/pt-br\/producto\/minitrekking-glaciar-perito-moreno\/\",\"url\":\"https:\/\/best-tourpatagonia.tur.ar\/pt-br\/producto\/minitrekking-glaciar-perito-moreno\/\",\"name\":\"Minitrekking - Glaciar Perito Moreno - Best Tour Patagonia\",\"isPartOf\":{\"@id\":\"https:\/\/best-tourpatagonia.tur.ar\/pt-br\/#website\"},\"primaryImageOfPage\":{\"@id\":\"https:\/\/best-tourpatagonia.tur.ar\/pt-br\/producto\/minitrekking-glaciar-perito-moreno\/#primaryimage\"},\"image\":{\"@id\":\"https:\/\/best-tourpatagonia.tur.ar\/pt-br\/producto\/minitrekking-glaciar-perito-moreno\/#primaryimage\"},\"thumbnailUrl\":\"https:\/\/best-tourpatagonia.tur.ar\/wp-content\/uploads\/2023\/10\/minitrekking2_1.jpg\",\"datePublished\":\"2023-10-17T17:48:43+00:00\",\"dateModified\":\"2025-06-12T15:16:30+00:00\",\"breadcrumb\":{\"@id\":\"https:\/\/best-tourpatagonia.tur.ar\/pt-br\/producto\/minitrekking-glaciar-perito-moreno\/#breadcrumb\"},\"inLanguage\":\"pt-BR\",\"potentialAction\":[{\"@type\":\"ReadAction\",\"target\":[\"https:\/\/best-tourpatagonia.tur.ar\/pt-br\/producto\/minitrekking-glaciar-perito-moreno\/\"]}]},{\"@type\":\"ImageObject\",\"inLanguage\":\"pt-BR\",\"@id\":\"https:\/\/best-tourpatagonia.tur.ar\/pt-br\/producto\/minitrekking-glaciar-perito-moreno\/#primaryimage\",\"url\":\"https:\/\/best-tourpatagonia.tur.ar\/wp-content\/uploads\/2023\/10\/minitrekking2_1.jpg\",\"contentUrl\":\"https:\/\/best-tourpatagonia.tur.ar\/wp-content\/uploads\/2023\/10\/minitrekking2_1.jpg\",\"width\":1920,\"height\":1280},{\"@type\":\"BreadcrumbList\",\"@id\":\"https:\/\/best-tourpatagonia.tur.ar\/pt-br\/producto\/minitrekking-glaciar-perito-moreno\/#breadcrumb\",\"itemListElement\":[{\"@type\":\"ListItem\",\"position\":1,\"name\":\"Portada\",\"item\":\"https:\/\/best-tourpatagonia.tur.ar\/pt-br\/aproveite-ushuaia-el-calafate-e-toda-a-patagonia-durante-todo-o-ano\/\"},{\"@type\":\"ListItem\",\"position\":2,\"name\":\"Loja\",\"item\":\"https:\/\/best-tourpatagonia.tur.ar\/pt-br\/loja\/\"},{\"@type\":\"ListItem\",\"position\":3,\"name\":\"Minitrekking &#8211; Glaciar Perito Moreno\"}]},{\"@type\":\"WebSite\",\"@id\":\"https:\/\/best-tourpatagonia.tur.ar\/pt-br\/#website\",\"url\":\"https:\/\/best-tourpatagonia.tur.ar\/pt-br\/\",\"name\":\"Best Tour Patagonia\",\"description\":\"Paquetes y excursiones en la Patagona Argentina\",\"publisher\":{\"@id\":\"https:\/\/best-tourpatagonia.tur.ar\/pt-br\/#organization\"},\"potentialAction\":[{\"@type\":\"SearchAction\",\"target\":{\"@type\":\"EntryPoint\",\"urlTemplate\":\"https:\/\/best-tourpatagonia.tur.ar\/pt-br\/?s={search_term_string}\"},\"query-input\":{\"@type\":\"PropertyValueSpecification\",\"valueRequired\":true,\"valueName\":\"search_term_string\"}}],\"inLanguage\":\"pt-BR\"},{\"@type\":\"Organization\",\"@id\":\"https:\/\/best-tourpatagonia.tur.ar\/pt-br\/#organization\",\"name\":\"Best Tour Patagonia\",\"url\":\"https:\/\/best-tourpatagonia.tur.ar\/pt-br\/\",\"logo\":{\"@type\":\"ImageObject\",\"inLanguage\":\"pt-BR\",\"@id\":\"https:\/\/best-tourpatagonia.tur.ar\/pt-br\/#\/schema\/logo\/image\/\",\"url\":\"https:\/\/best-tourpatagonia.tur.ar\/wp-content\/uploads\/2023\/05\/cropped-corona-1.png\",\"contentUrl\":\"https:\/\/best-tourpatagonia.tur.ar\/wp-content\/uploads\/2023\/05\/cropped-corona-1.png\",\"width\":128,\"height\":75,\"caption\":\"Best Tour Patagonia\"},\"image\":{\"@id\":\"https:\/\/best-tourpatagonia.tur.ar\/pt-br\/#\/schema\/logo\/image\/\"}}]}<\/script>\n<!-- \/ Yoast SEO plugin. -->","yoast_head_json":{"title":"Minitrekking - Glaciar Perito Moreno - Best Tour Patagonia","robots":{"index":"index","follow":"follow","max-snippet":"max-snippet:-1","max-image-preview":"max-image-preview:large","max-video-preview":"max-video-preview:-1"},"canonical":"https:\/\/best-tourpatagonia.tur.ar\/pt-br\/producto\/minitrekking-glaciar-perito-moreno\/","og_locale":"pt_BR","og_type":"article","og_title":"Minitrekking - Glaciar Perito Moreno - Best Tour Patagonia","og_description":"A excurs\u00e3o come\u00e7a com o embarque dos passageiros em El Calafate. Em nossos \u00f4nibus confort\u00e1veis, a caminho do Parque Nacional Los Glaciares, os guias tur\u00edsticos fornecer\u00e3o informa\u00e7\u00f5es sobre o local, a geleira e a excurs\u00e3o. Uma vez no porto \u201cBajo de las Sombras\u201d (Rota 11, a 70 km de El Calafate), embarcamos para cruzar o [&hellip;]","og_url":"https:\/\/best-tourpatagonia.tur.ar\/pt-br\/producto\/minitrekking-glaciar-perito-moreno\/","og_site_name":"Best Tour Patagonia","article_modified_time":"2025-06-12T15:16:30+00:00","og_image":[{"width":1920,"height":1280,"url":"https:\/\/best-tourpatagonia.tur.ar\/wp-content\/uploads\/2023\/10\/minitrekking2_1.jpg","type":"image\/jpeg"}],"twitter_card":"summary_large_image","twitter_misc":{"Est. tempo de leitura":"3 minutos"},"schema":{"@context":"https:\/\/schema.org","@graph":[{"@type":"WebPage","@id":"https:\/\/best-tourpatagonia.tur.ar\/pt-br\/producto\/minitrekking-glaciar-perito-moreno\/","url":"https:\/\/best-tourpatagonia.tur.ar\/pt-br\/producto\/minitrekking-glaciar-perito-moreno\/","name":"Minitrekking - Glaciar Perito Moreno - Best Tour Patagonia","isPartOf":{"@id":"https:\/\/best-tourpatagonia.tur.ar\/pt-br\/#website"},"primaryImageOfPage":{"@id":"https:\/\/best-tourpatagonia.tur.ar\/pt-br\/producto\/minitrekking-glaciar-perito-moreno\/#primaryimage"},"image":{"@id":"https:\/\/best-tourpatagonia.tur.ar\/pt-br\/producto\/minitrekking-glaciar-perito-moreno\/#primaryimage"},"thumbnailUrl":"https:\/\/best-tourpatagonia.tur.ar\/wp-content\/uploads\/2023\/10\/minitrekking2_1.jpg","datePublished":"2023-10-17T17:48:43+00:00","dateModified":"2025-06-12T15:16:30+00:00","breadcrumb":{"@id":"https:\/\/best-tourpatagonia.tur.ar\/pt-br\/producto\/minitrekking-glaciar-perito-moreno\/#breadcrumb"},"inLanguage":"pt-BR","potentialAction":[{"@type":"ReadAction","target":["https:\/\/best-tourpatagonia.tur.ar\/pt-br\/producto\/minitrekking-glaciar-perito-moreno\/"]}]},{"@type":"ImageObject","inLanguage":"pt-BR","@id":"https:\/\/best-tourpatagonia.tur.ar\/pt-br\/producto\/minitrekking-glaciar-perito-moreno\/#primaryimage","url":"https:\/\/best-tourpatagonia.tur.ar\/wp-content\/uploads\/2023\/10\/minitrekking2_1.jpg","contentUrl":"https:\/\/best-tourpatagonia.tur.ar\/wp-content\/uploads\/2023\/10\/minitrekking2_1.jpg","width":1920,"height":1280},{"@type":"BreadcrumbList","@id":"https:\/\/best-tourpatagonia.tur.ar\/pt-br\/producto\/minitrekking-glaciar-perito-moreno\/#breadcrumb","itemListElement":[{"@type":"ListItem","position":1,"name":"Portada","item":"https:\/\/best-tourpatagonia.tur.ar\/pt-br\/aproveite-ushuaia-el-calafate-e-toda-a-patagonia-durante-todo-o-ano\/"},{"@type":"ListItem","position":2,"name":"Loja","item":"https:\/\/best-tourpatagonia.tur.ar\/pt-br\/loja\/"},{"@type":"ListItem","position":3,"name":"Minitrekking &#8211; Glaciar Perito Moreno"}]},{"@type":"WebSite","@id":"https:\/\/best-tourpatagonia.tur.ar\/pt-br\/#website","url":"https:\/\/best-tourpatagonia.tur.ar\/pt-br\/","name":"Best Tour Patagonia","description":"Paquetes y excursiones en la Patagona Argentina","publisher":{"@id":"https:\/\/best-tourpatagonia.tur.ar\/pt-br\/#organization"},"potentialAction":[{"@type":"SearchAction","target":{"@type":"EntryPoint","urlTemplate":"https:\/\/best-tourpatagonia.tur.ar\/pt-br\/?s={search_term_string}"},"query-input":{"@type":"PropertyValueSpecification","valueRequired":true,"valueName":"search_term_string"}}],"inLanguage":"pt-BR"},{"@type":"Organization","@id":"https:\/\/best-tourpatagonia.tur.ar\/pt-br\/#organization","name":"Best Tour Patagonia","url":"https:\/\/best-tourpatagonia.tur.ar\/pt-br\/","logo":{"@type":"ImageObject","inLanguage":"pt-BR","@id":"https:\/\/best-tourpatagonia.tur.ar\/pt-br\/#\/schema\/logo\/image\/","url":"https:\/\/best-tourpatagonia.tur.ar\/wp-content\/uploads\/2023\/05\/cropped-corona-1.png","contentUrl":"https:\/\/best-tourpatagonia.tur.ar\/wp-content\/uploads\/2023\/05\/cropped-corona-1.png","width":128,"height":75,"caption":"Best Tour Patagonia"},"image":{"@id":"https:\/\/best-tourpatagonia.tur.ar\/pt-br\/#\/schema\/logo\/image\/"}}]}},"_links":{"self":[{"href":"https:\/\/best-tourpatagonia.tur.ar\/pt-br\/wp-json\/wp\/v2\/product\/11417","targetHints":{"allow":["GET"]}}],"collection":[{"href":"https:\/\/best-tourpatagonia.tur.ar\/pt-br\/wp-json\/wp\/v2\/product"}],"about":[{"href":"https:\/\/best-tourpatagonia.tur.ar\/pt-br\/wp-json\/wp\/v2\/types\/product"}],"wp:featuredmedia":[{"embeddable":true,"href":"https:\/\/best-tourpatagonia.tur.ar\/pt-br\/wp-json\/wp\/v2\/media\/11451"}],"wp:attachment":[{"href":"https:\/\/best-tourpatagonia.tur.ar\/pt-br\/wp-json\/wp\/v2\/media?parent=11417"}],"wp:term":[{"taxonomy":"product_brand","embeddable":true,"href":"https:\/\/best-tourpatagonia.tur.ar\/pt-br\/wp-json\/wp\/v2\/product_brand?post=11417"},{"taxonomy":"product_cat","embeddable":true,"href":"https:\/\/best-tourpatagonia.tur.ar\/pt-br\/wp-json\/wp\/v2\/product_cat?post=11417"},{"taxonomy":"product_tag","embeddable":true,"href":"https:\/\/best-tourpatagonia.tur.ar\/pt-br\/wp-json\/wp\/v2\/product_tag?post=11417"},{"taxonomy":"destino","embeddable":true,"href":"https:\/\/best-tourpatagonia.tur.ar\/pt-br\/wp-json\/wp\/v2\/destino?post=11417"},{"taxonomy":"pais","embeddable":true,"href":"https:\/\/best-tourpatagonia.tur.ar\/pt-br\/wp-json\/wp\/v2\/pais?post=11417"}],"curies":[{"name":"wp","href":"https:\/\/api.w.org\/{rel}","templated":true}]}}