{"id":11415,"date":"2023-10-23T15:34:33","date_gmt":"2023-10-23T18:34:33","guid":{"rendered":"https:\/\/best-tourpatagonia.tur.ar\/producto\/dia-inteiro-em-torres-del-paine-overland-4x4\/"},"modified":"2025-06-12T12:16:30","modified_gmt":"2025-06-12T15:16:30","slug":"dia-inteiro-em-torres-del-paine-overland-4x4","status":"publish","type":"product","link":"https:\/\/best-tourpatagonia.tur.ar\/pt-br\/producto\/dia-inteiro-em-torres-del-paine-overland-4x4\/","title":{"rendered":"Dia inteiro em Torres del Paine &#8211; Overland 4&#215;4"},"content":{"rendered":"<p>Descubra o <b>Parque Nacional Torres del Paine (Chile)<\/b>, considerado uma das oitavas maravilhas do mundo, em uma excurs\u00e3o de dia inteiro. Localizado no cora\u00e7\u00e3o do sul da Patag\u00f4nia, 300 km ao sul de El Calafate, \u00e9 considerado um dos parques mais bonitos do mundo por sua curiosa e \u00fanica conforma\u00e7\u00e3o de montanhas, geleiras, lagos, cachoeiras, flora e fauna. <\/p>\n<p>Atravessando a <b>estepe patag\u00f4nica<\/b> de norte a sul, chegaremos \u00e0 passagem de fronteira Cancha Carrera (aproximadamente 2h30), de onde come\u00e7aremos a viajar pelo <b>belo sul do Chile<\/b> at\u00e9 entrarmos no <b>Parque Nacional Torres del Paine <\/b>, que significa azul na l\u00edngua tehuelche, em refer\u00eancia \u00e0 cor predominante.<\/p>\n<p>Uma vez no parque, faremos v\u00e1rias paradas com e sem descida do ve\u00edculo para contemplar lagos, cachoeiras e poderemos at\u00e9 ver raposas e guanacos, e talvez pumas, entre outros animais nativos.<\/p>\n<p>A bordo de nossos<b> OVERLANDS 4&#215;4<\/b>, visitaremos pontos estrat\u00e9gicos, de onde faremos caminhadas que nos permitir\u00e3o acessar os pontos de vista panor\u00e2micos das <b>atra\u00e7\u00f5es naturais<\/b> mais importantes do Parque.<\/p>\n<p>Saindo da fronteira de Cerro Castillo, pegaremos a estrada para a Laguna Amarga, um ponto de vista panor\u00e2mico de Torres del Paine. Continuaremos a bordo do ve\u00edculo para fazer paradas em v\u00e1rios pontos de vista, como a Laguna de los Cisnes e o Mirador Superior del Nordenskjold, at\u00e9 chegarmos a <strong>Puerto Pudeto<\/strong>, o ponto de partida que leva a <strong>Salto Grande.<\/strong> Se o tempo permitir, caminharemos ao longo da margem do Lago Pehoe at\u00e9 o <b>mirante inferior dos Cuernos del Paine<\/b>.<br \/>\nA caminhada \u00e9 de <b>baixa dificuldade t\u00e9cnica <\/b>e demanda f\u00edsica m\u00ednima, e \u00e9 feita na companhia de nosso <b>guia de trekking<\/b> autorizado pela CONAF Chile. <\/p>\n<p>Depois dessa caminhada, voc\u00ea continuar\u00e1 no ve\u00edculo at\u00e9 outro mirante, desta vez pr\u00f3ximo ao <strong>Lago Pehoe<\/strong>, de onde ter\u00e1 uma das vistas mais famosas do Parque Nacional, com os <strong>Cuernos del Paine<\/strong> e o <strong>Vale do Franc\u00eas<\/strong> ao fundo, emoldurados pelos lagos Pehoe e Nordenskjold, de onde voc\u00ea tamb\u00e9m ver\u00e1 o Monte <strong>Paine Grande<\/strong> e o <strong>Almirante Nieto<\/strong>.<\/p>\n<p>Desse ponto, retornaremos a El Calafate, chegando aos hot\u00e9is aproximadamente \u00e0s 21 horas.<br \/>\nA ordem das paradas pode variar de acordo com os crit\u00e9rios do guia.<br \/>\nO hor\u00e1rio de chegada a El Calafate depender\u00e1 das formalidades na fronteira.<\/p>\n<p><strong>N\u00e3o opera em 25 de dezembro e 1\u00ba de janeiro.<\/strong><\/p>\n","protected":false},"excerpt":{"rendered":"<p>&#8211; Alta temporada: outubro a mar\u00e7o, sa\u00eddas di\u00e1rias das 6h30 \u00e0s 21h &#8211; M\u00e9dia e baixa temporada: abril a setembro, sa\u00eddas \u00e0s segundas, quartas e sextas-feiras das 6h30 \u00e0s 21h N\u00e3o opera em 25 de dezembro e 1\u00ba de janeiro.<\/p>\n","protected":false},"featured_media":11433,"template":"","meta":[],"product_brand":[],"product_cat":[140,103,105],"product_tag":[],"destino":[157,162],"pais":[164,166],"class_list":{"0":"post-11415","1":"product","2":"type-product","3":"status-publish","4":"has-post-thumbnail","6":"product_cat-aventura-pt-br","7":"product_cat-excursiones-pt-br","8":"product_cat-excursoes-terrestres","9":"destino-el-calafate-pt-br","10":"destino-torres-del-paine-pt-br","11":"pais-argentina-pt-br","12":"pais-chile-pt-br","14":"first","15":"instock","16":"virtual","17":"sold-individually","18":"purchasable","19":"product-type-booking"},"booking_location":"","booking_location_type":"","booking_duration":1,"booking_duration_unit":"day","booking_buffer":0,"booking_cost":0,"booking_resources":[],"yoast_head":"<!-- This site is optimized with the Yoast SEO plugin v27.4 - https:\/\/yoast.com\/product\/yoast-seo-wordpress\/ -->\n<title>Dia inteiro em Torres del Paine - Overland 4x4 - Best Tour Patagonia<\/title>\n<meta name=\"robots\" content=\"index, follow, max-snippet:-1, max-image-preview:large, max-video-preview:-1\" \/>\n<link rel=\"canonical\" href=\"https:\/\/best-tourpatagonia.tur.ar\/pt-br\/producto\/dia-inteiro-em-torres-del-paine-overland-4x4\/\" \/>\n<meta property=\"og:locale\" content=\"pt_BR\" \/>\n<meta property=\"og:type\" content=\"article\" \/>\n<meta property=\"og:title\" content=\"Dia inteiro em Torres del Paine - Overland 4x4 - Best Tour Patagonia\" \/>\n<meta property=\"og:description\" content=\"- Alta temporada: outubro a mar\u00e7o, sa\u00eddas di\u00e1rias das 6h30 \u00e0s 21h - M\u00e9dia e baixa temporada: abril a setembro, sa\u00eddas \u00e0s segundas, quartas e sextas-feiras das 6h30 \u00e0s 21h N\u00e3o opera em 25 de dezembro e 1\u00ba de janeiro.\" \/>\n<meta property=\"og:url\" content=\"https:\/\/best-tourpatagonia.tur.ar\/pt-br\/producto\/dia-inteiro-em-torres-del-paine-overland-4x4\/\" \/>\n<meta property=\"og:site_name\" content=\"Best Tour Patagonia\" \/>\n<meta property=\"article:modified_time\" content=\"2025-06-12T15:16:30+00:00\" \/>\n<meta property=\"og:image\" content=\"https:\/\/best-tourpatagonia.tur.ar\/wp-content\/uploads\/2023\/10\/mirador-superior-lago-pehoe-4921-o.jpg\" \/>\n\t<meta property=\"og:image:width\" content=\"1080\" \/>\n\t<meta property=\"og:image:height\" content=\"717\" \/>\n\t<meta property=\"og:image:type\" content=\"image\/jpeg\" \/>\n<meta name=\"twitter:card\" content=\"summary_large_image\" \/>\n<meta name=\"twitter:label1\" content=\"Est. tempo de leitura\" \/>\n\t<meta name=\"twitter:data1\" content=\"2 minutos\" \/>\n<script type=\"application\/ld+json\" class=\"yoast-schema-graph\">{\"@context\":\"https:\\\/\\\/schema.org\",\"@graph\":[{\"@type\":\"WebPage\",\"@id\":\"https:\\\/\\\/best-tourpatagonia.tur.ar\\\/pt-br\\\/producto\\\/dia-inteiro-em-torres-del-paine-overland-4x4\\\/\",\"url\":\"https:\\\/\\\/best-tourpatagonia.tur.ar\\\/pt-br\\\/producto\\\/dia-inteiro-em-torres-del-paine-overland-4x4\\\/\",\"name\":\"Dia inteiro em Torres del Paine - Overland 4x4 - Best Tour Patagonia\",\"isPartOf\":{\"@id\":\"https:\\\/\\\/best-tourpatagonia.tur.ar\\\/pt-br\\\/#website\"},\"primaryImageOfPage\":{\"@id\":\"https:\\\/\\\/best-tourpatagonia.tur.ar\\\/pt-br\\\/producto\\\/dia-inteiro-em-torres-del-paine-overland-4x4\\\/#primaryimage\"},\"image\":{\"@id\":\"https:\\\/\\\/best-tourpatagonia.tur.ar\\\/pt-br\\\/producto\\\/dia-inteiro-em-torres-del-paine-overland-4x4\\\/#primaryimage\"},\"thumbnailUrl\":\"https:\\\/\\\/best-tourpatagonia.tur.ar\\\/wp-content\\\/uploads\\\/2023\\\/10\\\/mirador-superior-lago-pehoe-4921-o.jpg\",\"datePublished\":\"2023-10-23T18:34:33+00:00\",\"dateModified\":\"2025-06-12T15:16:30+00:00\",\"breadcrumb\":{\"@id\":\"https:\\\/\\\/best-tourpatagonia.tur.ar\\\/pt-br\\\/producto\\\/dia-inteiro-em-torres-del-paine-overland-4x4\\\/#breadcrumb\"},\"inLanguage\":\"pt-BR\",\"potentialAction\":[{\"@type\":\"ReadAction\",\"target\":[\"https:\\\/\\\/best-tourpatagonia.tur.ar\\\/pt-br\\\/producto\\\/dia-inteiro-em-torres-del-paine-overland-4x4\\\/\"]}]},{\"@type\":\"ImageObject\",\"inLanguage\":\"pt-BR\",\"@id\":\"https:\\\/\\\/best-tourpatagonia.tur.ar\\\/pt-br\\\/producto\\\/dia-inteiro-em-torres-del-paine-overland-4x4\\\/#primaryimage\",\"url\":\"https:\\\/\\\/best-tourpatagonia.tur.ar\\\/wp-content\\\/uploads\\\/2023\\\/10\\\/mirador-superior-lago-pehoe-4921-o.jpg\",\"contentUrl\":\"https:\\\/\\\/best-tourpatagonia.tur.ar\\\/wp-content\\\/uploads\\\/2023\\\/10\\\/mirador-superior-lago-pehoe-4921-o.jpg\",\"width\":1080,\"height\":717},{\"@type\":\"BreadcrumbList\",\"@id\":\"https:\\\/\\\/best-tourpatagonia.tur.ar\\\/pt-br\\\/producto\\\/dia-inteiro-em-torres-del-paine-overland-4x4\\\/#breadcrumb\",\"itemListElement\":[{\"@type\":\"ListItem\",\"position\":1,\"name\":\"Portada\",\"item\":\"https:\\\/\\\/best-tourpatagonia.tur.ar\\\/pt-br\\\/aproveite-ushuaia-el-calafate-e-toda-a-patagonia-durante-todo-o-ano\\\/\"},{\"@type\":\"ListItem\",\"position\":2,\"name\":\"Loja\",\"item\":\"https:\\\/\\\/best-tourpatagonia.tur.ar\\\/pt-br\\\/loja\\\/\"},{\"@type\":\"ListItem\",\"position\":3,\"name\":\"Dia inteiro em Torres del Paine &#8211; Overland 4&#215;4\"}]},{\"@type\":\"WebSite\",\"@id\":\"https:\\\/\\\/best-tourpatagonia.tur.ar\\\/pt-br\\\/#website\",\"url\":\"https:\\\/\\\/best-tourpatagonia.tur.ar\\\/pt-br\\\/\",\"name\":\"Best Tour Patagonia\",\"description\":\"Paquetes y excursiones en la Patagona Argentina\",\"publisher\":{\"@id\":\"https:\\\/\\\/best-tourpatagonia.tur.ar\\\/pt-br\\\/#organization\"},\"potentialAction\":[{\"@type\":\"SearchAction\",\"target\":{\"@type\":\"EntryPoint\",\"urlTemplate\":\"https:\\\/\\\/best-tourpatagonia.tur.ar\\\/pt-br\\\/?s={search_term_string}\"},\"query-input\":{\"@type\":\"PropertyValueSpecification\",\"valueRequired\":true,\"valueName\":\"search_term_string\"}}],\"inLanguage\":\"pt-BR\"},{\"@type\":\"Organization\",\"@id\":\"https:\\\/\\\/best-tourpatagonia.tur.ar\\\/pt-br\\\/#organization\",\"name\":\"Best Tour Patagonia\",\"url\":\"https:\\\/\\\/best-tourpatagonia.tur.ar\\\/pt-br\\\/\",\"logo\":{\"@type\":\"ImageObject\",\"inLanguage\":\"pt-BR\",\"@id\":\"https:\\\/\\\/best-tourpatagonia.tur.ar\\\/pt-br\\\/#\\\/schema\\\/logo\\\/image\\\/\",\"url\":\"https:\\\/\\\/best-tourpatagonia.tur.ar\\\/wp-content\\\/uploads\\\/2023\\\/05\\\/cropped-corona-1.png\",\"contentUrl\":\"https:\\\/\\\/best-tourpatagonia.tur.ar\\\/wp-content\\\/uploads\\\/2023\\\/05\\\/cropped-corona-1.png\",\"width\":128,\"height\":75,\"caption\":\"Best Tour Patagonia\"},\"image\":{\"@id\":\"https:\\\/\\\/best-tourpatagonia.tur.ar\\\/pt-br\\\/#\\\/schema\\\/logo\\\/image\\\/\"}}]}<\/script>\n<!-- \/ Yoast SEO plugin. -->","yoast_head_json":{"title":"Dia inteiro em Torres del Paine - Overland 4x4 - Best Tour Patagonia","robots":{"index":"index","follow":"follow","max-snippet":"max-snippet:-1","max-image-preview":"max-image-preview:large","max-video-preview":"max-video-preview:-1"},"canonical":"https:\/\/best-tourpatagonia.tur.ar\/pt-br\/producto\/dia-inteiro-em-torres-del-paine-overland-4x4\/","og_locale":"pt_BR","og_type":"article","og_title":"Dia inteiro em Torres del Paine - Overland 4x4 - Best Tour Patagonia","og_description":"- Alta temporada: outubro a mar\u00e7o, sa\u00eddas di\u00e1rias das 6h30 \u00e0s 21h - M\u00e9dia e baixa temporada: abril a setembro, sa\u00eddas \u00e0s segundas, quartas e sextas-feiras das 6h30 \u00e0s 21h N\u00e3o opera em 25 de dezembro e 1\u00ba de janeiro.","og_url":"https:\/\/best-tourpatagonia.tur.ar\/pt-br\/producto\/dia-inteiro-em-torres-del-paine-overland-4x4\/","og_site_name":"Best Tour Patagonia","article_modified_time":"2025-06-12T15:16:30+00:00","og_image":[{"width":1080,"height":717,"url":"https:\/\/best-tourpatagonia.tur.ar\/wp-content\/uploads\/2023\/10\/mirador-superior-lago-pehoe-4921-o.jpg","type":"image\/jpeg"}],"twitter_card":"summary_large_image","twitter_misc":{"Est. tempo de leitura":"2 minutos"},"schema":{"@context":"https:\/\/schema.org","@graph":[{"@type":"WebPage","@id":"https:\/\/best-tourpatagonia.tur.ar\/pt-br\/producto\/dia-inteiro-em-torres-del-paine-overland-4x4\/","url":"https:\/\/best-tourpatagonia.tur.ar\/pt-br\/producto\/dia-inteiro-em-torres-del-paine-overland-4x4\/","name":"Dia inteiro em Torres del Paine - Overland 4x4 - Best Tour Patagonia","isPartOf":{"@id":"https:\/\/best-tourpatagonia.tur.ar\/pt-br\/#website"},"primaryImageOfPage":{"@id":"https:\/\/best-tourpatagonia.tur.ar\/pt-br\/producto\/dia-inteiro-em-torres-del-paine-overland-4x4\/#primaryimage"},"image":{"@id":"https:\/\/best-tourpatagonia.tur.ar\/pt-br\/producto\/dia-inteiro-em-torres-del-paine-overland-4x4\/#primaryimage"},"thumbnailUrl":"https:\/\/best-tourpatagonia.tur.ar\/wp-content\/uploads\/2023\/10\/mirador-superior-lago-pehoe-4921-o.jpg","datePublished":"2023-10-23T18:34:33+00:00","dateModified":"2025-06-12T15:16:30+00:00","breadcrumb":{"@id":"https:\/\/best-tourpatagonia.tur.ar\/pt-br\/producto\/dia-inteiro-em-torres-del-paine-overland-4x4\/#breadcrumb"},"inLanguage":"pt-BR","potentialAction":[{"@type":"ReadAction","target":["https:\/\/best-tourpatagonia.tur.ar\/pt-br\/producto\/dia-inteiro-em-torres-del-paine-overland-4x4\/"]}]},{"@type":"ImageObject","inLanguage":"pt-BR","@id":"https:\/\/best-tourpatagonia.tur.ar\/pt-br\/producto\/dia-inteiro-em-torres-del-paine-overland-4x4\/#primaryimage","url":"https:\/\/best-tourpatagonia.tur.ar\/wp-content\/uploads\/2023\/10\/mirador-superior-lago-pehoe-4921-o.jpg","contentUrl":"https:\/\/best-tourpatagonia.tur.ar\/wp-content\/uploads\/2023\/10\/mirador-superior-lago-pehoe-4921-o.jpg","width":1080,"height":717},{"@type":"BreadcrumbList","@id":"https:\/\/best-tourpatagonia.tur.ar\/pt-br\/producto\/dia-inteiro-em-torres-del-paine-overland-4x4\/#breadcrumb","itemListElement":[{"@type":"ListItem","position":1,"name":"Portada","item":"https:\/\/best-tourpatagonia.tur.ar\/pt-br\/aproveite-ushuaia-el-calafate-e-toda-a-patagonia-durante-todo-o-ano\/"},{"@type":"ListItem","position":2,"name":"Loja","item":"https:\/\/best-tourpatagonia.tur.ar\/pt-br\/loja\/"},{"@type":"ListItem","position":3,"name":"Dia inteiro em Torres del Paine &#8211; Overland 4&#215;4"}]},{"@type":"WebSite","@id":"https:\/\/best-tourpatagonia.tur.ar\/pt-br\/#website","url":"https:\/\/best-tourpatagonia.tur.ar\/pt-br\/","name":"Best Tour Patagonia","description":"Paquetes y excursiones en la Patagona Argentina","publisher":{"@id":"https:\/\/best-tourpatagonia.tur.ar\/pt-br\/#organization"},"potentialAction":[{"@type":"SearchAction","target":{"@type":"EntryPoint","urlTemplate":"https:\/\/best-tourpatagonia.tur.ar\/pt-br\/?s={search_term_string}"},"query-input":{"@type":"PropertyValueSpecification","valueRequired":true,"valueName":"search_term_string"}}],"inLanguage":"pt-BR"},{"@type":"Organization","@id":"https:\/\/best-tourpatagonia.tur.ar\/pt-br\/#organization","name":"Best Tour Patagonia","url":"https:\/\/best-tourpatagonia.tur.ar\/pt-br\/","logo":{"@type":"ImageObject","inLanguage":"pt-BR","@id":"https:\/\/best-tourpatagonia.tur.ar\/pt-br\/#\/schema\/logo\/image\/","url":"https:\/\/best-tourpatagonia.tur.ar\/wp-content\/uploads\/2023\/05\/cropped-corona-1.png","contentUrl":"https:\/\/best-tourpatagonia.tur.ar\/wp-content\/uploads\/2023\/05\/cropped-corona-1.png","width":128,"height":75,"caption":"Best Tour Patagonia"},"image":{"@id":"https:\/\/best-tourpatagonia.tur.ar\/pt-br\/#\/schema\/logo\/image\/"}}]}},"_links":{"self":[{"href":"https:\/\/best-tourpatagonia.tur.ar\/pt-br\/wp-json\/wp\/v2\/product\/11415","targetHints":{"allow":["GET"]}}],"collection":[{"href":"https:\/\/best-tourpatagonia.tur.ar\/pt-br\/wp-json\/wp\/v2\/product"}],"about":[{"href":"https:\/\/best-tourpatagonia.tur.ar\/pt-br\/wp-json\/wp\/v2\/types\/product"}],"wp:featuredmedia":[{"embeddable":true,"href":"https:\/\/best-tourpatagonia.tur.ar\/pt-br\/wp-json\/wp\/v2\/media\/11433"}],"wp:attachment":[{"href":"https:\/\/best-tourpatagonia.tur.ar\/pt-br\/wp-json\/wp\/v2\/media?parent=11415"}],"wp:term":[{"taxonomy":"product_brand","embeddable":true,"href":"https:\/\/best-tourpatagonia.tur.ar\/pt-br\/wp-json\/wp\/v2\/product_brand?post=11415"},{"taxonomy":"product_cat","embeddable":true,"href":"https:\/\/best-tourpatagonia.tur.ar\/pt-br\/wp-json\/wp\/v2\/product_cat?post=11415"},{"taxonomy":"product_tag","embeddable":true,"href":"https:\/\/best-tourpatagonia.tur.ar\/pt-br\/wp-json\/wp\/v2\/product_tag?post=11415"},{"taxonomy":"destino","embeddable":true,"href":"https:\/\/best-tourpatagonia.tur.ar\/pt-br\/wp-json\/wp\/v2\/destino?post=11415"},{"taxonomy":"pais","embeddable":true,"href":"https:\/\/best-tourpatagonia.tur.ar\/pt-br\/wp-json\/wp\/v2\/pais?post=11415"}],"curies":[{"name":"wp","href":"https:\/\/api.w.org\/{rel}","templated":true}]}}