{"id":11319,"date":"2023-10-17T11:13:25","date_gmt":"2023-10-17T14:13:25","guid":{"rendered":"https:\/\/best-tourpatagonia.tur.ar\/producto\/glaciar-perito-moreno-classico\/"},"modified":"2025-06-12T12:16:35","modified_gmt":"2025-06-12T15:16:35","slug":"glaciar-perito-moreno-classico","status":"publish","type":"product","link":"https:\/\/best-tourpatagonia.tur.ar\/pt-br\/producto\/glaciar-perito-moreno-classico\/","title":{"rendered":"Glaciar Perito Moreno &#8211; cl\u00e1ssico"},"content":{"rendered":"<p class=\"cvGsUA direction-ltr align-justify para-style-body\"><span lang=\"es-AR\">Saindo de manh\u00e3 cedo de El Calafate, acompanhado<\/span>por um guia credenciado pelo Parque Nacional &#8220;Los Glaciares&#8221;, voc\u00ea come\u00e7a o passeio em dire\u00e7\u00e3o \u00e0 Geleira Perito Moreno. Ela est\u00e1 localizada a uma dist\u00e2ncia de 80 km. <\/p>\n<p class=\"cvGsUA direction-ltr align-justify para-style-body\">H\u00e1 v\u00e1rias paradas ao longo do caminho, a mais famosa delas \u00e9 a Curva de los Suspiros, onde voc\u00ea pode <span lang=\"es-AR\">apreciar a primeira vista da geleira Perito Moreno <\/span>.  <\/p>\n<p class=\"cvGsUA direction-ltr align-justify para-style-body\"><span lang=\"es-AR\">Em seguida, continue at\u00e9 as passarelas, onde voc\u00ea ter\u00e1 tempo livre para caminhar pelas varandas panor\u00e2micas em frente \u00e0 geleira e apreciar sua magnific\u00eancia.<\/span><\/p>\n<p class=\"cvGsUA direction-ltr align-justify para-style-body\"><strong><span class=\"OYPEnA text-decoration-none text-strikethrough-none\">N\u00e3o inclu\u00eddo: Bilhete de entrada para o Parque Nacional.<\/span><\/strong><\/p>\n<p>Recomendamos que voc\u00ea traga seu pr\u00f3prio almo\u00e7o.<\/p>\n","protected":false},"excerpt":{"rendered":"<p>Saindo de manh\u00e3 cedo de El Calafate, acompanhadopor um guia credenciado pelo Parque Nacional &#8220;Los Glaciares&#8221;, voc\u00ea come\u00e7a o passeio em dire\u00e7\u00e3o \u00e0 Geleira Perito Moreno. Ela est\u00e1 localizada a uma dist\u00e2ncia de 80 km. H\u00e1 v\u00e1rias paradas ao longo do caminho, a mais famosa delas \u00e9 a Curva de los Suspiros, onde voc\u00ea pode [&hellip;]<\/p>\n","protected":false},"featured_media":11343,"template":"","meta":[],"product_brand":[],"product_cat":[103,105],"product_tag":[],"destino":[157],"pais":[164],"class_list":{"0":"post-11319","1":"product","2":"type-product","3":"status-publish","4":"has-post-thumbnail","6":"product_cat-excursiones-pt-br","7":"product_cat-excursoes-terrestres","8":"destino-el-calafate-pt-br","9":"pais-argentina-pt-br","11":"first","12":"instock","13":"virtual","14":"sold-individually","15":"purchasable","16":"product-type-booking"},"booking_location":"","booking_location_type":"","booking_duration":1,"booking_duration_unit":"day","booking_buffer":0,"booking_cost":0,"booking_resources":[],"yoast_head":"<!-- This site is optimized with the Yoast SEO plugin v27.4 - https:\/\/yoast.com\/product\/yoast-seo-wordpress\/ -->\n<title>Glaciar Perito Moreno - cl\u00e1ssico - Best Tour Patagonia<\/title>\n<meta name=\"robots\" content=\"index, follow, max-snippet:-1, max-image-preview:large, max-video-preview:-1\" \/>\n<link rel=\"canonical\" href=\"https:\/\/best-tourpatagonia.tur.ar\/pt-br\/producto\/glaciar-perito-moreno-classico\/\" \/>\n<meta property=\"og:locale\" content=\"pt_BR\" \/>\n<meta property=\"og:type\" content=\"article\" \/>\n<meta property=\"og:title\" content=\"Glaciar Perito Moreno - cl\u00e1ssico - Best Tour Patagonia\" \/>\n<meta property=\"og:description\" content=\"Saindo de manh\u00e3 cedo de El Calafate, acompanhadopor um guia credenciado pelo Parque Nacional &#8220;Los Glaciares&#8221;, voc\u00ea come\u00e7a o passeio em dire\u00e7\u00e3o \u00e0 Geleira Perito Moreno. Ela est\u00e1 localizada a uma dist\u00e2ncia de 80 km. H\u00e1 v\u00e1rias paradas ao longo do caminho, a mais famosa delas \u00e9 a Curva de los Suspiros, onde voc\u00ea pode [&hellip;]\" \/>\n<meta property=\"og:url\" content=\"https:\/\/best-tourpatagonia.tur.ar\/pt-br\/producto\/glaciar-perito-moreno-classico\/\" \/>\n<meta property=\"og:site_name\" content=\"Best Tour Patagonia\" \/>\n<meta property=\"article:modified_time\" content=\"2025-06-12T15:16:35+00:00\" \/>\n<meta property=\"og:image\" content=\"https:\/\/best-tourpatagonia.tur.ar\/wp-content\/uploads\/2023\/10\/glaciar.jpg\" \/>\n\t<meta property=\"og:image:width\" content=\"619\" \/>\n\t<meta property=\"og:image:height\" content=\"345\" \/>\n\t<meta property=\"og:image:type\" content=\"image\/jpeg\" \/>\n<meta name=\"twitter:card\" content=\"summary_large_image\" \/>\n<meta name=\"twitter:label1\" content=\"Est. tempo de leitura\" \/>\n\t<meta name=\"twitter:data1\" content=\"1 minuto\" \/>\n<script type=\"application\/ld+json\" class=\"yoast-schema-graph\">{\"@context\":\"https:\\\/\\\/schema.org\",\"@graph\":[{\"@type\":\"WebPage\",\"@id\":\"https:\\\/\\\/best-tourpatagonia.tur.ar\\\/pt-br\\\/producto\\\/glaciar-perito-moreno-classico\\\/\",\"url\":\"https:\\\/\\\/best-tourpatagonia.tur.ar\\\/pt-br\\\/producto\\\/glaciar-perito-moreno-classico\\\/\",\"name\":\"Glaciar Perito Moreno - cl\u00e1ssico - Best Tour Patagonia\",\"isPartOf\":{\"@id\":\"https:\\\/\\\/best-tourpatagonia.tur.ar\\\/pt-br\\\/#website\"},\"primaryImageOfPage\":{\"@id\":\"https:\\\/\\\/best-tourpatagonia.tur.ar\\\/pt-br\\\/producto\\\/glaciar-perito-moreno-classico\\\/#primaryimage\"},\"image\":{\"@id\":\"https:\\\/\\\/best-tourpatagonia.tur.ar\\\/pt-br\\\/producto\\\/glaciar-perito-moreno-classico\\\/#primaryimage\"},\"thumbnailUrl\":\"https:\\\/\\\/best-tourpatagonia.tur.ar\\\/wp-content\\\/uploads\\\/2023\\\/10\\\/glaciar.jpg\",\"datePublished\":\"2023-10-17T14:13:25+00:00\",\"dateModified\":\"2025-06-12T15:16:35+00:00\",\"breadcrumb\":{\"@id\":\"https:\\\/\\\/best-tourpatagonia.tur.ar\\\/pt-br\\\/producto\\\/glaciar-perito-moreno-classico\\\/#breadcrumb\"},\"inLanguage\":\"pt-BR\",\"potentialAction\":[{\"@type\":\"ReadAction\",\"target\":[\"https:\\\/\\\/best-tourpatagonia.tur.ar\\\/pt-br\\\/producto\\\/glaciar-perito-moreno-classico\\\/\"]}]},{\"@type\":\"ImageObject\",\"inLanguage\":\"pt-BR\",\"@id\":\"https:\\\/\\\/best-tourpatagonia.tur.ar\\\/pt-br\\\/producto\\\/glaciar-perito-moreno-classico\\\/#primaryimage\",\"url\":\"https:\\\/\\\/best-tourpatagonia.tur.ar\\\/wp-content\\\/uploads\\\/2023\\\/10\\\/glaciar.jpg\",\"contentUrl\":\"https:\\\/\\\/best-tourpatagonia.tur.ar\\\/wp-content\\\/uploads\\\/2023\\\/10\\\/glaciar.jpg\",\"width\":619,\"height\":345},{\"@type\":\"BreadcrumbList\",\"@id\":\"https:\\\/\\\/best-tourpatagonia.tur.ar\\\/pt-br\\\/producto\\\/glaciar-perito-moreno-classico\\\/#breadcrumb\",\"itemListElement\":[{\"@type\":\"ListItem\",\"position\":1,\"name\":\"Portada\",\"item\":\"https:\\\/\\\/best-tourpatagonia.tur.ar\\\/pt-br\\\/aproveite-ushuaia-el-calafate-e-toda-a-patagonia-durante-todo-o-ano\\\/\"},{\"@type\":\"ListItem\",\"position\":2,\"name\":\"Loja\",\"item\":\"https:\\\/\\\/best-tourpatagonia.tur.ar\\\/pt-br\\\/loja\\\/\"},{\"@type\":\"ListItem\",\"position\":3,\"name\":\"Glaciar Perito Moreno &#8211; cl\u00e1ssico\"}]},{\"@type\":\"WebSite\",\"@id\":\"https:\\\/\\\/best-tourpatagonia.tur.ar\\\/pt-br\\\/#website\",\"url\":\"https:\\\/\\\/best-tourpatagonia.tur.ar\\\/pt-br\\\/\",\"name\":\"Best Tour Patagonia\",\"description\":\"Paquetes y excursiones en la Patagona Argentina\",\"publisher\":{\"@id\":\"https:\\\/\\\/best-tourpatagonia.tur.ar\\\/pt-br\\\/#organization\"},\"potentialAction\":[{\"@type\":\"SearchAction\",\"target\":{\"@type\":\"EntryPoint\",\"urlTemplate\":\"https:\\\/\\\/best-tourpatagonia.tur.ar\\\/pt-br\\\/?s={search_term_string}\"},\"query-input\":{\"@type\":\"PropertyValueSpecification\",\"valueRequired\":true,\"valueName\":\"search_term_string\"}}],\"inLanguage\":\"pt-BR\"},{\"@type\":\"Organization\",\"@id\":\"https:\\\/\\\/best-tourpatagonia.tur.ar\\\/pt-br\\\/#organization\",\"name\":\"Best Tour Patagonia\",\"url\":\"https:\\\/\\\/best-tourpatagonia.tur.ar\\\/pt-br\\\/\",\"logo\":{\"@type\":\"ImageObject\",\"inLanguage\":\"pt-BR\",\"@id\":\"https:\\\/\\\/best-tourpatagonia.tur.ar\\\/pt-br\\\/#\\\/schema\\\/logo\\\/image\\\/\",\"url\":\"https:\\\/\\\/best-tourpatagonia.tur.ar\\\/wp-content\\\/uploads\\\/2023\\\/05\\\/cropped-corona-1.png\",\"contentUrl\":\"https:\\\/\\\/best-tourpatagonia.tur.ar\\\/wp-content\\\/uploads\\\/2023\\\/05\\\/cropped-corona-1.png\",\"width\":128,\"height\":75,\"caption\":\"Best Tour Patagonia\"},\"image\":{\"@id\":\"https:\\\/\\\/best-tourpatagonia.tur.ar\\\/pt-br\\\/#\\\/schema\\\/logo\\\/image\\\/\"}}]}<\/script>\n<!-- \/ Yoast SEO plugin. -->","yoast_head_json":{"title":"Glaciar Perito Moreno - cl\u00e1ssico - Best Tour Patagonia","robots":{"index":"index","follow":"follow","max-snippet":"max-snippet:-1","max-image-preview":"max-image-preview:large","max-video-preview":"max-video-preview:-1"},"canonical":"https:\/\/best-tourpatagonia.tur.ar\/pt-br\/producto\/glaciar-perito-moreno-classico\/","og_locale":"pt_BR","og_type":"article","og_title":"Glaciar Perito Moreno - cl\u00e1ssico - Best Tour Patagonia","og_description":"Saindo de manh\u00e3 cedo de El Calafate, acompanhadopor um guia credenciado pelo Parque Nacional &#8220;Los Glaciares&#8221;, voc\u00ea come\u00e7a o passeio em dire\u00e7\u00e3o \u00e0 Geleira Perito Moreno. Ela est\u00e1 localizada a uma dist\u00e2ncia de 80 km. H\u00e1 v\u00e1rias paradas ao longo do caminho, a mais famosa delas \u00e9 a Curva de los Suspiros, onde voc\u00ea pode [&hellip;]","og_url":"https:\/\/best-tourpatagonia.tur.ar\/pt-br\/producto\/glaciar-perito-moreno-classico\/","og_site_name":"Best Tour Patagonia","article_modified_time":"2025-06-12T15:16:35+00:00","og_image":[{"width":619,"height":345,"url":"https:\/\/best-tourpatagonia.tur.ar\/wp-content\/uploads\/2023\/10\/glaciar.jpg","type":"image\/jpeg"}],"twitter_card":"summary_large_image","twitter_misc":{"Est. tempo de leitura":"1 minuto"},"schema":{"@context":"https:\/\/schema.org","@graph":[{"@type":"WebPage","@id":"https:\/\/best-tourpatagonia.tur.ar\/pt-br\/producto\/glaciar-perito-moreno-classico\/","url":"https:\/\/best-tourpatagonia.tur.ar\/pt-br\/producto\/glaciar-perito-moreno-classico\/","name":"Glaciar Perito Moreno - cl\u00e1ssico - Best Tour Patagonia","isPartOf":{"@id":"https:\/\/best-tourpatagonia.tur.ar\/pt-br\/#website"},"primaryImageOfPage":{"@id":"https:\/\/best-tourpatagonia.tur.ar\/pt-br\/producto\/glaciar-perito-moreno-classico\/#primaryimage"},"image":{"@id":"https:\/\/best-tourpatagonia.tur.ar\/pt-br\/producto\/glaciar-perito-moreno-classico\/#primaryimage"},"thumbnailUrl":"https:\/\/best-tourpatagonia.tur.ar\/wp-content\/uploads\/2023\/10\/glaciar.jpg","datePublished":"2023-10-17T14:13:25+00:00","dateModified":"2025-06-12T15:16:35+00:00","breadcrumb":{"@id":"https:\/\/best-tourpatagonia.tur.ar\/pt-br\/producto\/glaciar-perito-moreno-classico\/#breadcrumb"},"inLanguage":"pt-BR","potentialAction":[{"@type":"ReadAction","target":["https:\/\/best-tourpatagonia.tur.ar\/pt-br\/producto\/glaciar-perito-moreno-classico\/"]}]},{"@type":"ImageObject","inLanguage":"pt-BR","@id":"https:\/\/best-tourpatagonia.tur.ar\/pt-br\/producto\/glaciar-perito-moreno-classico\/#primaryimage","url":"https:\/\/best-tourpatagonia.tur.ar\/wp-content\/uploads\/2023\/10\/glaciar.jpg","contentUrl":"https:\/\/best-tourpatagonia.tur.ar\/wp-content\/uploads\/2023\/10\/glaciar.jpg","width":619,"height":345},{"@type":"BreadcrumbList","@id":"https:\/\/best-tourpatagonia.tur.ar\/pt-br\/producto\/glaciar-perito-moreno-classico\/#breadcrumb","itemListElement":[{"@type":"ListItem","position":1,"name":"Portada","item":"https:\/\/best-tourpatagonia.tur.ar\/pt-br\/aproveite-ushuaia-el-calafate-e-toda-a-patagonia-durante-todo-o-ano\/"},{"@type":"ListItem","position":2,"name":"Loja","item":"https:\/\/best-tourpatagonia.tur.ar\/pt-br\/loja\/"},{"@type":"ListItem","position":3,"name":"Glaciar Perito Moreno &#8211; cl\u00e1ssico"}]},{"@type":"WebSite","@id":"https:\/\/best-tourpatagonia.tur.ar\/pt-br\/#website","url":"https:\/\/best-tourpatagonia.tur.ar\/pt-br\/","name":"Best Tour Patagonia","description":"Paquetes y excursiones en la Patagona Argentina","publisher":{"@id":"https:\/\/best-tourpatagonia.tur.ar\/pt-br\/#organization"},"potentialAction":[{"@type":"SearchAction","target":{"@type":"EntryPoint","urlTemplate":"https:\/\/best-tourpatagonia.tur.ar\/pt-br\/?s={search_term_string}"},"query-input":{"@type":"PropertyValueSpecification","valueRequired":true,"valueName":"search_term_string"}}],"inLanguage":"pt-BR"},{"@type":"Organization","@id":"https:\/\/best-tourpatagonia.tur.ar\/pt-br\/#organization","name":"Best Tour Patagonia","url":"https:\/\/best-tourpatagonia.tur.ar\/pt-br\/","logo":{"@type":"ImageObject","inLanguage":"pt-BR","@id":"https:\/\/best-tourpatagonia.tur.ar\/pt-br\/#\/schema\/logo\/image\/","url":"https:\/\/best-tourpatagonia.tur.ar\/wp-content\/uploads\/2023\/05\/cropped-corona-1.png","contentUrl":"https:\/\/best-tourpatagonia.tur.ar\/wp-content\/uploads\/2023\/05\/cropped-corona-1.png","width":128,"height":75,"caption":"Best Tour Patagonia"},"image":{"@id":"https:\/\/best-tourpatagonia.tur.ar\/pt-br\/#\/schema\/logo\/image\/"}}]}},"_links":{"self":[{"href":"https:\/\/best-tourpatagonia.tur.ar\/pt-br\/wp-json\/wp\/v2\/product\/11319","targetHints":{"allow":["GET"]}}],"collection":[{"href":"https:\/\/best-tourpatagonia.tur.ar\/pt-br\/wp-json\/wp\/v2\/product"}],"about":[{"href":"https:\/\/best-tourpatagonia.tur.ar\/pt-br\/wp-json\/wp\/v2\/types\/product"}],"wp:featuredmedia":[{"embeddable":true,"href":"https:\/\/best-tourpatagonia.tur.ar\/pt-br\/wp-json\/wp\/v2\/media\/11343"}],"wp:attachment":[{"href":"https:\/\/best-tourpatagonia.tur.ar\/pt-br\/wp-json\/wp\/v2\/media?parent=11319"}],"wp:term":[{"taxonomy":"product_brand","embeddable":true,"href":"https:\/\/best-tourpatagonia.tur.ar\/pt-br\/wp-json\/wp\/v2\/product_brand?post=11319"},{"taxonomy":"product_cat","embeddable":true,"href":"https:\/\/best-tourpatagonia.tur.ar\/pt-br\/wp-json\/wp\/v2\/product_cat?post=11319"},{"taxonomy":"product_tag","embeddable":true,"href":"https:\/\/best-tourpatagonia.tur.ar\/pt-br\/wp-json\/wp\/v2\/product_tag?post=11319"},{"taxonomy":"destino","embeddable":true,"href":"https:\/\/best-tourpatagonia.tur.ar\/pt-br\/wp-json\/wp\/v2\/destino?post=11319"},{"taxonomy":"pais","embeddable":true,"href":"https:\/\/best-tourpatagonia.tur.ar\/pt-br\/wp-json\/wp\/v2\/pais?post=11319"}],"curies":[{"name":"wp","href":"https:\/\/api.w.org\/{rel}","templated":true}]}}