{"id":11278,"date":"2023-10-17T15:36:31","date_gmt":"2023-10-17T18:36:31","guid":{"rendered":"https:\/\/best-tourpatagonia.tur.ar\/producto\/grande-gelo-geleira-perito-moreno\/"},"modified":"2025-06-12T12:16:34","modified_gmt":"2025-06-12T15:16:34","slug":"grande-gelo-geleira-perito-moreno","status":"publish","type":"product","link":"https:\/\/best-tourpatagonia.tur.ar\/pt-br\/producto\/grande-gelo-geleira-perito-moreno\/","title":{"rendered":"Grande Gelo &#8211; Geleira Perito Moreno"},"content":{"rendered":"<p>O Big Ice \u00e9 uma excurs\u00e3o de dia inteiro que come\u00e7a com o embarque dos passageiros em El Calafate. Em nossos \u00f4nibus confort\u00e1veis, a caminho do Parque Nacional Los Glaciares, os guias tur\u00edsticos fornecer\u00e3o informa\u00e7\u00f5es sobre a atividade, o local e a geleira. <\/p>\n<p><strong>Uma vez no porto \u201cBajo de las Sombras\u201d (Rota 11, a 70 km de El Calafate)<\/strong> <strong>, voc\u00ea embarcar\u00e1 para cruzar o Lago Rico,<\/strong> chegando \u00e0 margem oposta ap\u00f3s aproximadamente 20 minutos de navega\u00e7\u00e3o em frente \u00e0 imponente face sul da Geleira Perito Moreno.<\/p>\n<p>Ao chegar ao ref\u00fagio, o grupo ser\u00e1 recebido por guias de montanha especializados, que os dividir\u00e3o em subgrupos e os acompanhar\u00e3o durante toda a caminhada. O trekking <strong>come\u00e7a com uma caminhada ao longo da morena por aproximadamente 2 horas, <\/strong>onde voc\u00ea poder\u00e1 observar diferentes vistas panor\u00e2micas da geleira e da floresta. <\/p>\n<p><strong>O Big Ice \u00e9 uma excurs\u00e3o altamente personalizada: <\/strong>grupos de at\u00e9 10 pessoas no gelo ser\u00e3o acompanhados por dois guias de montanha que colocar\u00e3o crampons, capacetes e arreios e explicar\u00e3o as regras b\u00e1sicas de seguran\u00e7a.<\/p>\n<p><strong>As exig\u00eancias f\u00edsicas s\u00e3o altas, tanto na floresta quanto no gelo, onde a superf\u00edcie \u00e9 irregular, mas firme e segura.<\/strong><\/p>\n<p>Uma vez na geleira e com os grampos colocados, o mundo assume uma nova perspectiva: lagoas azuis, fendas profundas, enormes buracos, cavernas m\u00e1gicas e a sensa\u00e7\u00e3o \u00fanica de estar no cora\u00e7\u00e3o da geleira.<\/p>\n<p><strong>Voc\u00ea explorar\u00e1 os cantos e recantos da geleira mais especial do mundo por cerca de tr\u00eas horas.<\/strong>  Durante o passeio, os guias de montanha o ajudar\u00e3o a conhecer melhor o gelo e seus arredores e voc\u00ea poder\u00e1 medir a magnitude da geleira e apreciar a vista das montanhas ao redor, como as colinas Dos Picos, Pietrobelli e Cervantes. Voc\u00ea tamb\u00e9m ter\u00e1 meia hora para almo\u00e7ar e se maravilhar em um lugar de beleza incompar\u00e1vel. <\/p>\n<p>Ao final da caminhada na geleira, voc\u00ea retornar\u00e1 pelo mesmo caminho at\u00e9 chegar ao Ref\u00fagio, onde ter\u00e1 alguns minutos para contemplar esse lugar de beleza incompar\u00e1vel. Ao pegar o barco de volta, voc\u00ea navegar\u00e1 muito perto da face sul da Geleira Perito Moreno e depois retornar\u00e1 \u00e0 \u201cciviliza\u00e7\u00e3o\u201d, ap\u00f3s ter desfrutado de <strong>uma das caminhadas no gelo mais espetaculares do mundo!<\/strong> <\/p>\n<p><strong> <\/strong><strong>A dura\u00e7\u00e3o da excurs\u00e3o com o traslado \u00e9 de aproximadamente doze horas no total <\/strong>e inclui uma visita guiada de aproximadamente uma hora \u00e0s passarelas da Geleira Perito Moreno, a 7 km do porto. L\u00e1 voc\u00ea pode apreciar a espetacular vista panor\u00e2mica da geleira e caminhar por uma das trilhas autoguiadas. Caso voc\u00ea n\u00e3o opte pelo nosso transporte e v\u00e1 por conta pr\u00f3pria, o <strong>Big Ice<\/strong> leva cerca de sete horas e meia, saindo do porto e retornando ao mesmo ponto de partida.  <\/p>\n<p><strong>O Big Ice ocorre em um ambiente natural, portanto, as condi\u00e7\u00f5es clim\u00e1ticas e as caracter\u00edsticas da geleira e seus arredores mudam diariamente. No entanto, o passeio n\u00e3o \u00e9 suspenso, desde que as condi\u00e7\u00f5es de seguran\u00e7a o permitam. Estamos ansiosos para ver voc\u00ea!  <\/strong><\/p>\n<p><span class=\"OYPEnA text-decoration-none text-strikethrough-none\">-n\u00e3o adequado para menores<\/span><\/p>\n<p><span class=\"OYPEnA text-decoration-none text-strikethrough-none\">N\u00e3o inclu\u00eddo: Taxa de entrada no Parque Nacional e almo\u00e7o.<\/span><\/p>\n","protected":false},"excerpt":{"rendered":"<p>O Big Ice \u00e9 uma excurs\u00e3o de dia inteiro que come\u00e7a com o embarque dos passageiros em El Calafate. Em nossos \u00f4nibus confort\u00e1veis, a caminho do Parque Nacional Los Glaciares, os guias tur\u00edsticos fornecer\u00e3o informa\u00e7\u00f5es sobre a atividade, o local e a geleira. Uma vez no porto \u201cBajo de las Sombras\u201d (Rota 11, a 70 [&hellip;]<\/p>\n","protected":false},"featured_media":11297,"template":"","meta":[],"product_brand":[],"product_cat":[140,103,105],"product_tag":[],"destino":[157],"pais":[164],"class_list":{"0":"post-11278","1":"product","2":"type-product","3":"status-publish","4":"has-post-thumbnail","6":"product_cat-aventura-pt-br","7":"product_cat-excursiones-pt-br","8":"product_cat-excursoes-terrestres","9":"destino-el-calafate-pt-br","10":"pais-argentina-pt-br","12":"first","13":"instock","14":"virtual","15":"sold-individually","16":"purchasable","17":"product-type-booking"},"booking_location":"","booking_location_type":"","booking_duration":1,"booking_duration_unit":"day","booking_buffer":0,"booking_cost":0,"booking_resources":[],"yoast_head":"<!-- This site is optimized with the Yoast SEO plugin v27.1.1 - https:\/\/yoast.com\/product\/yoast-seo-wordpress\/ -->\n<title>Grande Gelo - Geleira Perito Moreno - Best Tour Patagonia<\/title>\n<meta name=\"robots\" content=\"index, follow, max-snippet:-1, max-image-preview:large, max-video-preview:-1\" \/>\n<link rel=\"canonical\" href=\"https:\/\/best-tourpatagonia.tur.ar\/pt-br\/producto\/grande-gelo-geleira-perito-moreno\/\" \/>\n<meta property=\"og:locale\" content=\"pt_BR\" \/>\n<meta property=\"og:type\" content=\"article\" \/>\n<meta property=\"og:title\" content=\"Grande Gelo - Geleira Perito Moreno - Best Tour Patagonia\" \/>\n<meta property=\"og:description\" content=\"O Big Ice \u00e9 uma excurs\u00e3o de dia inteiro que come\u00e7a com o embarque dos passageiros em El Calafate. Em nossos \u00f4nibus confort\u00e1veis, a caminho do Parque Nacional Los Glaciares, os guias tur\u00edsticos fornecer\u00e3o informa\u00e7\u00f5es sobre a atividade, o local e a geleira. Uma vez no porto \u201cBajo de las Sombras\u201d (Rota 11, a 70 [&hellip;]\" \/>\n<meta property=\"og:url\" content=\"https:\/\/best-tourpatagonia.tur.ar\/pt-br\/producto\/grande-gelo-geleira-perito-moreno\/\" \/>\n<meta property=\"og:site_name\" content=\"Best Tour Patagonia\" \/>\n<meta property=\"article:modified_time\" content=\"2025-06-12T15:16:34+00:00\" \/>\n<meta property=\"og:image\" content=\"https:\/\/best-tourpatagonia.tur.ar\/wp-content\/uploads\/2023\/10\/bigice0_2.jpg\" \/>\n\t<meta property=\"og:image:width\" content=\"1920\" \/>\n\t<meta property=\"og:image:height\" content=\"1280\" \/>\n\t<meta property=\"og:image:type\" content=\"image\/jpeg\" \/>\n<meta name=\"twitter:card\" content=\"summary_large_image\" \/>\n<meta name=\"twitter:label1\" content=\"Est. tempo de leitura\" \/>\n\t<meta name=\"twitter:data1\" content=\"3 minutos\" \/>\n<script type=\"application\/ld+json\" class=\"yoast-schema-graph\">{\"@context\":\"https:\/\/schema.org\",\"@graph\":[{\"@type\":\"WebPage\",\"@id\":\"https:\/\/best-tourpatagonia.tur.ar\/pt-br\/producto\/grande-gelo-geleira-perito-moreno\/\",\"url\":\"https:\/\/best-tourpatagonia.tur.ar\/pt-br\/producto\/grande-gelo-geleira-perito-moreno\/\",\"name\":\"Grande Gelo - Geleira Perito Moreno - Best Tour Patagonia\",\"isPartOf\":{\"@id\":\"https:\/\/best-tourpatagonia.tur.ar\/pt-br\/#website\"},\"primaryImageOfPage\":{\"@id\":\"https:\/\/best-tourpatagonia.tur.ar\/pt-br\/producto\/grande-gelo-geleira-perito-moreno\/#primaryimage\"},\"image\":{\"@id\":\"https:\/\/best-tourpatagonia.tur.ar\/pt-br\/producto\/grande-gelo-geleira-perito-moreno\/#primaryimage\"},\"thumbnailUrl\":\"https:\/\/best-tourpatagonia.tur.ar\/wp-content\/uploads\/2023\/10\/bigice0_2.jpg\",\"datePublished\":\"2023-10-17T18:36:31+00:00\",\"dateModified\":\"2025-06-12T15:16:34+00:00\",\"breadcrumb\":{\"@id\":\"https:\/\/best-tourpatagonia.tur.ar\/pt-br\/producto\/grande-gelo-geleira-perito-moreno\/#breadcrumb\"},\"inLanguage\":\"pt-BR\",\"potentialAction\":[{\"@type\":\"ReadAction\",\"target\":[\"https:\/\/best-tourpatagonia.tur.ar\/pt-br\/producto\/grande-gelo-geleira-perito-moreno\/\"]}]},{\"@type\":\"ImageObject\",\"inLanguage\":\"pt-BR\",\"@id\":\"https:\/\/best-tourpatagonia.tur.ar\/pt-br\/producto\/grande-gelo-geleira-perito-moreno\/#primaryimage\",\"url\":\"https:\/\/best-tourpatagonia.tur.ar\/wp-content\/uploads\/2023\/10\/bigice0_2.jpg\",\"contentUrl\":\"https:\/\/best-tourpatagonia.tur.ar\/wp-content\/uploads\/2023\/10\/bigice0_2.jpg\",\"width\":1920,\"height\":1280},{\"@type\":\"BreadcrumbList\",\"@id\":\"https:\/\/best-tourpatagonia.tur.ar\/pt-br\/producto\/grande-gelo-geleira-perito-moreno\/#breadcrumb\",\"itemListElement\":[{\"@type\":\"ListItem\",\"position\":1,\"name\":\"Portada\",\"item\":\"https:\/\/best-tourpatagonia.tur.ar\/pt-br\/aproveite-ushuaia-el-calafate-e-toda-a-patagonia-durante-todo-o-ano\/\"},{\"@type\":\"ListItem\",\"position\":2,\"name\":\"Loja\",\"item\":\"https:\/\/best-tourpatagonia.tur.ar\/pt-br\/loja\/\"},{\"@type\":\"ListItem\",\"position\":3,\"name\":\"Grande Gelo &#8211; Geleira Perito Moreno\"}]},{\"@type\":\"WebSite\",\"@id\":\"https:\/\/best-tourpatagonia.tur.ar\/pt-br\/#website\",\"url\":\"https:\/\/best-tourpatagonia.tur.ar\/pt-br\/\",\"name\":\"Best Tour Patagonia\",\"description\":\"Paquetes y excursiones en la Patagona Argentina\",\"publisher\":{\"@id\":\"https:\/\/best-tourpatagonia.tur.ar\/pt-br\/#organization\"},\"potentialAction\":[{\"@type\":\"SearchAction\",\"target\":{\"@type\":\"EntryPoint\",\"urlTemplate\":\"https:\/\/best-tourpatagonia.tur.ar\/pt-br\/?s={search_term_string}\"},\"query-input\":{\"@type\":\"PropertyValueSpecification\",\"valueRequired\":true,\"valueName\":\"search_term_string\"}}],\"inLanguage\":\"pt-BR\"},{\"@type\":\"Organization\",\"@id\":\"https:\/\/best-tourpatagonia.tur.ar\/pt-br\/#organization\",\"name\":\"Best Tour Patagonia\",\"url\":\"https:\/\/best-tourpatagonia.tur.ar\/pt-br\/\",\"logo\":{\"@type\":\"ImageObject\",\"inLanguage\":\"pt-BR\",\"@id\":\"https:\/\/best-tourpatagonia.tur.ar\/pt-br\/#\/schema\/logo\/image\/\",\"url\":\"https:\/\/best-tourpatagonia.tur.ar\/wp-content\/uploads\/2023\/05\/cropped-corona-1.png\",\"contentUrl\":\"https:\/\/best-tourpatagonia.tur.ar\/wp-content\/uploads\/2023\/05\/cropped-corona-1.png\",\"width\":128,\"height\":75,\"caption\":\"Best Tour Patagonia\"},\"image\":{\"@id\":\"https:\/\/best-tourpatagonia.tur.ar\/pt-br\/#\/schema\/logo\/image\/\"}}]}<\/script>\n<!-- \/ Yoast SEO plugin. -->","yoast_head_json":{"title":"Grande Gelo - Geleira Perito Moreno - Best Tour Patagonia","robots":{"index":"index","follow":"follow","max-snippet":"max-snippet:-1","max-image-preview":"max-image-preview:large","max-video-preview":"max-video-preview:-1"},"canonical":"https:\/\/best-tourpatagonia.tur.ar\/pt-br\/producto\/grande-gelo-geleira-perito-moreno\/","og_locale":"pt_BR","og_type":"article","og_title":"Grande Gelo - Geleira Perito Moreno - Best Tour Patagonia","og_description":"O Big Ice \u00e9 uma excurs\u00e3o de dia inteiro que come\u00e7a com o embarque dos passageiros em El Calafate. Em nossos \u00f4nibus confort\u00e1veis, a caminho do Parque Nacional Los Glaciares, os guias tur\u00edsticos fornecer\u00e3o informa\u00e7\u00f5es sobre a atividade, o local e a geleira. Uma vez no porto \u201cBajo de las Sombras\u201d (Rota 11, a 70 [&hellip;]","og_url":"https:\/\/best-tourpatagonia.tur.ar\/pt-br\/producto\/grande-gelo-geleira-perito-moreno\/","og_site_name":"Best Tour Patagonia","article_modified_time":"2025-06-12T15:16:34+00:00","og_image":[{"width":1920,"height":1280,"url":"https:\/\/best-tourpatagonia.tur.ar\/wp-content\/uploads\/2023\/10\/bigice0_2.jpg","type":"image\/jpeg"}],"twitter_card":"summary_large_image","twitter_misc":{"Est. tempo de leitura":"3 minutos"},"schema":{"@context":"https:\/\/schema.org","@graph":[{"@type":"WebPage","@id":"https:\/\/best-tourpatagonia.tur.ar\/pt-br\/producto\/grande-gelo-geleira-perito-moreno\/","url":"https:\/\/best-tourpatagonia.tur.ar\/pt-br\/producto\/grande-gelo-geleira-perito-moreno\/","name":"Grande Gelo - Geleira Perito Moreno - Best Tour Patagonia","isPartOf":{"@id":"https:\/\/best-tourpatagonia.tur.ar\/pt-br\/#website"},"primaryImageOfPage":{"@id":"https:\/\/best-tourpatagonia.tur.ar\/pt-br\/producto\/grande-gelo-geleira-perito-moreno\/#primaryimage"},"image":{"@id":"https:\/\/best-tourpatagonia.tur.ar\/pt-br\/producto\/grande-gelo-geleira-perito-moreno\/#primaryimage"},"thumbnailUrl":"https:\/\/best-tourpatagonia.tur.ar\/wp-content\/uploads\/2023\/10\/bigice0_2.jpg","datePublished":"2023-10-17T18:36:31+00:00","dateModified":"2025-06-12T15:16:34+00:00","breadcrumb":{"@id":"https:\/\/best-tourpatagonia.tur.ar\/pt-br\/producto\/grande-gelo-geleira-perito-moreno\/#breadcrumb"},"inLanguage":"pt-BR","potentialAction":[{"@type":"ReadAction","target":["https:\/\/best-tourpatagonia.tur.ar\/pt-br\/producto\/grande-gelo-geleira-perito-moreno\/"]}]},{"@type":"ImageObject","inLanguage":"pt-BR","@id":"https:\/\/best-tourpatagonia.tur.ar\/pt-br\/producto\/grande-gelo-geleira-perito-moreno\/#primaryimage","url":"https:\/\/best-tourpatagonia.tur.ar\/wp-content\/uploads\/2023\/10\/bigice0_2.jpg","contentUrl":"https:\/\/best-tourpatagonia.tur.ar\/wp-content\/uploads\/2023\/10\/bigice0_2.jpg","width":1920,"height":1280},{"@type":"BreadcrumbList","@id":"https:\/\/best-tourpatagonia.tur.ar\/pt-br\/producto\/grande-gelo-geleira-perito-moreno\/#breadcrumb","itemListElement":[{"@type":"ListItem","position":1,"name":"Portada","item":"https:\/\/best-tourpatagonia.tur.ar\/pt-br\/aproveite-ushuaia-el-calafate-e-toda-a-patagonia-durante-todo-o-ano\/"},{"@type":"ListItem","position":2,"name":"Loja","item":"https:\/\/best-tourpatagonia.tur.ar\/pt-br\/loja\/"},{"@type":"ListItem","position":3,"name":"Grande Gelo &#8211; Geleira Perito Moreno"}]},{"@type":"WebSite","@id":"https:\/\/best-tourpatagonia.tur.ar\/pt-br\/#website","url":"https:\/\/best-tourpatagonia.tur.ar\/pt-br\/","name":"Best Tour Patagonia","description":"Paquetes y excursiones en la Patagona Argentina","publisher":{"@id":"https:\/\/best-tourpatagonia.tur.ar\/pt-br\/#organization"},"potentialAction":[{"@type":"SearchAction","target":{"@type":"EntryPoint","urlTemplate":"https:\/\/best-tourpatagonia.tur.ar\/pt-br\/?s={search_term_string}"},"query-input":{"@type":"PropertyValueSpecification","valueRequired":true,"valueName":"search_term_string"}}],"inLanguage":"pt-BR"},{"@type":"Organization","@id":"https:\/\/best-tourpatagonia.tur.ar\/pt-br\/#organization","name":"Best Tour Patagonia","url":"https:\/\/best-tourpatagonia.tur.ar\/pt-br\/","logo":{"@type":"ImageObject","inLanguage":"pt-BR","@id":"https:\/\/best-tourpatagonia.tur.ar\/pt-br\/#\/schema\/logo\/image\/","url":"https:\/\/best-tourpatagonia.tur.ar\/wp-content\/uploads\/2023\/05\/cropped-corona-1.png","contentUrl":"https:\/\/best-tourpatagonia.tur.ar\/wp-content\/uploads\/2023\/05\/cropped-corona-1.png","width":128,"height":75,"caption":"Best Tour Patagonia"},"image":{"@id":"https:\/\/best-tourpatagonia.tur.ar\/pt-br\/#\/schema\/logo\/image\/"}}]}},"_links":{"self":[{"href":"https:\/\/best-tourpatagonia.tur.ar\/pt-br\/wp-json\/wp\/v2\/product\/11278","targetHints":{"allow":["GET"]}}],"collection":[{"href":"https:\/\/best-tourpatagonia.tur.ar\/pt-br\/wp-json\/wp\/v2\/product"}],"about":[{"href":"https:\/\/best-tourpatagonia.tur.ar\/pt-br\/wp-json\/wp\/v2\/types\/product"}],"wp:featuredmedia":[{"embeddable":true,"href":"https:\/\/best-tourpatagonia.tur.ar\/pt-br\/wp-json\/wp\/v2\/media\/11297"}],"wp:attachment":[{"href":"https:\/\/best-tourpatagonia.tur.ar\/pt-br\/wp-json\/wp\/v2\/media?parent=11278"}],"wp:term":[{"taxonomy":"product_brand","embeddable":true,"href":"https:\/\/best-tourpatagonia.tur.ar\/pt-br\/wp-json\/wp\/v2\/product_brand?post=11278"},{"taxonomy":"product_cat","embeddable":true,"href":"https:\/\/best-tourpatagonia.tur.ar\/pt-br\/wp-json\/wp\/v2\/product_cat?post=11278"},{"taxonomy":"product_tag","embeddable":true,"href":"https:\/\/best-tourpatagonia.tur.ar\/pt-br\/wp-json\/wp\/v2\/product_tag?post=11278"},{"taxonomy":"destino","embeddable":true,"href":"https:\/\/best-tourpatagonia.tur.ar\/pt-br\/wp-json\/wp\/v2\/destino?post=11278"},{"taxonomy":"pais","embeddable":true,"href":"https:\/\/best-tourpatagonia.tur.ar\/pt-br\/wp-json\/wp\/v2\/pais?post=11278"}],"curies":[{"name":"wp","href":"https:\/\/api.w.org\/{rel}","templated":true}]}}