{"id":11207,"date":"2023-10-24T11:38:09","date_gmt":"2023-10-24T14:38:09","guid":{"rendered":"https:\/\/best-tourpatagonia.tur.ar\/producto\/dia-inteiro-livre-em-chalten-com-almoco\/"},"modified":"2025-06-12T12:16:07","modified_gmt":"2025-06-12T15:16:07","slug":"dia-inteiro-livre-em-chalten-com-almoco","status":"publish","type":"product","link":"https:\/\/best-tourpatagonia.tur.ar\/pt-br\/producto\/dia-inteiro-livre-em-chalten-com-almoco\/","title":{"rendered":"Dia inteiro livre em Chalt\u00e9n &#8211; com almo\u00e7o"},"content":{"rendered":"<p>At\u00e9 alguns anos atr\u00e1s, reservado para alpinistas e expedicion\u00e1rios, chegar a El Chalt\u00e9n &#8211; aos p\u00e9s do m\u00edtico Monte Fitz Roy &#8211; continua sendo um dos espet\u00e1culos mais bonitos e esperados pelos viajantes que visitam o sul da Patag\u00f4nia. Para chegar a El Chalt\u00e9n saindo de El Calafate, voc\u00ea percorre 220 km pela m\u00edtica Rota 40 e depois pela Rota 23, desfrutando dessas estradas de aventura pela estepe patag\u00f4nica, margeando o rio La Leona que une os lagos Argentino e Viedma, e mantendo a cordilheira e a geleira Viedma \u00e0 vista, voc\u00ea chegar\u00e1 a esse magn\u00edfico vilarejo tur\u00edstico, onde desfrutar\u00e1 de uma experi\u00eancia fascinante. <\/p>\n<p>No in\u00edcio da manh\u00e3, voc\u00ea come\u00e7ar\u00e1 a procurar hot\u00e9is em El Calafate e seguir\u00e1 em dire\u00e7\u00e3o \u00e0 m\u00edtica Ruta 40. Essa rota contorna o Lago Argentino, atravessa o Rio Santa Cruz e o Rio La Leona e, depois de 1h15, voc\u00ea chegar\u00e1 ao Hotel de Campo La Leona, quase um museu na Rota 40, onde poder\u00e1 tomar um caf\u00e9 com bolos caseiros.<br \/>\nA rota continua ao longo da margem do Lago Viedma com a Cordilheira dos Andes ao fundo. Antes de chegar a El Chalt\u00e9n, voc\u00ea far\u00e1 uma parada no Mirante da Geleira Viedma, de onde poder\u00e1 desfrutar de uma bela vista panor\u00e2mica do lago e da geleira de mesmo nome e das emblem\u00e1ticas montanhas Fitz Roy e Cerro Torre. Ap\u00f3s 3 horas de viagem, voc\u00ea chegar\u00e1 ao vilarejo montanhoso de El Chalt\u00e9n.<br \/>\nUma vez no vilarejo, o guia oferecer\u00e1 o almo\u00e7o a cada passageiro e, em seguida, mostrar\u00e1 o in\u00edcio das trilhas autoguiadas que partem de El Chalt\u00e9n e levam aos principais mirantes: Laguna Capri, Mirante Fitz Roy, Mirante Cerro Torre, Mirador de los C\u00f3ndores, Salto del Chorrillo, Loma del Pliegue Tumbado (mirante da Laguna e Cerro Torre), para os quais voc\u00ea ser\u00e1 orientado sobre as diferentes op\u00e7\u00f5es de acordo com sua condi\u00e7\u00e3o f\u00edsica.<br \/>\nNo final da tarde, no hor\u00e1rio combinado, os passageiros devem retornar ao ponto de encontro para o retorno a El Calafate.<\/p>\n<p>Algumas das trilhas mencionadas, como Mirador Cerro Torre, Loma del Pliegue Tumbado, s\u00e3o muito dif\u00edceis de fazer entre maio e setembro devido \u00e0s condi\u00e7\u00f5es do solo, ao clima e \u00e0s horas de luz do dia dispon\u00edveis. Em meados dos meses de inverno, \u00e9 necess\u00e1rio usar roupas e cal\u00e7ados para neve para fazer as trilhas, inclusive a trilha para a Laguna Capri. As autoridades do Parque Nacional podem exigir bast\u00f5es de trekking e crampons.  <\/p>\n<p>Na temporada de inverno, nossa perman\u00eancia em El Chalt\u00e9n \u00e9 de aproximadamente 5 horas.<br \/>\nVoc\u00ea pode fazer paradas em La Leona e no Mirador del Glaciar Viedma no caminho de volta, a crit\u00e9rio do guia.<\/p>\n<p>N\u00e3o opera em 25 de dezembro e 1\u00ba de janeiro.<\/p>\n","protected":false},"excerpt":{"rendered":"<p><u>Setembro &#8211; Outubro<\/u>: Sa\u00eddas \u00e0s ter\u00e7as, quintas e s\u00e1bados. Iniciar busca por hot\u00e9is 8hs<br \/>\n<u>Novembro a mar\u00e7o<\/u>: Sa\u00eddas di\u00e1rias. Iniciar a busca por hot\u00e9is \u00e0s 7h30<br \/>\n<u>Abril<\/u>: Sa\u00eddas di\u00e1rias com busca por hot\u00e9is 8 hs<\/p>\n<p><u>De maio a agosto<\/u>: Sem opera\u00e7\u00e3o<\/p>\n<p>N\u00e3o opera em 25 de dezembro e 1\u00ba de janeiro.<\/p>\n<p><strong>Restri\u00e7\u00f5es:<\/strong><br \/>\nEste passeio n\u00e3o tem restri\u00e7\u00f5es, pois cada passageiro escolhe se quer caminhar pela montanha ou apreciar a vista da vila.<\/p>\n","protected":false},"featured_media":11236,"template":"","meta":[],"product_brand":[],"product_cat":[103,105],"product_tag":[],"destino":[157,159],"pais":[164],"class_list":{"0":"post-11207","1":"product","2":"type-product","3":"status-publish","4":"has-post-thumbnail","6":"product_cat-excursiones-pt-br","7":"product_cat-excursoes-terrestres","8":"destino-el-calafate-pt-br","9":"destino-el-chalten-pt-br","10":"pais-argentina-pt-br","12":"first","13":"instock","14":"virtual","15":"sold-individually","16":"purchasable","17":"product-type-booking"},"booking_location":"","booking_location_type":"","booking_duration":1,"booking_duration_unit":"day","booking_buffer":0,"booking_cost":0,"booking_resources":[],"yoast_head":"<!-- This site is optimized with the Yoast SEO plugin v27.1.1 - https:\/\/yoast.com\/product\/yoast-seo-wordpress\/ -->\n<title>Dia inteiro livre em Chalt\u00e9n - com almo\u00e7o - Best Tour Patagonia<\/title>\n<meta name=\"robots\" content=\"index, follow, max-snippet:-1, max-image-preview:large, max-video-preview:-1\" \/>\n<link rel=\"canonical\" href=\"https:\/\/best-tourpatagonia.tur.ar\/pt-br\/producto\/dia-inteiro-livre-em-chalten-com-almoco\/\" \/>\n<meta property=\"og:locale\" content=\"pt_BR\" \/>\n<meta property=\"og:type\" content=\"article\" \/>\n<meta property=\"og:title\" content=\"Dia inteiro livre em Chalt\u00e9n - com almo\u00e7o - Best Tour Patagonia\" \/>\n<meta property=\"og:description\" content=\"Setembro - Outubro: Sa\u00eddas \u00e0s ter\u00e7as, quintas e s\u00e1bados. Iniciar busca por hot\u00e9is 8hs Novembro a mar\u00e7o: Sa\u00eddas di\u00e1rias. Iniciar a busca por hot\u00e9is \u00e0s 7h30 Abril: Sa\u00eddas di\u00e1rias com busca por hot\u00e9is 8 hs De maio a agosto: Sem opera\u00e7\u00e3o N\u00e3o opera em 25 de dezembro e 1\u00ba de janeiro. Restri\u00e7\u00f5es: Este passeio n\u00e3o tem restri\u00e7\u00f5es, pois cada passageiro escolhe se quer caminhar pela montanha ou apreciar a vista da vila.\" \/>\n<meta property=\"og:url\" content=\"https:\/\/best-tourpatagonia.tur.ar\/pt-br\/producto\/dia-inteiro-livre-em-chalten-com-almoco\/\" \/>\n<meta property=\"og:site_name\" content=\"Best Tour Patagonia\" \/>\n<meta property=\"article:modified_time\" content=\"2025-06-12T15:16:07+00:00\" \/>\n<meta property=\"og:image\" content=\"https:\/\/best-tourpatagonia.tur.ar\/wp-content\/uploads\/2023\/10\/fitz-roy-7364-o.jpg\" \/>\n\t<meta property=\"og:image:width\" content=\"1000\" \/>\n\t<meta property=\"og:image:height\" content=\"700\" \/>\n\t<meta property=\"og:image:type\" content=\"image\/jpeg\" \/>\n<meta name=\"twitter:card\" content=\"summary_large_image\" \/>\n<meta name=\"twitter:label1\" content=\"Est. tempo de leitura\" \/>\n\t<meta name=\"twitter:data1\" content=\"2 minutos\" \/>\n<script type=\"application\/ld+json\" class=\"yoast-schema-graph\">{\"@context\":\"https:\/\/schema.org\",\"@graph\":[{\"@type\":\"WebPage\",\"@id\":\"https:\/\/best-tourpatagonia.tur.ar\/pt-br\/producto\/dia-inteiro-livre-em-chalten-com-almoco\/\",\"url\":\"https:\/\/best-tourpatagonia.tur.ar\/pt-br\/producto\/dia-inteiro-livre-em-chalten-com-almoco\/\",\"name\":\"Dia inteiro livre em Chalt\u00e9n - com almo\u00e7o - Best Tour Patagonia\",\"isPartOf\":{\"@id\":\"https:\/\/best-tourpatagonia.tur.ar\/pt-br\/#website\"},\"primaryImageOfPage\":{\"@id\":\"https:\/\/best-tourpatagonia.tur.ar\/pt-br\/producto\/dia-inteiro-livre-em-chalten-com-almoco\/#primaryimage\"},\"image\":{\"@id\":\"https:\/\/best-tourpatagonia.tur.ar\/pt-br\/producto\/dia-inteiro-livre-em-chalten-com-almoco\/#primaryimage\"},\"thumbnailUrl\":\"https:\/\/best-tourpatagonia.tur.ar\/wp-content\/uploads\/2023\/10\/fitz-roy-7364-o.jpg\",\"datePublished\":\"2023-10-24T14:38:09+00:00\",\"dateModified\":\"2025-06-12T15:16:07+00:00\",\"breadcrumb\":{\"@id\":\"https:\/\/best-tourpatagonia.tur.ar\/pt-br\/producto\/dia-inteiro-livre-em-chalten-com-almoco\/#breadcrumb\"},\"inLanguage\":\"pt-BR\",\"potentialAction\":[{\"@type\":\"ReadAction\",\"target\":[\"https:\/\/best-tourpatagonia.tur.ar\/pt-br\/producto\/dia-inteiro-livre-em-chalten-com-almoco\/\"]}]},{\"@type\":\"ImageObject\",\"inLanguage\":\"pt-BR\",\"@id\":\"https:\/\/best-tourpatagonia.tur.ar\/pt-br\/producto\/dia-inteiro-livre-em-chalten-com-almoco\/#primaryimage\",\"url\":\"https:\/\/best-tourpatagonia.tur.ar\/wp-content\/uploads\/2023\/10\/fitz-roy-7364-o.jpg\",\"contentUrl\":\"https:\/\/best-tourpatagonia.tur.ar\/wp-content\/uploads\/2023\/10\/fitz-roy-7364-o.jpg\",\"width\":1000,\"height\":700},{\"@type\":\"BreadcrumbList\",\"@id\":\"https:\/\/best-tourpatagonia.tur.ar\/pt-br\/producto\/dia-inteiro-livre-em-chalten-com-almoco\/#breadcrumb\",\"itemListElement\":[{\"@type\":\"ListItem\",\"position\":1,\"name\":\"Portada\",\"item\":\"https:\/\/best-tourpatagonia.tur.ar\/pt-br\/aproveite-ushuaia-el-calafate-e-toda-a-patagonia-durante-todo-o-ano\/\"},{\"@type\":\"ListItem\",\"position\":2,\"name\":\"Loja\",\"item\":\"https:\/\/best-tourpatagonia.tur.ar\/pt-br\/loja\/\"},{\"@type\":\"ListItem\",\"position\":3,\"name\":\"Dia inteiro livre em Chalt\u00e9n &#8211; com almo\u00e7o\"}]},{\"@type\":\"WebSite\",\"@id\":\"https:\/\/best-tourpatagonia.tur.ar\/pt-br\/#website\",\"url\":\"https:\/\/best-tourpatagonia.tur.ar\/pt-br\/\",\"name\":\"Best Tour Patagonia\",\"description\":\"Paquetes y excursiones en la Patagona Argentina\",\"publisher\":{\"@id\":\"https:\/\/best-tourpatagonia.tur.ar\/pt-br\/#organization\"},\"potentialAction\":[{\"@type\":\"SearchAction\",\"target\":{\"@type\":\"EntryPoint\",\"urlTemplate\":\"https:\/\/best-tourpatagonia.tur.ar\/pt-br\/?s={search_term_string}\"},\"query-input\":{\"@type\":\"PropertyValueSpecification\",\"valueRequired\":true,\"valueName\":\"search_term_string\"}}],\"inLanguage\":\"pt-BR\"},{\"@type\":\"Organization\",\"@id\":\"https:\/\/best-tourpatagonia.tur.ar\/pt-br\/#organization\",\"name\":\"Best Tour Patagonia\",\"url\":\"https:\/\/best-tourpatagonia.tur.ar\/pt-br\/\",\"logo\":{\"@type\":\"ImageObject\",\"inLanguage\":\"pt-BR\",\"@id\":\"https:\/\/best-tourpatagonia.tur.ar\/pt-br\/#\/schema\/logo\/image\/\",\"url\":\"https:\/\/best-tourpatagonia.tur.ar\/wp-content\/uploads\/2023\/05\/cropped-corona-1.png\",\"contentUrl\":\"https:\/\/best-tourpatagonia.tur.ar\/wp-content\/uploads\/2023\/05\/cropped-corona-1.png\",\"width\":128,\"height\":75,\"caption\":\"Best Tour Patagonia\"},\"image\":{\"@id\":\"https:\/\/best-tourpatagonia.tur.ar\/pt-br\/#\/schema\/logo\/image\/\"}}]}<\/script>\n<!-- \/ Yoast SEO plugin. -->","yoast_head_json":{"title":"Dia inteiro livre em Chalt\u00e9n - com almo\u00e7o - Best Tour Patagonia","robots":{"index":"index","follow":"follow","max-snippet":"max-snippet:-1","max-image-preview":"max-image-preview:large","max-video-preview":"max-video-preview:-1"},"canonical":"https:\/\/best-tourpatagonia.tur.ar\/pt-br\/producto\/dia-inteiro-livre-em-chalten-com-almoco\/","og_locale":"pt_BR","og_type":"article","og_title":"Dia inteiro livre em Chalt\u00e9n - com almo\u00e7o - Best Tour Patagonia","og_description":"Setembro - Outubro: Sa\u00eddas \u00e0s ter\u00e7as, quintas e s\u00e1bados. Iniciar busca por hot\u00e9is 8hs Novembro a mar\u00e7o: Sa\u00eddas di\u00e1rias. Iniciar a busca por hot\u00e9is \u00e0s 7h30 Abril: Sa\u00eddas di\u00e1rias com busca por hot\u00e9is 8 hs De maio a agosto: Sem opera\u00e7\u00e3o N\u00e3o opera em 25 de dezembro e 1\u00ba de janeiro. Restri\u00e7\u00f5es: Este passeio n\u00e3o tem restri\u00e7\u00f5es, pois cada passageiro escolhe se quer caminhar pela montanha ou apreciar a vista da vila.","og_url":"https:\/\/best-tourpatagonia.tur.ar\/pt-br\/producto\/dia-inteiro-livre-em-chalten-com-almoco\/","og_site_name":"Best Tour Patagonia","article_modified_time":"2025-06-12T15:16:07+00:00","og_image":[{"width":1000,"height":700,"url":"https:\/\/best-tourpatagonia.tur.ar\/wp-content\/uploads\/2023\/10\/fitz-roy-7364-o.jpg","type":"image\/jpeg"}],"twitter_card":"summary_large_image","twitter_misc":{"Est. tempo de leitura":"2 minutos"},"schema":{"@context":"https:\/\/schema.org","@graph":[{"@type":"WebPage","@id":"https:\/\/best-tourpatagonia.tur.ar\/pt-br\/producto\/dia-inteiro-livre-em-chalten-com-almoco\/","url":"https:\/\/best-tourpatagonia.tur.ar\/pt-br\/producto\/dia-inteiro-livre-em-chalten-com-almoco\/","name":"Dia inteiro livre em Chalt\u00e9n - com almo\u00e7o - Best Tour Patagonia","isPartOf":{"@id":"https:\/\/best-tourpatagonia.tur.ar\/pt-br\/#website"},"primaryImageOfPage":{"@id":"https:\/\/best-tourpatagonia.tur.ar\/pt-br\/producto\/dia-inteiro-livre-em-chalten-com-almoco\/#primaryimage"},"image":{"@id":"https:\/\/best-tourpatagonia.tur.ar\/pt-br\/producto\/dia-inteiro-livre-em-chalten-com-almoco\/#primaryimage"},"thumbnailUrl":"https:\/\/best-tourpatagonia.tur.ar\/wp-content\/uploads\/2023\/10\/fitz-roy-7364-o.jpg","datePublished":"2023-10-24T14:38:09+00:00","dateModified":"2025-06-12T15:16:07+00:00","breadcrumb":{"@id":"https:\/\/best-tourpatagonia.tur.ar\/pt-br\/producto\/dia-inteiro-livre-em-chalten-com-almoco\/#breadcrumb"},"inLanguage":"pt-BR","potentialAction":[{"@type":"ReadAction","target":["https:\/\/best-tourpatagonia.tur.ar\/pt-br\/producto\/dia-inteiro-livre-em-chalten-com-almoco\/"]}]},{"@type":"ImageObject","inLanguage":"pt-BR","@id":"https:\/\/best-tourpatagonia.tur.ar\/pt-br\/producto\/dia-inteiro-livre-em-chalten-com-almoco\/#primaryimage","url":"https:\/\/best-tourpatagonia.tur.ar\/wp-content\/uploads\/2023\/10\/fitz-roy-7364-o.jpg","contentUrl":"https:\/\/best-tourpatagonia.tur.ar\/wp-content\/uploads\/2023\/10\/fitz-roy-7364-o.jpg","width":1000,"height":700},{"@type":"BreadcrumbList","@id":"https:\/\/best-tourpatagonia.tur.ar\/pt-br\/producto\/dia-inteiro-livre-em-chalten-com-almoco\/#breadcrumb","itemListElement":[{"@type":"ListItem","position":1,"name":"Portada","item":"https:\/\/best-tourpatagonia.tur.ar\/pt-br\/aproveite-ushuaia-el-calafate-e-toda-a-patagonia-durante-todo-o-ano\/"},{"@type":"ListItem","position":2,"name":"Loja","item":"https:\/\/best-tourpatagonia.tur.ar\/pt-br\/loja\/"},{"@type":"ListItem","position":3,"name":"Dia inteiro livre em Chalt\u00e9n &#8211; com almo\u00e7o"}]},{"@type":"WebSite","@id":"https:\/\/best-tourpatagonia.tur.ar\/pt-br\/#website","url":"https:\/\/best-tourpatagonia.tur.ar\/pt-br\/","name":"Best Tour Patagonia","description":"Paquetes y excursiones en la Patagona Argentina","publisher":{"@id":"https:\/\/best-tourpatagonia.tur.ar\/pt-br\/#organization"},"potentialAction":[{"@type":"SearchAction","target":{"@type":"EntryPoint","urlTemplate":"https:\/\/best-tourpatagonia.tur.ar\/pt-br\/?s={search_term_string}"},"query-input":{"@type":"PropertyValueSpecification","valueRequired":true,"valueName":"search_term_string"}}],"inLanguage":"pt-BR"},{"@type":"Organization","@id":"https:\/\/best-tourpatagonia.tur.ar\/pt-br\/#organization","name":"Best Tour Patagonia","url":"https:\/\/best-tourpatagonia.tur.ar\/pt-br\/","logo":{"@type":"ImageObject","inLanguage":"pt-BR","@id":"https:\/\/best-tourpatagonia.tur.ar\/pt-br\/#\/schema\/logo\/image\/","url":"https:\/\/best-tourpatagonia.tur.ar\/wp-content\/uploads\/2023\/05\/cropped-corona-1.png","contentUrl":"https:\/\/best-tourpatagonia.tur.ar\/wp-content\/uploads\/2023\/05\/cropped-corona-1.png","width":128,"height":75,"caption":"Best Tour Patagonia"},"image":{"@id":"https:\/\/best-tourpatagonia.tur.ar\/pt-br\/#\/schema\/logo\/image\/"}}]}},"_links":{"self":[{"href":"https:\/\/best-tourpatagonia.tur.ar\/pt-br\/wp-json\/wp\/v2\/product\/11207","targetHints":{"allow":["GET"]}}],"collection":[{"href":"https:\/\/best-tourpatagonia.tur.ar\/pt-br\/wp-json\/wp\/v2\/product"}],"about":[{"href":"https:\/\/best-tourpatagonia.tur.ar\/pt-br\/wp-json\/wp\/v2\/types\/product"}],"wp:featuredmedia":[{"embeddable":true,"href":"https:\/\/best-tourpatagonia.tur.ar\/pt-br\/wp-json\/wp\/v2\/media\/11236"}],"wp:attachment":[{"href":"https:\/\/best-tourpatagonia.tur.ar\/pt-br\/wp-json\/wp\/v2\/media?parent=11207"}],"wp:term":[{"taxonomy":"product_brand","embeddable":true,"href":"https:\/\/best-tourpatagonia.tur.ar\/pt-br\/wp-json\/wp\/v2\/product_brand?post=11207"},{"taxonomy":"product_cat","embeddable":true,"href":"https:\/\/best-tourpatagonia.tur.ar\/pt-br\/wp-json\/wp\/v2\/product_cat?post=11207"},{"taxonomy":"product_tag","embeddable":true,"href":"https:\/\/best-tourpatagonia.tur.ar\/pt-br\/wp-json\/wp\/v2\/product_tag?post=11207"},{"taxonomy":"destino","embeddable":true,"href":"https:\/\/best-tourpatagonia.tur.ar\/pt-br\/wp-json\/wp\/v2\/destino?post=11207"},{"taxonomy":"pais","embeddable":true,"href":"https:\/\/best-tourpatagonia.tur.ar\/pt-br\/wp-json\/wp\/v2\/pais?post=11207"}],"curies":[{"name":"wp","href":"https:\/\/api.w.org\/{rel}","templated":true}]}}