{"id":11205,"date":"2023-10-23T11:52:15","date_gmt":"2023-10-23T14:52:15","guid":{"rendered":"https:\/\/best-tourpatagonia.tur.ar\/producto\/experiencia-canadon-trekking-e-pernoite\/"},"modified":"2025-06-12T12:16:05","modified_gmt":"2025-06-12T15:16:05","slug":"experiencia-canadon-trekking-e-pernoite","status":"publish","type":"product","link":"https:\/\/best-tourpatagonia.tur.ar\/pt-br\/producto\/experiencia-canadon-trekking-e-pernoite\/","title":{"rendered":"Experi\u00eancia Ca\u00f1ad\u00f3n &#8211; trekking e pernoite"},"content":{"rendered":"<p>Ca\u00f1adon Experience \u00e9 um trekking de dificuldade m\u00e9dia que nos permite percorrer o riacho Calafate at\u00e9 chegar \u00e0 se\u00e7\u00e3o Estancia 25 de Mayo. As colinas ao redor formam um c\u00e2nion que convida voc\u00ea a descobri-lo enquanto aprecia o riacho, sempre protegido do vento que o vale oferece. <\/p>\n<p>Sa\u00edmos de El Calafate em ve\u00edculos 4&#215;4 em dire\u00e7\u00e3o ao sul. Ap\u00f3s uma viagem de 3 km, chegaremos ao ponto de partida da trilha. <\/p>\n<p>Atravessando ravinas e riachos, subimos o vale que nos levar\u00e1 \u00e0s paisagens inexploradas da Patag\u00f4nia.<\/p>\n<p>Durante a caminhada, voc\u00ea ver\u00e1 um grande n\u00famero de p\u00e1ssaros, trutas de rio e a flora caracter\u00edstica da estepe.<\/p>\n<p>As forma\u00e7\u00f5es geol\u00f3gicas com f\u00f3sseis marinhos nos mostram que os ambientes pelos quais passamos sofreram muta\u00e7\u00f5es ao longo dos anos. O trekking termina depois de 7 quil\u00f4metros em \u201cLa Secci\u00f3n\u201d, a 800 metros acima do n\u00edvel do mar, onde nos espera o almo\u00e7o, e depois voltamos a El Calafate no ve\u00edculo 4&#215;4. <\/p>\n","protected":false},"excerpt":{"rendered":"<p>Ca\u00f1adon Experience \u00e9 um trekking de dificuldade m\u00e9dia que nos permite percorrer o riacho Calafate at\u00e9 chegar \u00e0 se\u00e7\u00e3o Estancia 25 de Mayo. As colinas ao redor formam um c\u00e2nion que convida voc\u00ea a descobri-lo enquanto aprecia o riacho, sempre protegido do vento que o vale oferece. Sa\u00edmos de El Calafate em ve\u00edculos 4&#215;4 em [&hellip;]<\/p>\n","protected":false},"featured_media":11216,"template":"","meta":[],"product_brand":[],"product_cat":[103,105],"product_tag":[],"destino":[157],"pais":[164],"class_list":{"0":"post-11205","1":"product","2":"type-product","3":"status-publish","4":"has-post-thumbnail","6":"product_cat-excursiones-pt-br","7":"product_cat-excursoes-terrestres","8":"destino-el-calafate-pt-br","9":"pais-argentina-pt-br","11":"first","12":"instock","13":"virtual","14":"sold-individually","15":"purchasable","16":"product-type-booking"},"booking_location":"","booking_location_type":"","booking_duration":1,"booking_duration_unit":"day","booking_buffer":0,"booking_cost":0,"booking_resources":[],"yoast_head":"<!-- This site is optimized with the Yoast SEO plugin v27.4 - https:\/\/yoast.com\/product\/yoast-seo-wordpress\/ -->\n<title>Experi\u00eancia Ca\u00f1ad\u00f3n - trekking e pernoite - Best Tour Patagonia<\/title>\n<meta name=\"robots\" content=\"index, follow, max-snippet:-1, max-image-preview:large, max-video-preview:-1\" \/>\n<link rel=\"canonical\" href=\"https:\/\/best-tourpatagonia.tur.ar\/pt-br\/producto\/experiencia-canadon-trekking-e-pernoite\/\" \/>\n<meta property=\"og:locale\" content=\"pt_BR\" \/>\n<meta property=\"og:type\" content=\"article\" \/>\n<meta property=\"og:title\" content=\"Experi\u00eancia Ca\u00f1ad\u00f3n - trekking e pernoite - Best Tour Patagonia\" \/>\n<meta property=\"og:description\" content=\"Ca\u00f1adon Experience \u00e9 um trekking de dificuldade m\u00e9dia que nos permite percorrer o riacho Calafate at\u00e9 chegar \u00e0 se\u00e7\u00e3o Estancia 25 de Mayo. As colinas ao redor formam um c\u00e2nion que convida voc\u00ea a descobri-lo enquanto aprecia o riacho, sempre protegido do vento que o vale oferece. Sa\u00edmos de El Calafate em ve\u00edculos 4&#215;4 em [&hellip;]\" \/>\n<meta property=\"og:url\" content=\"https:\/\/best-tourpatagonia.tur.ar\/pt-br\/producto\/experiencia-canadon-trekking-e-pernoite\/\" \/>\n<meta property=\"og:site_name\" content=\"Best Tour Patagonia\" \/>\n<meta property=\"article:modified_time\" content=\"2025-06-12T15:16:05+00:00\" \/>\n<meta property=\"og:image\" content=\"https:\/\/best-tourpatagonia.tur.ar\/wp-content\/uploads\/2023\/10\/Trecking-1-scaled.jpg\" \/>\n\t<meta property=\"og:image:width\" content=\"2560\" \/>\n\t<meta property=\"og:image:height\" content=\"1704\" \/>\n\t<meta property=\"og:image:type\" content=\"image\/jpeg\" \/>\n<meta name=\"twitter:card\" content=\"summary_large_image\" \/>\n<meta name=\"twitter:label1\" content=\"Est. tempo de leitura\" \/>\n\t<meta name=\"twitter:data1\" content=\"1 minuto\" \/>\n<script type=\"application\/ld+json\" class=\"yoast-schema-graph\">{\"@context\":\"https:\\\/\\\/schema.org\",\"@graph\":[{\"@type\":\"WebPage\",\"@id\":\"https:\\\/\\\/best-tourpatagonia.tur.ar\\\/pt-br\\\/producto\\\/experiencia-canadon-trekking-e-pernoite\\\/\",\"url\":\"https:\\\/\\\/best-tourpatagonia.tur.ar\\\/pt-br\\\/producto\\\/experiencia-canadon-trekking-e-pernoite\\\/\",\"name\":\"Experi\u00eancia Ca\u00f1ad\u00f3n - trekking e pernoite - Best Tour Patagonia\",\"isPartOf\":{\"@id\":\"https:\\\/\\\/best-tourpatagonia.tur.ar\\\/pt-br\\\/#website\"},\"primaryImageOfPage\":{\"@id\":\"https:\\\/\\\/best-tourpatagonia.tur.ar\\\/pt-br\\\/producto\\\/experiencia-canadon-trekking-e-pernoite\\\/#primaryimage\"},\"image\":{\"@id\":\"https:\\\/\\\/best-tourpatagonia.tur.ar\\\/pt-br\\\/producto\\\/experiencia-canadon-trekking-e-pernoite\\\/#primaryimage\"},\"thumbnailUrl\":\"https:\\\/\\\/best-tourpatagonia.tur.ar\\\/wp-content\\\/uploads\\\/2023\\\/10\\\/Trecking-1-scaled.jpg\",\"datePublished\":\"2023-10-23T14:52:15+00:00\",\"dateModified\":\"2025-06-12T15:16:05+00:00\",\"breadcrumb\":{\"@id\":\"https:\\\/\\\/best-tourpatagonia.tur.ar\\\/pt-br\\\/producto\\\/experiencia-canadon-trekking-e-pernoite\\\/#breadcrumb\"},\"inLanguage\":\"pt-BR\",\"potentialAction\":[{\"@type\":\"ReadAction\",\"target\":[\"https:\\\/\\\/best-tourpatagonia.tur.ar\\\/pt-br\\\/producto\\\/experiencia-canadon-trekking-e-pernoite\\\/\"]}]},{\"@type\":\"ImageObject\",\"inLanguage\":\"pt-BR\",\"@id\":\"https:\\\/\\\/best-tourpatagonia.tur.ar\\\/pt-br\\\/producto\\\/experiencia-canadon-trekking-e-pernoite\\\/#primaryimage\",\"url\":\"https:\\\/\\\/best-tourpatagonia.tur.ar\\\/wp-content\\\/uploads\\\/2023\\\/10\\\/Trecking-1-scaled.jpg\",\"contentUrl\":\"https:\\\/\\\/best-tourpatagonia.tur.ar\\\/wp-content\\\/uploads\\\/2023\\\/10\\\/Trecking-1-scaled.jpg\",\"width\":2560,\"height\":1704},{\"@type\":\"BreadcrumbList\",\"@id\":\"https:\\\/\\\/best-tourpatagonia.tur.ar\\\/pt-br\\\/producto\\\/experiencia-canadon-trekking-e-pernoite\\\/#breadcrumb\",\"itemListElement\":[{\"@type\":\"ListItem\",\"position\":1,\"name\":\"Portada\",\"item\":\"https:\\\/\\\/best-tourpatagonia.tur.ar\\\/pt-br\\\/aproveite-ushuaia-el-calafate-e-toda-a-patagonia-durante-todo-o-ano\\\/\"},{\"@type\":\"ListItem\",\"position\":2,\"name\":\"Loja\",\"item\":\"https:\\\/\\\/best-tourpatagonia.tur.ar\\\/pt-br\\\/loja\\\/\"},{\"@type\":\"ListItem\",\"position\":3,\"name\":\"Experi\u00eancia Ca\u00f1ad\u00f3n &#8211; trekking e pernoite\"}]},{\"@type\":\"WebSite\",\"@id\":\"https:\\\/\\\/best-tourpatagonia.tur.ar\\\/pt-br\\\/#website\",\"url\":\"https:\\\/\\\/best-tourpatagonia.tur.ar\\\/pt-br\\\/\",\"name\":\"Best Tour Patagonia\",\"description\":\"Paquetes y excursiones en la Patagona Argentina\",\"publisher\":{\"@id\":\"https:\\\/\\\/best-tourpatagonia.tur.ar\\\/pt-br\\\/#organization\"},\"potentialAction\":[{\"@type\":\"SearchAction\",\"target\":{\"@type\":\"EntryPoint\",\"urlTemplate\":\"https:\\\/\\\/best-tourpatagonia.tur.ar\\\/pt-br\\\/?s={search_term_string}\"},\"query-input\":{\"@type\":\"PropertyValueSpecification\",\"valueRequired\":true,\"valueName\":\"search_term_string\"}}],\"inLanguage\":\"pt-BR\"},{\"@type\":\"Organization\",\"@id\":\"https:\\\/\\\/best-tourpatagonia.tur.ar\\\/pt-br\\\/#organization\",\"name\":\"Best Tour Patagonia\",\"url\":\"https:\\\/\\\/best-tourpatagonia.tur.ar\\\/pt-br\\\/\",\"logo\":{\"@type\":\"ImageObject\",\"inLanguage\":\"pt-BR\",\"@id\":\"https:\\\/\\\/best-tourpatagonia.tur.ar\\\/pt-br\\\/#\\\/schema\\\/logo\\\/image\\\/\",\"url\":\"https:\\\/\\\/best-tourpatagonia.tur.ar\\\/wp-content\\\/uploads\\\/2023\\\/05\\\/cropped-corona-1.png\",\"contentUrl\":\"https:\\\/\\\/best-tourpatagonia.tur.ar\\\/wp-content\\\/uploads\\\/2023\\\/05\\\/cropped-corona-1.png\",\"width\":128,\"height\":75,\"caption\":\"Best Tour Patagonia\"},\"image\":{\"@id\":\"https:\\\/\\\/best-tourpatagonia.tur.ar\\\/pt-br\\\/#\\\/schema\\\/logo\\\/image\\\/\"}}]}<\/script>\n<!-- \/ Yoast SEO plugin. -->","yoast_head_json":{"title":"Experi\u00eancia Ca\u00f1ad\u00f3n - trekking e pernoite - Best Tour Patagonia","robots":{"index":"index","follow":"follow","max-snippet":"max-snippet:-1","max-image-preview":"max-image-preview:large","max-video-preview":"max-video-preview:-1"},"canonical":"https:\/\/best-tourpatagonia.tur.ar\/pt-br\/producto\/experiencia-canadon-trekking-e-pernoite\/","og_locale":"pt_BR","og_type":"article","og_title":"Experi\u00eancia Ca\u00f1ad\u00f3n - trekking e pernoite - Best Tour Patagonia","og_description":"Ca\u00f1adon Experience \u00e9 um trekking de dificuldade m\u00e9dia que nos permite percorrer o riacho Calafate at\u00e9 chegar \u00e0 se\u00e7\u00e3o Estancia 25 de Mayo. As colinas ao redor formam um c\u00e2nion que convida voc\u00ea a descobri-lo enquanto aprecia o riacho, sempre protegido do vento que o vale oferece. Sa\u00edmos de El Calafate em ve\u00edculos 4&#215;4 em [&hellip;]","og_url":"https:\/\/best-tourpatagonia.tur.ar\/pt-br\/producto\/experiencia-canadon-trekking-e-pernoite\/","og_site_name":"Best Tour Patagonia","article_modified_time":"2025-06-12T15:16:05+00:00","og_image":[{"width":2560,"height":1704,"url":"https:\/\/best-tourpatagonia.tur.ar\/wp-content\/uploads\/2023\/10\/Trecking-1-scaled.jpg","type":"image\/jpeg"}],"twitter_card":"summary_large_image","twitter_misc":{"Est. tempo de leitura":"1 minuto"},"schema":{"@context":"https:\/\/schema.org","@graph":[{"@type":"WebPage","@id":"https:\/\/best-tourpatagonia.tur.ar\/pt-br\/producto\/experiencia-canadon-trekking-e-pernoite\/","url":"https:\/\/best-tourpatagonia.tur.ar\/pt-br\/producto\/experiencia-canadon-trekking-e-pernoite\/","name":"Experi\u00eancia Ca\u00f1ad\u00f3n - trekking e pernoite - Best Tour Patagonia","isPartOf":{"@id":"https:\/\/best-tourpatagonia.tur.ar\/pt-br\/#website"},"primaryImageOfPage":{"@id":"https:\/\/best-tourpatagonia.tur.ar\/pt-br\/producto\/experiencia-canadon-trekking-e-pernoite\/#primaryimage"},"image":{"@id":"https:\/\/best-tourpatagonia.tur.ar\/pt-br\/producto\/experiencia-canadon-trekking-e-pernoite\/#primaryimage"},"thumbnailUrl":"https:\/\/best-tourpatagonia.tur.ar\/wp-content\/uploads\/2023\/10\/Trecking-1-scaled.jpg","datePublished":"2023-10-23T14:52:15+00:00","dateModified":"2025-06-12T15:16:05+00:00","breadcrumb":{"@id":"https:\/\/best-tourpatagonia.tur.ar\/pt-br\/producto\/experiencia-canadon-trekking-e-pernoite\/#breadcrumb"},"inLanguage":"pt-BR","potentialAction":[{"@type":"ReadAction","target":["https:\/\/best-tourpatagonia.tur.ar\/pt-br\/producto\/experiencia-canadon-trekking-e-pernoite\/"]}]},{"@type":"ImageObject","inLanguage":"pt-BR","@id":"https:\/\/best-tourpatagonia.tur.ar\/pt-br\/producto\/experiencia-canadon-trekking-e-pernoite\/#primaryimage","url":"https:\/\/best-tourpatagonia.tur.ar\/wp-content\/uploads\/2023\/10\/Trecking-1-scaled.jpg","contentUrl":"https:\/\/best-tourpatagonia.tur.ar\/wp-content\/uploads\/2023\/10\/Trecking-1-scaled.jpg","width":2560,"height":1704},{"@type":"BreadcrumbList","@id":"https:\/\/best-tourpatagonia.tur.ar\/pt-br\/producto\/experiencia-canadon-trekking-e-pernoite\/#breadcrumb","itemListElement":[{"@type":"ListItem","position":1,"name":"Portada","item":"https:\/\/best-tourpatagonia.tur.ar\/pt-br\/aproveite-ushuaia-el-calafate-e-toda-a-patagonia-durante-todo-o-ano\/"},{"@type":"ListItem","position":2,"name":"Loja","item":"https:\/\/best-tourpatagonia.tur.ar\/pt-br\/loja\/"},{"@type":"ListItem","position":3,"name":"Experi\u00eancia Ca\u00f1ad\u00f3n &#8211; trekking e pernoite"}]},{"@type":"WebSite","@id":"https:\/\/best-tourpatagonia.tur.ar\/pt-br\/#website","url":"https:\/\/best-tourpatagonia.tur.ar\/pt-br\/","name":"Best Tour Patagonia","description":"Paquetes y excursiones en la Patagona Argentina","publisher":{"@id":"https:\/\/best-tourpatagonia.tur.ar\/pt-br\/#organization"},"potentialAction":[{"@type":"SearchAction","target":{"@type":"EntryPoint","urlTemplate":"https:\/\/best-tourpatagonia.tur.ar\/pt-br\/?s={search_term_string}"},"query-input":{"@type":"PropertyValueSpecification","valueRequired":true,"valueName":"search_term_string"}}],"inLanguage":"pt-BR"},{"@type":"Organization","@id":"https:\/\/best-tourpatagonia.tur.ar\/pt-br\/#organization","name":"Best Tour Patagonia","url":"https:\/\/best-tourpatagonia.tur.ar\/pt-br\/","logo":{"@type":"ImageObject","inLanguage":"pt-BR","@id":"https:\/\/best-tourpatagonia.tur.ar\/pt-br\/#\/schema\/logo\/image\/","url":"https:\/\/best-tourpatagonia.tur.ar\/wp-content\/uploads\/2023\/05\/cropped-corona-1.png","contentUrl":"https:\/\/best-tourpatagonia.tur.ar\/wp-content\/uploads\/2023\/05\/cropped-corona-1.png","width":128,"height":75,"caption":"Best Tour Patagonia"},"image":{"@id":"https:\/\/best-tourpatagonia.tur.ar\/pt-br\/#\/schema\/logo\/image\/"}}]}},"_links":{"self":[{"href":"https:\/\/best-tourpatagonia.tur.ar\/pt-br\/wp-json\/wp\/v2\/product\/11205","targetHints":{"allow":["GET"]}}],"collection":[{"href":"https:\/\/best-tourpatagonia.tur.ar\/pt-br\/wp-json\/wp\/v2\/product"}],"about":[{"href":"https:\/\/best-tourpatagonia.tur.ar\/pt-br\/wp-json\/wp\/v2\/types\/product"}],"wp:featuredmedia":[{"embeddable":true,"href":"https:\/\/best-tourpatagonia.tur.ar\/pt-br\/wp-json\/wp\/v2\/media\/11216"}],"wp:attachment":[{"href":"https:\/\/best-tourpatagonia.tur.ar\/pt-br\/wp-json\/wp\/v2\/media?parent=11205"}],"wp:term":[{"taxonomy":"product_brand","embeddable":true,"href":"https:\/\/best-tourpatagonia.tur.ar\/pt-br\/wp-json\/wp\/v2\/product_brand?post=11205"},{"taxonomy":"product_cat","embeddable":true,"href":"https:\/\/best-tourpatagonia.tur.ar\/pt-br\/wp-json\/wp\/v2\/product_cat?post=11205"},{"taxonomy":"product_tag","embeddable":true,"href":"https:\/\/best-tourpatagonia.tur.ar\/pt-br\/wp-json\/wp\/v2\/product_tag?post=11205"},{"taxonomy":"destino","embeddable":true,"href":"https:\/\/best-tourpatagonia.tur.ar\/pt-br\/wp-json\/wp\/v2\/destino?post=11205"},{"taxonomy":"pais","embeddable":true,"href":"https:\/\/best-tourpatagonia.tur.ar\/pt-br\/wp-json\/wp\/v2\/pais?post=11205"}],"curies":[{"name":"wp","href":"https:\/\/api.w.org\/{rel}","templated":true}]}}