{"id":11203,"date":"2023-10-20T14:50:13","date_gmt":"2023-10-20T17:50:13","guid":{"rendered":"https:\/\/best-tourpatagonia.tur.ar\/producto\/darwin-experience-caiaques-e-aventura\/"},"modified":"2025-06-12T12:16:31","modified_gmt":"2025-06-12T15:16:31","slug":"darwin-experience-caiaques-e-aventura","status":"publish","type":"product","link":"https:\/\/best-tourpatagonia.tur.ar\/pt-br\/producto\/darwin-experience-caiaques-e-aventura\/","title":{"rendered":"Darwin Experience &#8211; caiaques e aventura"},"content":{"rendered":"<p class=\"cvGsUA direction-ltr align-justify para-style-body\"><span class=\"OYPEnA text-decoration-none text-strikethrough-none\">Nessa excurs\u00e3o de m\u00faltiplas aventuras, partimos em um 4&#215;4 pela Rota 40 at\u00e9 o rio Santa Cruz e, de l\u00e1, depois de uma palestra t\u00e9cnica e de nos equiparmos com roupas secas, come\u00e7amos a remar rio abaixo.<\/span><\/p>\n<p class=\"cvGsUA direction-ltr align-justify para-style-body\"><span class=\"OYPEnA text-decoration-none text-strikethrough-none\">Durante a navega\u00e7\u00e3o, veremos forma\u00e7\u00f5es geol\u00f3gicas e uma grande variedade de fauna, elementos que inspiraram Darwin em sua jornada m\u00edtica por essas terras.<\/span><\/p>\n<p class=\"cvGsUA direction-ltr align-justify para-style-body\"><span class=\"OYPEnA text-decoration-none text-strikethrough-none\">Depois de 15 km rio abaixo, chegamos \u00e0 Estancia El Rinc\u00f3n, onde esperamos os membros da expedi\u00e7\u00e3o com um almo\u00e7o \u00e0s margens do rio e depois retornamos a El Calafate.<\/span><\/p>\n<p>&nbsp;<\/p>\n<p>N\u00e3o \u00e9 adequado para menores de idade.<\/p>\n","protected":false},"excerpt":{"rendered":"<p>Nessa excurs\u00e3o de m\u00faltiplas aventuras, partimos em um 4&#215;4 pela Rota 40 at\u00e9 o rio Santa Cruz e, de l\u00e1, depois de uma palestra t\u00e9cnica e de nos equiparmos com roupas secas, come\u00e7amos a remar rio abaixo. Durante a navega\u00e7\u00e3o, veremos forma\u00e7\u00f5es geol\u00f3gicas e uma grande variedade de fauna, elementos que inspiraram Darwin em sua [&hellip;]<\/p>\n","protected":false},"featured_media":11232,"template":"","meta":[],"product_brand":[],"product_cat":[103,105],"product_tag":[],"destino":[157],"pais":[164],"class_list":{"0":"post-11203","1":"product","2":"type-product","3":"status-publish","4":"has-post-thumbnail","6":"product_cat-excursiones-pt-br","7":"product_cat-excursoes-terrestres","8":"destino-el-calafate-pt-br","9":"pais-argentina-pt-br","11":"first","12":"instock","13":"virtual","14":"sold-individually","15":"purchasable","16":"product-type-booking"},"booking_location":"","booking_location_type":"","booking_duration":1,"booking_duration_unit":"day","booking_buffer":0,"booking_cost":0,"booking_resources":[],"yoast_head":"<!-- This site is optimized with the Yoast SEO plugin v27.1.1 - https:\/\/yoast.com\/product\/yoast-seo-wordpress\/ -->\n<title>Darwin Experience - caiaques e aventura - Best Tour Patagonia<\/title>\n<meta name=\"robots\" content=\"index, follow, max-snippet:-1, max-image-preview:large, max-video-preview:-1\" \/>\n<link rel=\"canonical\" href=\"https:\/\/best-tourpatagonia.tur.ar\/pt-br\/producto\/darwin-experience-caiaques-e-aventura\/\" \/>\n<meta property=\"og:locale\" content=\"pt_BR\" \/>\n<meta property=\"og:type\" content=\"article\" \/>\n<meta property=\"og:title\" content=\"Darwin Experience - caiaques e aventura - Best Tour Patagonia\" \/>\n<meta property=\"og:description\" content=\"Nessa excurs\u00e3o de m\u00faltiplas aventuras, partimos em um 4&#215;4 pela Rota 40 at\u00e9 o rio Santa Cruz e, de l\u00e1, depois de uma palestra t\u00e9cnica e de nos equiparmos com roupas secas, come\u00e7amos a remar rio abaixo. Durante a navega\u00e7\u00e3o, veremos forma\u00e7\u00f5es geol\u00f3gicas e uma grande variedade de fauna, elementos que inspiraram Darwin em sua [&hellip;]\" \/>\n<meta property=\"og:url\" content=\"https:\/\/best-tourpatagonia.tur.ar\/pt-br\/producto\/darwin-experience-caiaques-e-aventura\/\" \/>\n<meta property=\"og:site_name\" content=\"Best Tour Patagonia\" \/>\n<meta property=\"article:modified_time\" content=\"2025-06-12T15:16:31+00:00\" \/>\n<meta property=\"og:image\" content=\"https:\/\/best-tourpatagonia.tur.ar\/wp-content\/uploads\/2023\/10\/DSC4919web.jpg\" \/>\n\t<meta property=\"og:image:width\" content=\"2048\" \/>\n\t<meta property=\"og:image:height\" content=\"1412\" \/>\n\t<meta property=\"og:image:type\" content=\"image\/jpeg\" \/>\n<meta name=\"twitter:card\" content=\"summary_large_image\" \/>\n<meta name=\"twitter:label1\" content=\"Est. tempo de leitura\" \/>\n\t<meta name=\"twitter:data1\" content=\"1 minuto\" \/>\n<script type=\"application\/ld+json\" class=\"yoast-schema-graph\">{\"@context\":\"https:\/\/schema.org\",\"@graph\":[{\"@type\":\"WebPage\",\"@id\":\"https:\/\/best-tourpatagonia.tur.ar\/pt-br\/producto\/darwin-experience-caiaques-e-aventura\/\",\"url\":\"https:\/\/best-tourpatagonia.tur.ar\/pt-br\/producto\/darwin-experience-caiaques-e-aventura\/\",\"name\":\"Darwin Experience - caiaques e aventura - Best Tour Patagonia\",\"isPartOf\":{\"@id\":\"https:\/\/best-tourpatagonia.tur.ar\/pt-br\/#website\"},\"primaryImageOfPage\":{\"@id\":\"https:\/\/best-tourpatagonia.tur.ar\/pt-br\/producto\/darwin-experience-caiaques-e-aventura\/#primaryimage\"},\"image\":{\"@id\":\"https:\/\/best-tourpatagonia.tur.ar\/pt-br\/producto\/darwin-experience-caiaques-e-aventura\/#primaryimage\"},\"thumbnailUrl\":\"https:\/\/best-tourpatagonia.tur.ar\/wp-content\/uploads\/2023\/10\/DSC4919web.jpg\",\"datePublished\":\"2023-10-20T17:50:13+00:00\",\"dateModified\":\"2025-06-12T15:16:31+00:00\",\"breadcrumb\":{\"@id\":\"https:\/\/best-tourpatagonia.tur.ar\/pt-br\/producto\/darwin-experience-caiaques-e-aventura\/#breadcrumb\"},\"inLanguage\":\"pt-BR\",\"potentialAction\":[{\"@type\":\"ReadAction\",\"target\":[\"https:\/\/best-tourpatagonia.tur.ar\/pt-br\/producto\/darwin-experience-caiaques-e-aventura\/\"]}]},{\"@type\":\"ImageObject\",\"inLanguage\":\"pt-BR\",\"@id\":\"https:\/\/best-tourpatagonia.tur.ar\/pt-br\/producto\/darwin-experience-caiaques-e-aventura\/#primaryimage\",\"url\":\"https:\/\/best-tourpatagonia.tur.ar\/wp-content\/uploads\/2023\/10\/DSC4919web.jpg\",\"contentUrl\":\"https:\/\/best-tourpatagonia.tur.ar\/wp-content\/uploads\/2023\/10\/DSC4919web.jpg\",\"width\":2048,\"height\":1412},{\"@type\":\"BreadcrumbList\",\"@id\":\"https:\/\/best-tourpatagonia.tur.ar\/pt-br\/producto\/darwin-experience-caiaques-e-aventura\/#breadcrumb\",\"itemListElement\":[{\"@type\":\"ListItem\",\"position\":1,\"name\":\"Portada\",\"item\":\"https:\/\/best-tourpatagonia.tur.ar\/pt-br\/aproveite-ushuaia-el-calafate-e-toda-a-patagonia-durante-todo-o-ano\/\"},{\"@type\":\"ListItem\",\"position\":2,\"name\":\"Loja\",\"item\":\"https:\/\/best-tourpatagonia.tur.ar\/pt-br\/loja\/\"},{\"@type\":\"ListItem\",\"position\":3,\"name\":\"Darwin Experience &#8211; caiaques e aventura\"}]},{\"@type\":\"WebSite\",\"@id\":\"https:\/\/best-tourpatagonia.tur.ar\/pt-br\/#website\",\"url\":\"https:\/\/best-tourpatagonia.tur.ar\/pt-br\/\",\"name\":\"Best Tour Patagonia\",\"description\":\"Paquetes y excursiones en la Patagona Argentina\",\"publisher\":{\"@id\":\"https:\/\/best-tourpatagonia.tur.ar\/pt-br\/#organization\"},\"potentialAction\":[{\"@type\":\"SearchAction\",\"target\":{\"@type\":\"EntryPoint\",\"urlTemplate\":\"https:\/\/best-tourpatagonia.tur.ar\/pt-br\/?s={search_term_string}\"},\"query-input\":{\"@type\":\"PropertyValueSpecification\",\"valueRequired\":true,\"valueName\":\"search_term_string\"}}],\"inLanguage\":\"pt-BR\"},{\"@type\":\"Organization\",\"@id\":\"https:\/\/best-tourpatagonia.tur.ar\/pt-br\/#organization\",\"name\":\"Best Tour Patagonia\",\"url\":\"https:\/\/best-tourpatagonia.tur.ar\/pt-br\/\",\"logo\":{\"@type\":\"ImageObject\",\"inLanguage\":\"pt-BR\",\"@id\":\"https:\/\/best-tourpatagonia.tur.ar\/pt-br\/#\/schema\/logo\/image\/\",\"url\":\"https:\/\/best-tourpatagonia.tur.ar\/wp-content\/uploads\/2023\/05\/cropped-corona-1.png\",\"contentUrl\":\"https:\/\/best-tourpatagonia.tur.ar\/wp-content\/uploads\/2023\/05\/cropped-corona-1.png\",\"width\":128,\"height\":75,\"caption\":\"Best Tour Patagonia\"},\"image\":{\"@id\":\"https:\/\/best-tourpatagonia.tur.ar\/pt-br\/#\/schema\/logo\/image\/\"}}]}<\/script>\n<!-- \/ Yoast SEO plugin. -->","yoast_head_json":{"title":"Darwin Experience - caiaques e aventura - Best Tour Patagonia","robots":{"index":"index","follow":"follow","max-snippet":"max-snippet:-1","max-image-preview":"max-image-preview:large","max-video-preview":"max-video-preview:-1"},"canonical":"https:\/\/best-tourpatagonia.tur.ar\/pt-br\/producto\/darwin-experience-caiaques-e-aventura\/","og_locale":"pt_BR","og_type":"article","og_title":"Darwin Experience - caiaques e aventura - Best Tour Patagonia","og_description":"Nessa excurs\u00e3o de m\u00faltiplas aventuras, partimos em um 4&#215;4 pela Rota 40 at\u00e9 o rio Santa Cruz e, de l\u00e1, depois de uma palestra t\u00e9cnica e de nos equiparmos com roupas secas, come\u00e7amos a remar rio abaixo. Durante a navega\u00e7\u00e3o, veremos forma\u00e7\u00f5es geol\u00f3gicas e uma grande variedade de fauna, elementos que inspiraram Darwin em sua [&hellip;]","og_url":"https:\/\/best-tourpatagonia.tur.ar\/pt-br\/producto\/darwin-experience-caiaques-e-aventura\/","og_site_name":"Best Tour Patagonia","article_modified_time":"2025-06-12T15:16:31+00:00","og_image":[{"width":2048,"height":1412,"url":"https:\/\/best-tourpatagonia.tur.ar\/wp-content\/uploads\/2023\/10\/DSC4919web.jpg","type":"image\/jpeg"}],"twitter_card":"summary_large_image","twitter_misc":{"Est. tempo de leitura":"1 minuto"},"schema":{"@context":"https:\/\/schema.org","@graph":[{"@type":"WebPage","@id":"https:\/\/best-tourpatagonia.tur.ar\/pt-br\/producto\/darwin-experience-caiaques-e-aventura\/","url":"https:\/\/best-tourpatagonia.tur.ar\/pt-br\/producto\/darwin-experience-caiaques-e-aventura\/","name":"Darwin Experience - caiaques e aventura - Best Tour Patagonia","isPartOf":{"@id":"https:\/\/best-tourpatagonia.tur.ar\/pt-br\/#website"},"primaryImageOfPage":{"@id":"https:\/\/best-tourpatagonia.tur.ar\/pt-br\/producto\/darwin-experience-caiaques-e-aventura\/#primaryimage"},"image":{"@id":"https:\/\/best-tourpatagonia.tur.ar\/pt-br\/producto\/darwin-experience-caiaques-e-aventura\/#primaryimage"},"thumbnailUrl":"https:\/\/best-tourpatagonia.tur.ar\/wp-content\/uploads\/2023\/10\/DSC4919web.jpg","datePublished":"2023-10-20T17:50:13+00:00","dateModified":"2025-06-12T15:16:31+00:00","breadcrumb":{"@id":"https:\/\/best-tourpatagonia.tur.ar\/pt-br\/producto\/darwin-experience-caiaques-e-aventura\/#breadcrumb"},"inLanguage":"pt-BR","potentialAction":[{"@type":"ReadAction","target":["https:\/\/best-tourpatagonia.tur.ar\/pt-br\/producto\/darwin-experience-caiaques-e-aventura\/"]}]},{"@type":"ImageObject","inLanguage":"pt-BR","@id":"https:\/\/best-tourpatagonia.tur.ar\/pt-br\/producto\/darwin-experience-caiaques-e-aventura\/#primaryimage","url":"https:\/\/best-tourpatagonia.tur.ar\/wp-content\/uploads\/2023\/10\/DSC4919web.jpg","contentUrl":"https:\/\/best-tourpatagonia.tur.ar\/wp-content\/uploads\/2023\/10\/DSC4919web.jpg","width":2048,"height":1412},{"@type":"BreadcrumbList","@id":"https:\/\/best-tourpatagonia.tur.ar\/pt-br\/producto\/darwin-experience-caiaques-e-aventura\/#breadcrumb","itemListElement":[{"@type":"ListItem","position":1,"name":"Portada","item":"https:\/\/best-tourpatagonia.tur.ar\/pt-br\/aproveite-ushuaia-el-calafate-e-toda-a-patagonia-durante-todo-o-ano\/"},{"@type":"ListItem","position":2,"name":"Loja","item":"https:\/\/best-tourpatagonia.tur.ar\/pt-br\/loja\/"},{"@type":"ListItem","position":3,"name":"Darwin Experience &#8211; caiaques e aventura"}]},{"@type":"WebSite","@id":"https:\/\/best-tourpatagonia.tur.ar\/pt-br\/#website","url":"https:\/\/best-tourpatagonia.tur.ar\/pt-br\/","name":"Best Tour Patagonia","description":"Paquetes y excursiones en la Patagona Argentina","publisher":{"@id":"https:\/\/best-tourpatagonia.tur.ar\/pt-br\/#organization"},"potentialAction":[{"@type":"SearchAction","target":{"@type":"EntryPoint","urlTemplate":"https:\/\/best-tourpatagonia.tur.ar\/pt-br\/?s={search_term_string}"},"query-input":{"@type":"PropertyValueSpecification","valueRequired":true,"valueName":"search_term_string"}}],"inLanguage":"pt-BR"},{"@type":"Organization","@id":"https:\/\/best-tourpatagonia.tur.ar\/pt-br\/#organization","name":"Best Tour Patagonia","url":"https:\/\/best-tourpatagonia.tur.ar\/pt-br\/","logo":{"@type":"ImageObject","inLanguage":"pt-BR","@id":"https:\/\/best-tourpatagonia.tur.ar\/pt-br\/#\/schema\/logo\/image\/","url":"https:\/\/best-tourpatagonia.tur.ar\/wp-content\/uploads\/2023\/05\/cropped-corona-1.png","contentUrl":"https:\/\/best-tourpatagonia.tur.ar\/wp-content\/uploads\/2023\/05\/cropped-corona-1.png","width":128,"height":75,"caption":"Best Tour Patagonia"},"image":{"@id":"https:\/\/best-tourpatagonia.tur.ar\/pt-br\/#\/schema\/logo\/image\/"}}]}},"_links":{"self":[{"href":"https:\/\/best-tourpatagonia.tur.ar\/pt-br\/wp-json\/wp\/v2\/product\/11203","targetHints":{"allow":["GET"]}}],"collection":[{"href":"https:\/\/best-tourpatagonia.tur.ar\/pt-br\/wp-json\/wp\/v2\/product"}],"about":[{"href":"https:\/\/best-tourpatagonia.tur.ar\/pt-br\/wp-json\/wp\/v2\/types\/product"}],"wp:featuredmedia":[{"embeddable":true,"href":"https:\/\/best-tourpatagonia.tur.ar\/pt-br\/wp-json\/wp\/v2\/media\/11232"}],"wp:attachment":[{"href":"https:\/\/best-tourpatagonia.tur.ar\/pt-br\/wp-json\/wp\/v2\/media?parent=11203"}],"wp:term":[{"taxonomy":"product_brand","embeddable":true,"href":"https:\/\/best-tourpatagonia.tur.ar\/pt-br\/wp-json\/wp\/v2\/product_brand?post=11203"},{"taxonomy":"product_cat","embeddable":true,"href":"https:\/\/best-tourpatagonia.tur.ar\/pt-br\/wp-json\/wp\/v2\/product_cat?post=11203"},{"taxonomy":"product_tag","embeddable":true,"href":"https:\/\/best-tourpatagonia.tur.ar\/pt-br\/wp-json\/wp\/v2\/product_tag?post=11203"},{"taxonomy":"destino","embeddable":true,"href":"https:\/\/best-tourpatagonia.tur.ar\/pt-br\/wp-json\/wp\/v2\/destino?post=11203"},{"taxonomy":"pais","embeddable":true,"href":"https:\/\/best-tourpatagonia.tur.ar\/pt-br\/wp-json\/wp\/v2\/pais?post=11203"}],"curies":[{"name":"wp","href":"https:\/\/api.w.org\/{rel}","templated":true}]}}