{"id":11139,"date":"2023-10-23T13:01:36","date_gmt":"2023-10-23T16:01:36","guid":{"rendered":"https:\/\/best-tourpatagonia.tur.ar\/producto\/experiencia-de-cavalgada-canions-e-selas\/"},"modified":"2025-06-12T12:16:33","modified_gmt":"2025-06-12T15:16:33","slug":"experiencia-de-cavalgada-canions-e-selas","status":"publish","type":"product","link":"https:\/\/best-tourpatagonia.tur.ar\/pt-br\/producto\/experiencia-de-cavalgada-canions-e-selas\/","title":{"rendered":"Experi\u00eancia de cavalgada &#8211; c\u00e2nions e selas"},"content":{"rendered":"<p>Horseback Experience \u00e9 um passeio a cavalo pela Reserva Natural Est\u00e2ncia 25 de Mayo, onde podemos sentir a imensid\u00e3o do campo patag\u00f4nico, descobrindo c\u00e2nions, riachos e hist\u00f3rias dos ga\u00fachos do sul, desfrutando de um piquenique na Caverna do riacho.<br \/>\nO ponto de partida \u00e9 a casa principal da Est\u00e2ncia 25 de Mayo, onde faremos uma breve palestra t\u00e9cnica e, depois de nos equiparmos com capacetes e polainas, partiremos dos currais em dire\u00e7\u00e3o ao sul, atravessando o Ca\u00f1ad\u00f3n del arroyo Calafate.<\/p>\n<p>Em nossa jornada, cruzaremos riachos e forma\u00e7\u00f5es geol\u00f3gicas que nos mostram a passagem de milh\u00f5es de anos. O c\u00e2nion formado por essas rochas nos protege dos ventos caracter\u00edsticos da regi\u00e3o, enquanto ganhamos altitude em nossa jornada.<br \/>\nDepois de uma hora e meia de cavalgada, chegamos \u00e0 Cueva del arroyo, onde os ga\u00fachos encarregados da jornada preparam um delicioso piquenique para n\u00f3s. Para completar a experi\u00eancia, eles nos oferecem um brinde com vinho e depois voltamos \u00e0 Est\u00e2ncia 25 de Mayo.  <\/p>\n<p>N\u00e3o \u00e9 adequado para crian\u00e7as menores de 12 anos.<\/p>\n","protected":false},"excerpt":{"rendered":"<p>Horseback Experience \u00e9 um passeio a cavalo pela Reserva Natural Est\u00e2ncia 25 de Mayo, onde podemos sentir a imensid\u00e3o do campo patag\u00f4nico, descobrindo c\u00e2nions, riachos e hist\u00f3rias dos ga\u00fachos do sul, desfrutando de um piquenique na Caverna do riacho. O ponto de partida \u00e9 a casa principal da Est\u00e2ncia 25 de Mayo, onde faremos uma [&hellip;]<\/p>\n","protected":false},"featured_media":11175,"template":"","meta":[],"product_brand":[],"product_cat":[103,105,145],"product_tag":[],"destino":[157],"pais":[164],"class_list":{"0":"post-11139","1":"product","2":"type-product","3":"status-publish","4":"has-post-thumbnail","6":"product_cat-excursiones-pt-br","7":"product_cat-excursoes-terrestres","8":"product_cat-passeios-a-cavalo","9":"destino-el-calafate-pt-br","10":"pais-argentina-pt-br","12":"first","13":"instock","14":"virtual","15":"sold-individually","16":"purchasable","17":"product-type-booking"},"booking_location":"","booking_location_type":"","booking_duration":1,"booking_duration_unit":"day","booking_buffer":0,"booking_cost":0,"booking_resources":[],"yoast_head":"<!-- This site is optimized with the Yoast SEO plugin v27.1.1 - https:\/\/yoast.com\/product\/yoast-seo-wordpress\/ -->\n<title>Experi\u00eancia de cavalgada - c\u00e2nions e selas - Best Tour Patagonia<\/title>\n<meta name=\"robots\" content=\"index, follow, max-snippet:-1, max-image-preview:large, max-video-preview:-1\" \/>\n<link rel=\"canonical\" href=\"https:\/\/best-tourpatagonia.tur.ar\/pt-br\/producto\/experiencia-de-cavalgada-canions-e-selas\/\" \/>\n<meta property=\"og:locale\" content=\"pt_BR\" \/>\n<meta property=\"og:type\" content=\"article\" \/>\n<meta property=\"og:title\" content=\"Experi\u00eancia de cavalgada - c\u00e2nions e selas - Best Tour Patagonia\" \/>\n<meta property=\"og:description\" content=\"Horseback Experience \u00e9 um passeio a cavalo pela Reserva Natural Est\u00e2ncia 25 de Mayo, onde podemos sentir a imensid\u00e3o do campo patag\u00f4nico, descobrindo c\u00e2nions, riachos e hist\u00f3rias dos ga\u00fachos do sul, desfrutando de um piquenique na Caverna do riacho. O ponto de partida \u00e9 a casa principal da Est\u00e2ncia 25 de Mayo, onde faremos uma [&hellip;]\" \/>\n<meta property=\"og:url\" content=\"https:\/\/best-tourpatagonia.tur.ar\/pt-br\/producto\/experiencia-de-cavalgada-canions-e-selas\/\" \/>\n<meta property=\"og:site_name\" content=\"Best Tour Patagonia\" \/>\n<meta property=\"article:modified_time\" content=\"2025-06-12T15:16:33+00:00\" \/>\n<meta property=\"og:image\" content=\"https:\/\/best-tourpatagonia.tur.ar\/wp-content\/uploads\/2023\/10\/Cabalgatas-47.jpg\" \/>\n\t<meta property=\"og:image:width\" content=\"1400\" \/>\n\t<meta property=\"og:image:height\" content=\"932\" \/>\n\t<meta property=\"og:image:type\" content=\"image\/jpeg\" \/>\n<meta name=\"twitter:card\" content=\"summary_large_image\" \/>\n<meta name=\"twitter:label1\" content=\"Est. tempo de leitura\" \/>\n\t<meta name=\"twitter:data1\" content=\"1 minuto\" \/>\n<script type=\"application\/ld+json\" class=\"yoast-schema-graph\">{\"@context\":\"https:\/\/schema.org\",\"@graph\":[{\"@type\":\"WebPage\",\"@id\":\"https:\/\/best-tourpatagonia.tur.ar\/pt-br\/producto\/experiencia-de-cavalgada-canions-e-selas\/\",\"url\":\"https:\/\/best-tourpatagonia.tur.ar\/pt-br\/producto\/experiencia-de-cavalgada-canions-e-selas\/\",\"name\":\"Experi\u00eancia de cavalgada - c\u00e2nions e selas - Best Tour Patagonia\",\"isPartOf\":{\"@id\":\"https:\/\/best-tourpatagonia.tur.ar\/pt-br\/#website\"},\"primaryImageOfPage\":{\"@id\":\"https:\/\/best-tourpatagonia.tur.ar\/pt-br\/producto\/experiencia-de-cavalgada-canions-e-selas\/#primaryimage\"},\"image\":{\"@id\":\"https:\/\/best-tourpatagonia.tur.ar\/pt-br\/producto\/experiencia-de-cavalgada-canions-e-selas\/#primaryimage\"},\"thumbnailUrl\":\"https:\/\/best-tourpatagonia.tur.ar\/wp-content\/uploads\/2023\/10\/Cabalgatas-47.jpg\",\"datePublished\":\"2023-10-23T16:01:36+00:00\",\"dateModified\":\"2025-06-12T15:16:33+00:00\",\"breadcrumb\":{\"@id\":\"https:\/\/best-tourpatagonia.tur.ar\/pt-br\/producto\/experiencia-de-cavalgada-canions-e-selas\/#breadcrumb\"},\"inLanguage\":\"pt-BR\",\"potentialAction\":[{\"@type\":\"ReadAction\",\"target\":[\"https:\/\/best-tourpatagonia.tur.ar\/pt-br\/producto\/experiencia-de-cavalgada-canions-e-selas\/\"]}]},{\"@type\":\"ImageObject\",\"inLanguage\":\"pt-BR\",\"@id\":\"https:\/\/best-tourpatagonia.tur.ar\/pt-br\/producto\/experiencia-de-cavalgada-canions-e-selas\/#primaryimage\",\"url\":\"https:\/\/best-tourpatagonia.tur.ar\/wp-content\/uploads\/2023\/10\/Cabalgatas-47.jpg\",\"contentUrl\":\"https:\/\/best-tourpatagonia.tur.ar\/wp-content\/uploads\/2023\/10\/Cabalgatas-47.jpg\",\"width\":1400,\"height\":932},{\"@type\":\"BreadcrumbList\",\"@id\":\"https:\/\/best-tourpatagonia.tur.ar\/pt-br\/producto\/experiencia-de-cavalgada-canions-e-selas\/#breadcrumb\",\"itemListElement\":[{\"@type\":\"ListItem\",\"position\":1,\"name\":\"Portada\",\"item\":\"https:\/\/best-tourpatagonia.tur.ar\/pt-br\/aproveite-ushuaia-el-calafate-e-toda-a-patagonia-durante-todo-o-ano\/\"},{\"@type\":\"ListItem\",\"position\":2,\"name\":\"Loja\",\"item\":\"https:\/\/best-tourpatagonia.tur.ar\/pt-br\/loja\/\"},{\"@type\":\"ListItem\",\"position\":3,\"name\":\"Experi\u00eancia de cavalgada &#8211; c\u00e2nions e selas\"}]},{\"@type\":\"WebSite\",\"@id\":\"https:\/\/best-tourpatagonia.tur.ar\/pt-br\/#website\",\"url\":\"https:\/\/best-tourpatagonia.tur.ar\/pt-br\/\",\"name\":\"Best Tour Patagonia\",\"description\":\"Paquetes y excursiones en la Patagona Argentina\",\"publisher\":{\"@id\":\"https:\/\/best-tourpatagonia.tur.ar\/pt-br\/#organization\"},\"potentialAction\":[{\"@type\":\"SearchAction\",\"target\":{\"@type\":\"EntryPoint\",\"urlTemplate\":\"https:\/\/best-tourpatagonia.tur.ar\/pt-br\/?s={search_term_string}\"},\"query-input\":{\"@type\":\"PropertyValueSpecification\",\"valueRequired\":true,\"valueName\":\"search_term_string\"}}],\"inLanguage\":\"pt-BR\"},{\"@type\":\"Organization\",\"@id\":\"https:\/\/best-tourpatagonia.tur.ar\/pt-br\/#organization\",\"name\":\"Best Tour Patagonia\",\"url\":\"https:\/\/best-tourpatagonia.tur.ar\/pt-br\/\",\"logo\":{\"@type\":\"ImageObject\",\"inLanguage\":\"pt-BR\",\"@id\":\"https:\/\/best-tourpatagonia.tur.ar\/pt-br\/#\/schema\/logo\/image\/\",\"url\":\"https:\/\/best-tourpatagonia.tur.ar\/wp-content\/uploads\/2023\/05\/cropped-corona-1.png\",\"contentUrl\":\"https:\/\/best-tourpatagonia.tur.ar\/wp-content\/uploads\/2023\/05\/cropped-corona-1.png\",\"width\":128,\"height\":75,\"caption\":\"Best Tour Patagonia\"},\"image\":{\"@id\":\"https:\/\/best-tourpatagonia.tur.ar\/pt-br\/#\/schema\/logo\/image\/\"}}]}<\/script>\n<!-- \/ Yoast SEO plugin. -->","yoast_head_json":{"title":"Experi\u00eancia de cavalgada - c\u00e2nions e selas - Best Tour Patagonia","robots":{"index":"index","follow":"follow","max-snippet":"max-snippet:-1","max-image-preview":"max-image-preview:large","max-video-preview":"max-video-preview:-1"},"canonical":"https:\/\/best-tourpatagonia.tur.ar\/pt-br\/producto\/experiencia-de-cavalgada-canions-e-selas\/","og_locale":"pt_BR","og_type":"article","og_title":"Experi\u00eancia de cavalgada - c\u00e2nions e selas - Best Tour Patagonia","og_description":"Horseback Experience \u00e9 um passeio a cavalo pela Reserva Natural Est\u00e2ncia 25 de Mayo, onde podemos sentir a imensid\u00e3o do campo patag\u00f4nico, descobrindo c\u00e2nions, riachos e hist\u00f3rias dos ga\u00fachos do sul, desfrutando de um piquenique na Caverna do riacho. O ponto de partida \u00e9 a casa principal da Est\u00e2ncia 25 de Mayo, onde faremos uma [&hellip;]","og_url":"https:\/\/best-tourpatagonia.tur.ar\/pt-br\/producto\/experiencia-de-cavalgada-canions-e-selas\/","og_site_name":"Best Tour Patagonia","article_modified_time":"2025-06-12T15:16:33+00:00","og_image":[{"width":1400,"height":932,"url":"https:\/\/best-tourpatagonia.tur.ar\/wp-content\/uploads\/2023\/10\/Cabalgatas-47.jpg","type":"image\/jpeg"}],"twitter_card":"summary_large_image","twitter_misc":{"Est. tempo de leitura":"1 minuto"},"schema":{"@context":"https:\/\/schema.org","@graph":[{"@type":"WebPage","@id":"https:\/\/best-tourpatagonia.tur.ar\/pt-br\/producto\/experiencia-de-cavalgada-canions-e-selas\/","url":"https:\/\/best-tourpatagonia.tur.ar\/pt-br\/producto\/experiencia-de-cavalgada-canions-e-selas\/","name":"Experi\u00eancia de cavalgada - c\u00e2nions e selas - Best Tour Patagonia","isPartOf":{"@id":"https:\/\/best-tourpatagonia.tur.ar\/pt-br\/#website"},"primaryImageOfPage":{"@id":"https:\/\/best-tourpatagonia.tur.ar\/pt-br\/producto\/experiencia-de-cavalgada-canions-e-selas\/#primaryimage"},"image":{"@id":"https:\/\/best-tourpatagonia.tur.ar\/pt-br\/producto\/experiencia-de-cavalgada-canions-e-selas\/#primaryimage"},"thumbnailUrl":"https:\/\/best-tourpatagonia.tur.ar\/wp-content\/uploads\/2023\/10\/Cabalgatas-47.jpg","datePublished":"2023-10-23T16:01:36+00:00","dateModified":"2025-06-12T15:16:33+00:00","breadcrumb":{"@id":"https:\/\/best-tourpatagonia.tur.ar\/pt-br\/producto\/experiencia-de-cavalgada-canions-e-selas\/#breadcrumb"},"inLanguage":"pt-BR","potentialAction":[{"@type":"ReadAction","target":["https:\/\/best-tourpatagonia.tur.ar\/pt-br\/producto\/experiencia-de-cavalgada-canions-e-selas\/"]}]},{"@type":"ImageObject","inLanguage":"pt-BR","@id":"https:\/\/best-tourpatagonia.tur.ar\/pt-br\/producto\/experiencia-de-cavalgada-canions-e-selas\/#primaryimage","url":"https:\/\/best-tourpatagonia.tur.ar\/wp-content\/uploads\/2023\/10\/Cabalgatas-47.jpg","contentUrl":"https:\/\/best-tourpatagonia.tur.ar\/wp-content\/uploads\/2023\/10\/Cabalgatas-47.jpg","width":1400,"height":932},{"@type":"BreadcrumbList","@id":"https:\/\/best-tourpatagonia.tur.ar\/pt-br\/producto\/experiencia-de-cavalgada-canions-e-selas\/#breadcrumb","itemListElement":[{"@type":"ListItem","position":1,"name":"Portada","item":"https:\/\/best-tourpatagonia.tur.ar\/pt-br\/aproveite-ushuaia-el-calafate-e-toda-a-patagonia-durante-todo-o-ano\/"},{"@type":"ListItem","position":2,"name":"Loja","item":"https:\/\/best-tourpatagonia.tur.ar\/pt-br\/loja\/"},{"@type":"ListItem","position":3,"name":"Experi\u00eancia de cavalgada &#8211; c\u00e2nions e selas"}]},{"@type":"WebSite","@id":"https:\/\/best-tourpatagonia.tur.ar\/pt-br\/#website","url":"https:\/\/best-tourpatagonia.tur.ar\/pt-br\/","name":"Best Tour Patagonia","description":"Paquetes y excursiones en la Patagona Argentina","publisher":{"@id":"https:\/\/best-tourpatagonia.tur.ar\/pt-br\/#organization"},"potentialAction":[{"@type":"SearchAction","target":{"@type":"EntryPoint","urlTemplate":"https:\/\/best-tourpatagonia.tur.ar\/pt-br\/?s={search_term_string}"},"query-input":{"@type":"PropertyValueSpecification","valueRequired":true,"valueName":"search_term_string"}}],"inLanguage":"pt-BR"},{"@type":"Organization","@id":"https:\/\/best-tourpatagonia.tur.ar\/pt-br\/#organization","name":"Best Tour Patagonia","url":"https:\/\/best-tourpatagonia.tur.ar\/pt-br\/","logo":{"@type":"ImageObject","inLanguage":"pt-BR","@id":"https:\/\/best-tourpatagonia.tur.ar\/pt-br\/#\/schema\/logo\/image\/","url":"https:\/\/best-tourpatagonia.tur.ar\/wp-content\/uploads\/2023\/05\/cropped-corona-1.png","contentUrl":"https:\/\/best-tourpatagonia.tur.ar\/wp-content\/uploads\/2023\/05\/cropped-corona-1.png","width":128,"height":75,"caption":"Best Tour Patagonia"},"image":{"@id":"https:\/\/best-tourpatagonia.tur.ar\/pt-br\/#\/schema\/logo\/image\/"}}]}},"_links":{"self":[{"href":"https:\/\/best-tourpatagonia.tur.ar\/pt-br\/wp-json\/wp\/v2\/product\/11139","targetHints":{"allow":["GET"]}}],"collection":[{"href":"https:\/\/best-tourpatagonia.tur.ar\/pt-br\/wp-json\/wp\/v2\/product"}],"about":[{"href":"https:\/\/best-tourpatagonia.tur.ar\/pt-br\/wp-json\/wp\/v2\/types\/product"}],"wp:featuredmedia":[{"embeddable":true,"href":"https:\/\/best-tourpatagonia.tur.ar\/pt-br\/wp-json\/wp\/v2\/media\/11175"}],"wp:attachment":[{"href":"https:\/\/best-tourpatagonia.tur.ar\/pt-br\/wp-json\/wp\/v2\/media?parent=11139"}],"wp:term":[{"taxonomy":"product_brand","embeddable":true,"href":"https:\/\/best-tourpatagonia.tur.ar\/pt-br\/wp-json\/wp\/v2\/product_brand?post=11139"},{"taxonomy":"product_cat","embeddable":true,"href":"https:\/\/best-tourpatagonia.tur.ar\/pt-br\/wp-json\/wp\/v2\/product_cat?post=11139"},{"taxonomy":"product_tag","embeddable":true,"href":"https:\/\/best-tourpatagonia.tur.ar\/pt-br\/wp-json\/wp\/v2\/product_tag?post=11139"},{"taxonomy":"destino","embeddable":true,"href":"https:\/\/best-tourpatagonia.tur.ar\/pt-br\/wp-json\/wp\/v2\/destino?post=11139"},{"taxonomy":"pais","embeddable":true,"href":"https:\/\/best-tourpatagonia.tur.ar\/pt-br\/wp-json\/wp\/v2\/pais?post=11139"}],"curies":[{"name":"wp","href":"https:\/\/api.w.org\/{rel}","templated":true}]}}