{"id":11115,"date":"2023-10-25T11:50:55","date_gmt":"2023-10-25T14:50:55","guid":{"rendered":"https:\/\/best-tourpatagonia.tur.ar\/producto\/trekking-em-cerro-frias-com-lanches\/"},"modified":"2025-06-12T12:16:05","modified_gmt":"2025-06-12T15:16:05","slug":"trekking-em-cerro-frias-com-lanches","status":"publish","type":"product","link":"https:\/\/best-tourpatagonia.tur.ar\/pt-br\/producto\/trekking-em-cerro-frias-com-lanches\/","title":{"rendered":"Trekking em Cerro Frias &#8211; com lanches"},"content":{"rendered":"<p class=\"wb-stl-normal\">A apenas 23 km de El Calafate, no caminho para o Glaciar Perito Moreno pela RP 11 e dentro dos limites da Est\u00e2ncia Alice, est\u00e1 o Cerro Frias.<\/p>\n<p class=\"wb-stl-normal\">Em uma terra de geleiras imaculadas e lagos azuis, nossa equipe de profissionais de grande qualidade humana recebe aqueles que nos visitam.<\/p>\n<p>Do Quincho de Cerro Frias, caminharemos pela encosta sul at\u00e9 chegarmos aos melhores pontos panor\u00e2micos do Parque Nacional.<\/p>\n<p>A paisagem combina a aridez da estepe e a calma da floresta de lengas com diferentes vegeta\u00e7\u00f5es e animais prontos para serem descobertos pelo olhar atento do aventureiro.<\/p>\n","protected":false},"excerpt":{"rendered":"<p style=\"font-weight: 400;\"><strong>Sa\u00eddas: <\/strong>das 14:00 hs \u00e0s 18 hs aproximadamente.<\/p>\n<p style=\"font-weight: 400;\">Excurs\u00e3o com lanche (lanches de cafeteria + variedades de doces)<\/p>\n","protected":false},"featured_media":11116,"template":"","meta":[],"product_brand":[],"product_cat":[140,103,105],"product_tag":[],"destino":[157],"pais":[164],"class_list":{"0":"post-11115","1":"product","2":"type-product","3":"status-publish","4":"has-post-thumbnail","6":"product_cat-aventura-pt-br","7":"product_cat-excursiones-pt-br","8":"product_cat-excursoes-terrestres","9":"destino-el-calafate-pt-br","10":"pais-argentina-pt-br","12":"first","13":"instock","14":"virtual","15":"sold-individually","16":"purchasable","17":"product-type-booking"},"booking_location":"","booking_location_type":"","booking_duration":1,"booking_duration_unit":"day","booking_buffer":0,"booking_cost":0,"booking_resources":[],"yoast_head":"<!-- This site is optimized with the Yoast SEO plugin v27.1.1 - https:\/\/yoast.com\/product\/yoast-seo-wordpress\/ -->\n<title>Trekking em Cerro Frias - com lanches - Best Tour Patagonia<\/title>\n<meta name=\"robots\" content=\"index, follow, max-snippet:-1, max-image-preview:large, max-video-preview:-1\" \/>\n<link rel=\"canonical\" href=\"https:\/\/best-tourpatagonia.tur.ar\/pt-br\/producto\/trekking-em-cerro-frias-com-lanches\/\" \/>\n<meta property=\"og:locale\" content=\"pt_BR\" \/>\n<meta property=\"og:type\" content=\"article\" \/>\n<meta property=\"og:title\" content=\"Trekking em Cerro Frias - com lanches - Best Tour Patagonia\" \/>\n<meta property=\"og:description\" content=\"Sa\u00eddas: das 14:00 hs \u00e0s 18 hs aproximadamente. Excurs\u00e3o com lanche (lanches de cafeteria + variedades de doces)\" \/>\n<meta property=\"og:url\" content=\"https:\/\/best-tourpatagonia.tur.ar\/pt-br\/producto\/trekking-em-cerro-frias-com-lanches\/\" \/>\n<meta property=\"og:site_name\" content=\"Best Tour Patagonia\" \/>\n<meta property=\"article:modified_time\" content=\"2025-06-12T15:16:05+00:00\" \/>\n<meta property=\"og:image\" content=\"https:\/\/best-tourpatagonia.tur.ar\/wp-content\/uploads\/2023\/10\/WhatsApp-Image-2023-10-24-at-12.44.40-3.jpeg\" \/>\n\t<meta property=\"og:image:width\" content=\"1600\" \/>\n\t<meta property=\"og:image:height\" content=\"1066\" \/>\n\t<meta property=\"og:image:type\" content=\"image\/jpeg\" \/>\n<meta name=\"twitter:card\" content=\"summary_large_image\" \/>\n<script type=\"application\/ld+json\" class=\"yoast-schema-graph\">{\"@context\":\"https:\/\/schema.org\",\"@graph\":[{\"@type\":\"WebPage\",\"@id\":\"https:\/\/best-tourpatagonia.tur.ar\/pt-br\/producto\/trekking-em-cerro-frias-com-lanches\/\",\"url\":\"https:\/\/best-tourpatagonia.tur.ar\/pt-br\/producto\/trekking-em-cerro-frias-com-lanches\/\",\"name\":\"Trekking em Cerro Frias - com lanches - Best Tour Patagonia\",\"isPartOf\":{\"@id\":\"https:\/\/best-tourpatagonia.tur.ar\/pt-br\/#website\"},\"primaryImageOfPage\":{\"@id\":\"https:\/\/best-tourpatagonia.tur.ar\/pt-br\/producto\/trekking-em-cerro-frias-com-lanches\/#primaryimage\"},\"image\":{\"@id\":\"https:\/\/best-tourpatagonia.tur.ar\/pt-br\/producto\/trekking-em-cerro-frias-com-lanches\/#primaryimage\"},\"thumbnailUrl\":\"https:\/\/best-tourpatagonia.tur.ar\/wp-content\/uploads\/2023\/10\/WhatsApp-Image-2023-10-24-at-12.44.40-3.jpeg\",\"datePublished\":\"2023-10-25T14:50:55+00:00\",\"dateModified\":\"2025-06-12T15:16:05+00:00\",\"breadcrumb\":{\"@id\":\"https:\/\/best-tourpatagonia.tur.ar\/pt-br\/producto\/trekking-em-cerro-frias-com-lanches\/#breadcrumb\"},\"inLanguage\":\"pt-BR\",\"potentialAction\":[{\"@type\":\"ReadAction\",\"target\":[\"https:\/\/best-tourpatagonia.tur.ar\/pt-br\/producto\/trekking-em-cerro-frias-com-lanches\/\"]}]},{\"@type\":\"ImageObject\",\"inLanguage\":\"pt-BR\",\"@id\":\"https:\/\/best-tourpatagonia.tur.ar\/pt-br\/producto\/trekking-em-cerro-frias-com-lanches\/#primaryimage\",\"url\":\"https:\/\/best-tourpatagonia.tur.ar\/wp-content\/uploads\/2023\/10\/WhatsApp-Image-2023-10-24-at-12.44.40-3.jpeg\",\"contentUrl\":\"https:\/\/best-tourpatagonia.tur.ar\/wp-content\/uploads\/2023\/10\/WhatsApp-Image-2023-10-24-at-12.44.40-3.jpeg\",\"width\":1600,\"height\":1066},{\"@type\":\"BreadcrumbList\",\"@id\":\"https:\/\/best-tourpatagonia.tur.ar\/pt-br\/producto\/trekking-em-cerro-frias-com-lanches\/#breadcrumb\",\"itemListElement\":[{\"@type\":\"ListItem\",\"position\":1,\"name\":\"Portada\",\"item\":\"https:\/\/best-tourpatagonia.tur.ar\/pt-br\/aproveite-ushuaia-el-calafate-e-toda-a-patagonia-durante-todo-o-ano\/\"},{\"@type\":\"ListItem\",\"position\":2,\"name\":\"Loja\",\"item\":\"https:\/\/best-tourpatagonia.tur.ar\/pt-br\/loja\/\"},{\"@type\":\"ListItem\",\"position\":3,\"name\":\"Trekking em Cerro Frias &#8211; com lanches\"}]},{\"@type\":\"WebSite\",\"@id\":\"https:\/\/best-tourpatagonia.tur.ar\/pt-br\/#website\",\"url\":\"https:\/\/best-tourpatagonia.tur.ar\/pt-br\/\",\"name\":\"Best Tour Patagonia\",\"description\":\"Paquetes y excursiones en la Patagona Argentina\",\"publisher\":{\"@id\":\"https:\/\/best-tourpatagonia.tur.ar\/pt-br\/#organization\"},\"potentialAction\":[{\"@type\":\"SearchAction\",\"target\":{\"@type\":\"EntryPoint\",\"urlTemplate\":\"https:\/\/best-tourpatagonia.tur.ar\/pt-br\/?s={search_term_string}\"},\"query-input\":{\"@type\":\"PropertyValueSpecification\",\"valueRequired\":true,\"valueName\":\"search_term_string\"}}],\"inLanguage\":\"pt-BR\"},{\"@type\":\"Organization\",\"@id\":\"https:\/\/best-tourpatagonia.tur.ar\/pt-br\/#organization\",\"name\":\"Best Tour Patagonia\",\"url\":\"https:\/\/best-tourpatagonia.tur.ar\/pt-br\/\",\"logo\":{\"@type\":\"ImageObject\",\"inLanguage\":\"pt-BR\",\"@id\":\"https:\/\/best-tourpatagonia.tur.ar\/pt-br\/#\/schema\/logo\/image\/\",\"url\":\"https:\/\/best-tourpatagonia.tur.ar\/wp-content\/uploads\/2023\/05\/cropped-corona-1.png\",\"contentUrl\":\"https:\/\/best-tourpatagonia.tur.ar\/wp-content\/uploads\/2023\/05\/cropped-corona-1.png\",\"width\":128,\"height\":75,\"caption\":\"Best Tour Patagonia\"},\"image\":{\"@id\":\"https:\/\/best-tourpatagonia.tur.ar\/pt-br\/#\/schema\/logo\/image\/\"}}]}<\/script>\n<!-- \/ Yoast SEO plugin. -->","yoast_head_json":{"title":"Trekking em Cerro Frias - com lanches - Best Tour Patagonia","robots":{"index":"index","follow":"follow","max-snippet":"max-snippet:-1","max-image-preview":"max-image-preview:large","max-video-preview":"max-video-preview:-1"},"canonical":"https:\/\/best-tourpatagonia.tur.ar\/pt-br\/producto\/trekking-em-cerro-frias-com-lanches\/","og_locale":"pt_BR","og_type":"article","og_title":"Trekking em Cerro Frias - com lanches - Best Tour Patagonia","og_description":"Sa\u00eddas: das 14:00 hs \u00e0s 18 hs aproximadamente. Excurs\u00e3o com lanche (lanches de cafeteria + variedades de doces)","og_url":"https:\/\/best-tourpatagonia.tur.ar\/pt-br\/producto\/trekking-em-cerro-frias-com-lanches\/","og_site_name":"Best Tour Patagonia","article_modified_time":"2025-06-12T15:16:05+00:00","og_image":[{"width":1600,"height":1066,"url":"https:\/\/best-tourpatagonia.tur.ar\/wp-content\/uploads\/2023\/10\/WhatsApp-Image-2023-10-24-at-12.44.40-3.jpeg","type":"image\/jpeg"}],"twitter_card":"summary_large_image","schema":{"@context":"https:\/\/schema.org","@graph":[{"@type":"WebPage","@id":"https:\/\/best-tourpatagonia.tur.ar\/pt-br\/producto\/trekking-em-cerro-frias-com-lanches\/","url":"https:\/\/best-tourpatagonia.tur.ar\/pt-br\/producto\/trekking-em-cerro-frias-com-lanches\/","name":"Trekking em Cerro Frias - com lanches - Best Tour Patagonia","isPartOf":{"@id":"https:\/\/best-tourpatagonia.tur.ar\/pt-br\/#website"},"primaryImageOfPage":{"@id":"https:\/\/best-tourpatagonia.tur.ar\/pt-br\/producto\/trekking-em-cerro-frias-com-lanches\/#primaryimage"},"image":{"@id":"https:\/\/best-tourpatagonia.tur.ar\/pt-br\/producto\/trekking-em-cerro-frias-com-lanches\/#primaryimage"},"thumbnailUrl":"https:\/\/best-tourpatagonia.tur.ar\/wp-content\/uploads\/2023\/10\/WhatsApp-Image-2023-10-24-at-12.44.40-3.jpeg","datePublished":"2023-10-25T14:50:55+00:00","dateModified":"2025-06-12T15:16:05+00:00","breadcrumb":{"@id":"https:\/\/best-tourpatagonia.tur.ar\/pt-br\/producto\/trekking-em-cerro-frias-com-lanches\/#breadcrumb"},"inLanguage":"pt-BR","potentialAction":[{"@type":"ReadAction","target":["https:\/\/best-tourpatagonia.tur.ar\/pt-br\/producto\/trekking-em-cerro-frias-com-lanches\/"]}]},{"@type":"ImageObject","inLanguage":"pt-BR","@id":"https:\/\/best-tourpatagonia.tur.ar\/pt-br\/producto\/trekking-em-cerro-frias-com-lanches\/#primaryimage","url":"https:\/\/best-tourpatagonia.tur.ar\/wp-content\/uploads\/2023\/10\/WhatsApp-Image-2023-10-24-at-12.44.40-3.jpeg","contentUrl":"https:\/\/best-tourpatagonia.tur.ar\/wp-content\/uploads\/2023\/10\/WhatsApp-Image-2023-10-24-at-12.44.40-3.jpeg","width":1600,"height":1066},{"@type":"BreadcrumbList","@id":"https:\/\/best-tourpatagonia.tur.ar\/pt-br\/producto\/trekking-em-cerro-frias-com-lanches\/#breadcrumb","itemListElement":[{"@type":"ListItem","position":1,"name":"Portada","item":"https:\/\/best-tourpatagonia.tur.ar\/pt-br\/aproveite-ushuaia-el-calafate-e-toda-a-patagonia-durante-todo-o-ano\/"},{"@type":"ListItem","position":2,"name":"Loja","item":"https:\/\/best-tourpatagonia.tur.ar\/pt-br\/loja\/"},{"@type":"ListItem","position":3,"name":"Trekking em Cerro Frias &#8211; com lanches"}]},{"@type":"WebSite","@id":"https:\/\/best-tourpatagonia.tur.ar\/pt-br\/#website","url":"https:\/\/best-tourpatagonia.tur.ar\/pt-br\/","name":"Best Tour Patagonia","description":"Paquetes y excursiones en la Patagona Argentina","publisher":{"@id":"https:\/\/best-tourpatagonia.tur.ar\/pt-br\/#organization"},"potentialAction":[{"@type":"SearchAction","target":{"@type":"EntryPoint","urlTemplate":"https:\/\/best-tourpatagonia.tur.ar\/pt-br\/?s={search_term_string}"},"query-input":{"@type":"PropertyValueSpecification","valueRequired":true,"valueName":"search_term_string"}}],"inLanguage":"pt-BR"},{"@type":"Organization","@id":"https:\/\/best-tourpatagonia.tur.ar\/pt-br\/#organization","name":"Best Tour Patagonia","url":"https:\/\/best-tourpatagonia.tur.ar\/pt-br\/","logo":{"@type":"ImageObject","inLanguage":"pt-BR","@id":"https:\/\/best-tourpatagonia.tur.ar\/pt-br\/#\/schema\/logo\/image\/","url":"https:\/\/best-tourpatagonia.tur.ar\/wp-content\/uploads\/2023\/05\/cropped-corona-1.png","contentUrl":"https:\/\/best-tourpatagonia.tur.ar\/wp-content\/uploads\/2023\/05\/cropped-corona-1.png","width":128,"height":75,"caption":"Best Tour Patagonia"},"image":{"@id":"https:\/\/best-tourpatagonia.tur.ar\/pt-br\/#\/schema\/logo\/image\/"}}]}},"_links":{"self":[{"href":"https:\/\/best-tourpatagonia.tur.ar\/pt-br\/wp-json\/wp\/v2\/product\/11115","targetHints":{"allow":["GET"]}}],"collection":[{"href":"https:\/\/best-tourpatagonia.tur.ar\/pt-br\/wp-json\/wp\/v2\/product"}],"about":[{"href":"https:\/\/best-tourpatagonia.tur.ar\/pt-br\/wp-json\/wp\/v2\/types\/product"}],"wp:featuredmedia":[{"embeddable":true,"href":"https:\/\/best-tourpatagonia.tur.ar\/pt-br\/wp-json\/wp\/v2\/media\/11116"}],"wp:attachment":[{"href":"https:\/\/best-tourpatagonia.tur.ar\/pt-br\/wp-json\/wp\/v2\/media?parent=11115"}],"wp:term":[{"taxonomy":"product_brand","embeddable":true,"href":"https:\/\/best-tourpatagonia.tur.ar\/pt-br\/wp-json\/wp\/v2\/product_brand?post=11115"},{"taxonomy":"product_cat","embeddable":true,"href":"https:\/\/best-tourpatagonia.tur.ar\/pt-br\/wp-json\/wp\/v2\/product_cat?post=11115"},{"taxonomy":"product_tag","embeddable":true,"href":"https:\/\/best-tourpatagonia.tur.ar\/pt-br\/wp-json\/wp\/v2\/product_tag?post=11115"},{"taxonomy":"destino","embeddable":true,"href":"https:\/\/best-tourpatagonia.tur.ar\/pt-br\/wp-json\/wp\/v2\/destino?post=11115"},{"taxonomy":"pais","embeddable":true,"href":"https:\/\/best-tourpatagonia.tur.ar\/pt-br\/wp-json\/wp\/v2\/pais?post=11115"}],"curies":[{"name":"wp","href":"https:\/\/api.w.org\/{rel}","templated":true}]}}