{"id":11090,"date":"2024-02-26T11:27:41","date_gmt":"2024-02-26T14:27:41","guid":{"rendered":"https:\/\/best-tourpatagonia.tur.ar\/producto\/dia-inteiro-de-neve\/"},"modified":"2026-03-18T20:40:40","modified_gmt":"2026-03-18T23:40:40","slug":"dia-inteiro-de-neve","status":"publish","type":"product","link":"https:\/\/best-tourpatagonia.tur.ar\/pt-br\/producto\/dia-inteiro-de-neve\/","title":{"rendered":"Dia inteiro de neve"},"content":{"rendered":"<p><strong>Itiner\u00e1rio:<\/strong><\/p>\n<div class=\"th-itin-single th-itin-active\">\n<div class=\"th-itin-title\"><strong>8h30 &#8211; Traslado para NUNATAK<\/strong><\/div>\n<div class=\"th-itin-title\">Os passageiros ser\u00e3o buscados em suas acomoda\u00e7\u00f5es e transferidos em nossos traslados exclusivos para NUNATAK, no vale Tierra Mayor, onde a aventura come\u00e7a.<\/div>\n<div><\/div>\n<\/div>\n<div class=\"th-itin-single th-itin-active\">\n<div class=\"th-itin-title\"><strong>10:00 AM &#8211; Trilhas 4&#215;4<\/strong><\/div>\n<div class=\"th-itin-content\">Entramos no ve\u00edculo de esteira especialmente equipado e iniciamos a travessia da grande plan\u00edcie nevada. * Caso o ve\u00edculo de esteira 4\u00d74 n\u00e3o possa ser operado devido \u00e0s condi\u00e7\u00f5es do solo, ele ser\u00e1 substitu\u00eddo por um circuito de snowmobile mais extenso.<\/div>\n<div><\/div>\n<\/div>\n<div class=\"th-itin-single th-itin-active\">\n<div class=\"th-itin-title\"><strong>11:00 PM &#8211; Ref\u00fagio do Hachero<\/strong><\/div>\n<div class=\"th-itin-title\">A caminhada vai do vale at\u00e9 a floresta e termina no ref\u00fagio Hachero, onde teremos tempo para tirar fotos em uma paisagem de sonho.<\/div>\n<div><\/div>\n<\/div>\n<div class=\"th-itin-single th-itin-active\">\n<div class=\"th-itin-title\"><strong>12:30 &#8211; Caminhada na neve<\/strong><\/div>\n<div class=\"th-itin-content\">Ap\u00f3s as instru\u00e7\u00f5es do nosso guia, colocamos nossas raquetes de neve e seguimos para a cabana Nunatak.<\/div>\n<div><\/div>\n<\/div>\n<div class=\"th-itin-single th-itin-active\">\n<div class=\"th-itin-title\"><strong>13:30 &#8211; Almo\u00e7o<\/strong><\/div>\n<div class=\"th-itin-content\">Almo\u00e7aremos no Dome aquecido e teremos tempo para nos divertirmos na pista de tobog\u00e3.<\/div>\n<div><\/div>\n<\/div>\n<div class=\"th-itin-single th-itin-active\">\n<div class=\"th-itin-title\"><strong>15:00 &#8211; Passeio de tren\u00f3 na neve e de tren\u00f3 Husky<\/strong><\/div>\n<div class=\"th-itin-content\">Depois do almo\u00e7o, voc\u00ea far\u00e1 um passeio de tren\u00f3 puxado por huskies e uma aventura guiada de snowmobile. * As bicicletas s\u00e3o de dois lugares, 2 passageiros por bicicleta.<\/div>\n<div><\/div>\n<\/div>\n<div class=\"th-itin-single th-itin-active\">\n<div class=\"th-itin-title\"><strong>16:30 PM &#8211; Retorno<\/strong><\/div>\n<div class=\"th-itin-content\">Levaremos cada passageiro \u00e0 sua acomoda\u00e7\u00e3o com nossos exclusivos traslados.<\/div>\n<\/div>\n","protected":false},"excerpt":{"rendered":"<div><strong>Excurs\u00e3o de inverno combinando as seguintes atividades:<\/strong><\/div>\n<div><strong>Visita ao Husky Park<\/strong><\/div>\n<div><strong>Passeio de tren\u00f3 puxado por c\u00e3es Husky<\/strong><\/div>\n<div><strong>Passeios de snowmobile (Snow Cat)<\/strong><\/div>\n<div><strong>Raquetes de neve<\/strong><\/div>\n<div><strong>Passeio com esteiras 4&#215;4<\/strong><\/div>\n<div><strong>Culipatina<\/strong><\/div>\n<div><strong>+ Almo\u00e7o em nosso abrigo<\/strong><\/div>\n<div><\/div>\n<div>Essa excurs\u00e3o n\u00e3o \u00e9 adequada para mulheres gr\u00e1vidas, idosos ou pessoas com problemas f\u00edsicos.<\/div>\n<div><\/div>\n<div><strong>A temporada come\u00e7a em 21 de junho e vai at\u00e9 30 de setembro (sujeita \u00e0s condi\u00e7\u00f5es de neve no vale). <\/strong><strong>condi\u00e7\u00f5es de neve no vale<\/strong><\/div>\n","protected":false},"featured_media":6707,"template":"","meta":[],"product_brand":[],"product_cat":[103,105,184],"product_tag":[],"destino":[156],"pais":[164],"class_list":{"0":"post-11090","1":"product","2":"type-product","3":"status-publish","4":"has-post-thumbnail","6":"product_cat-excursiones-pt-br","7":"product_cat-excursoes-terrestres","8":"product_cat-inverno","9":"destino-ushuaia-pt-br","10":"pais-argentina-pt-br","12":"first","13":"instock","14":"virtual","15":"sold-individually","16":"purchasable","17":"product-type-booking"},"booking_location":"","booking_location_type":"","booking_duration":1,"booking_duration_unit":"day","booking_buffer":0,"booking_cost":0,"booking_resources":[],"yoast_head":"<!-- This site is optimized with the Yoast SEO plugin v27.4 - https:\/\/yoast.com\/product\/yoast-seo-wordpress\/ -->\n<title>Dia inteiro de neve - Best Tour Patagonia<\/title>\n<meta name=\"robots\" content=\"index, follow, max-snippet:-1, max-image-preview:large, max-video-preview:-1\" \/>\n<link rel=\"canonical\" href=\"https:\/\/best-tourpatagonia.tur.ar\/pt-br\/producto\/dia-inteiro-de-neve\/\" \/>\n<meta property=\"og:locale\" content=\"pt_BR\" \/>\n<meta property=\"og:type\" content=\"article\" \/>\n<meta property=\"og:title\" content=\"Dia inteiro de neve - Best Tour Patagonia\" \/>\n<meta property=\"og:description\" content=\"Excurs\u00e3o de inverno combinando as seguintes atividades: Visita ao Husky Park Passeio de tren\u00f3 puxado por c\u00e3es Husky Passeios de snowmobile (Snow Cat) Raquetes de neve Passeio com esteiras 4x4 Culipatina + Almo\u00e7o em nosso abrigo  Essa excurs\u00e3o n\u00e3o \u00e9 adequada para mulheres gr\u00e1vidas, idosos ou pessoas com problemas f\u00edsicos.  A temporada come\u00e7a em 21 de junho e vai at\u00e9 30 de setembro (sujeita \u00e0s condi\u00e7\u00f5es de neve no vale). condi\u00e7\u00f5es de neve no vale\" \/>\n<meta property=\"og:url\" content=\"https:\/\/best-tourpatagonia.tur.ar\/pt-br\/producto\/dia-inteiro-de-neve\/\" \/>\n<meta property=\"og:site_name\" content=\"Best Tour Patagonia\" \/>\n<meta property=\"article:modified_time\" content=\"2026-03-18T23:40:40+00:00\" \/>\n<meta property=\"og:image\" content=\"https:\/\/best-tourpatagonia.tur.ar\/wp-content\/uploads\/2024\/02\/IMG_3856-scaled.jpg\" \/>\n\t<meta property=\"og:image:width\" content=\"1707\" \/>\n\t<meta property=\"og:image:height\" content=\"2560\" \/>\n\t<meta property=\"og:image:type\" content=\"image\/jpeg\" \/>\n<meta name=\"twitter:card\" content=\"summary_large_image\" \/>\n<meta name=\"twitter:label1\" content=\"Est. tempo de leitura\" \/>\n\t<meta name=\"twitter:data1\" content=\"2 minutos\" \/>\n<script type=\"application\/ld+json\" class=\"yoast-schema-graph\">{\"@context\":\"https:\\\/\\\/schema.org\",\"@graph\":[{\"@type\":\"WebPage\",\"@id\":\"https:\\\/\\\/best-tourpatagonia.tur.ar\\\/pt-br\\\/producto\\\/dia-inteiro-de-neve\\\/\",\"url\":\"https:\\\/\\\/best-tourpatagonia.tur.ar\\\/pt-br\\\/producto\\\/dia-inteiro-de-neve\\\/\",\"name\":\"Dia inteiro de neve - Best Tour Patagonia\",\"isPartOf\":{\"@id\":\"https:\\\/\\\/best-tourpatagonia.tur.ar\\\/pt-br\\\/#website\"},\"primaryImageOfPage\":{\"@id\":\"https:\\\/\\\/best-tourpatagonia.tur.ar\\\/pt-br\\\/producto\\\/dia-inteiro-de-neve\\\/#primaryimage\"},\"image\":{\"@id\":\"https:\\\/\\\/best-tourpatagonia.tur.ar\\\/pt-br\\\/producto\\\/dia-inteiro-de-neve\\\/#primaryimage\"},\"thumbnailUrl\":\"https:\\\/\\\/best-tourpatagonia.tur.ar\\\/wp-content\\\/uploads\\\/2024\\\/02\\\/IMG_3856-scaled.jpg\",\"datePublished\":\"2024-02-26T14:27:41+00:00\",\"dateModified\":\"2026-03-18T23:40:40+00:00\",\"breadcrumb\":{\"@id\":\"https:\\\/\\\/best-tourpatagonia.tur.ar\\\/pt-br\\\/producto\\\/dia-inteiro-de-neve\\\/#breadcrumb\"},\"inLanguage\":\"pt-BR\",\"potentialAction\":[{\"@type\":\"ReadAction\",\"target\":[\"https:\\\/\\\/best-tourpatagonia.tur.ar\\\/pt-br\\\/producto\\\/dia-inteiro-de-neve\\\/\"]}]},{\"@type\":\"ImageObject\",\"inLanguage\":\"pt-BR\",\"@id\":\"https:\\\/\\\/best-tourpatagonia.tur.ar\\\/pt-br\\\/producto\\\/dia-inteiro-de-neve\\\/#primaryimage\",\"url\":\"https:\\\/\\\/best-tourpatagonia.tur.ar\\\/wp-content\\\/uploads\\\/2024\\\/02\\\/IMG_3856-scaled.jpg\",\"contentUrl\":\"https:\\\/\\\/best-tourpatagonia.tur.ar\\\/wp-content\\\/uploads\\\/2024\\\/02\\\/IMG_3856-scaled.jpg\",\"width\":1707,\"height\":2560},{\"@type\":\"BreadcrumbList\",\"@id\":\"https:\\\/\\\/best-tourpatagonia.tur.ar\\\/pt-br\\\/producto\\\/dia-inteiro-de-neve\\\/#breadcrumb\",\"itemListElement\":[{\"@type\":\"ListItem\",\"position\":1,\"name\":\"Portada\",\"item\":\"https:\\\/\\\/best-tourpatagonia.tur.ar\\\/pt-br\\\/aproveite-ushuaia-el-calafate-e-toda-a-patagonia-durante-todo-o-ano\\\/\"},{\"@type\":\"ListItem\",\"position\":2,\"name\":\"Loja\",\"item\":\"https:\\\/\\\/best-tourpatagonia.tur.ar\\\/pt-br\\\/loja\\\/\"},{\"@type\":\"ListItem\",\"position\":3,\"name\":\"Dia inteiro de neve\"}]},{\"@type\":\"WebSite\",\"@id\":\"https:\\\/\\\/best-tourpatagonia.tur.ar\\\/pt-br\\\/#website\",\"url\":\"https:\\\/\\\/best-tourpatagonia.tur.ar\\\/pt-br\\\/\",\"name\":\"Best Tour Patagonia\",\"description\":\"Paquetes y excursiones en la Patagona Argentina\",\"publisher\":{\"@id\":\"https:\\\/\\\/best-tourpatagonia.tur.ar\\\/pt-br\\\/#organization\"},\"potentialAction\":[{\"@type\":\"SearchAction\",\"target\":{\"@type\":\"EntryPoint\",\"urlTemplate\":\"https:\\\/\\\/best-tourpatagonia.tur.ar\\\/pt-br\\\/?s={search_term_string}\"},\"query-input\":{\"@type\":\"PropertyValueSpecification\",\"valueRequired\":true,\"valueName\":\"search_term_string\"}}],\"inLanguage\":\"pt-BR\"},{\"@type\":\"Organization\",\"@id\":\"https:\\\/\\\/best-tourpatagonia.tur.ar\\\/pt-br\\\/#organization\",\"name\":\"Best Tour Patagonia\",\"url\":\"https:\\\/\\\/best-tourpatagonia.tur.ar\\\/pt-br\\\/\",\"logo\":{\"@type\":\"ImageObject\",\"inLanguage\":\"pt-BR\",\"@id\":\"https:\\\/\\\/best-tourpatagonia.tur.ar\\\/pt-br\\\/#\\\/schema\\\/logo\\\/image\\\/\",\"url\":\"https:\\\/\\\/best-tourpatagonia.tur.ar\\\/wp-content\\\/uploads\\\/2023\\\/05\\\/cropped-corona-1.png\",\"contentUrl\":\"https:\\\/\\\/best-tourpatagonia.tur.ar\\\/wp-content\\\/uploads\\\/2023\\\/05\\\/cropped-corona-1.png\",\"width\":128,\"height\":75,\"caption\":\"Best Tour Patagonia\"},\"image\":{\"@id\":\"https:\\\/\\\/best-tourpatagonia.tur.ar\\\/pt-br\\\/#\\\/schema\\\/logo\\\/image\\\/\"}}]}<\/script>\n<!-- \/ Yoast SEO plugin. -->","yoast_head_json":{"title":"Dia inteiro de neve - Best Tour Patagonia","robots":{"index":"index","follow":"follow","max-snippet":"max-snippet:-1","max-image-preview":"max-image-preview:large","max-video-preview":"max-video-preview:-1"},"canonical":"https:\/\/best-tourpatagonia.tur.ar\/pt-br\/producto\/dia-inteiro-de-neve\/","og_locale":"pt_BR","og_type":"article","og_title":"Dia inteiro de neve - Best Tour Patagonia","og_description":"Excurs\u00e3o de inverno combinando as seguintes atividades: Visita ao Husky Park Passeio de tren\u00f3 puxado por c\u00e3es Husky Passeios de snowmobile (Snow Cat) Raquetes de neve Passeio com esteiras 4x4 Culipatina + Almo\u00e7o em nosso abrigo  Essa excurs\u00e3o n\u00e3o \u00e9 adequada para mulheres gr\u00e1vidas, idosos ou pessoas com problemas f\u00edsicos.  A temporada come\u00e7a em 21 de junho e vai at\u00e9 30 de setembro (sujeita \u00e0s condi\u00e7\u00f5es de neve no vale). condi\u00e7\u00f5es de neve no vale","og_url":"https:\/\/best-tourpatagonia.tur.ar\/pt-br\/producto\/dia-inteiro-de-neve\/","og_site_name":"Best Tour Patagonia","article_modified_time":"2026-03-18T23:40:40+00:00","og_image":[{"width":1707,"height":2560,"url":"https:\/\/best-tourpatagonia.tur.ar\/wp-content\/uploads\/2024\/02\/IMG_3856-scaled.jpg","type":"image\/jpeg"}],"twitter_card":"summary_large_image","twitter_misc":{"Est. tempo de leitura":"2 minutos"},"schema":{"@context":"https:\/\/schema.org","@graph":[{"@type":"WebPage","@id":"https:\/\/best-tourpatagonia.tur.ar\/pt-br\/producto\/dia-inteiro-de-neve\/","url":"https:\/\/best-tourpatagonia.tur.ar\/pt-br\/producto\/dia-inteiro-de-neve\/","name":"Dia inteiro de neve - Best Tour Patagonia","isPartOf":{"@id":"https:\/\/best-tourpatagonia.tur.ar\/pt-br\/#website"},"primaryImageOfPage":{"@id":"https:\/\/best-tourpatagonia.tur.ar\/pt-br\/producto\/dia-inteiro-de-neve\/#primaryimage"},"image":{"@id":"https:\/\/best-tourpatagonia.tur.ar\/pt-br\/producto\/dia-inteiro-de-neve\/#primaryimage"},"thumbnailUrl":"https:\/\/best-tourpatagonia.tur.ar\/wp-content\/uploads\/2024\/02\/IMG_3856-scaled.jpg","datePublished":"2024-02-26T14:27:41+00:00","dateModified":"2026-03-18T23:40:40+00:00","breadcrumb":{"@id":"https:\/\/best-tourpatagonia.tur.ar\/pt-br\/producto\/dia-inteiro-de-neve\/#breadcrumb"},"inLanguage":"pt-BR","potentialAction":[{"@type":"ReadAction","target":["https:\/\/best-tourpatagonia.tur.ar\/pt-br\/producto\/dia-inteiro-de-neve\/"]}]},{"@type":"ImageObject","inLanguage":"pt-BR","@id":"https:\/\/best-tourpatagonia.tur.ar\/pt-br\/producto\/dia-inteiro-de-neve\/#primaryimage","url":"https:\/\/best-tourpatagonia.tur.ar\/wp-content\/uploads\/2024\/02\/IMG_3856-scaled.jpg","contentUrl":"https:\/\/best-tourpatagonia.tur.ar\/wp-content\/uploads\/2024\/02\/IMG_3856-scaled.jpg","width":1707,"height":2560},{"@type":"BreadcrumbList","@id":"https:\/\/best-tourpatagonia.tur.ar\/pt-br\/producto\/dia-inteiro-de-neve\/#breadcrumb","itemListElement":[{"@type":"ListItem","position":1,"name":"Portada","item":"https:\/\/best-tourpatagonia.tur.ar\/pt-br\/aproveite-ushuaia-el-calafate-e-toda-a-patagonia-durante-todo-o-ano\/"},{"@type":"ListItem","position":2,"name":"Loja","item":"https:\/\/best-tourpatagonia.tur.ar\/pt-br\/loja\/"},{"@type":"ListItem","position":3,"name":"Dia inteiro de neve"}]},{"@type":"WebSite","@id":"https:\/\/best-tourpatagonia.tur.ar\/pt-br\/#website","url":"https:\/\/best-tourpatagonia.tur.ar\/pt-br\/","name":"Best Tour Patagonia","description":"Paquetes y excursiones en la Patagona Argentina","publisher":{"@id":"https:\/\/best-tourpatagonia.tur.ar\/pt-br\/#organization"},"potentialAction":[{"@type":"SearchAction","target":{"@type":"EntryPoint","urlTemplate":"https:\/\/best-tourpatagonia.tur.ar\/pt-br\/?s={search_term_string}"},"query-input":{"@type":"PropertyValueSpecification","valueRequired":true,"valueName":"search_term_string"}}],"inLanguage":"pt-BR"},{"@type":"Organization","@id":"https:\/\/best-tourpatagonia.tur.ar\/pt-br\/#organization","name":"Best Tour Patagonia","url":"https:\/\/best-tourpatagonia.tur.ar\/pt-br\/","logo":{"@type":"ImageObject","inLanguage":"pt-BR","@id":"https:\/\/best-tourpatagonia.tur.ar\/pt-br\/#\/schema\/logo\/image\/","url":"https:\/\/best-tourpatagonia.tur.ar\/wp-content\/uploads\/2023\/05\/cropped-corona-1.png","contentUrl":"https:\/\/best-tourpatagonia.tur.ar\/wp-content\/uploads\/2023\/05\/cropped-corona-1.png","width":128,"height":75,"caption":"Best Tour Patagonia"},"image":{"@id":"https:\/\/best-tourpatagonia.tur.ar\/pt-br\/#\/schema\/logo\/image\/"}}]}},"_links":{"self":[{"href":"https:\/\/best-tourpatagonia.tur.ar\/pt-br\/wp-json\/wp\/v2\/product\/11090","targetHints":{"allow":["GET"]}}],"collection":[{"href":"https:\/\/best-tourpatagonia.tur.ar\/pt-br\/wp-json\/wp\/v2\/product"}],"about":[{"href":"https:\/\/best-tourpatagonia.tur.ar\/pt-br\/wp-json\/wp\/v2\/types\/product"}],"wp:featuredmedia":[{"embeddable":true,"href":"https:\/\/best-tourpatagonia.tur.ar\/pt-br\/wp-json\/wp\/v2\/media\/6707"}],"wp:attachment":[{"href":"https:\/\/best-tourpatagonia.tur.ar\/pt-br\/wp-json\/wp\/v2\/media?parent=11090"}],"wp:term":[{"taxonomy":"product_brand","embeddable":true,"href":"https:\/\/best-tourpatagonia.tur.ar\/pt-br\/wp-json\/wp\/v2\/product_brand?post=11090"},{"taxonomy":"product_cat","embeddable":true,"href":"https:\/\/best-tourpatagonia.tur.ar\/pt-br\/wp-json\/wp\/v2\/product_cat?post=11090"},{"taxonomy":"product_tag","embeddable":true,"href":"https:\/\/best-tourpatagonia.tur.ar\/pt-br\/wp-json\/wp\/v2\/product_tag?post=11090"},{"taxonomy":"destino","embeddable":true,"href":"https:\/\/best-tourpatagonia.tur.ar\/pt-br\/wp-json\/wp\/v2\/destino?post=11090"},{"taxonomy":"pais","embeddable":true,"href":"https:\/\/best-tourpatagonia.tur.ar\/pt-br\/wp-json\/wp\/v2\/pais?post=11090"}],"curies":[{"name":"wp","href":"https:\/\/api.w.org\/{rel}","templated":true}]}}