{"id":11068,"date":"2024-07-30T18:09:44","date_gmt":"2024-07-30T21:09:44","guid":{"rendered":"https:\/\/best-tourpatagonia.tur.ar\/producto\/experiencia-na-antartica-snowmobiling-treno-puxado-por-caes\/"},"modified":"2025-06-12T12:15:57","modified_gmt":"2025-06-12T15:15:57","slug":"experiencia-na-antartica-snowmobiling-treno-puxado-por-caes","status":"publish","type":"product","link":"https:\/\/best-tourpatagonia.tur.ar\/pt-br\/producto\/experiencia-na-antartica-snowmobiling-treno-puxado-por-caes\/","title":{"rendered":"Experi\u00eancia na Ant\u00e1rtica + snowmobiling + tren\u00f3 puxado por c\u00e3es"},"content":{"rendered":"<div>\n<p>Come\u00e7amos na Rota N\u00ba 3, a caminho do centro de inverno, onde veremos huskies siberianos e do Alasca. O passeio com os huskies dura cerca de 1 hora, sendo 40 minutos de prepara\u00e7\u00e3o e aproximadamente 20 minutos de atividade. Agora estamos a caminho do Park Austral, onde seremos recebidos com um delicioso chocolate quente para nos aquecer. Antes de come\u00e7armos nossa aventura, faremos uma parada para ver o Antarctic Trolley. Continuaremos pelas florestas fuegianas em um caminho iluminado por tochas e l\u00e2mpadas por cerca de 20 minutos, at\u00e9 chegarmos \u00e0 nossa cabana n\u00f3rdica. Em seguida, desfrutaremos de um delicioso fondue de queijo, acompanhado de um bom vinho argentino, \u00e1gua e refrigerantes. E para encerrar, teremos uma deliciosa cascata de chocolate com frutas. Ap\u00f3s o jantar, nossa aventura continua, todos os passageiros ir\u00e3o colocar raquetes de neve para os p\u00e9s para fazer uma caminhada na neve e retornar ao ponto de partida.        <\/p>\n<\/div>\n","protected":false},"excerpt":{"rendered":"<p>Come\u00e7amos na Rota N\u00ba 3, a caminho do centro de inverno, onde veremos huskies siberianos e do Alasca. O passeio com os huskies dura cerca de 1 hora, sendo 40 minutos de prepara\u00e7\u00e3o e aproximadamente 20 minutos de atividade. Agora estamos a caminho do Park Austral, onde seremos recebidos com um delicioso chocolate quente para [&hellip;]<\/p>\n","protected":false},"featured_media":8614,"template":"","meta":[],"product_brand":[],"product_cat":[107,103,105],"product_tag":[],"destino":[156],"pais":[164],"class_list":{"0":"post-11068","1":"product","2":"type-product","3":"status-publish","4":"has-post-thumbnail","6":"product_cat-argentina-pt-br","7":"product_cat-excursiones-pt-br","8":"product_cat-excursoes-terrestres","9":"destino-ushuaia-pt-br","10":"pais-argentina-pt-br","12":"first","13":"instock","14":"virtual","15":"sold-individually","16":"purchasable","17":"product-type-booking"},"booking_location":"","booking_location_type":"","booking_duration":1,"booking_duration_unit":"day","booking_buffer":0,"booking_cost":0,"booking_resources":[],"yoast_head":"<!-- This site is optimized with the Yoast SEO plugin v27.4 - https:\/\/yoast.com\/product\/yoast-seo-wordpress\/ -->\n<title>Experi\u00eancia na Ant\u00e1rtica + snowmobiling + tren\u00f3 puxado por c\u00e3es - Best Tour Patagonia<\/title>\n<meta name=\"robots\" content=\"index, follow, max-snippet:-1, max-image-preview:large, max-video-preview:-1\" \/>\n<link rel=\"canonical\" href=\"https:\/\/best-tourpatagonia.tur.ar\/pt-br\/producto\/experiencia-na-antartica-snowmobiling-treno-puxado-por-caes\/\" \/>\n<meta property=\"og:locale\" content=\"pt_BR\" \/>\n<meta property=\"og:type\" content=\"article\" \/>\n<meta property=\"og:title\" content=\"Experi\u00eancia na Ant\u00e1rtica + snowmobiling + tren\u00f3 puxado por c\u00e3es - Best Tour Patagonia\" \/>\n<meta property=\"og:description\" content=\"Come\u00e7amos na Rota N\u00ba 3, a caminho do centro de inverno, onde veremos huskies siberianos e do Alasca. O passeio com os huskies dura cerca de 1 hora, sendo 40 minutos de prepara\u00e7\u00e3o e aproximadamente 20 minutos de atividade. Agora estamos a caminho do Park Austral, onde seremos recebidos com um delicioso chocolate quente para [&hellip;]\" \/>\n<meta property=\"og:url\" content=\"https:\/\/best-tourpatagonia.tur.ar\/pt-br\/producto\/experiencia-na-antartica-snowmobiling-treno-puxado-por-caes\/\" \/>\n<meta property=\"og:site_name\" content=\"Best Tour Patagonia\" \/>\n<meta property=\"article:modified_time\" content=\"2025-06-12T15:15:57+00:00\" \/>\n<meta property=\"og:image\" content=\"https:\/\/best-tourpatagonia.tur.ar\/wp-content\/uploads\/2024\/07\/MG_6053-Mejorado-NR.jpg\" \/>\n\t<meta property=\"og:image:width\" content=\"2400\" \/>\n\t<meta property=\"og:image:height\" content=\"1600\" \/>\n\t<meta property=\"og:image:type\" content=\"image\/jpeg\" \/>\n<meta name=\"twitter:card\" content=\"summary_large_image\" \/>\n<meta name=\"twitter:label1\" content=\"Est. tempo de leitura\" \/>\n\t<meta name=\"twitter:data1\" content=\"1 minuto\" \/>\n<script type=\"application\/ld+json\" class=\"yoast-schema-graph\">{\"@context\":\"https:\\\/\\\/schema.org\",\"@graph\":[{\"@type\":\"WebPage\",\"@id\":\"https:\\\/\\\/best-tourpatagonia.tur.ar\\\/pt-br\\\/producto\\\/experiencia-na-antartica-snowmobiling-treno-puxado-por-caes\\\/\",\"url\":\"https:\\\/\\\/best-tourpatagonia.tur.ar\\\/pt-br\\\/producto\\\/experiencia-na-antartica-snowmobiling-treno-puxado-por-caes\\\/\",\"name\":\"Experi\u00eancia na Ant\u00e1rtica + snowmobiling + tren\u00f3 puxado por c\u00e3es - Best Tour Patagonia\",\"isPartOf\":{\"@id\":\"https:\\\/\\\/best-tourpatagonia.tur.ar\\\/pt-br\\\/#website\"},\"primaryImageOfPage\":{\"@id\":\"https:\\\/\\\/best-tourpatagonia.tur.ar\\\/pt-br\\\/producto\\\/experiencia-na-antartica-snowmobiling-treno-puxado-por-caes\\\/#primaryimage\"},\"image\":{\"@id\":\"https:\\\/\\\/best-tourpatagonia.tur.ar\\\/pt-br\\\/producto\\\/experiencia-na-antartica-snowmobiling-treno-puxado-por-caes\\\/#primaryimage\"},\"thumbnailUrl\":\"https:\\\/\\\/best-tourpatagonia.tur.ar\\\/wp-content\\\/uploads\\\/2024\\\/07\\\/MG_6053-Mejorado-NR.jpg\",\"datePublished\":\"2024-07-30T21:09:44+00:00\",\"dateModified\":\"2025-06-12T15:15:57+00:00\",\"breadcrumb\":{\"@id\":\"https:\\\/\\\/best-tourpatagonia.tur.ar\\\/pt-br\\\/producto\\\/experiencia-na-antartica-snowmobiling-treno-puxado-por-caes\\\/#breadcrumb\"},\"inLanguage\":\"pt-BR\",\"potentialAction\":[{\"@type\":\"ReadAction\",\"target\":[\"https:\\\/\\\/best-tourpatagonia.tur.ar\\\/pt-br\\\/producto\\\/experiencia-na-antartica-snowmobiling-treno-puxado-por-caes\\\/\"]}]},{\"@type\":\"ImageObject\",\"inLanguage\":\"pt-BR\",\"@id\":\"https:\\\/\\\/best-tourpatagonia.tur.ar\\\/pt-br\\\/producto\\\/experiencia-na-antartica-snowmobiling-treno-puxado-por-caes\\\/#primaryimage\",\"url\":\"https:\\\/\\\/best-tourpatagonia.tur.ar\\\/wp-content\\\/uploads\\\/2024\\\/07\\\/MG_6053-Mejorado-NR.jpg\",\"contentUrl\":\"https:\\\/\\\/best-tourpatagonia.tur.ar\\\/wp-content\\\/uploads\\\/2024\\\/07\\\/MG_6053-Mejorado-NR.jpg\",\"width\":2400,\"height\":1600},{\"@type\":\"BreadcrumbList\",\"@id\":\"https:\\\/\\\/best-tourpatagonia.tur.ar\\\/pt-br\\\/producto\\\/experiencia-na-antartica-snowmobiling-treno-puxado-por-caes\\\/#breadcrumb\",\"itemListElement\":[{\"@type\":\"ListItem\",\"position\":1,\"name\":\"Portada\",\"item\":\"https:\\\/\\\/best-tourpatagonia.tur.ar\\\/pt-br\\\/aproveite-ushuaia-el-calafate-e-toda-a-patagonia-durante-todo-o-ano\\\/\"},{\"@type\":\"ListItem\",\"position\":2,\"name\":\"Loja\",\"item\":\"https:\\\/\\\/best-tourpatagonia.tur.ar\\\/pt-br\\\/loja\\\/\"},{\"@type\":\"ListItem\",\"position\":3,\"name\":\"Experi\u00eancia na Ant\u00e1rtica + snowmobiling + tren\u00f3 puxado por c\u00e3es\"}]},{\"@type\":\"WebSite\",\"@id\":\"https:\\\/\\\/best-tourpatagonia.tur.ar\\\/pt-br\\\/#website\",\"url\":\"https:\\\/\\\/best-tourpatagonia.tur.ar\\\/pt-br\\\/\",\"name\":\"Best Tour Patagonia\",\"description\":\"Paquetes y excursiones en la Patagona Argentina\",\"publisher\":{\"@id\":\"https:\\\/\\\/best-tourpatagonia.tur.ar\\\/pt-br\\\/#organization\"},\"potentialAction\":[{\"@type\":\"SearchAction\",\"target\":{\"@type\":\"EntryPoint\",\"urlTemplate\":\"https:\\\/\\\/best-tourpatagonia.tur.ar\\\/pt-br\\\/?s={search_term_string}\"},\"query-input\":{\"@type\":\"PropertyValueSpecification\",\"valueRequired\":true,\"valueName\":\"search_term_string\"}}],\"inLanguage\":\"pt-BR\"},{\"@type\":\"Organization\",\"@id\":\"https:\\\/\\\/best-tourpatagonia.tur.ar\\\/pt-br\\\/#organization\",\"name\":\"Best Tour Patagonia\",\"url\":\"https:\\\/\\\/best-tourpatagonia.tur.ar\\\/pt-br\\\/\",\"logo\":{\"@type\":\"ImageObject\",\"inLanguage\":\"pt-BR\",\"@id\":\"https:\\\/\\\/best-tourpatagonia.tur.ar\\\/pt-br\\\/#\\\/schema\\\/logo\\\/image\\\/\",\"url\":\"https:\\\/\\\/best-tourpatagonia.tur.ar\\\/wp-content\\\/uploads\\\/2023\\\/05\\\/cropped-corona-1.png\",\"contentUrl\":\"https:\\\/\\\/best-tourpatagonia.tur.ar\\\/wp-content\\\/uploads\\\/2023\\\/05\\\/cropped-corona-1.png\",\"width\":128,\"height\":75,\"caption\":\"Best Tour Patagonia\"},\"image\":{\"@id\":\"https:\\\/\\\/best-tourpatagonia.tur.ar\\\/pt-br\\\/#\\\/schema\\\/logo\\\/image\\\/\"}}]}<\/script>\n<!-- \/ Yoast SEO plugin. -->","yoast_head_json":{"title":"Experi\u00eancia na Ant\u00e1rtica + snowmobiling + tren\u00f3 puxado por c\u00e3es - Best Tour Patagonia","robots":{"index":"index","follow":"follow","max-snippet":"max-snippet:-1","max-image-preview":"max-image-preview:large","max-video-preview":"max-video-preview:-1"},"canonical":"https:\/\/best-tourpatagonia.tur.ar\/pt-br\/producto\/experiencia-na-antartica-snowmobiling-treno-puxado-por-caes\/","og_locale":"pt_BR","og_type":"article","og_title":"Experi\u00eancia na Ant\u00e1rtica + snowmobiling + tren\u00f3 puxado por c\u00e3es - Best Tour Patagonia","og_description":"Come\u00e7amos na Rota N\u00ba 3, a caminho do centro de inverno, onde veremos huskies siberianos e do Alasca. O passeio com os huskies dura cerca de 1 hora, sendo 40 minutos de prepara\u00e7\u00e3o e aproximadamente 20 minutos de atividade. Agora estamos a caminho do Park Austral, onde seremos recebidos com um delicioso chocolate quente para [&hellip;]","og_url":"https:\/\/best-tourpatagonia.tur.ar\/pt-br\/producto\/experiencia-na-antartica-snowmobiling-treno-puxado-por-caes\/","og_site_name":"Best Tour Patagonia","article_modified_time":"2025-06-12T15:15:57+00:00","og_image":[{"width":2400,"height":1600,"url":"https:\/\/best-tourpatagonia.tur.ar\/wp-content\/uploads\/2024\/07\/MG_6053-Mejorado-NR.jpg","type":"image\/jpeg"}],"twitter_card":"summary_large_image","twitter_misc":{"Est. tempo de leitura":"1 minuto"},"schema":{"@context":"https:\/\/schema.org","@graph":[{"@type":"WebPage","@id":"https:\/\/best-tourpatagonia.tur.ar\/pt-br\/producto\/experiencia-na-antartica-snowmobiling-treno-puxado-por-caes\/","url":"https:\/\/best-tourpatagonia.tur.ar\/pt-br\/producto\/experiencia-na-antartica-snowmobiling-treno-puxado-por-caes\/","name":"Experi\u00eancia na Ant\u00e1rtica + snowmobiling + tren\u00f3 puxado por c\u00e3es - Best Tour Patagonia","isPartOf":{"@id":"https:\/\/best-tourpatagonia.tur.ar\/pt-br\/#website"},"primaryImageOfPage":{"@id":"https:\/\/best-tourpatagonia.tur.ar\/pt-br\/producto\/experiencia-na-antartica-snowmobiling-treno-puxado-por-caes\/#primaryimage"},"image":{"@id":"https:\/\/best-tourpatagonia.tur.ar\/pt-br\/producto\/experiencia-na-antartica-snowmobiling-treno-puxado-por-caes\/#primaryimage"},"thumbnailUrl":"https:\/\/best-tourpatagonia.tur.ar\/wp-content\/uploads\/2024\/07\/MG_6053-Mejorado-NR.jpg","datePublished":"2024-07-30T21:09:44+00:00","dateModified":"2025-06-12T15:15:57+00:00","breadcrumb":{"@id":"https:\/\/best-tourpatagonia.tur.ar\/pt-br\/producto\/experiencia-na-antartica-snowmobiling-treno-puxado-por-caes\/#breadcrumb"},"inLanguage":"pt-BR","potentialAction":[{"@type":"ReadAction","target":["https:\/\/best-tourpatagonia.tur.ar\/pt-br\/producto\/experiencia-na-antartica-snowmobiling-treno-puxado-por-caes\/"]}]},{"@type":"ImageObject","inLanguage":"pt-BR","@id":"https:\/\/best-tourpatagonia.tur.ar\/pt-br\/producto\/experiencia-na-antartica-snowmobiling-treno-puxado-por-caes\/#primaryimage","url":"https:\/\/best-tourpatagonia.tur.ar\/wp-content\/uploads\/2024\/07\/MG_6053-Mejorado-NR.jpg","contentUrl":"https:\/\/best-tourpatagonia.tur.ar\/wp-content\/uploads\/2024\/07\/MG_6053-Mejorado-NR.jpg","width":2400,"height":1600},{"@type":"BreadcrumbList","@id":"https:\/\/best-tourpatagonia.tur.ar\/pt-br\/producto\/experiencia-na-antartica-snowmobiling-treno-puxado-por-caes\/#breadcrumb","itemListElement":[{"@type":"ListItem","position":1,"name":"Portada","item":"https:\/\/best-tourpatagonia.tur.ar\/pt-br\/aproveite-ushuaia-el-calafate-e-toda-a-patagonia-durante-todo-o-ano\/"},{"@type":"ListItem","position":2,"name":"Loja","item":"https:\/\/best-tourpatagonia.tur.ar\/pt-br\/loja\/"},{"@type":"ListItem","position":3,"name":"Experi\u00eancia na Ant\u00e1rtica + snowmobiling + tren\u00f3 puxado por c\u00e3es"}]},{"@type":"WebSite","@id":"https:\/\/best-tourpatagonia.tur.ar\/pt-br\/#website","url":"https:\/\/best-tourpatagonia.tur.ar\/pt-br\/","name":"Best Tour Patagonia","description":"Paquetes y excursiones en la Patagona Argentina","publisher":{"@id":"https:\/\/best-tourpatagonia.tur.ar\/pt-br\/#organization"},"potentialAction":[{"@type":"SearchAction","target":{"@type":"EntryPoint","urlTemplate":"https:\/\/best-tourpatagonia.tur.ar\/pt-br\/?s={search_term_string}"},"query-input":{"@type":"PropertyValueSpecification","valueRequired":true,"valueName":"search_term_string"}}],"inLanguage":"pt-BR"},{"@type":"Organization","@id":"https:\/\/best-tourpatagonia.tur.ar\/pt-br\/#organization","name":"Best Tour Patagonia","url":"https:\/\/best-tourpatagonia.tur.ar\/pt-br\/","logo":{"@type":"ImageObject","inLanguage":"pt-BR","@id":"https:\/\/best-tourpatagonia.tur.ar\/pt-br\/#\/schema\/logo\/image\/","url":"https:\/\/best-tourpatagonia.tur.ar\/wp-content\/uploads\/2023\/05\/cropped-corona-1.png","contentUrl":"https:\/\/best-tourpatagonia.tur.ar\/wp-content\/uploads\/2023\/05\/cropped-corona-1.png","width":128,"height":75,"caption":"Best Tour Patagonia"},"image":{"@id":"https:\/\/best-tourpatagonia.tur.ar\/pt-br\/#\/schema\/logo\/image\/"}}]}},"_links":{"self":[{"href":"https:\/\/best-tourpatagonia.tur.ar\/pt-br\/wp-json\/wp\/v2\/product\/11068","targetHints":{"allow":["GET"]}}],"collection":[{"href":"https:\/\/best-tourpatagonia.tur.ar\/pt-br\/wp-json\/wp\/v2\/product"}],"about":[{"href":"https:\/\/best-tourpatagonia.tur.ar\/pt-br\/wp-json\/wp\/v2\/types\/product"}],"wp:featuredmedia":[{"embeddable":true,"href":"https:\/\/best-tourpatagonia.tur.ar\/pt-br\/wp-json\/wp\/v2\/media\/8614"}],"wp:attachment":[{"href":"https:\/\/best-tourpatagonia.tur.ar\/pt-br\/wp-json\/wp\/v2\/media?parent=11068"}],"wp:term":[{"taxonomy":"product_brand","embeddable":true,"href":"https:\/\/best-tourpatagonia.tur.ar\/pt-br\/wp-json\/wp\/v2\/product_brand?post=11068"},{"taxonomy":"product_cat","embeddable":true,"href":"https:\/\/best-tourpatagonia.tur.ar\/pt-br\/wp-json\/wp\/v2\/product_cat?post=11068"},{"taxonomy":"product_tag","embeddable":true,"href":"https:\/\/best-tourpatagonia.tur.ar\/pt-br\/wp-json\/wp\/v2\/product_tag?post=11068"},{"taxonomy":"destino","embeddable":true,"href":"https:\/\/best-tourpatagonia.tur.ar\/pt-br\/wp-json\/wp\/v2\/destino?post=11068"},{"taxonomy":"pais","embeddable":true,"href":"https:\/\/best-tourpatagonia.tur.ar\/pt-br\/wp-json\/wp\/v2\/pais?post=11068"}],"curies":[{"name":"wp","href":"https:\/\/api.w.org\/{rel}","templated":true}]}}