{"id":11066,"date":"2024-07-16T16:11:36","date_gmt":"2024-07-16T19:11:36","guid":{"rendered":"https:\/\/best-tourpatagonia.tur.ar\/producto\/silencio-andino\/"},"modified":"2026-03-18T20:37:19","modified_gmt":"2026-03-18T23:37:19","slug":"silencio-andino","status":"publish","type":"product","link":"https:\/\/best-tourpatagonia.tur.ar\/pt-br\/producto\/silencio-andino\/","title":{"rendered":"Sil\u00eancio andino"},"content":{"rendered":"<p class=\"cvGsUA direction-ltr align-center para-style-body\"><span class=\"OYPEnA text-decoration-none text-strikethrough-none\">Come\u00e7amos a excurs\u00e3o pelos hot\u00e9is at\u00e9 o centro de inverno Llanos del Castor, <\/span><span class=\"OYPEnA text-decoration-none text-strikethrough-none\">Come\u00e7aremos a excurs\u00e3o com uma caminhada de baixa dificuldade usando raquetes de neve em um p\u00e2ntano de turfa congelada. <\/span><span class=\"OYPEnA text-decoration-none text-strikethrough-none\">Em um p\u00e2ntano de turfa congelada, quanto mais neve houver, mais \u00fateis ser\u00e3o as raquetes de neve!<\/span><\/p>\n<p class=\"cvGsUA direction-ltr align-center para-style-body\"><span class=\"OYPEnA text-decoration-none text-strikethrough-none\">Durante o passeio, o guia fornecer\u00e1 informa\u00e7\u00f5es sobre a paisagem, a flora, a fauna, <\/span><span class=\"OYPEnA text-decoration-none text-strikethrough-none\">as geoformas que se destacam e as castoreras que voc\u00ea ver\u00e1.<\/span><\/p>\n<p class=\"cvGsUA direction-ltr align-center para-style-body\"><span class=\"OYPEnA text-decoration-none text-strikethrough-none\">Em seguida, faremos um passeio de snowmobile, com duas pessoas em cada snowmobile, <\/span><span class=\"OYPEnA text-decoration-none text-strikethrough-none\">No meio do circuito, haver\u00e1 uma troca de motorista para que ambos possam dirigir.<\/span><\/p>\n<p class=\"cvGsUA direction-ltr align-center para-style-body\"><span class=\"OYPEnA text-decoration-none text-strikethrough-none\">Finalmente, entramos no mundo do mushing, onde aprenderemos tudo sobre essa atividade antiga, com demonstra\u00e7\u00f5es e somente na companhia de nossos lindos c\u00e3es, <\/span><span class=\"OYPEnA text-decoration-none text-strikethrough-none\">com os quais poderemos interagir, sem subir no tren\u00f3.<\/span><\/p>\n<p class=\"cvGsUA direction-ltr align-center para-style-body\"><span class=\"OYPEnA text-decoration-none text-strikethrough-none\">Em seguida, convidaremos voc\u00ea para o nosso aconchegante restaurante, <\/span><span class=\"OYPEnA text-decoration-none text-strikethrough-none\">para que voc\u00ea possa<\/span> <span class=\"OYPEnA text-decoration-none text-strikethrough-none\">voc\u00ea possa desfrutar de uma refei\u00e7\u00e3o requintada.<\/span><\/p>\n","protected":false},"excerpt":{"rendered":"<p>Voc\u00ea ser\u00e1 pego no hotel, onde teremos um traslado de meia hora para Llanos del Castor. A excurs\u00e3o consiste em 4 atividades ao ar livre.<\/p>\n","protected":false},"featured_media":8083,"template":"","meta":[],"product_brand":[],"product_cat":[140,103,119,105],"product_tag":[141],"destino":[156],"pais":[164],"class_list":{"0":"post-11066","1":"product","2":"type-product","3":"status-publish","4":"has-post-thumbnail","6":"product_cat-aventura-pt-br","7":"product_cat-excursiones-pt-br","8":"product_cat-excursoes-maritimas","9":"product_cat-excursoes-terrestres","10":"product_tag-inverno","11":"destino-ushuaia-pt-br","12":"pais-argentina-pt-br","14":"first","15":"instock","16":"virtual","17":"sold-individually","18":"purchasable","19":"product-type-booking"},"booking_location":"","booking_location_type":"","booking_duration":1,"booking_duration_unit":"day","booking_buffer":0,"booking_cost":0,"booking_resources":[],"yoast_head":"<!-- This site is optimized with the Yoast SEO plugin v27.1.1 - https:\/\/yoast.com\/product\/yoast-seo-wordpress\/ -->\n<title>Sil\u00eancio andino - Best Tour Patagonia<\/title>\n<meta name=\"robots\" content=\"index, follow, max-snippet:-1, max-image-preview:large, max-video-preview:-1\" \/>\n<link rel=\"canonical\" href=\"https:\/\/best-tourpatagonia.tur.ar\/pt-br\/producto\/silencio-andino\/\" \/>\n<meta property=\"og:locale\" content=\"pt_BR\" \/>\n<meta property=\"og:type\" content=\"article\" \/>\n<meta property=\"og:title\" content=\"Sil\u00eancio andino - Best Tour Patagonia\" \/>\n<meta property=\"og:description\" content=\"Voc\u00ea ser\u00e1 pego no hotel, onde teremos um traslado de meia hora para Llanos del Castor. A excurs\u00e3o consiste em 4 atividades ao ar livre.\" \/>\n<meta property=\"og:url\" content=\"https:\/\/best-tourpatagonia.tur.ar\/pt-br\/producto\/silencio-andino\/\" \/>\n<meta property=\"og:site_name\" content=\"Best Tour Patagonia\" \/>\n<meta property=\"article:modified_time\" content=\"2026-03-18T23:37:19+00:00\" \/>\n<meta property=\"og:image\" content=\"https:\/\/best-tourpatagonia.tur.ar\/wp-content\/uploads\/2024\/07\/SILENCIO-ANDINO-.jpg\" \/>\n\t<meta property=\"og:image:width\" content=\"1920\" \/>\n\t<meta property=\"og:image:height\" content=\"1280\" \/>\n\t<meta property=\"og:image:type\" content=\"image\/jpeg\" \/>\n<meta name=\"twitter:card\" content=\"summary_large_image\" \/>\n<meta name=\"twitter:label1\" content=\"Est. tempo de leitura\" \/>\n\t<meta name=\"twitter:data1\" content=\"1 minuto\" \/>\n<script type=\"application\/ld+json\" class=\"yoast-schema-graph\">{\"@context\":\"https:\/\/schema.org\",\"@graph\":[{\"@type\":\"WebPage\",\"@id\":\"https:\/\/best-tourpatagonia.tur.ar\/pt-br\/producto\/silencio-andino\/\",\"url\":\"https:\/\/best-tourpatagonia.tur.ar\/pt-br\/producto\/silencio-andino\/\",\"name\":\"Sil\u00eancio andino - Best Tour Patagonia\",\"isPartOf\":{\"@id\":\"https:\/\/best-tourpatagonia.tur.ar\/pt-br\/#website\"},\"primaryImageOfPage\":{\"@id\":\"https:\/\/best-tourpatagonia.tur.ar\/pt-br\/producto\/silencio-andino\/#primaryimage\"},\"image\":{\"@id\":\"https:\/\/best-tourpatagonia.tur.ar\/pt-br\/producto\/silencio-andino\/#primaryimage\"},\"thumbnailUrl\":\"https:\/\/best-tourpatagonia.tur.ar\/wp-content\/uploads\/2024\/07\/SILENCIO-ANDINO-.jpg\",\"datePublished\":\"2024-07-16T19:11:36+00:00\",\"dateModified\":\"2026-03-18T23:37:19+00:00\",\"breadcrumb\":{\"@id\":\"https:\/\/best-tourpatagonia.tur.ar\/pt-br\/producto\/silencio-andino\/#breadcrumb\"},\"inLanguage\":\"pt-BR\",\"potentialAction\":[{\"@type\":\"ReadAction\",\"target\":[\"https:\/\/best-tourpatagonia.tur.ar\/pt-br\/producto\/silencio-andino\/\"]}]},{\"@type\":\"ImageObject\",\"inLanguage\":\"pt-BR\",\"@id\":\"https:\/\/best-tourpatagonia.tur.ar\/pt-br\/producto\/silencio-andino\/#primaryimage\",\"url\":\"https:\/\/best-tourpatagonia.tur.ar\/wp-content\/uploads\/2024\/07\/SILENCIO-ANDINO-.jpg\",\"contentUrl\":\"https:\/\/best-tourpatagonia.tur.ar\/wp-content\/uploads\/2024\/07\/SILENCIO-ANDINO-.jpg\",\"width\":1920,\"height\":1280},{\"@type\":\"BreadcrumbList\",\"@id\":\"https:\/\/best-tourpatagonia.tur.ar\/pt-br\/producto\/silencio-andino\/#breadcrumb\",\"itemListElement\":[{\"@type\":\"ListItem\",\"position\":1,\"name\":\"Portada\",\"item\":\"https:\/\/best-tourpatagonia.tur.ar\/pt-br\/aproveite-ushuaia-el-calafate-e-toda-a-patagonia-durante-todo-o-ano\/\"},{\"@type\":\"ListItem\",\"position\":2,\"name\":\"Loja\",\"item\":\"https:\/\/best-tourpatagonia.tur.ar\/pt-br\/loja\/\"},{\"@type\":\"ListItem\",\"position\":3,\"name\":\"Sil\u00eancio andino\"}]},{\"@type\":\"WebSite\",\"@id\":\"https:\/\/best-tourpatagonia.tur.ar\/pt-br\/#website\",\"url\":\"https:\/\/best-tourpatagonia.tur.ar\/pt-br\/\",\"name\":\"Best Tour Patagonia\",\"description\":\"Paquetes y excursiones en la Patagona Argentina\",\"publisher\":{\"@id\":\"https:\/\/best-tourpatagonia.tur.ar\/pt-br\/#organization\"},\"potentialAction\":[{\"@type\":\"SearchAction\",\"target\":{\"@type\":\"EntryPoint\",\"urlTemplate\":\"https:\/\/best-tourpatagonia.tur.ar\/pt-br\/?s={search_term_string}\"},\"query-input\":{\"@type\":\"PropertyValueSpecification\",\"valueRequired\":true,\"valueName\":\"search_term_string\"}}],\"inLanguage\":\"pt-BR\"},{\"@type\":\"Organization\",\"@id\":\"https:\/\/best-tourpatagonia.tur.ar\/pt-br\/#organization\",\"name\":\"Best Tour Patagonia\",\"url\":\"https:\/\/best-tourpatagonia.tur.ar\/pt-br\/\",\"logo\":{\"@type\":\"ImageObject\",\"inLanguage\":\"pt-BR\",\"@id\":\"https:\/\/best-tourpatagonia.tur.ar\/pt-br\/#\/schema\/logo\/image\/\",\"url\":\"https:\/\/best-tourpatagonia.tur.ar\/wp-content\/uploads\/2023\/05\/cropped-corona-1.png\",\"contentUrl\":\"https:\/\/best-tourpatagonia.tur.ar\/wp-content\/uploads\/2023\/05\/cropped-corona-1.png\",\"width\":128,\"height\":75,\"caption\":\"Best Tour Patagonia\"},\"image\":{\"@id\":\"https:\/\/best-tourpatagonia.tur.ar\/pt-br\/#\/schema\/logo\/image\/\"}}]}<\/script>\n<!-- \/ Yoast SEO plugin. -->","yoast_head_json":{"title":"Sil\u00eancio andino - Best Tour Patagonia","robots":{"index":"index","follow":"follow","max-snippet":"max-snippet:-1","max-image-preview":"max-image-preview:large","max-video-preview":"max-video-preview:-1"},"canonical":"https:\/\/best-tourpatagonia.tur.ar\/pt-br\/producto\/silencio-andino\/","og_locale":"pt_BR","og_type":"article","og_title":"Sil\u00eancio andino - Best Tour Patagonia","og_description":"Voc\u00ea ser\u00e1 pego no hotel, onde teremos um traslado de meia hora para Llanos del Castor. A excurs\u00e3o consiste em 4 atividades ao ar livre.","og_url":"https:\/\/best-tourpatagonia.tur.ar\/pt-br\/producto\/silencio-andino\/","og_site_name":"Best Tour Patagonia","article_modified_time":"2026-03-18T23:37:19+00:00","og_image":[{"width":1920,"height":1280,"url":"https:\/\/best-tourpatagonia.tur.ar\/wp-content\/uploads\/2024\/07\/SILENCIO-ANDINO-.jpg","type":"image\/jpeg"}],"twitter_card":"summary_large_image","twitter_misc":{"Est. tempo de leitura":"1 minuto"},"schema":{"@context":"https:\/\/schema.org","@graph":[{"@type":"WebPage","@id":"https:\/\/best-tourpatagonia.tur.ar\/pt-br\/producto\/silencio-andino\/","url":"https:\/\/best-tourpatagonia.tur.ar\/pt-br\/producto\/silencio-andino\/","name":"Sil\u00eancio andino - Best Tour Patagonia","isPartOf":{"@id":"https:\/\/best-tourpatagonia.tur.ar\/pt-br\/#website"},"primaryImageOfPage":{"@id":"https:\/\/best-tourpatagonia.tur.ar\/pt-br\/producto\/silencio-andino\/#primaryimage"},"image":{"@id":"https:\/\/best-tourpatagonia.tur.ar\/pt-br\/producto\/silencio-andino\/#primaryimage"},"thumbnailUrl":"https:\/\/best-tourpatagonia.tur.ar\/wp-content\/uploads\/2024\/07\/SILENCIO-ANDINO-.jpg","datePublished":"2024-07-16T19:11:36+00:00","dateModified":"2026-03-18T23:37:19+00:00","breadcrumb":{"@id":"https:\/\/best-tourpatagonia.tur.ar\/pt-br\/producto\/silencio-andino\/#breadcrumb"},"inLanguage":"pt-BR","potentialAction":[{"@type":"ReadAction","target":["https:\/\/best-tourpatagonia.tur.ar\/pt-br\/producto\/silencio-andino\/"]}]},{"@type":"ImageObject","inLanguage":"pt-BR","@id":"https:\/\/best-tourpatagonia.tur.ar\/pt-br\/producto\/silencio-andino\/#primaryimage","url":"https:\/\/best-tourpatagonia.tur.ar\/wp-content\/uploads\/2024\/07\/SILENCIO-ANDINO-.jpg","contentUrl":"https:\/\/best-tourpatagonia.tur.ar\/wp-content\/uploads\/2024\/07\/SILENCIO-ANDINO-.jpg","width":1920,"height":1280},{"@type":"BreadcrumbList","@id":"https:\/\/best-tourpatagonia.tur.ar\/pt-br\/producto\/silencio-andino\/#breadcrumb","itemListElement":[{"@type":"ListItem","position":1,"name":"Portada","item":"https:\/\/best-tourpatagonia.tur.ar\/pt-br\/aproveite-ushuaia-el-calafate-e-toda-a-patagonia-durante-todo-o-ano\/"},{"@type":"ListItem","position":2,"name":"Loja","item":"https:\/\/best-tourpatagonia.tur.ar\/pt-br\/loja\/"},{"@type":"ListItem","position":3,"name":"Sil\u00eancio andino"}]},{"@type":"WebSite","@id":"https:\/\/best-tourpatagonia.tur.ar\/pt-br\/#website","url":"https:\/\/best-tourpatagonia.tur.ar\/pt-br\/","name":"Best Tour Patagonia","description":"Paquetes y excursiones en la Patagona Argentina","publisher":{"@id":"https:\/\/best-tourpatagonia.tur.ar\/pt-br\/#organization"},"potentialAction":[{"@type":"SearchAction","target":{"@type":"EntryPoint","urlTemplate":"https:\/\/best-tourpatagonia.tur.ar\/pt-br\/?s={search_term_string}"},"query-input":{"@type":"PropertyValueSpecification","valueRequired":true,"valueName":"search_term_string"}}],"inLanguage":"pt-BR"},{"@type":"Organization","@id":"https:\/\/best-tourpatagonia.tur.ar\/pt-br\/#organization","name":"Best Tour Patagonia","url":"https:\/\/best-tourpatagonia.tur.ar\/pt-br\/","logo":{"@type":"ImageObject","inLanguage":"pt-BR","@id":"https:\/\/best-tourpatagonia.tur.ar\/pt-br\/#\/schema\/logo\/image\/","url":"https:\/\/best-tourpatagonia.tur.ar\/wp-content\/uploads\/2023\/05\/cropped-corona-1.png","contentUrl":"https:\/\/best-tourpatagonia.tur.ar\/wp-content\/uploads\/2023\/05\/cropped-corona-1.png","width":128,"height":75,"caption":"Best Tour Patagonia"},"image":{"@id":"https:\/\/best-tourpatagonia.tur.ar\/pt-br\/#\/schema\/logo\/image\/"}}]}},"_links":{"self":[{"href":"https:\/\/best-tourpatagonia.tur.ar\/pt-br\/wp-json\/wp\/v2\/product\/11066","targetHints":{"allow":["GET"]}}],"collection":[{"href":"https:\/\/best-tourpatagonia.tur.ar\/pt-br\/wp-json\/wp\/v2\/product"}],"about":[{"href":"https:\/\/best-tourpatagonia.tur.ar\/pt-br\/wp-json\/wp\/v2\/types\/product"}],"wp:featuredmedia":[{"embeddable":true,"href":"https:\/\/best-tourpatagonia.tur.ar\/pt-br\/wp-json\/wp\/v2\/media\/8083"}],"wp:attachment":[{"href":"https:\/\/best-tourpatagonia.tur.ar\/pt-br\/wp-json\/wp\/v2\/media?parent=11066"}],"wp:term":[{"taxonomy":"product_brand","embeddable":true,"href":"https:\/\/best-tourpatagonia.tur.ar\/pt-br\/wp-json\/wp\/v2\/product_brand?post=11066"},{"taxonomy":"product_cat","embeddable":true,"href":"https:\/\/best-tourpatagonia.tur.ar\/pt-br\/wp-json\/wp\/v2\/product_cat?post=11066"},{"taxonomy":"product_tag","embeddable":true,"href":"https:\/\/best-tourpatagonia.tur.ar\/pt-br\/wp-json\/wp\/v2\/product_tag?post=11066"},{"taxonomy":"destino","embeddable":true,"href":"https:\/\/best-tourpatagonia.tur.ar\/pt-br\/wp-json\/wp\/v2\/destino?post=11066"},{"taxonomy":"pais","embeddable":true,"href":"https:\/\/best-tourpatagonia.tur.ar\/pt-br\/wp-json\/wp\/v2\/pais?post=11066"}],"curies":[{"name":"wp","href":"https:\/\/api.w.org\/{rel}","templated":true}]}}