{"id":11062,"date":"2024-02-27T09:16:26","date_gmt":"2024-02-27T12:16:26","guid":{"rendered":"https:\/\/best-tourpatagonia.tur.ar\/producto\/neve-e-fogo\/"},"modified":"2026-03-18T20:40:02","modified_gmt":"2026-03-18T23:40:02","slug":"neve-e-fogo","status":"publish","type":"product","link":"https:\/\/best-tourpatagonia.tur.ar\/pt-br\/producto\/neve-e-fogo\/","title":{"rendered":"Neve e fogo"},"content":{"rendered":"<p><strong>Itiner\u00e1rio:<\/strong><\/p>\n<div class=\"th-itin-single th-itin-active\">\n<div class=\"th-itin-title\"><strong>18:30 hs. &#8211; Traslado para NUNATAK <\/strong><\/div>\n<div class=\"th-itin-title\">Os passageiros ser\u00e3o buscados em suas acomoda\u00e7\u00f5es e transferidos em nossos traslados exclusivos para NUNATAK, no vale Tierra Mayor, onde a aventura come\u00e7a.<\/div>\n<div><\/div>\n<\/div>\n<div><\/div>\n<div><\/div>\n<div class=\"th-itin-single th-itin-active\">\n<div class=\"th-itin-title\"><strong>19:30 hs. &#8211; Visita ao Husky Park + passeio de tren\u00f3 do Husky. <\/strong><\/div>\n<div class=\"th-itin-content\">\n<div class=\"th-itin-single th-itin-active\">\n<div class=\"th-itin-content\">Nosso guia nos levar\u00e1 a um passeio pelo Husky Park, onde poderemos aprender sobre os cuidados, o treinamento e a hist\u00f3ria dos c\u00e3es. Visitaremos a exposi\u00e7\u00e3o de escoteiros e teremos a oportunidade de interagir com os c\u00e3es.<\/div>\n<\/div>\n<div class=\"th-itin-single th-itin-active\">\n<div class=\"th-itin-content\">Nessa plan\u00edcie nevada, come\u00e7amos nossa jornada em tren\u00f3s Husky. Depois de atravessar o vale, entramos na floresta por uma antiga estrada de madeireiros, no meio dessa centen\u00e1ria floresta de lengas.<\/div>\n<div><\/div>\n<\/div>\n<\/div>\n<\/div>\n<div><\/div>\n<div><\/div>\n<div class=\"th-itin-single th-itin-active\">\n<div class=\"th-itin-title\"><strong>21:00 hs. &#8211; Jantar no Fog\u00f3n + retorno a NUNATAK <\/strong><\/div>\n<div class=\"th-itin-content\">O chef nos espera com brochettes, ensopado cozido em fogo de lenha, vinhos e a especialidade da noite, &#8220;el caf\u00e9 del Hachero&#8221;.<\/div>\n<div class=\"th-itin-content\">O jantar \u00e9 enriquecido por uma &#8220;guitarreada&#8221;.<\/div>\n<\/div>\n<div>\n<div class=\"th-itin-content\">O retorno a NUNATAK \u00e9 feito de acordo com a op\u00e7\u00e3o que voc\u00ea escolheu (caminhada com raquetes de neve ou passeio de snowmobile *).<\/div>\n<div><\/div>\n<div class=\"th-itin-content\">* As bicicletas s\u00e3o de dois lugares, 2 passageiros por bicicleta.<\/div>\n<\/div>\n<div><\/div>\n<div class=\"th-itin-single th-itin-active\">\n<div><\/div>\n<\/div>\n<div class=\"th-itin-single th-itin-active\">\n<div class=\"th-itin-title\"><strong>23:00 hs. &#8211; Retorno a Ushuaia <\/strong><\/div>\n<div class=\"th-itin-content\"><\/div>\n<\/div>\n","protected":false},"excerpt":{"rendered":"<div><strong>Excurs\u00e3o de inverno que oferece a possibilidade de combinar as seguintes atividades:<\/strong><\/div>\n<div><\/div>\n<div><strong>Visita ao Husky Park<\/strong><\/div>\n<div>+<\/div>\n<div><em><strong>Passeio de tren\u00f3 puxado por c\u00e3es husky + caminhada com raquetes de neve<\/strong><\/em><\/div>\n<div><em><strong>o<\/strong><\/em><\/div>\n<div><em><strong>Passeio de tren\u00f3 puxado por c\u00e3es husky + passeio de snowmobile <\/strong><\/em><\/div>\n<div><strong>+ <\/strong><\/div>\n<div><strong>Jantar em nosso abrigo<\/strong><\/div>\n<div><\/div>\n<div>Essa excurs\u00e3o n\u00e3o \u00e9 adequada para mulheres gr\u00e1vidas, idosos ou pessoas com problemas f\u00edsicos.<\/div>\n<div><\/div>\n<div><strong>A temporada j\u00e1 come\u00e7ou e vai at\u00e9 30 de setembro (sujeita \u00e0s condi\u00e7\u00f5es de neve no vale). <\/strong><strong>voc\u00ea pode ver as condi\u00e7\u00f5es de neve no vale).<\/strong><\/div>\n","protected":false},"featured_media":6759,"template":"","meta":[],"product_brand":[],"product_cat":[103,105],"product_tag":[],"destino":[156],"pais":[164],"class_list":{"0":"post-11062","1":"product","2":"type-product","3":"status-publish","4":"has-post-thumbnail","6":"product_cat-excursiones-pt-br","7":"product_cat-excursoes-terrestres","8":"destino-ushuaia-pt-br","9":"pais-argentina-pt-br","11":"first","12":"instock","13":"virtual","14":"sold-individually","15":"purchasable","16":"product-type-booking"},"booking_location":"","booking_location_type":"","booking_duration":1,"booking_duration_unit":"day","booking_buffer":0,"booking_cost":0,"booking_resources":[],"yoast_head":"<!-- This site is optimized with the Yoast SEO plugin v27.1.1 - https:\/\/yoast.com\/product\/yoast-seo-wordpress\/ -->\n<title>Neve e fogo - Best Tour Patagonia<\/title>\n<meta name=\"robots\" content=\"index, follow, max-snippet:-1, max-image-preview:large, max-video-preview:-1\" \/>\n<link rel=\"canonical\" href=\"https:\/\/best-tourpatagonia.tur.ar\/pt-br\/producto\/neve-e-fogo\/\" \/>\n<meta property=\"og:locale\" content=\"pt_BR\" \/>\n<meta property=\"og:type\" content=\"article\" \/>\n<meta property=\"og:title\" content=\"Neve e fogo - Best Tour Patagonia\" \/>\n<meta property=\"og:description\" content=\"Excurs\u00e3o de inverno que oferece a possibilidade de combinar as seguintes atividades:  Visita ao Husky Park + Passeio de tren\u00f3 puxado por c\u00e3es husky + caminhada com raquetes de neve o Passeio de tren\u00f3 puxado por c\u00e3es husky + passeio de snowmobile  +  Jantar em nosso abrigo  Essa excurs\u00e3o n\u00e3o \u00e9 adequada para mulheres gr\u00e1vidas, idosos ou pessoas com problemas f\u00edsicos.  A temporada j\u00e1 come\u00e7ou e vai at\u00e9 30 de setembro (sujeita \u00e0s condi\u00e7\u00f5es de neve no vale). voc\u00ea pode ver as condi\u00e7\u00f5es de neve no vale).\" \/>\n<meta property=\"og:url\" content=\"https:\/\/best-tourpatagonia.tur.ar\/pt-br\/producto\/neve-e-fogo\/\" \/>\n<meta property=\"og:site_name\" content=\"Best Tour Patagonia\" \/>\n<meta property=\"article:modified_time\" content=\"2026-03-18T23:40:02+00:00\" \/>\n<meta property=\"og:image\" content=\"https:\/\/best-tourpatagonia.tur.ar\/wp-content\/uploads\/2024\/02\/fogon-605x465-1.jpg\" \/>\n\t<meta property=\"og:image:width\" content=\"605\" \/>\n\t<meta property=\"og:image:height\" content=\"465\" \/>\n\t<meta property=\"og:image:type\" content=\"image\/jpeg\" \/>\n<meta name=\"twitter:card\" content=\"summary_large_image\" \/>\n<meta name=\"twitter:label1\" content=\"Est. tempo de leitura\" \/>\n\t<meta name=\"twitter:data1\" content=\"2 minutos\" \/>\n<script type=\"application\/ld+json\" class=\"yoast-schema-graph\">{\"@context\":\"https:\/\/schema.org\",\"@graph\":[{\"@type\":\"WebPage\",\"@id\":\"https:\/\/best-tourpatagonia.tur.ar\/pt-br\/producto\/neve-e-fogo\/\",\"url\":\"https:\/\/best-tourpatagonia.tur.ar\/pt-br\/producto\/neve-e-fogo\/\",\"name\":\"Neve e fogo - Best Tour Patagonia\",\"isPartOf\":{\"@id\":\"https:\/\/best-tourpatagonia.tur.ar\/pt-br\/#website\"},\"primaryImageOfPage\":{\"@id\":\"https:\/\/best-tourpatagonia.tur.ar\/pt-br\/producto\/neve-e-fogo\/#primaryimage\"},\"image\":{\"@id\":\"https:\/\/best-tourpatagonia.tur.ar\/pt-br\/producto\/neve-e-fogo\/#primaryimage\"},\"thumbnailUrl\":\"https:\/\/best-tourpatagonia.tur.ar\/wp-content\/uploads\/2024\/02\/fogon-605x465-1.jpg\",\"datePublished\":\"2024-02-27T12:16:26+00:00\",\"dateModified\":\"2026-03-18T23:40:02+00:00\",\"breadcrumb\":{\"@id\":\"https:\/\/best-tourpatagonia.tur.ar\/pt-br\/producto\/neve-e-fogo\/#breadcrumb\"},\"inLanguage\":\"pt-BR\",\"potentialAction\":[{\"@type\":\"ReadAction\",\"target\":[\"https:\/\/best-tourpatagonia.tur.ar\/pt-br\/producto\/neve-e-fogo\/\"]}]},{\"@type\":\"ImageObject\",\"inLanguage\":\"pt-BR\",\"@id\":\"https:\/\/best-tourpatagonia.tur.ar\/pt-br\/producto\/neve-e-fogo\/#primaryimage\",\"url\":\"https:\/\/best-tourpatagonia.tur.ar\/wp-content\/uploads\/2024\/02\/fogon-605x465-1.jpg\",\"contentUrl\":\"https:\/\/best-tourpatagonia.tur.ar\/wp-content\/uploads\/2024\/02\/fogon-605x465-1.jpg\",\"width\":605,\"height\":465},{\"@type\":\"BreadcrumbList\",\"@id\":\"https:\/\/best-tourpatagonia.tur.ar\/pt-br\/producto\/neve-e-fogo\/#breadcrumb\",\"itemListElement\":[{\"@type\":\"ListItem\",\"position\":1,\"name\":\"Portada\",\"item\":\"https:\/\/best-tourpatagonia.tur.ar\/pt-br\/aproveite-ushuaia-el-calafate-e-toda-a-patagonia-durante-todo-o-ano\/\"},{\"@type\":\"ListItem\",\"position\":2,\"name\":\"Loja\",\"item\":\"https:\/\/best-tourpatagonia.tur.ar\/pt-br\/loja\/\"},{\"@type\":\"ListItem\",\"position\":3,\"name\":\"Neve e fogo\"}]},{\"@type\":\"WebSite\",\"@id\":\"https:\/\/best-tourpatagonia.tur.ar\/pt-br\/#website\",\"url\":\"https:\/\/best-tourpatagonia.tur.ar\/pt-br\/\",\"name\":\"Best Tour Patagonia\",\"description\":\"Paquetes y excursiones en la Patagona Argentina\",\"publisher\":{\"@id\":\"https:\/\/best-tourpatagonia.tur.ar\/pt-br\/#organization\"},\"potentialAction\":[{\"@type\":\"SearchAction\",\"target\":{\"@type\":\"EntryPoint\",\"urlTemplate\":\"https:\/\/best-tourpatagonia.tur.ar\/pt-br\/?s={search_term_string}\"},\"query-input\":{\"@type\":\"PropertyValueSpecification\",\"valueRequired\":true,\"valueName\":\"search_term_string\"}}],\"inLanguage\":\"pt-BR\"},{\"@type\":\"Organization\",\"@id\":\"https:\/\/best-tourpatagonia.tur.ar\/pt-br\/#organization\",\"name\":\"Best Tour Patagonia\",\"url\":\"https:\/\/best-tourpatagonia.tur.ar\/pt-br\/\",\"logo\":{\"@type\":\"ImageObject\",\"inLanguage\":\"pt-BR\",\"@id\":\"https:\/\/best-tourpatagonia.tur.ar\/pt-br\/#\/schema\/logo\/image\/\",\"url\":\"https:\/\/best-tourpatagonia.tur.ar\/wp-content\/uploads\/2023\/05\/cropped-corona-1.png\",\"contentUrl\":\"https:\/\/best-tourpatagonia.tur.ar\/wp-content\/uploads\/2023\/05\/cropped-corona-1.png\",\"width\":128,\"height\":75,\"caption\":\"Best Tour Patagonia\"},\"image\":{\"@id\":\"https:\/\/best-tourpatagonia.tur.ar\/pt-br\/#\/schema\/logo\/image\/\"}}]}<\/script>\n<!-- \/ Yoast SEO plugin. -->","yoast_head_json":{"title":"Neve e fogo - Best Tour Patagonia","robots":{"index":"index","follow":"follow","max-snippet":"max-snippet:-1","max-image-preview":"max-image-preview:large","max-video-preview":"max-video-preview:-1"},"canonical":"https:\/\/best-tourpatagonia.tur.ar\/pt-br\/producto\/neve-e-fogo\/","og_locale":"pt_BR","og_type":"article","og_title":"Neve e fogo - Best Tour Patagonia","og_description":"Excurs\u00e3o de inverno que oferece a possibilidade de combinar as seguintes atividades:  Visita ao Husky Park + Passeio de tren\u00f3 puxado por c\u00e3es husky + caminhada com raquetes de neve o Passeio de tren\u00f3 puxado por c\u00e3es husky + passeio de snowmobile  +  Jantar em nosso abrigo  Essa excurs\u00e3o n\u00e3o \u00e9 adequada para mulheres gr\u00e1vidas, idosos ou pessoas com problemas f\u00edsicos.  A temporada j\u00e1 come\u00e7ou e vai at\u00e9 30 de setembro (sujeita \u00e0s condi\u00e7\u00f5es de neve no vale). voc\u00ea pode ver as condi\u00e7\u00f5es de neve no vale).","og_url":"https:\/\/best-tourpatagonia.tur.ar\/pt-br\/producto\/neve-e-fogo\/","og_site_name":"Best Tour Patagonia","article_modified_time":"2026-03-18T23:40:02+00:00","og_image":[{"width":605,"height":465,"url":"https:\/\/best-tourpatagonia.tur.ar\/wp-content\/uploads\/2024\/02\/fogon-605x465-1.jpg","type":"image\/jpeg"}],"twitter_card":"summary_large_image","twitter_misc":{"Est. tempo de leitura":"2 minutos"},"schema":{"@context":"https:\/\/schema.org","@graph":[{"@type":"WebPage","@id":"https:\/\/best-tourpatagonia.tur.ar\/pt-br\/producto\/neve-e-fogo\/","url":"https:\/\/best-tourpatagonia.tur.ar\/pt-br\/producto\/neve-e-fogo\/","name":"Neve e fogo - Best Tour Patagonia","isPartOf":{"@id":"https:\/\/best-tourpatagonia.tur.ar\/pt-br\/#website"},"primaryImageOfPage":{"@id":"https:\/\/best-tourpatagonia.tur.ar\/pt-br\/producto\/neve-e-fogo\/#primaryimage"},"image":{"@id":"https:\/\/best-tourpatagonia.tur.ar\/pt-br\/producto\/neve-e-fogo\/#primaryimage"},"thumbnailUrl":"https:\/\/best-tourpatagonia.tur.ar\/wp-content\/uploads\/2024\/02\/fogon-605x465-1.jpg","datePublished":"2024-02-27T12:16:26+00:00","dateModified":"2026-03-18T23:40:02+00:00","breadcrumb":{"@id":"https:\/\/best-tourpatagonia.tur.ar\/pt-br\/producto\/neve-e-fogo\/#breadcrumb"},"inLanguage":"pt-BR","potentialAction":[{"@type":"ReadAction","target":["https:\/\/best-tourpatagonia.tur.ar\/pt-br\/producto\/neve-e-fogo\/"]}]},{"@type":"ImageObject","inLanguage":"pt-BR","@id":"https:\/\/best-tourpatagonia.tur.ar\/pt-br\/producto\/neve-e-fogo\/#primaryimage","url":"https:\/\/best-tourpatagonia.tur.ar\/wp-content\/uploads\/2024\/02\/fogon-605x465-1.jpg","contentUrl":"https:\/\/best-tourpatagonia.tur.ar\/wp-content\/uploads\/2024\/02\/fogon-605x465-1.jpg","width":605,"height":465},{"@type":"BreadcrumbList","@id":"https:\/\/best-tourpatagonia.tur.ar\/pt-br\/producto\/neve-e-fogo\/#breadcrumb","itemListElement":[{"@type":"ListItem","position":1,"name":"Portada","item":"https:\/\/best-tourpatagonia.tur.ar\/pt-br\/aproveite-ushuaia-el-calafate-e-toda-a-patagonia-durante-todo-o-ano\/"},{"@type":"ListItem","position":2,"name":"Loja","item":"https:\/\/best-tourpatagonia.tur.ar\/pt-br\/loja\/"},{"@type":"ListItem","position":3,"name":"Neve e fogo"}]},{"@type":"WebSite","@id":"https:\/\/best-tourpatagonia.tur.ar\/pt-br\/#website","url":"https:\/\/best-tourpatagonia.tur.ar\/pt-br\/","name":"Best Tour Patagonia","description":"Paquetes y excursiones en la Patagona Argentina","publisher":{"@id":"https:\/\/best-tourpatagonia.tur.ar\/pt-br\/#organization"},"potentialAction":[{"@type":"SearchAction","target":{"@type":"EntryPoint","urlTemplate":"https:\/\/best-tourpatagonia.tur.ar\/pt-br\/?s={search_term_string}"},"query-input":{"@type":"PropertyValueSpecification","valueRequired":true,"valueName":"search_term_string"}}],"inLanguage":"pt-BR"},{"@type":"Organization","@id":"https:\/\/best-tourpatagonia.tur.ar\/pt-br\/#organization","name":"Best Tour Patagonia","url":"https:\/\/best-tourpatagonia.tur.ar\/pt-br\/","logo":{"@type":"ImageObject","inLanguage":"pt-BR","@id":"https:\/\/best-tourpatagonia.tur.ar\/pt-br\/#\/schema\/logo\/image\/","url":"https:\/\/best-tourpatagonia.tur.ar\/wp-content\/uploads\/2023\/05\/cropped-corona-1.png","contentUrl":"https:\/\/best-tourpatagonia.tur.ar\/wp-content\/uploads\/2023\/05\/cropped-corona-1.png","width":128,"height":75,"caption":"Best Tour Patagonia"},"image":{"@id":"https:\/\/best-tourpatagonia.tur.ar\/pt-br\/#\/schema\/logo\/image\/"}}]}},"_links":{"self":[{"href":"https:\/\/best-tourpatagonia.tur.ar\/pt-br\/wp-json\/wp\/v2\/product\/11062","targetHints":{"allow":["GET"]}}],"collection":[{"href":"https:\/\/best-tourpatagonia.tur.ar\/pt-br\/wp-json\/wp\/v2\/product"}],"about":[{"href":"https:\/\/best-tourpatagonia.tur.ar\/pt-br\/wp-json\/wp\/v2\/types\/product"}],"wp:featuredmedia":[{"embeddable":true,"href":"https:\/\/best-tourpatagonia.tur.ar\/pt-br\/wp-json\/wp\/v2\/media\/6759"}],"wp:attachment":[{"href":"https:\/\/best-tourpatagonia.tur.ar\/pt-br\/wp-json\/wp\/v2\/media?parent=11062"}],"wp:term":[{"taxonomy":"product_brand","embeddable":true,"href":"https:\/\/best-tourpatagonia.tur.ar\/pt-br\/wp-json\/wp\/v2\/product_brand?post=11062"},{"taxonomy":"product_cat","embeddable":true,"href":"https:\/\/best-tourpatagonia.tur.ar\/pt-br\/wp-json\/wp\/v2\/product_cat?post=11062"},{"taxonomy":"product_tag","embeddable":true,"href":"https:\/\/best-tourpatagonia.tur.ar\/pt-br\/wp-json\/wp\/v2\/product_tag?post=11062"},{"taxonomy":"destino","embeddable":true,"href":"https:\/\/best-tourpatagonia.tur.ar\/pt-br\/wp-json\/wp\/v2\/destino?post=11062"},{"taxonomy":"pais","embeddable":true,"href":"https:\/\/best-tourpatagonia.tur.ar\/pt-br\/wp-json\/wp\/v2\/pais?post=11062"}],"curies":[{"name":"wp","href":"https:\/\/api.w.org\/{rel}","templated":true}]}}