{"id":11057,"date":"2024-02-26T09:25:45","date_gmt":"2024-02-26T12:25:45","guid":{"rendered":"https:\/\/best-tourpatagonia.tur.ar\/producto\/aventura-branca\/"},"modified":"2026-03-18T20:41:18","modified_gmt":"2026-03-18T23:41:18","slug":"aventura-branca","status":"publish","type":"product","link":"https:\/\/best-tourpatagonia.tur.ar\/pt-br\/producto\/aventura-branca\/","title":{"rendered":"Aventura branca"},"content":{"rendered":"<div class=\"th-itin-single th-itin-active\">\n<div class=\"th-itin-title\"><strong>Itiner\u00e1rio:<\/strong><\/div>\n<div><\/div>\n<div class=\"th-itin-title\"><strong>Traslado para NUNATAK<\/strong><\/div>\n<div class=\"th-itin-title\">Os passageiros ser\u00e3o buscados em suas acomoda\u00e7\u00f5es e transferidos em nossos traslados exclusivos para NUNATAK, no vale Tierra Mayor, onde a aventura come\u00e7a.<\/div>\n<div><\/div>\n<\/div>\n<div class=\"th-itin-single th-itin-active\">\n<div class=\"th-itin-title\"><strong>Visita ao Husky Park<\/strong><\/div>\n<div class=\"th-itin-content\">Nosso guia nos levar\u00e1 a um passeio pelo Husky Park, onde poderemos aprender sobre cuidados, treinamento e hist\u00f3ria dos c\u00e3es. Visitaremos a exposi\u00e7\u00e3o de escoteiros e teremos a oportunidade de interagir com os c\u00e3es!<\/div>\n<div><\/div>\n<\/div>\n<div class=\"th-itin-single th-itin-active\">\n<div class=\"th-itin-title\"><strong>Passeio de tren\u00f3 Husky &#8211; 2 km<\/strong><\/div>\n<div class=\"th-itin-content\">Nesse grande vale nevado, come\u00e7amos nossa jornada em tren\u00f3s Husky. Depois de atravessar o vale, entramos na floresta por uma antiga estrada de madeireiros, no meio dessa centen\u00e1ria floresta Lenga.<\/div>\n<div><\/div>\n<\/div>\n<div class=\"th-itin-single th-itin-active\">\n<div class=\"th-itin-title\"><strong>Snowmobiles &#8211; 5 km<\/strong><\/div>\n<div class=\"th-itin-content\">Dirigimos por paisagens de sonho em nosso snowmobile.<\/div>\n<div><\/div>\n<\/div>\n<div class=\"th-itin-single th-itin-active\">\n<div class=\"th-itin-title\"><strong>Chocolate quente<\/strong><\/div>\n<div class=\"th-itin-content\">No final do passeio, recuperamos as calorias com um chocolate quente no calor da lareira.<\/div>\n<div><\/div>\n<\/div>\n<div class=\"th-itin-single th-itin-active\">\n<div class=\"th-itin-title\"><strong>Retorno ao hotel<\/strong><\/div>\n<\/div>\n","protected":false},"excerpt":{"rendered":"<div><strong>Excurs\u00e3o de inverno combinando as seguintes atividades:<\/strong><\/div>\n<div><strong>Visita ao Husky Park<\/strong><\/div>\n<div><strong>Passeio de tren\u00f3 puxado por c\u00e3es Husky<\/strong><\/div>\n<div><strong>Passeios de snowmobile (Snow Cat)<\/strong><\/div>\n<div><strong>+ chocolate quente em nosso abrigo<\/strong><\/div>\n<div><\/div>\n<div>Essa excurs\u00e3o n\u00e3o \u00e9 adequada para mulheres gr\u00e1vidas, idosos ou pessoas com problemas f\u00edsicos.<\/div>\n<div><\/div>\n<div><strong>A temporada j\u00e1 come\u00e7ou e vai at\u00e9 28 de setembro (sujeita \u00e0s condi\u00e7\u00f5es de neve no vale). <\/strong><strong>voc\u00ea pode ver as condi\u00e7\u00f5es de neve no vale).<\/strong><\/div>\n","protected":false},"featured_media":6661,"template":"","meta":[],"product_brand":[],"product_cat":[103,105],"product_tag":[],"destino":[156],"pais":[164],"class_list":{"0":"post-11057","1":"product","2":"type-product","3":"status-publish","4":"has-post-thumbnail","6":"product_cat-excursiones-pt-br","7":"product_cat-excursoes-terrestres","8":"destino-ushuaia-pt-br","9":"pais-argentina-pt-br","11":"first","12":"instock","13":"virtual","14":"sold-individually","15":"purchasable","16":"product-type-booking"},"booking_location":"","booking_location_type":"","booking_duration":1,"booking_duration_unit":"day","booking_buffer":0,"booking_cost":0,"booking_resources":[],"yoast_head":"<!-- This site is optimized with the Yoast SEO plugin v27.4 - https:\/\/yoast.com\/product\/yoast-seo-wordpress\/ -->\n<title>Aventura branca - Best Tour Patagonia<\/title>\n<meta name=\"robots\" content=\"index, follow, max-snippet:-1, max-image-preview:large, max-video-preview:-1\" \/>\n<link rel=\"canonical\" href=\"https:\/\/best-tourpatagonia.tur.ar\/pt-br\/producto\/aventura-branca\/\" \/>\n<meta property=\"og:locale\" content=\"pt_BR\" \/>\n<meta property=\"og:type\" content=\"article\" \/>\n<meta property=\"og:title\" content=\"Aventura branca - Best Tour Patagonia\" \/>\n<meta property=\"og:description\" content=\"Excurs\u00e3o de inverno combinando as seguintes atividades: Visita ao Husky Park Passeio de tren\u00f3 puxado por c\u00e3es Husky Passeios de snowmobile (Snow Cat) + chocolate quente em nosso abrigo  Essa excurs\u00e3o n\u00e3o \u00e9 adequada para mulheres gr\u00e1vidas, idosos ou pessoas com problemas f\u00edsicos.  A temporada j\u00e1 come\u00e7ou e vai at\u00e9 28 de setembro (sujeita \u00e0s condi\u00e7\u00f5es de neve no vale). voc\u00ea pode ver as condi\u00e7\u00f5es de neve no vale).\" \/>\n<meta property=\"og:url\" content=\"https:\/\/best-tourpatagonia.tur.ar\/pt-br\/producto\/aventura-branca\/\" \/>\n<meta property=\"og:site_name\" content=\"Best Tour Patagonia\" \/>\n<meta property=\"article:modified_time\" content=\"2026-03-18T23:41:18+00:00\" \/>\n<meta property=\"og:image\" content=\"https:\/\/best-tourpatagonia.tur.ar\/wp-content\/uploads\/2024\/02\/FacundoSantana05-scaled.jpg\" \/>\n\t<meta property=\"og:image:width\" content=\"2560\" \/>\n\t<meta property=\"og:image:height\" content=\"1700\" \/>\n\t<meta property=\"og:image:type\" content=\"image\/jpeg\" \/>\n<meta name=\"twitter:card\" content=\"summary_large_image\" \/>\n<meta name=\"twitter:label1\" content=\"Est. tempo de leitura\" \/>\n\t<meta name=\"twitter:data1\" content=\"1 minuto\" \/>\n<script type=\"application\/ld+json\" class=\"yoast-schema-graph\">{\"@context\":\"https:\\\/\\\/schema.org\",\"@graph\":[{\"@type\":\"WebPage\",\"@id\":\"https:\\\/\\\/best-tourpatagonia.tur.ar\\\/pt-br\\\/producto\\\/aventura-branca\\\/\",\"url\":\"https:\\\/\\\/best-tourpatagonia.tur.ar\\\/pt-br\\\/producto\\\/aventura-branca\\\/\",\"name\":\"Aventura branca - Best Tour Patagonia\",\"isPartOf\":{\"@id\":\"https:\\\/\\\/best-tourpatagonia.tur.ar\\\/pt-br\\\/#website\"},\"primaryImageOfPage\":{\"@id\":\"https:\\\/\\\/best-tourpatagonia.tur.ar\\\/pt-br\\\/producto\\\/aventura-branca\\\/#primaryimage\"},\"image\":{\"@id\":\"https:\\\/\\\/best-tourpatagonia.tur.ar\\\/pt-br\\\/producto\\\/aventura-branca\\\/#primaryimage\"},\"thumbnailUrl\":\"https:\\\/\\\/best-tourpatagonia.tur.ar\\\/wp-content\\\/uploads\\\/2024\\\/02\\\/FacundoSantana05-scaled.jpg\",\"datePublished\":\"2024-02-26T12:25:45+00:00\",\"dateModified\":\"2026-03-18T23:41:18+00:00\",\"breadcrumb\":{\"@id\":\"https:\\\/\\\/best-tourpatagonia.tur.ar\\\/pt-br\\\/producto\\\/aventura-branca\\\/#breadcrumb\"},\"inLanguage\":\"pt-BR\",\"potentialAction\":[{\"@type\":\"ReadAction\",\"target\":[\"https:\\\/\\\/best-tourpatagonia.tur.ar\\\/pt-br\\\/producto\\\/aventura-branca\\\/\"]}]},{\"@type\":\"ImageObject\",\"inLanguage\":\"pt-BR\",\"@id\":\"https:\\\/\\\/best-tourpatagonia.tur.ar\\\/pt-br\\\/producto\\\/aventura-branca\\\/#primaryimage\",\"url\":\"https:\\\/\\\/best-tourpatagonia.tur.ar\\\/wp-content\\\/uploads\\\/2024\\\/02\\\/FacundoSantana05-scaled.jpg\",\"contentUrl\":\"https:\\\/\\\/best-tourpatagonia.tur.ar\\\/wp-content\\\/uploads\\\/2024\\\/02\\\/FacundoSantana05-scaled.jpg\",\"width\":2560,\"height\":1700},{\"@type\":\"BreadcrumbList\",\"@id\":\"https:\\\/\\\/best-tourpatagonia.tur.ar\\\/pt-br\\\/producto\\\/aventura-branca\\\/#breadcrumb\",\"itemListElement\":[{\"@type\":\"ListItem\",\"position\":1,\"name\":\"Portada\",\"item\":\"https:\\\/\\\/best-tourpatagonia.tur.ar\\\/pt-br\\\/aproveite-ushuaia-el-calafate-e-toda-a-patagonia-durante-todo-o-ano\\\/\"},{\"@type\":\"ListItem\",\"position\":2,\"name\":\"Loja\",\"item\":\"https:\\\/\\\/best-tourpatagonia.tur.ar\\\/pt-br\\\/loja\\\/\"},{\"@type\":\"ListItem\",\"position\":3,\"name\":\"Aventura branca\"}]},{\"@type\":\"WebSite\",\"@id\":\"https:\\\/\\\/best-tourpatagonia.tur.ar\\\/pt-br\\\/#website\",\"url\":\"https:\\\/\\\/best-tourpatagonia.tur.ar\\\/pt-br\\\/\",\"name\":\"Best Tour Patagonia\",\"description\":\"Paquetes y excursiones en la Patagona Argentina\",\"publisher\":{\"@id\":\"https:\\\/\\\/best-tourpatagonia.tur.ar\\\/pt-br\\\/#organization\"},\"potentialAction\":[{\"@type\":\"SearchAction\",\"target\":{\"@type\":\"EntryPoint\",\"urlTemplate\":\"https:\\\/\\\/best-tourpatagonia.tur.ar\\\/pt-br\\\/?s={search_term_string}\"},\"query-input\":{\"@type\":\"PropertyValueSpecification\",\"valueRequired\":true,\"valueName\":\"search_term_string\"}}],\"inLanguage\":\"pt-BR\"},{\"@type\":\"Organization\",\"@id\":\"https:\\\/\\\/best-tourpatagonia.tur.ar\\\/pt-br\\\/#organization\",\"name\":\"Best Tour Patagonia\",\"url\":\"https:\\\/\\\/best-tourpatagonia.tur.ar\\\/pt-br\\\/\",\"logo\":{\"@type\":\"ImageObject\",\"inLanguage\":\"pt-BR\",\"@id\":\"https:\\\/\\\/best-tourpatagonia.tur.ar\\\/pt-br\\\/#\\\/schema\\\/logo\\\/image\\\/\",\"url\":\"https:\\\/\\\/best-tourpatagonia.tur.ar\\\/wp-content\\\/uploads\\\/2023\\\/05\\\/cropped-corona-1.png\",\"contentUrl\":\"https:\\\/\\\/best-tourpatagonia.tur.ar\\\/wp-content\\\/uploads\\\/2023\\\/05\\\/cropped-corona-1.png\",\"width\":128,\"height\":75,\"caption\":\"Best Tour Patagonia\"},\"image\":{\"@id\":\"https:\\\/\\\/best-tourpatagonia.tur.ar\\\/pt-br\\\/#\\\/schema\\\/logo\\\/image\\\/\"}}]}<\/script>\n<!-- \/ Yoast SEO plugin. -->","yoast_head_json":{"title":"Aventura branca - Best Tour Patagonia","robots":{"index":"index","follow":"follow","max-snippet":"max-snippet:-1","max-image-preview":"max-image-preview:large","max-video-preview":"max-video-preview:-1"},"canonical":"https:\/\/best-tourpatagonia.tur.ar\/pt-br\/producto\/aventura-branca\/","og_locale":"pt_BR","og_type":"article","og_title":"Aventura branca - Best Tour Patagonia","og_description":"Excurs\u00e3o de inverno combinando as seguintes atividades: Visita ao Husky Park Passeio de tren\u00f3 puxado por c\u00e3es Husky Passeios de snowmobile (Snow Cat) + chocolate quente em nosso abrigo  Essa excurs\u00e3o n\u00e3o \u00e9 adequada para mulheres gr\u00e1vidas, idosos ou pessoas com problemas f\u00edsicos.  A temporada j\u00e1 come\u00e7ou e vai at\u00e9 28 de setembro (sujeita \u00e0s condi\u00e7\u00f5es de neve no vale). voc\u00ea pode ver as condi\u00e7\u00f5es de neve no vale).","og_url":"https:\/\/best-tourpatagonia.tur.ar\/pt-br\/producto\/aventura-branca\/","og_site_name":"Best Tour Patagonia","article_modified_time":"2026-03-18T23:41:18+00:00","og_image":[{"width":2560,"height":1700,"url":"https:\/\/best-tourpatagonia.tur.ar\/wp-content\/uploads\/2024\/02\/FacundoSantana05-scaled.jpg","type":"image\/jpeg"}],"twitter_card":"summary_large_image","twitter_misc":{"Est. tempo de leitura":"1 minuto"},"schema":{"@context":"https:\/\/schema.org","@graph":[{"@type":"WebPage","@id":"https:\/\/best-tourpatagonia.tur.ar\/pt-br\/producto\/aventura-branca\/","url":"https:\/\/best-tourpatagonia.tur.ar\/pt-br\/producto\/aventura-branca\/","name":"Aventura branca - Best Tour Patagonia","isPartOf":{"@id":"https:\/\/best-tourpatagonia.tur.ar\/pt-br\/#website"},"primaryImageOfPage":{"@id":"https:\/\/best-tourpatagonia.tur.ar\/pt-br\/producto\/aventura-branca\/#primaryimage"},"image":{"@id":"https:\/\/best-tourpatagonia.tur.ar\/pt-br\/producto\/aventura-branca\/#primaryimage"},"thumbnailUrl":"https:\/\/best-tourpatagonia.tur.ar\/wp-content\/uploads\/2024\/02\/FacundoSantana05-scaled.jpg","datePublished":"2024-02-26T12:25:45+00:00","dateModified":"2026-03-18T23:41:18+00:00","breadcrumb":{"@id":"https:\/\/best-tourpatagonia.tur.ar\/pt-br\/producto\/aventura-branca\/#breadcrumb"},"inLanguage":"pt-BR","potentialAction":[{"@type":"ReadAction","target":["https:\/\/best-tourpatagonia.tur.ar\/pt-br\/producto\/aventura-branca\/"]}]},{"@type":"ImageObject","inLanguage":"pt-BR","@id":"https:\/\/best-tourpatagonia.tur.ar\/pt-br\/producto\/aventura-branca\/#primaryimage","url":"https:\/\/best-tourpatagonia.tur.ar\/wp-content\/uploads\/2024\/02\/FacundoSantana05-scaled.jpg","contentUrl":"https:\/\/best-tourpatagonia.tur.ar\/wp-content\/uploads\/2024\/02\/FacundoSantana05-scaled.jpg","width":2560,"height":1700},{"@type":"BreadcrumbList","@id":"https:\/\/best-tourpatagonia.tur.ar\/pt-br\/producto\/aventura-branca\/#breadcrumb","itemListElement":[{"@type":"ListItem","position":1,"name":"Portada","item":"https:\/\/best-tourpatagonia.tur.ar\/pt-br\/aproveite-ushuaia-el-calafate-e-toda-a-patagonia-durante-todo-o-ano\/"},{"@type":"ListItem","position":2,"name":"Loja","item":"https:\/\/best-tourpatagonia.tur.ar\/pt-br\/loja\/"},{"@type":"ListItem","position":3,"name":"Aventura branca"}]},{"@type":"WebSite","@id":"https:\/\/best-tourpatagonia.tur.ar\/pt-br\/#website","url":"https:\/\/best-tourpatagonia.tur.ar\/pt-br\/","name":"Best Tour Patagonia","description":"Paquetes y excursiones en la Patagona Argentina","publisher":{"@id":"https:\/\/best-tourpatagonia.tur.ar\/pt-br\/#organization"},"potentialAction":[{"@type":"SearchAction","target":{"@type":"EntryPoint","urlTemplate":"https:\/\/best-tourpatagonia.tur.ar\/pt-br\/?s={search_term_string}"},"query-input":{"@type":"PropertyValueSpecification","valueRequired":true,"valueName":"search_term_string"}}],"inLanguage":"pt-BR"},{"@type":"Organization","@id":"https:\/\/best-tourpatagonia.tur.ar\/pt-br\/#organization","name":"Best Tour Patagonia","url":"https:\/\/best-tourpatagonia.tur.ar\/pt-br\/","logo":{"@type":"ImageObject","inLanguage":"pt-BR","@id":"https:\/\/best-tourpatagonia.tur.ar\/pt-br\/#\/schema\/logo\/image\/","url":"https:\/\/best-tourpatagonia.tur.ar\/wp-content\/uploads\/2023\/05\/cropped-corona-1.png","contentUrl":"https:\/\/best-tourpatagonia.tur.ar\/wp-content\/uploads\/2023\/05\/cropped-corona-1.png","width":128,"height":75,"caption":"Best Tour Patagonia"},"image":{"@id":"https:\/\/best-tourpatagonia.tur.ar\/pt-br\/#\/schema\/logo\/image\/"}}]}},"_links":{"self":[{"href":"https:\/\/best-tourpatagonia.tur.ar\/pt-br\/wp-json\/wp\/v2\/product\/11057","targetHints":{"allow":["GET"]}}],"collection":[{"href":"https:\/\/best-tourpatagonia.tur.ar\/pt-br\/wp-json\/wp\/v2\/product"}],"about":[{"href":"https:\/\/best-tourpatagonia.tur.ar\/pt-br\/wp-json\/wp\/v2\/types\/product"}],"wp:featuredmedia":[{"embeddable":true,"href":"https:\/\/best-tourpatagonia.tur.ar\/pt-br\/wp-json\/wp\/v2\/media\/6661"}],"wp:attachment":[{"href":"https:\/\/best-tourpatagonia.tur.ar\/pt-br\/wp-json\/wp\/v2\/media?parent=11057"}],"wp:term":[{"taxonomy":"product_brand","embeddable":true,"href":"https:\/\/best-tourpatagonia.tur.ar\/pt-br\/wp-json\/wp\/v2\/product_brand?post=11057"},{"taxonomy":"product_cat","embeddable":true,"href":"https:\/\/best-tourpatagonia.tur.ar\/pt-br\/wp-json\/wp\/v2\/product_cat?post=11057"},{"taxonomy":"product_tag","embeddable":true,"href":"https:\/\/best-tourpatagonia.tur.ar\/pt-br\/wp-json\/wp\/v2\/product_tag?post=11057"},{"taxonomy":"destino","embeddable":true,"href":"https:\/\/best-tourpatagonia.tur.ar\/pt-br\/wp-json\/wp\/v2\/destino?post=11057"},{"taxonomy":"pais","embeddable":true,"href":"https:\/\/best-tourpatagonia.tur.ar\/pt-br\/wp-json\/wp\/v2\/pais?post=11057"}],"curies":[{"name":"wp","href":"https:\/\/api.w.org\/{rel}","templated":true}]}}