{"id":11035,"date":"2024-10-31T17:52:57","date_gmt":"2024-10-31T20:52:57","guid":{"rendered":"https:\/\/best-tourpatagonia.tur.ar\/producto\/passeio-de-bicicleta-no-beagle-viewpoint\/"},"modified":"2025-06-12T12:15:58","modified_gmt":"2025-06-12T15:15:58","slug":"passeio-de-bicicleta-no-beagle-viewpoint","status":"publish","type":"product","link":"https:\/\/best-tourpatagonia.tur.ar\/pt-br\/producto\/passeio-de-bicicleta-no-beagle-viewpoint\/","title":{"rendered":"Passeio de bicicleta no Beagle Viewpoint"},"content":{"rendered":"<p>Viva a experi\u00eancia de percorrer as paisagens da Terra do Fogo em nossas bicicletas assistidas. No ponto de encontro em Deloqui 756, voc\u00ea ter\u00e1 uma palestra sobre seguran\u00e7a, ajustar\u00e1 a bicicleta e receber\u00e1 o equipamento necess\u00e1rio para o passeio. Come\u00e7aremos o passeio passando pela pris\u00e3o, continuaremos ao longo do cais e chegaremos \u00e0 miss\u00e3o para uma vista panor\u00e2mica espetacular. Depois, por uma rota alternativa de florestas e turfeiras, subiremos em dire\u00e7\u00e3o \u00e0 Geleira Martial para nos deslumbrarmos com as vistas panor\u00e2micas do Canal de Beagle e suas ilhas ao sul, bem como da geleira e das montanhas que a cercam ao norte. Faremos nossa primeira parada no mirante Wallner e continuaremos nosso caminho atrav\u00e9s de turfeiras e lagoas, onde teremos tempo para beber \u00e1gua, tomar um ch\u00e1 quente e comer uma barra de cereais. Em seguida, iniciaremos a descida em dire\u00e7\u00e3o \u00e0 reserva natural Laguna del Diablo, onde voc\u00ea poder\u00e1 desfrutar do servi\u00e7o de lanches no &#8220;Laguna Caf\u00e9 de Barrio&#8221;. No final, retornaremos \u00e0s instala\u00e7\u00f5es comerciais de onde partimos. O tempo total do passeio ser\u00e1 de aproximadamente 2:30 horas.       <\/p>\n","protected":false},"excerpt":{"rendered":"<p>Viva a experi\u00eancia de percorrer as paisagens da Terra do Fogo em nossas bicicletas assistidas. No ponto de encontro em Deloqui 756, voc\u00ea ter\u00e1 uma palestra sobre seguran\u00e7a, ajustar\u00e1 a bicicleta e receber\u00e1 o equipamento necess\u00e1rio para o passeio. Come\u00e7aremos o passeio passando pela pris\u00e3o, continuaremos ao longo do cais e chegaremos \u00e0 miss\u00e3o para [&hellip;]<\/p>\n","protected":false},"featured_media":10490,"template":"","meta":[],"product_brand":[],"product_cat":[103,105],"product_tag":[],"destino":[156],"pais":[164],"class_list":{"0":"post-11035","1":"product","2":"type-product","3":"status-publish","4":"has-post-thumbnail","6":"product_cat-excursiones-pt-br","7":"product_cat-excursoes-terrestres","8":"destino-ushuaia-pt-br","9":"pais-argentina-pt-br","11":"first","12":"instock","13":"virtual","14":"sold-individually","15":"purchasable","16":"product-type-booking"},"booking_location":"","booking_location_type":"","booking_duration":1,"booking_duration_unit":"day","booking_buffer":0,"booking_cost":0,"booking_resources":[],"yoast_head":"<!-- This site is optimized with the Yoast SEO plugin v27.4 - https:\/\/yoast.com\/product\/yoast-seo-wordpress\/ -->\n<title>Passeio de bicicleta no Beagle Viewpoint - Best Tour Patagonia<\/title>\n<meta name=\"robots\" content=\"index, follow, max-snippet:-1, max-image-preview:large, max-video-preview:-1\" \/>\n<link rel=\"canonical\" href=\"https:\/\/best-tourpatagonia.tur.ar\/pt-br\/producto\/passeio-de-bicicleta-no-beagle-viewpoint\/\" \/>\n<meta property=\"og:locale\" content=\"pt_BR\" \/>\n<meta property=\"og:type\" content=\"article\" \/>\n<meta property=\"og:title\" content=\"Passeio de bicicleta no Beagle Viewpoint - Best Tour Patagonia\" \/>\n<meta property=\"og:description\" content=\"Viva a experi\u00eancia de percorrer as paisagens da Terra do Fogo em nossas bicicletas assistidas. No ponto de encontro em Deloqui 756, voc\u00ea ter\u00e1 uma palestra sobre seguran\u00e7a, ajustar\u00e1 a bicicleta e receber\u00e1 o equipamento necess\u00e1rio para o passeio. Come\u00e7aremos o passeio passando pela pris\u00e3o, continuaremos ao longo do cais e chegaremos \u00e0 miss\u00e3o para [&hellip;]\" \/>\n<meta property=\"og:url\" content=\"https:\/\/best-tourpatagonia.tur.ar\/pt-br\/producto\/passeio-de-bicicleta-no-beagle-viewpoint\/\" \/>\n<meta property=\"og:site_name\" content=\"Best Tour Patagonia\" \/>\n<meta property=\"article:modified_time\" content=\"2025-06-12T15:15:58+00:00\" \/>\n<meta property=\"og:image\" content=\"https:\/\/best-tourpatagonia.tur.ar\/wp-content\/uploads\/2024\/10\/WhatsApp-Image-2024-10-30-at-15.22.48-2-scaled.jpeg\" \/>\n\t<meta property=\"og:image:width\" content=\"1920\" \/>\n\t<meta property=\"og:image:height\" content=\"2560\" \/>\n\t<meta property=\"og:image:type\" content=\"image\/jpeg\" \/>\n<meta name=\"twitter:card\" content=\"summary_large_image\" \/>\n<meta name=\"twitter:label1\" content=\"Est. tempo de leitura\" \/>\n\t<meta name=\"twitter:data1\" content=\"1 minuto\" \/>\n<script type=\"application\/ld+json\" class=\"yoast-schema-graph\">{\"@context\":\"https:\\\/\\\/schema.org\",\"@graph\":[{\"@type\":\"WebPage\",\"@id\":\"https:\\\/\\\/best-tourpatagonia.tur.ar\\\/pt-br\\\/producto\\\/passeio-de-bicicleta-no-beagle-viewpoint\\\/\",\"url\":\"https:\\\/\\\/best-tourpatagonia.tur.ar\\\/pt-br\\\/producto\\\/passeio-de-bicicleta-no-beagle-viewpoint\\\/\",\"name\":\"Passeio de bicicleta no Beagle Viewpoint - Best Tour Patagonia\",\"isPartOf\":{\"@id\":\"https:\\\/\\\/best-tourpatagonia.tur.ar\\\/pt-br\\\/#website\"},\"primaryImageOfPage\":{\"@id\":\"https:\\\/\\\/best-tourpatagonia.tur.ar\\\/pt-br\\\/producto\\\/passeio-de-bicicleta-no-beagle-viewpoint\\\/#primaryimage\"},\"image\":{\"@id\":\"https:\\\/\\\/best-tourpatagonia.tur.ar\\\/pt-br\\\/producto\\\/passeio-de-bicicleta-no-beagle-viewpoint\\\/#primaryimage\"},\"thumbnailUrl\":\"https:\\\/\\\/best-tourpatagonia.tur.ar\\\/wp-content\\\/uploads\\\/2024\\\/10\\\/WhatsApp-Image-2024-10-30-at-15.22.48-2-scaled.jpeg\",\"datePublished\":\"2024-10-31T20:52:57+00:00\",\"dateModified\":\"2025-06-12T15:15:58+00:00\",\"breadcrumb\":{\"@id\":\"https:\\\/\\\/best-tourpatagonia.tur.ar\\\/pt-br\\\/producto\\\/passeio-de-bicicleta-no-beagle-viewpoint\\\/#breadcrumb\"},\"inLanguage\":\"pt-BR\",\"potentialAction\":[{\"@type\":\"ReadAction\",\"target\":[\"https:\\\/\\\/best-tourpatagonia.tur.ar\\\/pt-br\\\/producto\\\/passeio-de-bicicleta-no-beagle-viewpoint\\\/\"]}]},{\"@type\":\"ImageObject\",\"inLanguage\":\"pt-BR\",\"@id\":\"https:\\\/\\\/best-tourpatagonia.tur.ar\\\/pt-br\\\/producto\\\/passeio-de-bicicleta-no-beagle-viewpoint\\\/#primaryimage\",\"url\":\"https:\\\/\\\/best-tourpatagonia.tur.ar\\\/wp-content\\\/uploads\\\/2024\\\/10\\\/WhatsApp-Image-2024-10-30-at-15.22.48-2-scaled.jpeg\",\"contentUrl\":\"https:\\\/\\\/best-tourpatagonia.tur.ar\\\/wp-content\\\/uploads\\\/2024\\\/10\\\/WhatsApp-Image-2024-10-30-at-15.22.48-2-scaled.jpeg\",\"width\":1920,\"height\":2560},{\"@type\":\"BreadcrumbList\",\"@id\":\"https:\\\/\\\/best-tourpatagonia.tur.ar\\\/pt-br\\\/producto\\\/passeio-de-bicicleta-no-beagle-viewpoint\\\/#breadcrumb\",\"itemListElement\":[{\"@type\":\"ListItem\",\"position\":1,\"name\":\"Portada\",\"item\":\"https:\\\/\\\/best-tourpatagonia.tur.ar\\\/pt-br\\\/aproveite-ushuaia-el-calafate-e-toda-a-patagonia-durante-todo-o-ano\\\/\"},{\"@type\":\"ListItem\",\"position\":2,\"name\":\"Loja\",\"item\":\"https:\\\/\\\/best-tourpatagonia.tur.ar\\\/pt-br\\\/loja\\\/\"},{\"@type\":\"ListItem\",\"position\":3,\"name\":\"Passeio de bicicleta no Beagle Viewpoint\"}]},{\"@type\":\"WebSite\",\"@id\":\"https:\\\/\\\/best-tourpatagonia.tur.ar\\\/pt-br\\\/#website\",\"url\":\"https:\\\/\\\/best-tourpatagonia.tur.ar\\\/pt-br\\\/\",\"name\":\"Best Tour Patagonia\",\"description\":\"Paquetes y excursiones en la Patagona Argentina\",\"publisher\":{\"@id\":\"https:\\\/\\\/best-tourpatagonia.tur.ar\\\/pt-br\\\/#organization\"},\"potentialAction\":[{\"@type\":\"SearchAction\",\"target\":{\"@type\":\"EntryPoint\",\"urlTemplate\":\"https:\\\/\\\/best-tourpatagonia.tur.ar\\\/pt-br\\\/?s={search_term_string}\"},\"query-input\":{\"@type\":\"PropertyValueSpecification\",\"valueRequired\":true,\"valueName\":\"search_term_string\"}}],\"inLanguage\":\"pt-BR\"},{\"@type\":\"Organization\",\"@id\":\"https:\\\/\\\/best-tourpatagonia.tur.ar\\\/pt-br\\\/#organization\",\"name\":\"Best Tour Patagonia\",\"url\":\"https:\\\/\\\/best-tourpatagonia.tur.ar\\\/pt-br\\\/\",\"logo\":{\"@type\":\"ImageObject\",\"inLanguage\":\"pt-BR\",\"@id\":\"https:\\\/\\\/best-tourpatagonia.tur.ar\\\/pt-br\\\/#\\\/schema\\\/logo\\\/image\\\/\",\"url\":\"https:\\\/\\\/best-tourpatagonia.tur.ar\\\/wp-content\\\/uploads\\\/2023\\\/05\\\/cropped-corona-1.png\",\"contentUrl\":\"https:\\\/\\\/best-tourpatagonia.tur.ar\\\/wp-content\\\/uploads\\\/2023\\\/05\\\/cropped-corona-1.png\",\"width\":128,\"height\":75,\"caption\":\"Best Tour Patagonia\"},\"image\":{\"@id\":\"https:\\\/\\\/best-tourpatagonia.tur.ar\\\/pt-br\\\/#\\\/schema\\\/logo\\\/image\\\/\"}}]}<\/script>\n<!-- \/ Yoast SEO plugin. -->","yoast_head_json":{"title":"Passeio de bicicleta no Beagle Viewpoint - Best Tour Patagonia","robots":{"index":"index","follow":"follow","max-snippet":"max-snippet:-1","max-image-preview":"max-image-preview:large","max-video-preview":"max-video-preview:-1"},"canonical":"https:\/\/best-tourpatagonia.tur.ar\/pt-br\/producto\/passeio-de-bicicleta-no-beagle-viewpoint\/","og_locale":"pt_BR","og_type":"article","og_title":"Passeio de bicicleta no Beagle Viewpoint - Best Tour Patagonia","og_description":"Viva a experi\u00eancia de percorrer as paisagens da Terra do Fogo em nossas bicicletas assistidas. No ponto de encontro em Deloqui 756, voc\u00ea ter\u00e1 uma palestra sobre seguran\u00e7a, ajustar\u00e1 a bicicleta e receber\u00e1 o equipamento necess\u00e1rio para o passeio. Come\u00e7aremos o passeio passando pela pris\u00e3o, continuaremos ao longo do cais e chegaremos \u00e0 miss\u00e3o para [&hellip;]","og_url":"https:\/\/best-tourpatagonia.tur.ar\/pt-br\/producto\/passeio-de-bicicleta-no-beagle-viewpoint\/","og_site_name":"Best Tour Patagonia","article_modified_time":"2025-06-12T15:15:58+00:00","og_image":[{"width":1920,"height":2560,"url":"https:\/\/best-tourpatagonia.tur.ar\/wp-content\/uploads\/2024\/10\/WhatsApp-Image-2024-10-30-at-15.22.48-2-scaled.jpeg","type":"image\/jpeg"}],"twitter_card":"summary_large_image","twitter_misc":{"Est. tempo de leitura":"1 minuto"},"schema":{"@context":"https:\/\/schema.org","@graph":[{"@type":"WebPage","@id":"https:\/\/best-tourpatagonia.tur.ar\/pt-br\/producto\/passeio-de-bicicleta-no-beagle-viewpoint\/","url":"https:\/\/best-tourpatagonia.tur.ar\/pt-br\/producto\/passeio-de-bicicleta-no-beagle-viewpoint\/","name":"Passeio de bicicleta no Beagle Viewpoint - Best Tour Patagonia","isPartOf":{"@id":"https:\/\/best-tourpatagonia.tur.ar\/pt-br\/#website"},"primaryImageOfPage":{"@id":"https:\/\/best-tourpatagonia.tur.ar\/pt-br\/producto\/passeio-de-bicicleta-no-beagle-viewpoint\/#primaryimage"},"image":{"@id":"https:\/\/best-tourpatagonia.tur.ar\/pt-br\/producto\/passeio-de-bicicleta-no-beagle-viewpoint\/#primaryimage"},"thumbnailUrl":"https:\/\/best-tourpatagonia.tur.ar\/wp-content\/uploads\/2024\/10\/WhatsApp-Image-2024-10-30-at-15.22.48-2-scaled.jpeg","datePublished":"2024-10-31T20:52:57+00:00","dateModified":"2025-06-12T15:15:58+00:00","breadcrumb":{"@id":"https:\/\/best-tourpatagonia.tur.ar\/pt-br\/producto\/passeio-de-bicicleta-no-beagle-viewpoint\/#breadcrumb"},"inLanguage":"pt-BR","potentialAction":[{"@type":"ReadAction","target":["https:\/\/best-tourpatagonia.tur.ar\/pt-br\/producto\/passeio-de-bicicleta-no-beagle-viewpoint\/"]}]},{"@type":"ImageObject","inLanguage":"pt-BR","@id":"https:\/\/best-tourpatagonia.tur.ar\/pt-br\/producto\/passeio-de-bicicleta-no-beagle-viewpoint\/#primaryimage","url":"https:\/\/best-tourpatagonia.tur.ar\/wp-content\/uploads\/2024\/10\/WhatsApp-Image-2024-10-30-at-15.22.48-2-scaled.jpeg","contentUrl":"https:\/\/best-tourpatagonia.tur.ar\/wp-content\/uploads\/2024\/10\/WhatsApp-Image-2024-10-30-at-15.22.48-2-scaled.jpeg","width":1920,"height":2560},{"@type":"BreadcrumbList","@id":"https:\/\/best-tourpatagonia.tur.ar\/pt-br\/producto\/passeio-de-bicicleta-no-beagle-viewpoint\/#breadcrumb","itemListElement":[{"@type":"ListItem","position":1,"name":"Portada","item":"https:\/\/best-tourpatagonia.tur.ar\/pt-br\/aproveite-ushuaia-el-calafate-e-toda-a-patagonia-durante-todo-o-ano\/"},{"@type":"ListItem","position":2,"name":"Loja","item":"https:\/\/best-tourpatagonia.tur.ar\/pt-br\/loja\/"},{"@type":"ListItem","position":3,"name":"Passeio de bicicleta no Beagle Viewpoint"}]},{"@type":"WebSite","@id":"https:\/\/best-tourpatagonia.tur.ar\/pt-br\/#website","url":"https:\/\/best-tourpatagonia.tur.ar\/pt-br\/","name":"Best Tour Patagonia","description":"Paquetes y excursiones en la Patagona Argentina","publisher":{"@id":"https:\/\/best-tourpatagonia.tur.ar\/pt-br\/#organization"},"potentialAction":[{"@type":"SearchAction","target":{"@type":"EntryPoint","urlTemplate":"https:\/\/best-tourpatagonia.tur.ar\/pt-br\/?s={search_term_string}"},"query-input":{"@type":"PropertyValueSpecification","valueRequired":true,"valueName":"search_term_string"}}],"inLanguage":"pt-BR"},{"@type":"Organization","@id":"https:\/\/best-tourpatagonia.tur.ar\/pt-br\/#organization","name":"Best Tour Patagonia","url":"https:\/\/best-tourpatagonia.tur.ar\/pt-br\/","logo":{"@type":"ImageObject","inLanguage":"pt-BR","@id":"https:\/\/best-tourpatagonia.tur.ar\/pt-br\/#\/schema\/logo\/image\/","url":"https:\/\/best-tourpatagonia.tur.ar\/wp-content\/uploads\/2023\/05\/cropped-corona-1.png","contentUrl":"https:\/\/best-tourpatagonia.tur.ar\/wp-content\/uploads\/2023\/05\/cropped-corona-1.png","width":128,"height":75,"caption":"Best Tour Patagonia"},"image":{"@id":"https:\/\/best-tourpatagonia.tur.ar\/pt-br\/#\/schema\/logo\/image\/"}}]}},"_links":{"self":[{"href":"https:\/\/best-tourpatagonia.tur.ar\/pt-br\/wp-json\/wp\/v2\/product\/11035","targetHints":{"allow":["GET"]}}],"collection":[{"href":"https:\/\/best-tourpatagonia.tur.ar\/pt-br\/wp-json\/wp\/v2\/product"}],"about":[{"href":"https:\/\/best-tourpatagonia.tur.ar\/pt-br\/wp-json\/wp\/v2\/types\/product"}],"wp:featuredmedia":[{"embeddable":true,"href":"https:\/\/best-tourpatagonia.tur.ar\/pt-br\/wp-json\/wp\/v2\/media\/10490"}],"wp:attachment":[{"href":"https:\/\/best-tourpatagonia.tur.ar\/pt-br\/wp-json\/wp\/v2\/media?parent=11035"}],"wp:term":[{"taxonomy":"product_brand","embeddable":true,"href":"https:\/\/best-tourpatagonia.tur.ar\/pt-br\/wp-json\/wp\/v2\/product_brand?post=11035"},{"taxonomy":"product_cat","embeddable":true,"href":"https:\/\/best-tourpatagonia.tur.ar\/pt-br\/wp-json\/wp\/v2\/product_cat?post=11035"},{"taxonomy":"product_tag","embeddable":true,"href":"https:\/\/best-tourpatagonia.tur.ar\/pt-br\/wp-json\/wp\/v2\/product_tag?post=11035"},{"taxonomy":"destino","embeddable":true,"href":"https:\/\/best-tourpatagonia.tur.ar\/pt-br\/wp-json\/wp\/v2\/destino?post=11035"},{"taxonomy":"pais","embeddable":true,"href":"https:\/\/best-tourpatagonia.tur.ar\/pt-br\/wp-json\/wp\/v2\/pais?post=11035"}],"curies":[{"name":"wp","href":"https:\/\/api.w.org\/{rel}","templated":true}]}}