{"id":11032,"date":"2024-07-16T17:44:29","date_gmt":"2024-07-16T20:44:29","guid":{"rendered":"https:\/\/best-tourpatagonia.tur.ar\/producto\/dia-inteiro-nas-planicies\/"},"modified":"2026-03-18T20:36:45","modified_gmt":"2026-03-18T23:36:45","slug":"dia-inteiro-nas-planicies","status":"publish","type":"product","link":"https:\/\/best-tourpatagonia.tur.ar\/pt-br\/producto\/dia-inteiro-nas-planicies\/","title":{"rendered":"Dia inteiro nas plan\u00edcies"},"content":{"rendered":"<p class=\"cvGsUA direction-ltr align-center para-style-body\"><span class=\"OYPEnA text-decoration-none text-strikethrough-none\">O pacote de dia inteiro incluir\u00e1 um total de quatro atividades: caminhada com raquetes de neve em um p\u00e2ntano de turfa congelada (30 minutos) e caminhada com raquetes de neve em um p\u00e2ntano de turfa congelada (30 minutos). <\/span><span class=\"OYPEnA text-decoration-none text-strikethrough-none\">em raquetes de neve em um p\u00e2ntano de turfa congelada (30 minutos). <\/span> <span class=\"OYPEnA text-decoration-none text-strikethrough-none\">aproximadamente). Entraremos no mundo do mushing, onde aprenderemos tudo sobre <\/span><span class=\"OYPEnA text-decoration-none text-strikethrough-none\">sobre essa atividade milenar, com demonstra\u00e7\u00f5es e apenas com a companhia de nossos <\/span><span class=\"OYPEnA text-decoration-none text-strikethrough-none\">lindos cachorros, com os quais podemos interagir, sem subir no tren\u00f3. Passeio de motocicleta com <\/span><span class=\"OYPEnA text-decoration-none text-strikethrough-none\">UTV de neve (4 km) em um circuito dentro da floresta coberta de neve e aula de esqui cross-country <\/span><span class=\"OYPEnA text-decoration-none text-strikethrough-none\">esqui com instrutor por 1 hora + 1 hora de esqui livre (incluindo equipamento de esqui). <\/span><span class=\"OYPEnA text-decoration-none text-strikethrough-none\">equipamento).<\/span><\/p>\n","protected":false},"excerpt":{"rendered":"<p>Transporte + Experi\u00eancia de muscula\u00e7\u00e3o com c\u00e3es + Passeio com raquetes de neve Passeio de 4 km em moto de neve ou UTV + Refei\u00e7\u00e3o regional com bebida + Aula de esqui<\/p>\n","protected":false},"featured_media":8100,"template":"","meta":[],"product_brand":[],"product_cat":[103,105],"product_tag":[],"destino":[156],"pais":[164],"class_list":{"0":"post-11032","1":"product","2":"type-product","3":"status-publish","4":"has-post-thumbnail","6":"product_cat-excursiones-pt-br","7":"product_cat-excursoes-terrestres","8":"destino-ushuaia-pt-br","9":"pais-argentina-pt-br","11":"first","12":"instock","13":"virtual","14":"sold-individually","15":"purchasable","16":"product-type-booking"},"booking_location":"","booking_location_type":"","booking_duration":1,"booking_duration_unit":"day","booking_buffer":0,"booking_cost":0,"booking_resources":[],"yoast_head":"<!-- This site is optimized with the Yoast SEO plugin v27.1.1 - https:\/\/yoast.com\/product\/yoast-seo-wordpress\/ -->\n<title>Dia inteiro nas plan\u00edcies - Best Tour Patagonia<\/title>\n<meta name=\"robots\" content=\"index, follow, max-snippet:-1, max-image-preview:large, max-video-preview:-1\" \/>\n<link rel=\"canonical\" href=\"https:\/\/best-tourpatagonia.tur.ar\/pt-br\/producto\/dia-inteiro-nas-planicies\/\" \/>\n<meta property=\"og:locale\" content=\"pt_BR\" \/>\n<meta property=\"og:type\" content=\"article\" \/>\n<meta property=\"og:title\" content=\"Dia inteiro nas plan\u00edcies - Best Tour Patagonia\" \/>\n<meta property=\"og:description\" content=\"Transporte + Experi\u00eancia de muscula\u00e7\u00e3o com c\u00e3es + Passeio com raquetes de neve Passeio de 4 km em moto de neve ou UTV + Refei\u00e7\u00e3o regional com bebida + Aula de esqui\" \/>\n<meta property=\"og:url\" content=\"https:\/\/best-tourpatagonia.tur.ar\/pt-br\/producto\/dia-inteiro-nas-planicies\/\" \/>\n<meta property=\"og:site_name\" content=\"Best Tour Patagonia\" \/>\n<meta property=\"article:modified_time\" content=\"2026-03-18T23:36:45+00:00\" \/>\n<meta property=\"og:image\" content=\"https:\/\/best-tourpatagonia.tur.ar\/wp-content\/uploads\/2024\/07\/PANORAMA-BLANCO-2-3-scaled.jpg\" \/>\n\t<meta property=\"og:image:width\" content=\"2560\" \/>\n\t<meta property=\"og:image:height\" content=\"1708\" \/>\n\t<meta property=\"og:image:type\" content=\"image\/jpeg\" \/>\n<meta name=\"twitter:card\" content=\"summary_large_image\" \/>\n<meta name=\"twitter:label1\" content=\"Est. tempo de leitura\" \/>\n\t<meta name=\"twitter:data1\" content=\"1 minuto\" \/>\n<script type=\"application\/ld+json\" class=\"yoast-schema-graph\">{\"@context\":\"https:\/\/schema.org\",\"@graph\":[{\"@type\":\"WebPage\",\"@id\":\"https:\/\/best-tourpatagonia.tur.ar\/pt-br\/producto\/dia-inteiro-nas-planicies\/\",\"url\":\"https:\/\/best-tourpatagonia.tur.ar\/pt-br\/producto\/dia-inteiro-nas-planicies\/\",\"name\":\"Dia inteiro nas plan\u00edcies - Best Tour Patagonia\",\"isPartOf\":{\"@id\":\"https:\/\/best-tourpatagonia.tur.ar\/pt-br\/#website\"},\"primaryImageOfPage\":{\"@id\":\"https:\/\/best-tourpatagonia.tur.ar\/pt-br\/producto\/dia-inteiro-nas-planicies\/#primaryimage\"},\"image\":{\"@id\":\"https:\/\/best-tourpatagonia.tur.ar\/pt-br\/producto\/dia-inteiro-nas-planicies\/#primaryimage\"},\"thumbnailUrl\":\"https:\/\/best-tourpatagonia.tur.ar\/wp-content\/uploads\/2024\/07\/PANORAMA-BLANCO-2-3-scaled.jpg\",\"datePublished\":\"2024-07-16T20:44:29+00:00\",\"dateModified\":\"2026-03-18T23:36:45+00:00\",\"breadcrumb\":{\"@id\":\"https:\/\/best-tourpatagonia.tur.ar\/pt-br\/producto\/dia-inteiro-nas-planicies\/#breadcrumb\"},\"inLanguage\":\"pt-BR\",\"potentialAction\":[{\"@type\":\"ReadAction\",\"target\":[\"https:\/\/best-tourpatagonia.tur.ar\/pt-br\/producto\/dia-inteiro-nas-planicies\/\"]}]},{\"@type\":\"ImageObject\",\"inLanguage\":\"pt-BR\",\"@id\":\"https:\/\/best-tourpatagonia.tur.ar\/pt-br\/producto\/dia-inteiro-nas-planicies\/#primaryimage\",\"url\":\"https:\/\/best-tourpatagonia.tur.ar\/wp-content\/uploads\/2024\/07\/PANORAMA-BLANCO-2-3-scaled.jpg\",\"contentUrl\":\"https:\/\/best-tourpatagonia.tur.ar\/wp-content\/uploads\/2024\/07\/PANORAMA-BLANCO-2-3-scaled.jpg\",\"width\":2560,\"height\":1708},{\"@type\":\"BreadcrumbList\",\"@id\":\"https:\/\/best-tourpatagonia.tur.ar\/pt-br\/producto\/dia-inteiro-nas-planicies\/#breadcrumb\",\"itemListElement\":[{\"@type\":\"ListItem\",\"position\":1,\"name\":\"Portada\",\"item\":\"https:\/\/best-tourpatagonia.tur.ar\/pt-br\/aproveite-ushuaia-el-calafate-e-toda-a-patagonia-durante-todo-o-ano\/\"},{\"@type\":\"ListItem\",\"position\":2,\"name\":\"Loja\",\"item\":\"https:\/\/best-tourpatagonia.tur.ar\/pt-br\/loja\/\"},{\"@type\":\"ListItem\",\"position\":3,\"name\":\"Dia inteiro nas plan\u00edcies\"}]},{\"@type\":\"WebSite\",\"@id\":\"https:\/\/best-tourpatagonia.tur.ar\/pt-br\/#website\",\"url\":\"https:\/\/best-tourpatagonia.tur.ar\/pt-br\/\",\"name\":\"Best Tour Patagonia\",\"description\":\"Paquetes y excursiones en la Patagona Argentina\",\"publisher\":{\"@id\":\"https:\/\/best-tourpatagonia.tur.ar\/pt-br\/#organization\"},\"potentialAction\":[{\"@type\":\"SearchAction\",\"target\":{\"@type\":\"EntryPoint\",\"urlTemplate\":\"https:\/\/best-tourpatagonia.tur.ar\/pt-br\/?s={search_term_string}\"},\"query-input\":{\"@type\":\"PropertyValueSpecification\",\"valueRequired\":true,\"valueName\":\"search_term_string\"}}],\"inLanguage\":\"pt-BR\"},{\"@type\":\"Organization\",\"@id\":\"https:\/\/best-tourpatagonia.tur.ar\/pt-br\/#organization\",\"name\":\"Best Tour Patagonia\",\"url\":\"https:\/\/best-tourpatagonia.tur.ar\/pt-br\/\",\"logo\":{\"@type\":\"ImageObject\",\"inLanguage\":\"pt-BR\",\"@id\":\"https:\/\/best-tourpatagonia.tur.ar\/pt-br\/#\/schema\/logo\/image\/\",\"url\":\"https:\/\/best-tourpatagonia.tur.ar\/wp-content\/uploads\/2023\/05\/cropped-corona-1.png\",\"contentUrl\":\"https:\/\/best-tourpatagonia.tur.ar\/wp-content\/uploads\/2023\/05\/cropped-corona-1.png\",\"width\":128,\"height\":75,\"caption\":\"Best Tour Patagonia\"},\"image\":{\"@id\":\"https:\/\/best-tourpatagonia.tur.ar\/pt-br\/#\/schema\/logo\/image\/\"}}]}<\/script>\n<!-- \/ Yoast SEO plugin. -->","yoast_head_json":{"title":"Dia inteiro nas plan\u00edcies - Best Tour Patagonia","robots":{"index":"index","follow":"follow","max-snippet":"max-snippet:-1","max-image-preview":"max-image-preview:large","max-video-preview":"max-video-preview:-1"},"canonical":"https:\/\/best-tourpatagonia.tur.ar\/pt-br\/producto\/dia-inteiro-nas-planicies\/","og_locale":"pt_BR","og_type":"article","og_title":"Dia inteiro nas plan\u00edcies - Best Tour Patagonia","og_description":"Transporte + Experi\u00eancia de muscula\u00e7\u00e3o com c\u00e3es + Passeio com raquetes de neve Passeio de 4 km em moto de neve ou UTV + Refei\u00e7\u00e3o regional com bebida + Aula de esqui","og_url":"https:\/\/best-tourpatagonia.tur.ar\/pt-br\/producto\/dia-inteiro-nas-planicies\/","og_site_name":"Best Tour Patagonia","article_modified_time":"2026-03-18T23:36:45+00:00","og_image":[{"width":2560,"height":1708,"url":"https:\/\/best-tourpatagonia.tur.ar\/wp-content\/uploads\/2024\/07\/PANORAMA-BLANCO-2-3-scaled.jpg","type":"image\/jpeg"}],"twitter_card":"summary_large_image","twitter_misc":{"Est. tempo de leitura":"1 minuto"},"schema":{"@context":"https:\/\/schema.org","@graph":[{"@type":"WebPage","@id":"https:\/\/best-tourpatagonia.tur.ar\/pt-br\/producto\/dia-inteiro-nas-planicies\/","url":"https:\/\/best-tourpatagonia.tur.ar\/pt-br\/producto\/dia-inteiro-nas-planicies\/","name":"Dia inteiro nas plan\u00edcies - Best Tour Patagonia","isPartOf":{"@id":"https:\/\/best-tourpatagonia.tur.ar\/pt-br\/#website"},"primaryImageOfPage":{"@id":"https:\/\/best-tourpatagonia.tur.ar\/pt-br\/producto\/dia-inteiro-nas-planicies\/#primaryimage"},"image":{"@id":"https:\/\/best-tourpatagonia.tur.ar\/pt-br\/producto\/dia-inteiro-nas-planicies\/#primaryimage"},"thumbnailUrl":"https:\/\/best-tourpatagonia.tur.ar\/wp-content\/uploads\/2024\/07\/PANORAMA-BLANCO-2-3-scaled.jpg","datePublished":"2024-07-16T20:44:29+00:00","dateModified":"2026-03-18T23:36:45+00:00","breadcrumb":{"@id":"https:\/\/best-tourpatagonia.tur.ar\/pt-br\/producto\/dia-inteiro-nas-planicies\/#breadcrumb"},"inLanguage":"pt-BR","potentialAction":[{"@type":"ReadAction","target":["https:\/\/best-tourpatagonia.tur.ar\/pt-br\/producto\/dia-inteiro-nas-planicies\/"]}]},{"@type":"ImageObject","inLanguage":"pt-BR","@id":"https:\/\/best-tourpatagonia.tur.ar\/pt-br\/producto\/dia-inteiro-nas-planicies\/#primaryimage","url":"https:\/\/best-tourpatagonia.tur.ar\/wp-content\/uploads\/2024\/07\/PANORAMA-BLANCO-2-3-scaled.jpg","contentUrl":"https:\/\/best-tourpatagonia.tur.ar\/wp-content\/uploads\/2024\/07\/PANORAMA-BLANCO-2-3-scaled.jpg","width":2560,"height":1708},{"@type":"BreadcrumbList","@id":"https:\/\/best-tourpatagonia.tur.ar\/pt-br\/producto\/dia-inteiro-nas-planicies\/#breadcrumb","itemListElement":[{"@type":"ListItem","position":1,"name":"Portada","item":"https:\/\/best-tourpatagonia.tur.ar\/pt-br\/aproveite-ushuaia-el-calafate-e-toda-a-patagonia-durante-todo-o-ano\/"},{"@type":"ListItem","position":2,"name":"Loja","item":"https:\/\/best-tourpatagonia.tur.ar\/pt-br\/loja\/"},{"@type":"ListItem","position":3,"name":"Dia inteiro nas plan\u00edcies"}]},{"@type":"WebSite","@id":"https:\/\/best-tourpatagonia.tur.ar\/pt-br\/#website","url":"https:\/\/best-tourpatagonia.tur.ar\/pt-br\/","name":"Best Tour Patagonia","description":"Paquetes y excursiones en la Patagona Argentina","publisher":{"@id":"https:\/\/best-tourpatagonia.tur.ar\/pt-br\/#organization"},"potentialAction":[{"@type":"SearchAction","target":{"@type":"EntryPoint","urlTemplate":"https:\/\/best-tourpatagonia.tur.ar\/pt-br\/?s={search_term_string}"},"query-input":{"@type":"PropertyValueSpecification","valueRequired":true,"valueName":"search_term_string"}}],"inLanguage":"pt-BR"},{"@type":"Organization","@id":"https:\/\/best-tourpatagonia.tur.ar\/pt-br\/#organization","name":"Best Tour Patagonia","url":"https:\/\/best-tourpatagonia.tur.ar\/pt-br\/","logo":{"@type":"ImageObject","inLanguage":"pt-BR","@id":"https:\/\/best-tourpatagonia.tur.ar\/pt-br\/#\/schema\/logo\/image\/","url":"https:\/\/best-tourpatagonia.tur.ar\/wp-content\/uploads\/2023\/05\/cropped-corona-1.png","contentUrl":"https:\/\/best-tourpatagonia.tur.ar\/wp-content\/uploads\/2023\/05\/cropped-corona-1.png","width":128,"height":75,"caption":"Best Tour Patagonia"},"image":{"@id":"https:\/\/best-tourpatagonia.tur.ar\/pt-br\/#\/schema\/logo\/image\/"}}]}},"_links":{"self":[{"href":"https:\/\/best-tourpatagonia.tur.ar\/pt-br\/wp-json\/wp\/v2\/product\/11032","targetHints":{"allow":["GET"]}}],"collection":[{"href":"https:\/\/best-tourpatagonia.tur.ar\/pt-br\/wp-json\/wp\/v2\/product"}],"about":[{"href":"https:\/\/best-tourpatagonia.tur.ar\/pt-br\/wp-json\/wp\/v2\/types\/product"}],"wp:featuredmedia":[{"embeddable":true,"href":"https:\/\/best-tourpatagonia.tur.ar\/pt-br\/wp-json\/wp\/v2\/media\/8100"}],"wp:attachment":[{"href":"https:\/\/best-tourpatagonia.tur.ar\/pt-br\/wp-json\/wp\/v2\/media?parent=11032"}],"wp:term":[{"taxonomy":"product_brand","embeddable":true,"href":"https:\/\/best-tourpatagonia.tur.ar\/pt-br\/wp-json\/wp\/v2\/product_brand?post=11032"},{"taxonomy":"product_cat","embeddable":true,"href":"https:\/\/best-tourpatagonia.tur.ar\/pt-br\/wp-json\/wp\/v2\/product_cat?post=11032"},{"taxonomy":"product_tag","embeddable":true,"href":"https:\/\/best-tourpatagonia.tur.ar\/pt-br\/wp-json\/wp\/v2\/product_tag?post=11032"},{"taxonomy":"destino","embeddable":true,"href":"https:\/\/best-tourpatagonia.tur.ar\/pt-br\/wp-json\/wp\/v2\/destino?post=11032"},{"taxonomy":"pais","embeddable":true,"href":"https:\/\/best-tourpatagonia.tur.ar\/pt-br\/wp-json\/wp\/v2\/pais?post=11032"}],"curies":[{"name":"wp","href":"https:\/\/api.w.org\/{rel}","templated":true}]}}