{"id":11029,"date":"2023-11-06T11:30:28","date_gmt":"2023-11-06T14:30:28","guid":{"rendered":"https:\/\/best-tourpatagonia.tur.ar\/producto\/dia-inteiro-em-chalten-lago-del-desierto-e-reserva-vespignani-com-almoco\/"},"modified":"2026-03-13T11:01:55","modified_gmt":"2026-03-13T14:01:55","slug":"dia-inteiro-em-chalten-lago-del-desierto-e-reserva-vespignani-com-almoco","status":"publish","type":"product","link":"https:\/\/best-tourpatagonia.tur.ar\/pt-br\/producto\/dia-inteiro-em-chalten-lago-del-desierto-e-reserva-vespignani-com-almoco\/","title":{"rendered":"Dia inteiro em Chalt\u00e9n, Lago del Desierto e Reserva Vespignani &#8211; com almo\u00e7o"},"content":{"rendered":"<p>Descubra um dos mais belos cantos da parte norte do Parque Nacional Los Glaciares, combinando a navega\u00e7\u00e3o no Lago del Desierto com pouso e caminhada pelas florestas da Reserva Vespignani at\u00e9 o mirante da Geleira Vespignani e do Cerro Fitz Roy.<\/p>\n<p>No in\u00edcio da manh\u00e3, come\u00e7amos nossa busca por hot\u00e9is em El Calafate e seguimos em dire\u00e7\u00e3o \u00e0 m\u00edtica Ruta 40. Essa rota margeia o Lago Argentino, atravessa o Rio Santa Cruz e o Rio La Leona e, depois de 1h15, chegaremos ao Hotel de Campo La Leona, quase um museu na Rota 40, onde faremos uma parada. <\/p>\n<p>A rota continua ao longo das margens do Lago Viedma, com a Cordilheira dos Andes ao fundo. Ap\u00f3s um total de 3 horas de viagem, chegaremos ao vilarejo montanhoso de El Chalten. Aqui, faremos uma breve parada e um poss\u00edvel traslado no centro do vilarejo e, em seguida, continuaremos pela Rota 23 para entrar na Cordilheira a caminho de Punta Sur del Lago del Desierto, localizada a 37 km de dist\u00e2ncia (1h15 em uma estrada de cascalho e pedras). L\u00e1, voc\u00ea embarcar\u00e1 para a Reserva Vespignani. Durante os 20 minutos de navega\u00e7\u00e3o, voc\u00ea poder\u00e1 ver as geleiras Huemul e Vespignani e a face norte do Cerro Fitz Roy.<br \/>\nUma vez na reserva, voc\u00ea ser\u00e1 recebido pelo guia local, que fornecer\u00e1 informa\u00e7\u00f5es sobre as 3 trilhas autoguiadas de diferentes n\u00edveis de dificuldade (f\u00e1cil, moderado e dif\u00edcil). Nas duas \u00faltimas, voc\u00ea poder\u00e1 ver de perto a geleira Vespignani, a<em>maior e mais imponente do Lago del Desierto,<\/em> e apreciar novamente uma vista incr\u00edvel da face norte do Cerro Fitz Roy.     <\/p>\n<p>No final da tarde, no hor\u00e1rio combinado, os passageiros devem retornar ao ponto de encontro para embarcar novamente em dire\u00e7\u00e3o \u00e0 ponta sul e, mais tarde, fazer a transfer\u00eancia para El Calafate.<\/p>\n<p>Opera de outubro a mar\u00e7o<br \/>\nSa\u00eddas \u00e0s ter\u00e7as, quintas e s\u00e1bados<br \/>\nN\u00e3o opera em 25 de dezembro e 1\u00ba de janeiro.<\/p>\n","protected":false},"excerpt":{"rendered":"<div class=\"highlight-item\">\n<div class=\"caption\"><strong>Hor\u00e1rio de funcionamento: <\/strong>07:30 &#8211; 20:00<\/div>\n<\/div>\n<div class=\"highlight-item\">\n<div class=\"icon\"><\/div>\n<div class=\"caption\"><strong>Tipo: <\/strong>Servi\u00e7o regular<\/div>\n<\/div>\n<div class=\"highlight-item\">\n<div class=\"icon\"><\/div>\n<div class=\"caption\"><strong>Dura\u00e7\u00e3o:<\/strong> 12:30 horas<\/div>\n<\/div>\n<div class=\"highlight-item\">\n<div class=\"icon\"><\/div>\n<div class=\"caption\"><strong>Dificuldade:<\/strong> F\u00e1cil ou moderado-dif\u00edcil, dependendo da trilha escolhida pelo passageiro.<\/div>\n<\/div>\n<p><strong>Restri\u00e7\u00f5es:<\/strong> Devido \u00e0 sua longa dura\u00e7\u00e3o e \u00e0s dist\u00e2ncias a serem percorridas em estradas de cascalho, essa excurs\u00e3o n\u00e3o \u00e9 recomendada para crian\u00e7as pequenas, mulheres gr\u00e1vidas, pessoas com doen\u00e7as de risco, problemas no pesco\u00e7o ou na coluna, problemas card\u00edacos ou habilidades motoras reduzidas.<\/p>\n","protected":false},"featured_media":11045,"template":"","meta":[],"product_brand":[],"product_cat":[103],"product_tag":[241,227],"destino":[157,159],"pais":[164],"class_list":{"0":"post-11029","1":"product","2":"type-product","3":"status-publish","4":"has-post-thumbnail","6":"product_cat-excursiones-pt-br","7":"product_tag-chalten","8":"product_tag-trekking","9":"destino-el-calafate-pt-br","10":"destino-el-chalten-pt-br","11":"pais-argentina-pt-br","13":"first","14":"instock","15":"virtual","16":"sold-individually","17":"purchasable","18":"product-type-booking"},"booking_location":"","booking_location_type":"","booking_duration":1,"booking_duration_unit":"day","booking_buffer":0,"booking_cost":0,"booking_resources":[],"yoast_head":"<!-- This site is optimized with the Yoast SEO plugin v27.1.1 - https:\/\/yoast.com\/product\/yoast-seo-wordpress\/ -->\n<title>Dia inteiro em Chalt\u00e9n, Lago del Desierto e Reserva Vespignani - com almo\u00e7o - Best Tour Patagonia<\/title>\n<meta name=\"robots\" content=\"index, follow, max-snippet:-1, max-image-preview:large, max-video-preview:-1\" \/>\n<link rel=\"canonical\" href=\"https:\/\/best-tourpatagonia.tur.ar\/pt-br\/producto\/dia-inteiro-em-chalten-lago-del-desierto-e-reserva-vespignani-com-almoco\/\" \/>\n<meta property=\"og:locale\" content=\"pt_BR\" \/>\n<meta property=\"og:type\" content=\"article\" \/>\n<meta property=\"og:title\" content=\"Dia inteiro em Chalt\u00e9n, Lago del Desierto e Reserva Vespignani - com almo\u00e7o - Best Tour Patagonia\" \/>\n<meta property=\"og:description\" content=\"Hor\u00e1rio de funcionamento: 07:30 - 20:00  Tipo: Servi\u00e7o regular  Dura\u00e7\u00e3o: 12:30 horas  Dificuldade: F\u00e1cil ou moderado-dif\u00edcil, dependendo da trilha escolhida pelo passageiro. Restri\u00e7\u00f5es: Devido \u00e0 sua longa dura\u00e7\u00e3o e \u00e0s dist\u00e2ncias a serem percorridas em estradas de cascalho, essa excurs\u00e3o n\u00e3o \u00e9 recomendada para crian\u00e7as pequenas, mulheres gr\u00e1vidas, pessoas com doen\u00e7as de risco, problemas no pesco\u00e7o ou na coluna, problemas card\u00edacos ou habilidades motoras reduzidas.\" \/>\n<meta property=\"og:url\" content=\"https:\/\/best-tourpatagonia.tur.ar\/pt-br\/producto\/dia-inteiro-em-chalten-lago-del-desierto-e-reserva-vespignani-com-almoco\/\" \/>\n<meta property=\"og:site_name\" content=\"Best Tour Patagonia\" \/>\n<meta property=\"article:modified_time\" content=\"2026-03-13T14:01:55+00:00\" \/>\n<meta property=\"og:image\" content=\"https:\/\/best-tourpatagonia.tur.ar\/wp-content\/uploads\/2023\/11\/dsc-0318-7357-o.jpg\" \/>\n\t<meta property=\"og:image:width\" content=\"1080\" \/>\n\t<meta property=\"og:image:height\" content=\"720\" \/>\n\t<meta property=\"og:image:type\" content=\"image\/jpeg\" \/>\n<meta name=\"twitter:card\" content=\"summary_large_image\" \/>\n<meta name=\"twitter:label1\" content=\"Est. tempo de leitura\" \/>\n\t<meta name=\"twitter:data1\" content=\"2 minutos\" \/>\n<script type=\"application\/ld+json\" class=\"yoast-schema-graph\">{\"@context\":\"https:\/\/schema.org\",\"@graph\":[{\"@type\":\"WebPage\",\"@id\":\"https:\/\/best-tourpatagonia.tur.ar\/pt-br\/producto\/dia-inteiro-em-chalten-lago-del-desierto-e-reserva-vespignani-com-almoco\/\",\"url\":\"https:\/\/best-tourpatagonia.tur.ar\/pt-br\/producto\/dia-inteiro-em-chalten-lago-del-desierto-e-reserva-vespignani-com-almoco\/\",\"name\":\"Dia inteiro em Chalt\u00e9n, Lago del Desierto e Reserva Vespignani - com almo\u00e7o - Best Tour Patagonia\",\"isPartOf\":{\"@id\":\"https:\/\/best-tourpatagonia.tur.ar\/pt-br\/#website\"},\"primaryImageOfPage\":{\"@id\":\"https:\/\/best-tourpatagonia.tur.ar\/pt-br\/producto\/dia-inteiro-em-chalten-lago-del-desierto-e-reserva-vespignani-com-almoco\/#primaryimage\"},\"image\":{\"@id\":\"https:\/\/best-tourpatagonia.tur.ar\/pt-br\/producto\/dia-inteiro-em-chalten-lago-del-desierto-e-reserva-vespignani-com-almoco\/#primaryimage\"},\"thumbnailUrl\":\"https:\/\/best-tourpatagonia.tur.ar\/wp-content\/uploads\/2023\/11\/dsc-0318-7357-o.jpg\",\"datePublished\":\"2023-11-06T14:30:28+00:00\",\"dateModified\":\"2026-03-13T14:01:55+00:00\",\"breadcrumb\":{\"@id\":\"https:\/\/best-tourpatagonia.tur.ar\/pt-br\/producto\/dia-inteiro-em-chalten-lago-del-desierto-e-reserva-vespignani-com-almoco\/#breadcrumb\"},\"inLanguage\":\"pt-BR\",\"potentialAction\":[{\"@type\":\"ReadAction\",\"target\":[\"https:\/\/best-tourpatagonia.tur.ar\/pt-br\/producto\/dia-inteiro-em-chalten-lago-del-desierto-e-reserva-vespignani-com-almoco\/\"]}]},{\"@type\":\"ImageObject\",\"inLanguage\":\"pt-BR\",\"@id\":\"https:\/\/best-tourpatagonia.tur.ar\/pt-br\/producto\/dia-inteiro-em-chalten-lago-del-desierto-e-reserva-vespignani-com-almoco\/#primaryimage\",\"url\":\"https:\/\/best-tourpatagonia.tur.ar\/wp-content\/uploads\/2023\/11\/dsc-0318-7357-o.jpg\",\"contentUrl\":\"https:\/\/best-tourpatagonia.tur.ar\/wp-content\/uploads\/2023\/11\/dsc-0318-7357-o.jpg\",\"width\":1080,\"height\":720},{\"@type\":\"BreadcrumbList\",\"@id\":\"https:\/\/best-tourpatagonia.tur.ar\/pt-br\/producto\/dia-inteiro-em-chalten-lago-del-desierto-e-reserva-vespignani-com-almoco\/#breadcrumb\",\"itemListElement\":[{\"@type\":\"ListItem\",\"position\":1,\"name\":\"Portada\",\"item\":\"https:\/\/best-tourpatagonia.tur.ar\/pt-br\/aproveite-ushuaia-el-calafate-e-toda-a-patagonia-durante-todo-o-ano\/\"},{\"@type\":\"ListItem\",\"position\":2,\"name\":\"Loja\",\"item\":\"https:\/\/best-tourpatagonia.tur.ar\/pt-br\/loja\/\"},{\"@type\":\"ListItem\",\"position\":3,\"name\":\"Dia inteiro em Chalt\u00e9n, Lago del Desierto e Reserva Vespignani &#8211; com almo\u00e7o\"}]},{\"@type\":\"WebSite\",\"@id\":\"https:\/\/best-tourpatagonia.tur.ar\/pt-br\/#website\",\"url\":\"https:\/\/best-tourpatagonia.tur.ar\/pt-br\/\",\"name\":\"Best Tour Patagonia\",\"description\":\"Paquetes y excursiones en la Patagona Argentina\",\"publisher\":{\"@id\":\"https:\/\/best-tourpatagonia.tur.ar\/pt-br\/#organization\"},\"potentialAction\":[{\"@type\":\"SearchAction\",\"target\":{\"@type\":\"EntryPoint\",\"urlTemplate\":\"https:\/\/best-tourpatagonia.tur.ar\/pt-br\/?s={search_term_string}\"},\"query-input\":{\"@type\":\"PropertyValueSpecification\",\"valueRequired\":true,\"valueName\":\"search_term_string\"}}],\"inLanguage\":\"pt-BR\"},{\"@type\":\"Organization\",\"@id\":\"https:\/\/best-tourpatagonia.tur.ar\/pt-br\/#organization\",\"name\":\"Best Tour Patagonia\",\"url\":\"https:\/\/best-tourpatagonia.tur.ar\/pt-br\/\",\"logo\":{\"@type\":\"ImageObject\",\"inLanguage\":\"pt-BR\",\"@id\":\"https:\/\/best-tourpatagonia.tur.ar\/pt-br\/#\/schema\/logo\/image\/\",\"url\":\"https:\/\/best-tourpatagonia.tur.ar\/wp-content\/uploads\/2023\/05\/cropped-corona-1.png\",\"contentUrl\":\"https:\/\/best-tourpatagonia.tur.ar\/wp-content\/uploads\/2023\/05\/cropped-corona-1.png\",\"width\":128,\"height\":75,\"caption\":\"Best Tour Patagonia\"},\"image\":{\"@id\":\"https:\/\/best-tourpatagonia.tur.ar\/pt-br\/#\/schema\/logo\/image\/\"}}]}<\/script>\n<!-- \/ Yoast SEO plugin. -->","yoast_head_json":{"title":"Dia inteiro em Chalt\u00e9n, Lago del Desierto e Reserva Vespignani - com almo\u00e7o - Best Tour Patagonia","robots":{"index":"index","follow":"follow","max-snippet":"max-snippet:-1","max-image-preview":"max-image-preview:large","max-video-preview":"max-video-preview:-1"},"canonical":"https:\/\/best-tourpatagonia.tur.ar\/pt-br\/producto\/dia-inteiro-em-chalten-lago-del-desierto-e-reserva-vespignani-com-almoco\/","og_locale":"pt_BR","og_type":"article","og_title":"Dia inteiro em Chalt\u00e9n, Lago del Desierto e Reserva Vespignani - com almo\u00e7o - Best Tour Patagonia","og_description":"Hor\u00e1rio de funcionamento: 07:30 - 20:00  Tipo: Servi\u00e7o regular  Dura\u00e7\u00e3o: 12:30 horas  Dificuldade: F\u00e1cil ou moderado-dif\u00edcil, dependendo da trilha escolhida pelo passageiro. Restri\u00e7\u00f5es: Devido \u00e0 sua longa dura\u00e7\u00e3o e \u00e0s dist\u00e2ncias a serem percorridas em estradas de cascalho, essa excurs\u00e3o n\u00e3o \u00e9 recomendada para crian\u00e7as pequenas, mulheres gr\u00e1vidas, pessoas com doen\u00e7as de risco, problemas no pesco\u00e7o ou na coluna, problemas card\u00edacos ou habilidades motoras reduzidas.","og_url":"https:\/\/best-tourpatagonia.tur.ar\/pt-br\/producto\/dia-inteiro-em-chalten-lago-del-desierto-e-reserva-vespignani-com-almoco\/","og_site_name":"Best Tour Patagonia","article_modified_time":"2026-03-13T14:01:55+00:00","og_image":[{"width":1080,"height":720,"url":"https:\/\/best-tourpatagonia.tur.ar\/wp-content\/uploads\/2023\/11\/dsc-0318-7357-o.jpg","type":"image\/jpeg"}],"twitter_card":"summary_large_image","twitter_misc":{"Est. tempo de leitura":"2 minutos"},"schema":{"@context":"https:\/\/schema.org","@graph":[{"@type":"WebPage","@id":"https:\/\/best-tourpatagonia.tur.ar\/pt-br\/producto\/dia-inteiro-em-chalten-lago-del-desierto-e-reserva-vespignani-com-almoco\/","url":"https:\/\/best-tourpatagonia.tur.ar\/pt-br\/producto\/dia-inteiro-em-chalten-lago-del-desierto-e-reserva-vespignani-com-almoco\/","name":"Dia inteiro em Chalt\u00e9n, Lago del Desierto e Reserva Vespignani - com almo\u00e7o - Best Tour Patagonia","isPartOf":{"@id":"https:\/\/best-tourpatagonia.tur.ar\/pt-br\/#website"},"primaryImageOfPage":{"@id":"https:\/\/best-tourpatagonia.tur.ar\/pt-br\/producto\/dia-inteiro-em-chalten-lago-del-desierto-e-reserva-vespignani-com-almoco\/#primaryimage"},"image":{"@id":"https:\/\/best-tourpatagonia.tur.ar\/pt-br\/producto\/dia-inteiro-em-chalten-lago-del-desierto-e-reserva-vespignani-com-almoco\/#primaryimage"},"thumbnailUrl":"https:\/\/best-tourpatagonia.tur.ar\/wp-content\/uploads\/2023\/11\/dsc-0318-7357-o.jpg","datePublished":"2023-11-06T14:30:28+00:00","dateModified":"2026-03-13T14:01:55+00:00","breadcrumb":{"@id":"https:\/\/best-tourpatagonia.tur.ar\/pt-br\/producto\/dia-inteiro-em-chalten-lago-del-desierto-e-reserva-vespignani-com-almoco\/#breadcrumb"},"inLanguage":"pt-BR","potentialAction":[{"@type":"ReadAction","target":["https:\/\/best-tourpatagonia.tur.ar\/pt-br\/producto\/dia-inteiro-em-chalten-lago-del-desierto-e-reserva-vespignani-com-almoco\/"]}]},{"@type":"ImageObject","inLanguage":"pt-BR","@id":"https:\/\/best-tourpatagonia.tur.ar\/pt-br\/producto\/dia-inteiro-em-chalten-lago-del-desierto-e-reserva-vespignani-com-almoco\/#primaryimage","url":"https:\/\/best-tourpatagonia.tur.ar\/wp-content\/uploads\/2023\/11\/dsc-0318-7357-o.jpg","contentUrl":"https:\/\/best-tourpatagonia.tur.ar\/wp-content\/uploads\/2023\/11\/dsc-0318-7357-o.jpg","width":1080,"height":720},{"@type":"BreadcrumbList","@id":"https:\/\/best-tourpatagonia.tur.ar\/pt-br\/producto\/dia-inteiro-em-chalten-lago-del-desierto-e-reserva-vespignani-com-almoco\/#breadcrumb","itemListElement":[{"@type":"ListItem","position":1,"name":"Portada","item":"https:\/\/best-tourpatagonia.tur.ar\/pt-br\/aproveite-ushuaia-el-calafate-e-toda-a-patagonia-durante-todo-o-ano\/"},{"@type":"ListItem","position":2,"name":"Loja","item":"https:\/\/best-tourpatagonia.tur.ar\/pt-br\/loja\/"},{"@type":"ListItem","position":3,"name":"Dia inteiro em Chalt\u00e9n, Lago del Desierto e Reserva Vespignani &#8211; com almo\u00e7o"}]},{"@type":"WebSite","@id":"https:\/\/best-tourpatagonia.tur.ar\/pt-br\/#website","url":"https:\/\/best-tourpatagonia.tur.ar\/pt-br\/","name":"Best Tour Patagonia","description":"Paquetes y excursiones en la Patagona Argentina","publisher":{"@id":"https:\/\/best-tourpatagonia.tur.ar\/pt-br\/#organization"},"potentialAction":[{"@type":"SearchAction","target":{"@type":"EntryPoint","urlTemplate":"https:\/\/best-tourpatagonia.tur.ar\/pt-br\/?s={search_term_string}"},"query-input":{"@type":"PropertyValueSpecification","valueRequired":true,"valueName":"search_term_string"}}],"inLanguage":"pt-BR"},{"@type":"Organization","@id":"https:\/\/best-tourpatagonia.tur.ar\/pt-br\/#organization","name":"Best Tour Patagonia","url":"https:\/\/best-tourpatagonia.tur.ar\/pt-br\/","logo":{"@type":"ImageObject","inLanguage":"pt-BR","@id":"https:\/\/best-tourpatagonia.tur.ar\/pt-br\/#\/schema\/logo\/image\/","url":"https:\/\/best-tourpatagonia.tur.ar\/wp-content\/uploads\/2023\/05\/cropped-corona-1.png","contentUrl":"https:\/\/best-tourpatagonia.tur.ar\/wp-content\/uploads\/2023\/05\/cropped-corona-1.png","width":128,"height":75,"caption":"Best Tour Patagonia"},"image":{"@id":"https:\/\/best-tourpatagonia.tur.ar\/pt-br\/#\/schema\/logo\/image\/"}}]}},"_links":{"self":[{"href":"https:\/\/best-tourpatagonia.tur.ar\/pt-br\/wp-json\/wp\/v2\/product\/11029","targetHints":{"allow":["GET"]}}],"collection":[{"href":"https:\/\/best-tourpatagonia.tur.ar\/pt-br\/wp-json\/wp\/v2\/product"}],"about":[{"href":"https:\/\/best-tourpatagonia.tur.ar\/pt-br\/wp-json\/wp\/v2\/types\/product"}],"wp:featuredmedia":[{"embeddable":true,"href":"https:\/\/best-tourpatagonia.tur.ar\/pt-br\/wp-json\/wp\/v2\/media\/11045"}],"wp:attachment":[{"href":"https:\/\/best-tourpatagonia.tur.ar\/pt-br\/wp-json\/wp\/v2\/media?parent=11029"}],"wp:term":[{"taxonomy":"product_brand","embeddable":true,"href":"https:\/\/best-tourpatagonia.tur.ar\/pt-br\/wp-json\/wp\/v2\/product_brand?post=11029"},{"taxonomy":"product_cat","embeddable":true,"href":"https:\/\/best-tourpatagonia.tur.ar\/pt-br\/wp-json\/wp\/v2\/product_cat?post=11029"},{"taxonomy":"product_tag","embeddable":true,"href":"https:\/\/best-tourpatagonia.tur.ar\/pt-br\/wp-json\/wp\/v2\/product_tag?post=11029"},{"taxonomy":"destino","embeddable":true,"href":"https:\/\/best-tourpatagonia.tur.ar\/pt-br\/wp-json\/wp\/v2\/destino?post=11029"},{"taxonomy":"pais","embeddable":true,"href":"https:\/\/best-tourpatagonia.tur.ar\/pt-br\/wp-json\/wp\/v2\/pais?post=11029"}],"curies":[{"name":"wp","href":"https:\/\/api.w.org\/{rel}","templated":true}]}}