{"id":11025,"date":"2024-02-27T11:20:22","date_gmt":"2024-02-27T14:20:22","guid":{"rendered":"https:\/\/best-tourpatagonia.tur.ar\/producto\/experiencia-husky\/"},"modified":"2025-06-12T12:16:00","modified_gmt":"2025-06-12T15:16:00","slug":"experiencia-husky","status":"publish","type":"product","link":"https:\/\/best-tourpatagonia.tur.ar\/pt-br\/producto\/experiencia-husky\/","title":{"rendered":"Experi\u00eancia Husky"},"content":{"rendered":"<p><strong>Itiner\u00e1rio:<\/strong><\/p>\n<div class=\"th-itin-single th-itin-active\">\n<div class=\"th-itin-title\"><strong>8h30 &#8211; Traslado para NUNATAK<\/strong><\/div>\n<div class=\"th-itin-title\">Os passageiros ser\u00e3o buscados em suas acomoda\u00e7\u00f5es e transferidos em nossos traslados exclusivos para NUNATAK, no vale Tierra Mayor, onde a aventura come\u00e7a.<\/div>\n<\/div>\n<div class=\"th-itin-single th-itin-active\">\n<div class=\"th-itin-title\"><strong>9h30 &#8211; Palestra de indu\u00e7\u00e3o<\/strong><\/div>\n<div class=\"th-itin-content\">Nosso instrutor Musher nos d\u00e1 as boas-vindas com uma palestra introdut\u00f3ria sobre o mundo dos c\u00e3es de tren\u00f3, visitando o Husky Park. Em seguida, come\u00e7amos a instru\u00e7\u00e3o de condu\u00e7\u00e3o do tren\u00f3, aprendendo as t\u00e9cnicas de condu\u00e7\u00e3o e manuseio do tren\u00f3. <\/div>\n<div><strong>11:00 &#8211; Tren\u00f3 (6 km)<\/strong><\/div>\n<\/div>\n<div class=\"th-itin-single th-itin-active\">\n<div class=\"th-itin-content\">Colocamos os arreios nos c\u00e3es e os prendemos ao tren\u00f3.<\/div>\n<div class=\"th-itin-content\">\u00c0 medida que avan\u00e7amos, nossa caravana de tren\u00f3s se aprofunda no vale nevado, culminando na cabana do machado.<\/div>\n<div><strong>12:30 &#8211; Refresco no Refugio del Hachero<\/strong><\/div>\n<\/div>\n<div class=\"th-itin-single th-itin-active\">\n<div class=\"th-itin-content\">Reporemos as calorias com refrescos.<\/div>\n<div class=\"th-itin-content\">Depois de descansar, os mushers e os c\u00e3es continuaram a caminhada, atravessando florestas, rios congelados e experimentando o m\u00e1gico sil\u00eancio branco.<\/div>\n<\/div>\n<div><strong>13:30 PM &#8211; Retorno<\/strong><\/div>\n<div class=\"th-itin-single th-itin-active\">\n<div class=\"th-itin-content\">Retorne a Nunatak e de l\u00e1 para o hotel para encerrar a aventura.<\/div>\n<div><\/div>\n<\/div>\n<div><strong>OBSERVA\u00c7\u00c3O: a Husky Experience opera somente em regime PRIVADO.<\/strong><\/div>\n","protected":false},"excerpt":{"rendered":"<div><strong>Excurs\u00e3o de inverno que oferece a possibilidade de combinar as seguintes atividades:<\/strong><\/div>\n<div><\/div>\n<div><strong>Visita ao Husky Park<\/strong><\/div>\n<div>+<\/div>\n<div><em><strong>Passeio de tren\u00f3 puxado por c\u00e3es Husky  <\/strong><\/em><\/div>\n<div><strong>+  <\/strong><\/div>\n<div><strong>Refrescos em nosso abrigo<\/strong><\/div>\n<div><\/div>\n<div>Essa excurs\u00e3o n\u00e3o \u00e9 adequada para mulheres gr\u00e1vidas, idosos ou pessoas com problemas f\u00edsicos.<\/div>\n<div><\/div>\n<div><strong>A temporada come\u00e7a em 21 de junho e vai at\u00e9 30 de setembro (sujeita \u00e0s condi\u00e7\u00f5es de neve no vale). <\/strong><strong>voc\u00ea pode ver as condi\u00e7\u00f5es de neve no vale).<\/strong><\/div>\n","protected":false},"featured_media":6808,"template":"","meta":[],"product_brand":[],"product_cat":[103,105],"product_tag":[],"destino":[156],"pais":[164],"class_list":{"0":"post-11025","1":"product","2":"type-product","3":"status-publish","4":"has-post-thumbnail","6":"product_cat-excursiones-pt-br","7":"product_cat-excursoes-terrestres","8":"destino-ushuaia-pt-br","9":"pais-argentina-pt-br","11":"first","12":"instock","13":"virtual","14":"sold-individually","15":"purchasable","16":"product-type-booking"},"booking_location":"","booking_location_type":"","booking_duration":1,"booking_duration_unit":"day","booking_buffer":0,"booking_cost":0,"booking_resources":[],"yoast_head":"<!-- This site is optimized with the Yoast SEO plugin v27.4 - https:\/\/yoast.com\/product\/yoast-seo-wordpress\/ -->\n<title>Experi\u00eancia Husky - Best Tour Patagonia<\/title>\n<meta name=\"robots\" content=\"index, follow, max-snippet:-1, max-image-preview:large, max-video-preview:-1\" \/>\n<link rel=\"canonical\" href=\"https:\/\/best-tourpatagonia.tur.ar\/pt-br\/producto\/experiencia-husky\/\" \/>\n<meta property=\"og:locale\" content=\"pt_BR\" \/>\n<meta property=\"og:type\" content=\"article\" \/>\n<meta property=\"og:title\" content=\"Experi\u00eancia Husky - Best Tour Patagonia\" \/>\n<meta property=\"og:description\" content=\"Excurs\u00e3o de inverno que oferece a possibilidade de combinar as seguintes atividades: Visita ao Husky Park + Passeio de tren\u00f3 puxado por c\u00e3es Husky  +  Refrescos em nosso abrigo Essa excurs\u00e3o n\u00e3o \u00e9 adequada para mulheres gr\u00e1vidas, idosos ou pessoas com problemas f\u00edsicos. A temporada come\u00e7a em 21 de junho e vai at\u00e9 30 de setembro (sujeita \u00e0s condi\u00e7\u00f5es de neve no vale). voc\u00ea pode ver as condi\u00e7\u00f5es de neve no vale).\" \/>\n<meta property=\"og:url\" content=\"https:\/\/best-tourpatagonia.tur.ar\/pt-br\/producto\/experiencia-husky\/\" \/>\n<meta property=\"og:site_name\" content=\"Best Tour Patagonia\" \/>\n<meta property=\"article:modified_time\" content=\"2025-06-12T15:16:00+00:00\" \/>\n<meta property=\"og:image\" content=\"https:\/\/best-tourpatagonia.tur.ar\/wp-content\/uploads\/2024\/02\/IMG_1444-800x533-1-605x465-1.jpg\" \/>\n\t<meta property=\"og:image:width\" content=\"605\" \/>\n\t<meta property=\"og:image:height\" content=\"465\" \/>\n\t<meta property=\"og:image:type\" content=\"image\/jpeg\" \/>\n<meta name=\"twitter:card\" content=\"summary_large_image\" \/>\n<meta name=\"twitter:label1\" content=\"Est. tempo de leitura\" \/>\n\t<meta name=\"twitter:data1\" content=\"1 minuto\" \/>\n<script type=\"application\/ld+json\" class=\"yoast-schema-graph\">{\"@context\":\"https:\\\/\\\/schema.org\",\"@graph\":[{\"@type\":\"WebPage\",\"@id\":\"https:\\\/\\\/best-tourpatagonia.tur.ar\\\/pt-br\\\/producto\\\/experiencia-husky\\\/\",\"url\":\"https:\\\/\\\/best-tourpatagonia.tur.ar\\\/pt-br\\\/producto\\\/experiencia-husky\\\/\",\"name\":\"Experi\u00eancia Husky - Best Tour Patagonia\",\"isPartOf\":{\"@id\":\"https:\\\/\\\/best-tourpatagonia.tur.ar\\\/pt-br\\\/#website\"},\"primaryImageOfPage\":{\"@id\":\"https:\\\/\\\/best-tourpatagonia.tur.ar\\\/pt-br\\\/producto\\\/experiencia-husky\\\/#primaryimage\"},\"image\":{\"@id\":\"https:\\\/\\\/best-tourpatagonia.tur.ar\\\/pt-br\\\/producto\\\/experiencia-husky\\\/#primaryimage\"},\"thumbnailUrl\":\"https:\\\/\\\/best-tourpatagonia.tur.ar\\\/wp-content\\\/uploads\\\/2024\\\/02\\\/IMG_1444-800x533-1-605x465-1.jpg\",\"datePublished\":\"2024-02-27T14:20:22+00:00\",\"dateModified\":\"2025-06-12T15:16:00+00:00\",\"breadcrumb\":{\"@id\":\"https:\\\/\\\/best-tourpatagonia.tur.ar\\\/pt-br\\\/producto\\\/experiencia-husky\\\/#breadcrumb\"},\"inLanguage\":\"pt-BR\",\"potentialAction\":[{\"@type\":\"ReadAction\",\"target\":[\"https:\\\/\\\/best-tourpatagonia.tur.ar\\\/pt-br\\\/producto\\\/experiencia-husky\\\/\"]}]},{\"@type\":\"ImageObject\",\"inLanguage\":\"pt-BR\",\"@id\":\"https:\\\/\\\/best-tourpatagonia.tur.ar\\\/pt-br\\\/producto\\\/experiencia-husky\\\/#primaryimage\",\"url\":\"https:\\\/\\\/best-tourpatagonia.tur.ar\\\/wp-content\\\/uploads\\\/2024\\\/02\\\/IMG_1444-800x533-1-605x465-1.jpg\",\"contentUrl\":\"https:\\\/\\\/best-tourpatagonia.tur.ar\\\/wp-content\\\/uploads\\\/2024\\\/02\\\/IMG_1444-800x533-1-605x465-1.jpg\",\"width\":605,\"height\":465},{\"@type\":\"BreadcrumbList\",\"@id\":\"https:\\\/\\\/best-tourpatagonia.tur.ar\\\/pt-br\\\/producto\\\/experiencia-husky\\\/#breadcrumb\",\"itemListElement\":[{\"@type\":\"ListItem\",\"position\":1,\"name\":\"Portada\",\"item\":\"https:\\\/\\\/best-tourpatagonia.tur.ar\\\/pt-br\\\/aproveite-ushuaia-el-calafate-e-toda-a-patagonia-durante-todo-o-ano\\\/\"},{\"@type\":\"ListItem\",\"position\":2,\"name\":\"Loja\",\"item\":\"https:\\\/\\\/best-tourpatagonia.tur.ar\\\/pt-br\\\/loja\\\/\"},{\"@type\":\"ListItem\",\"position\":3,\"name\":\"Experi\u00eancia Husky\"}]},{\"@type\":\"WebSite\",\"@id\":\"https:\\\/\\\/best-tourpatagonia.tur.ar\\\/pt-br\\\/#website\",\"url\":\"https:\\\/\\\/best-tourpatagonia.tur.ar\\\/pt-br\\\/\",\"name\":\"Best Tour Patagonia\",\"description\":\"Paquetes y excursiones en la Patagona Argentina\",\"publisher\":{\"@id\":\"https:\\\/\\\/best-tourpatagonia.tur.ar\\\/pt-br\\\/#organization\"},\"potentialAction\":[{\"@type\":\"SearchAction\",\"target\":{\"@type\":\"EntryPoint\",\"urlTemplate\":\"https:\\\/\\\/best-tourpatagonia.tur.ar\\\/pt-br\\\/?s={search_term_string}\"},\"query-input\":{\"@type\":\"PropertyValueSpecification\",\"valueRequired\":true,\"valueName\":\"search_term_string\"}}],\"inLanguage\":\"pt-BR\"},{\"@type\":\"Organization\",\"@id\":\"https:\\\/\\\/best-tourpatagonia.tur.ar\\\/pt-br\\\/#organization\",\"name\":\"Best Tour Patagonia\",\"url\":\"https:\\\/\\\/best-tourpatagonia.tur.ar\\\/pt-br\\\/\",\"logo\":{\"@type\":\"ImageObject\",\"inLanguage\":\"pt-BR\",\"@id\":\"https:\\\/\\\/best-tourpatagonia.tur.ar\\\/pt-br\\\/#\\\/schema\\\/logo\\\/image\\\/\",\"url\":\"https:\\\/\\\/best-tourpatagonia.tur.ar\\\/wp-content\\\/uploads\\\/2023\\\/05\\\/cropped-corona-1.png\",\"contentUrl\":\"https:\\\/\\\/best-tourpatagonia.tur.ar\\\/wp-content\\\/uploads\\\/2023\\\/05\\\/cropped-corona-1.png\",\"width\":128,\"height\":75,\"caption\":\"Best Tour Patagonia\"},\"image\":{\"@id\":\"https:\\\/\\\/best-tourpatagonia.tur.ar\\\/pt-br\\\/#\\\/schema\\\/logo\\\/image\\\/\"}}]}<\/script>\n<!-- \/ Yoast SEO plugin. -->","yoast_head_json":{"title":"Experi\u00eancia Husky - Best Tour Patagonia","robots":{"index":"index","follow":"follow","max-snippet":"max-snippet:-1","max-image-preview":"max-image-preview:large","max-video-preview":"max-video-preview:-1"},"canonical":"https:\/\/best-tourpatagonia.tur.ar\/pt-br\/producto\/experiencia-husky\/","og_locale":"pt_BR","og_type":"article","og_title":"Experi\u00eancia Husky - Best Tour Patagonia","og_description":"Excurs\u00e3o de inverno que oferece a possibilidade de combinar as seguintes atividades: Visita ao Husky Park + Passeio de tren\u00f3 puxado por c\u00e3es Husky  +  Refrescos em nosso abrigo Essa excurs\u00e3o n\u00e3o \u00e9 adequada para mulheres gr\u00e1vidas, idosos ou pessoas com problemas f\u00edsicos. A temporada come\u00e7a em 21 de junho e vai at\u00e9 30 de setembro (sujeita \u00e0s condi\u00e7\u00f5es de neve no vale). voc\u00ea pode ver as condi\u00e7\u00f5es de neve no vale).","og_url":"https:\/\/best-tourpatagonia.tur.ar\/pt-br\/producto\/experiencia-husky\/","og_site_name":"Best Tour Patagonia","article_modified_time":"2025-06-12T15:16:00+00:00","og_image":[{"width":605,"height":465,"url":"https:\/\/best-tourpatagonia.tur.ar\/wp-content\/uploads\/2024\/02\/IMG_1444-800x533-1-605x465-1.jpg","type":"image\/jpeg"}],"twitter_card":"summary_large_image","twitter_misc":{"Est. tempo de leitura":"1 minuto"},"schema":{"@context":"https:\/\/schema.org","@graph":[{"@type":"WebPage","@id":"https:\/\/best-tourpatagonia.tur.ar\/pt-br\/producto\/experiencia-husky\/","url":"https:\/\/best-tourpatagonia.tur.ar\/pt-br\/producto\/experiencia-husky\/","name":"Experi\u00eancia Husky - Best Tour Patagonia","isPartOf":{"@id":"https:\/\/best-tourpatagonia.tur.ar\/pt-br\/#website"},"primaryImageOfPage":{"@id":"https:\/\/best-tourpatagonia.tur.ar\/pt-br\/producto\/experiencia-husky\/#primaryimage"},"image":{"@id":"https:\/\/best-tourpatagonia.tur.ar\/pt-br\/producto\/experiencia-husky\/#primaryimage"},"thumbnailUrl":"https:\/\/best-tourpatagonia.tur.ar\/wp-content\/uploads\/2024\/02\/IMG_1444-800x533-1-605x465-1.jpg","datePublished":"2024-02-27T14:20:22+00:00","dateModified":"2025-06-12T15:16:00+00:00","breadcrumb":{"@id":"https:\/\/best-tourpatagonia.tur.ar\/pt-br\/producto\/experiencia-husky\/#breadcrumb"},"inLanguage":"pt-BR","potentialAction":[{"@type":"ReadAction","target":["https:\/\/best-tourpatagonia.tur.ar\/pt-br\/producto\/experiencia-husky\/"]}]},{"@type":"ImageObject","inLanguage":"pt-BR","@id":"https:\/\/best-tourpatagonia.tur.ar\/pt-br\/producto\/experiencia-husky\/#primaryimage","url":"https:\/\/best-tourpatagonia.tur.ar\/wp-content\/uploads\/2024\/02\/IMG_1444-800x533-1-605x465-1.jpg","contentUrl":"https:\/\/best-tourpatagonia.tur.ar\/wp-content\/uploads\/2024\/02\/IMG_1444-800x533-1-605x465-1.jpg","width":605,"height":465},{"@type":"BreadcrumbList","@id":"https:\/\/best-tourpatagonia.tur.ar\/pt-br\/producto\/experiencia-husky\/#breadcrumb","itemListElement":[{"@type":"ListItem","position":1,"name":"Portada","item":"https:\/\/best-tourpatagonia.tur.ar\/pt-br\/aproveite-ushuaia-el-calafate-e-toda-a-patagonia-durante-todo-o-ano\/"},{"@type":"ListItem","position":2,"name":"Loja","item":"https:\/\/best-tourpatagonia.tur.ar\/pt-br\/loja\/"},{"@type":"ListItem","position":3,"name":"Experi\u00eancia Husky"}]},{"@type":"WebSite","@id":"https:\/\/best-tourpatagonia.tur.ar\/pt-br\/#website","url":"https:\/\/best-tourpatagonia.tur.ar\/pt-br\/","name":"Best Tour Patagonia","description":"Paquetes y excursiones en la Patagona Argentina","publisher":{"@id":"https:\/\/best-tourpatagonia.tur.ar\/pt-br\/#organization"},"potentialAction":[{"@type":"SearchAction","target":{"@type":"EntryPoint","urlTemplate":"https:\/\/best-tourpatagonia.tur.ar\/pt-br\/?s={search_term_string}"},"query-input":{"@type":"PropertyValueSpecification","valueRequired":true,"valueName":"search_term_string"}}],"inLanguage":"pt-BR"},{"@type":"Organization","@id":"https:\/\/best-tourpatagonia.tur.ar\/pt-br\/#organization","name":"Best Tour Patagonia","url":"https:\/\/best-tourpatagonia.tur.ar\/pt-br\/","logo":{"@type":"ImageObject","inLanguage":"pt-BR","@id":"https:\/\/best-tourpatagonia.tur.ar\/pt-br\/#\/schema\/logo\/image\/","url":"https:\/\/best-tourpatagonia.tur.ar\/wp-content\/uploads\/2023\/05\/cropped-corona-1.png","contentUrl":"https:\/\/best-tourpatagonia.tur.ar\/wp-content\/uploads\/2023\/05\/cropped-corona-1.png","width":128,"height":75,"caption":"Best Tour Patagonia"},"image":{"@id":"https:\/\/best-tourpatagonia.tur.ar\/pt-br\/#\/schema\/logo\/image\/"}}]}},"_links":{"self":[{"href":"https:\/\/best-tourpatagonia.tur.ar\/pt-br\/wp-json\/wp\/v2\/product\/11025","targetHints":{"allow":["GET"]}}],"collection":[{"href":"https:\/\/best-tourpatagonia.tur.ar\/pt-br\/wp-json\/wp\/v2\/product"}],"about":[{"href":"https:\/\/best-tourpatagonia.tur.ar\/pt-br\/wp-json\/wp\/v2\/types\/product"}],"wp:featuredmedia":[{"embeddable":true,"href":"https:\/\/best-tourpatagonia.tur.ar\/pt-br\/wp-json\/wp\/v2\/media\/6808"}],"wp:attachment":[{"href":"https:\/\/best-tourpatagonia.tur.ar\/pt-br\/wp-json\/wp\/v2\/media?parent=11025"}],"wp:term":[{"taxonomy":"product_brand","embeddable":true,"href":"https:\/\/best-tourpatagonia.tur.ar\/pt-br\/wp-json\/wp\/v2\/product_brand?post=11025"},{"taxonomy":"product_cat","embeddable":true,"href":"https:\/\/best-tourpatagonia.tur.ar\/pt-br\/wp-json\/wp\/v2\/product_cat?post=11025"},{"taxonomy":"product_tag","embeddable":true,"href":"https:\/\/best-tourpatagonia.tur.ar\/pt-br\/wp-json\/wp\/v2\/product_tag?post=11025"},{"taxonomy":"destino","embeddable":true,"href":"https:\/\/best-tourpatagonia.tur.ar\/pt-br\/wp-json\/wp\/v2\/destino?post=11025"},{"taxonomy":"pais","embeddable":true,"href":"https:\/\/best-tourpatagonia.tur.ar\/pt-br\/wp-json\/wp\/v2\/pais?post=11025"}],"curies":[{"name":"wp","href":"https:\/\/api.w.org\/{rel}","templated":true}]}}