{"id":10093,"date":"2023-07-18T14:25:50","date_gmt":"2023-07-18T17:25:50","guid":{"rendered":"https:\/\/best-tourpatagonia.tur.ar\/formulario-de-arrependimento\/"},"modified":"2024-10-25T12:37:32","modified_gmt":"2024-10-25T15:37:32","slug":"formulario-de-arrependimento","status":"publish","type":"page","link":"https:\/\/best-tourpatagonia.tur.ar\/pt-br\/formulario-de-arrependimento\/","title":{"rendered":"Formul\u00e1rio de arrependimento"},"content":{"rendered":"\t\t<div data-elementor-type=\"wp-page\" data-elementor-id=\"10093\" class=\"elementor elementor-10093 elementor-4074\" data-elementor-post-type=\"page\">\n\t\t\t\t\t\t<header data-dce-background-overlay-color=\"#FFFFFF75\" data-dce-background-image-url=\"https:\/\/best-tourpatagonia.tur.ar\/wp-content\/uploads\/2023\/05\/SAUSBEAGLCAT-2.jpeg\" class=\"elementor-section elementor-top-section elementor-element elementor-element-9864c29 elementor-section-height-min-height elementor-section-stretched elementor-section-content-top elementor-section-boxed elementor-section-height-default elementor-section-items-middle\" data-id=\"9864c29\" data-element_type=\"section\" data-e-type=\"section\" data-settings=\"{&quot;stretch_section&quot;:&quot;section-stretched&quot;,&quot;background_background&quot;:&quot;classic&quot;}\">\n\t\t\t\t\t\t\t<div class=\"elementor-background-overlay\"><\/div>\n\t\t\t\t\t\t\t<div class=\"elementor-container elementor-column-gap-default\">\n\t\t\t\t\t<div class=\"elementor-column elementor-col-100 elementor-top-column elementor-element elementor-element-1dd3294\" data-id=\"1dd3294\" data-element_type=\"column\" data-e-type=\"column\">\n\t\t\t<div class=\"elementor-widget-wrap elementor-element-populated\">\n\t\t\t\t\t\t<div data-dce-title-color=\"#FFFFFF\" class=\"elementor-element elementor-element-65524fc elementor-widget elementor-widget-heading\" data-id=\"65524fc\" data-element_type=\"widget\" data-e-type=\"widget\" data-widget_type=\"heading.default\">\n\t\t\t\t<div class=\"elementor-widget-container\">\n\t\t\t\t\t<h1 class=\"elementor-heading-title elementor-size-default\">Formul\u00e1rio de arrependimento<\/h1>\t\t\t\t<\/div>\n\t\t\t\t<\/div>\n\t\t\t\t\t<\/div>\n\t\t<\/div>\n\t\t\t\t\t<\/div>\n\t\t<\/header>\n\t\t\t\t<section class=\"elementor-section elementor-top-section elementor-element elementor-element-33e6446 elementor-section-boxed elementor-section-height-default elementor-section-height-default\" data-id=\"33e6446\" data-element_type=\"section\" data-e-type=\"section\">\n\t\t\t\t\t\t<div class=\"elementor-container elementor-column-gap-default\">\n\t\t\t\t\t<div class=\"elementor-column elementor-col-100 elementor-top-column elementor-element elementor-element-9bda1fe\" data-id=\"9bda1fe\" data-element_type=\"column\" data-e-type=\"column\">\n\t\t\t<div class=\"elementor-widget-wrap elementor-element-populated\">\n\t\t\t\t\t\t<div class=\"elementor-element elementor-element-d028b94 elementor-widget elementor-widget-heading\" data-id=\"d028b94\" data-element_type=\"widget\" data-e-type=\"widget\" data-widget_type=\"heading.default\">\n\t\t\t\t<div class=\"elementor-widget-container\">\n\t\t\t\t\t<h2 class=\"elementor-heading-title elementor-size-default\">Formul\u00e1rio para comunicar o arrependimento da compra\n<\/h2>\t\t\t\t<\/div>\n\t\t\t\t<\/div>\n\t\t\t\t<div class=\"elementor-element elementor-element-175b08b elementor-widget-divider--view-line elementor-widget elementor-widget-divider\" data-id=\"175b08b\" data-element_type=\"widget\" data-e-type=\"widget\" data-widget_type=\"divider.default\">\n\t\t\t\t<div class=\"elementor-widget-container\">\n\t\t\t\t\t\t\t<div class=\"elementor-divider\">\n\t\t\t<span class=\"elementor-divider-separator\">\n\t\t\t\t\t\t<\/span>\n\t\t<\/div>\n\t\t\t\t\t\t<\/div>\n\t\t\t\t<\/div>\n\t\t\t\t<div class=\"elementor-element elementor-element-a522f08 elementor-button-align-stretch elementor-widget elementor-widget-form\" data-id=\"a522f08\" data-element_type=\"widget\" data-e-type=\"widget\" data-settings=\"{&quot;step_next_label&quot;:&quot;Pr\\u00f3ximo&quot;,&quot;step_previous_label&quot;:&quot;Anterior&quot;,&quot;step_type&quot;:&quot;number_text&quot;,&quot;step_icon_shape&quot;:&quot;circle&quot;}\" data-widget_type=\"form.default\">\n\t\t\t\t<div class=\"elementor-widget-container\">\n\t\t\t\t\t\t\t<form class=\"elementor-form\" method=\"post\" name=\"Formul\u00e1rio do produto\" aria-label=\"Formul\u00e1rio do produto\">\n\t\t\t<input type=\"hidden\" name=\"post_id\" value=\"10093\"\/>\n\t\t\t<input type=\"hidden\" name=\"form_id\" value=\"a522f08\"\/>\n\t\t\t<input type=\"hidden\" name=\"referer_title\" value=\"Formul\u00e1rio de arrependimento - Best Tour Patagonia\" \/>\n\n\t\t\t\t\t\t\t<input type=\"hidden\" name=\"queried_id\" value=\"10093\"\/>\n\t\t\t\n\t\t\t<div class=\"elementor-form-fields-wrapper elementor-labels-above\">\n\t\t\t\t\t\t\t\t<div class=\"elementor-field-type-text elementor-field-group elementor-column elementor-field-group-name elementor-col-33 elementor-sm-50 elementor-field-required\">\n\t\t\t\t\t\t\t\t\t\t\t\t<label for=\"form-field-name\" class=\"elementor-field-label\">\n\t\t\t\t\t\t\t\tNome (obrigat\u00f3rio)\t\t\t\t\t\t\t<\/label>\n\t\t\t\t\t\t\t\t\t\t\t\t\t\t<input size=\"1\" type=\"text\" name=\"form_fields[name]\" id=\"form-field-name\" class=\"elementor-field elementor-size-sm  elementor-field-textual\" placeholder=\"Seu nome\" required=\"required\">\n\t\t\t\t\t\t\t\t\t\t\t<\/div>\n\t\t\t\t\t\t\t\t<div class=\"elementor-field-type-text elementor-field-group elementor-column elementor-field-group-email elementor-col-33 elementor-sm-50 elementor-field-required\">\n\t\t\t\t\t\t\t\t\t\t\t\t<label for=\"form-field-email\" class=\"elementor-field-label\">\n\t\t\t\t\t\t\t\tSobrenome (obrigat\u00f3rio)\t\t\t\t\t\t\t<\/label>\n\t\t\t\t\t\t\t\t\t\t\t\t\t\t<input size=\"1\" type=\"text\" name=\"form_fields[email]\" id=\"form-field-email\" class=\"elementor-field elementor-size-sm  elementor-field-textual\" placeholder=\"Seu sobrenome\" required=\"required\">\n\t\t\t\t\t\t\t\t\t\t\t<\/div>\n\t\t\t\t\t\t\t\t<div class=\"elementor-field-type-email elementor-field-group elementor-column elementor-field-group-field_e531d34 elementor-col-33 elementor-sm-50 elementor-field-required\">\n\t\t\t\t\t\t\t\t\t\t\t\t<label for=\"form-field-field_e531d34\" class=\"elementor-field-label\">\n\t\t\t\t\t\t\t\tE-mail (obrigat\u00f3rio)\t\t\t\t\t\t\t<\/label>\n\t\t\t\t\t\t\t\t\t\t\t\t\t\t<input size=\"1\" type=\"email\" name=\"form_fields[field_e531d34]\" id=\"form-field-field_e531d34\" class=\"elementor-field elementor-size-sm  elementor-field-textual\" placeholder=\"Seu endere\u00e7o de e-mail\" required=\"required\">\n\t\t\t\t\t\t\t\t\t\t\t<\/div>\n\t\t\t\t\t\t\t\t<div class=\"elementor-field-type-tel elementor-field-group elementor-column elementor-field-group-message elementor-col-50 elementor-sm-50 elementor-field-required\">\n\t\t\t\t\t\t\t\t\t\t\t\t<label for=\"form-field-message\" class=\"elementor-field-label\">\n\t\t\t\t\t\t\t\tTelefone (obrigat\u00f3rio)\t\t\t\t\t\t\t<\/label>\n\t\t\t\t\t\t\t\t<input size=\"1\" type=\"tel\" name=\"form_fields[message]\" id=\"form-field-message\" class=\"elementor-field elementor-size-sm  elementor-field-textual\" placeholder=\"Seu telefone\" required=\"required\" pattern=\"[0-9()#&amp;+*-=.]+\" title=\"Only numbers and phone characters (#, -, *, etc) are accepted.\">\n\n\t\t\t\t\t\t<\/div>\n\t\t\t\t\t\t\t\t<div class=\"elementor-field-type-text elementor-field-group elementor-column elementor-field-group-field_a39f634 elementor-col-50 elementor-sm-100\">\n\t\t\t\t\t\t\t\t\t\t\t\t<label for=\"form-field-field_a39f634\" class=\"elementor-field-label\">\n\t\t\t\t\t\t\t\tN\u00famero de compra\t\t\t\t\t\t\t<\/label>\n\t\t\t\t\t\t\t\t\t\t\t\t\t\t<input size=\"1\" type=\"text\" name=\"form_fields[field_a39f634]\" id=\"form-field-field_a39f634\" class=\"elementor-field elementor-size-sm  elementor-field-textual\" placeholder=\"Seu n\u00famero de compra\">\n\t\t\t\t\t\t\t\t\t\t\t<\/div>\n\t\t\t\t\t\t\t\t<div class=\"elementor-field-type-textarea elementor-field-group elementor-column elementor-field-group-field_95d369a elementor-col-100 elementor-field-required\">\n\t\t\t\t\t\t\t\t\t\t\t\t<label for=\"form-field-field_95d369a\" class=\"elementor-field-label\">\n\t\t\t\t\t\t\t\tComent\u00e1rio\t\t\t\t\t\t\t<\/label>\n\t\t\t\t\t\t<textarea class=\"elementor-field-textual elementor-field  elementor-size-sm\" name=\"form_fields[field_95d369a]\" id=\"form-field-field_95d369a\" rows=\"4\" placeholder=\"Coment\u00e1rio\" required=\"required\"><\/textarea>\t\t\t\t<\/div>\n\t\t\t\t\t\t\t\t<div class=\"elementor-field-type-recaptcha elementor-field-group elementor-column elementor-field-group-field_ccbcff2 elementor-col-100\">\n\t\t\t\t\t<div class=\"elementor-field\" id=\"form-field-field_ccbcff2\"><\/div>\t\t\t\t<\/div>\n\t\t\t\t\t\t\t\t<div class=\"elementor-field-group elementor-column elementor-field-type-submit elementor-col-100 e-form__buttons\">\n\t\t\t\t\t<button class=\"elementor-button elementor-size-sm\" type=\"submit\">\n\t\t\t\t\t\t<span class=\"elementor-button-content-wrapper\">\n\t\t\t\t\t\t\t\t\t\t\t\t\t\t\t\t\t\t\t\t\t\t<span class=\"elementor-button-text\">Enviar consulta<\/span>\n\t\t\t\t\t\t\t\t\t\t\t\t\t<\/span>\n\t\t\t\t\t<\/button>\n\t\t\t\t<\/div>\n\t\t\t<\/div>\n\t\t<\/form>\n\t\t\t\t\t\t<\/div>\n\t\t\t\t<\/div>\n\t\t\t\t\t<\/div>\n\t\t<\/div>\n\t\t\t\t\t<\/div>\n\t\t<\/section>\n\t\t\t\t<\/div>\n\t\t","protected":false},"excerpt":{"rendered":"<p>Formul\u00e1rio de arrependimento Formul\u00e1rio para comunicar o arrependimento da compra<\/p>\n","protected":false},"author":3,"featured_media":0,"parent":0,"menu_order":23,"comment_status":"closed","ping_status":"closed","template":"","meta":{"footnotes":""},"class_list":["post-10093","page","type-page","status-publish","hentry"],"yoast_head":"<!-- This site is optimized with the Yoast SEO plugin v27.4 - https:\/\/yoast.com\/product\/yoast-seo-wordpress\/ -->\n<title>Formul\u00e1rio de arrependimento - Best Tour Patagonia<\/title>\n<meta name=\"robots\" content=\"index, follow, max-snippet:-1, max-image-preview:large, max-video-preview:-1\" \/>\n<link rel=\"canonical\" href=\"https:\/\/best-tourpatagonia.tur.ar\/pt-br\/formulario-de-arrependimento\/\" \/>\n<meta property=\"og:locale\" content=\"pt_BR\" \/>\n<meta property=\"og:type\" content=\"article\" \/>\n<meta property=\"og:title\" content=\"Formul\u00e1rio de arrependimento - Best Tour Patagonia\" \/>\n<meta property=\"og:description\" content=\"Formul\u00e1rio de arrependimento Formul\u00e1rio para comunicar o arrependimento da compra\" \/>\n<meta property=\"og:url\" content=\"https:\/\/best-tourpatagonia.tur.ar\/pt-br\/formulario-de-arrependimento\/\" \/>\n<meta property=\"og:site_name\" content=\"Best Tour Patagonia\" \/>\n<meta property=\"article:modified_time\" content=\"2024-10-25T15:37:32+00:00\" \/>\n<meta name=\"twitter:card\" content=\"summary_large_image\" \/>\n<script type=\"application\/ld+json\" class=\"yoast-schema-graph\">{\"@context\":\"https:\\\/\\\/schema.org\",\"@graph\":[{\"@type\":\"WebPage\",\"@id\":\"https:\\\/\\\/best-tourpatagonia.tur.ar\\\/pt-br\\\/formulario-de-arrependimento\\\/\",\"url\":\"https:\\\/\\\/best-tourpatagonia.tur.ar\\\/pt-br\\\/formulario-de-arrependimento\\\/\",\"name\":\"Formul\u00e1rio de arrependimento - Best Tour Patagonia\",\"isPartOf\":{\"@id\":\"https:\\\/\\\/best-tourpatagonia.tur.ar\\\/pt-br\\\/#website\"},\"datePublished\":\"2023-07-18T17:25:50+00:00\",\"dateModified\":\"2024-10-25T15:37:32+00:00\",\"breadcrumb\":{\"@id\":\"https:\\\/\\\/best-tourpatagonia.tur.ar\\\/pt-br\\\/formulario-de-arrependimento\\\/#breadcrumb\"},\"inLanguage\":\"pt-BR\",\"potentialAction\":[{\"@type\":\"ReadAction\",\"target\":[\"https:\\\/\\\/best-tourpatagonia.tur.ar\\\/pt-br\\\/formulario-de-arrependimento\\\/\"]}]},{\"@type\":\"BreadcrumbList\",\"@id\":\"https:\\\/\\\/best-tourpatagonia.tur.ar\\\/pt-br\\\/formulario-de-arrependimento\\\/#breadcrumb\",\"itemListElement\":[{\"@type\":\"ListItem\",\"position\":1,\"name\":\"Portada\",\"item\":\"https:\\\/\\\/best-tourpatagonia.tur.ar\\\/pt-br\\\/aproveite-ushuaia-el-calafate-e-toda-a-patagonia-durante-todo-o-ano\\\/\"},{\"@type\":\"ListItem\",\"position\":2,\"name\":\"Formul\u00e1rio de arrependimento\"}]},{\"@type\":\"WebSite\",\"@id\":\"https:\\\/\\\/best-tourpatagonia.tur.ar\\\/pt-br\\\/#website\",\"url\":\"https:\\\/\\\/best-tourpatagonia.tur.ar\\\/pt-br\\\/\",\"name\":\"Best Tour Patagonia\",\"description\":\"Paquetes y excursiones en la Patagona Argentina\",\"publisher\":{\"@id\":\"https:\\\/\\\/best-tourpatagonia.tur.ar\\\/pt-br\\\/#organization\"},\"potentialAction\":[{\"@type\":\"SearchAction\",\"target\":{\"@type\":\"EntryPoint\",\"urlTemplate\":\"https:\\\/\\\/best-tourpatagonia.tur.ar\\\/pt-br\\\/?s={search_term_string}\"},\"query-input\":{\"@type\":\"PropertyValueSpecification\",\"valueRequired\":true,\"valueName\":\"search_term_string\"}}],\"inLanguage\":\"pt-BR\"},{\"@type\":\"Organization\",\"@id\":\"https:\\\/\\\/best-tourpatagonia.tur.ar\\\/pt-br\\\/#organization\",\"name\":\"Best Tour Patagonia\",\"url\":\"https:\\\/\\\/best-tourpatagonia.tur.ar\\\/pt-br\\\/\",\"logo\":{\"@type\":\"ImageObject\",\"inLanguage\":\"pt-BR\",\"@id\":\"https:\\\/\\\/best-tourpatagonia.tur.ar\\\/pt-br\\\/#\\\/schema\\\/logo\\\/image\\\/\",\"url\":\"https:\\\/\\\/best-tourpatagonia.tur.ar\\\/wp-content\\\/uploads\\\/2023\\\/05\\\/cropped-corona-1.png\",\"contentUrl\":\"https:\\\/\\\/best-tourpatagonia.tur.ar\\\/wp-content\\\/uploads\\\/2023\\\/05\\\/cropped-corona-1.png\",\"width\":128,\"height\":75,\"caption\":\"Best Tour Patagonia\"},\"image\":{\"@id\":\"https:\\\/\\\/best-tourpatagonia.tur.ar\\\/pt-br\\\/#\\\/schema\\\/logo\\\/image\\\/\"}}]}<\/script>\n<!-- \/ Yoast SEO plugin. -->","yoast_head_json":{"title":"Formul\u00e1rio de arrependimento - Best Tour Patagonia","robots":{"index":"index","follow":"follow","max-snippet":"max-snippet:-1","max-image-preview":"max-image-preview:large","max-video-preview":"max-video-preview:-1"},"canonical":"https:\/\/best-tourpatagonia.tur.ar\/pt-br\/formulario-de-arrependimento\/","og_locale":"pt_BR","og_type":"article","og_title":"Formul\u00e1rio de arrependimento - Best Tour Patagonia","og_description":"Formul\u00e1rio de arrependimento Formul\u00e1rio para comunicar o arrependimento da compra","og_url":"https:\/\/best-tourpatagonia.tur.ar\/pt-br\/formulario-de-arrependimento\/","og_site_name":"Best Tour Patagonia","article_modified_time":"2024-10-25T15:37:32+00:00","twitter_card":"summary_large_image","schema":{"@context":"https:\/\/schema.org","@graph":[{"@type":"WebPage","@id":"https:\/\/best-tourpatagonia.tur.ar\/pt-br\/formulario-de-arrependimento\/","url":"https:\/\/best-tourpatagonia.tur.ar\/pt-br\/formulario-de-arrependimento\/","name":"Formul\u00e1rio de arrependimento - Best Tour Patagonia","isPartOf":{"@id":"https:\/\/best-tourpatagonia.tur.ar\/pt-br\/#website"},"datePublished":"2023-07-18T17:25:50+00:00","dateModified":"2024-10-25T15:37:32+00:00","breadcrumb":{"@id":"https:\/\/best-tourpatagonia.tur.ar\/pt-br\/formulario-de-arrependimento\/#breadcrumb"},"inLanguage":"pt-BR","potentialAction":[{"@type":"ReadAction","target":["https:\/\/best-tourpatagonia.tur.ar\/pt-br\/formulario-de-arrependimento\/"]}]},{"@type":"BreadcrumbList","@id":"https:\/\/best-tourpatagonia.tur.ar\/pt-br\/formulario-de-arrependimento\/#breadcrumb","itemListElement":[{"@type":"ListItem","position":1,"name":"Portada","item":"https:\/\/best-tourpatagonia.tur.ar\/pt-br\/aproveite-ushuaia-el-calafate-e-toda-a-patagonia-durante-todo-o-ano\/"},{"@type":"ListItem","position":2,"name":"Formul\u00e1rio de arrependimento"}]},{"@type":"WebSite","@id":"https:\/\/best-tourpatagonia.tur.ar\/pt-br\/#website","url":"https:\/\/best-tourpatagonia.tur.ar\/pt-br\/","name":"Best Tour Patagonia","description":"Paquetes y excursiones en la Patagona Argentina","publisher":{"@id":"https:\/\/best-tourpatagonia.tur.ar\/pt-br\/#organization"},"potentialAction":[{"@type":"SearchAction","target":{"@type":"EntryPoint","urlTemplate":"https:\/\/best-tourpatagonia.tur.ar\/pt-br\/?s={search_term_string}"},"query-input":{"@type":"PropertyValueSpecification","valueRequired":true,"valueName":"search_term_string"}}],"inLanguage":"pt-BR"},{"@type":"Organization","@id":"https:\/\/best-tourpatagonia.tur.ar\/pt-br\/#organization","name":"Best Tour Patagonia","url":"https:\/\/best-tourpatagonia.tur.ar\/pt-br\/","logo":{"@type":"ImageObject","inLanguage":"pt-BR","@id":"https:\/\/best-tourpatagonia.tur.ar\/pt-br\/#\/schema\/logo\/image\/","url":"https:\/\/best-tourpatagonia.tur.ar\/wp-content\/uploads\/2023\/05\/cropped-corona-1.png","contentUrl":"https:\/\/best-tourpatagonia.tur.ar\/wp-content\/uploads\/2023\/05\/cropped-corona-1.png","width":128,"height":75,"caption":"Best Tour Patagonia"},"image":{"@id":"https:\/\/best-tourpatagonia.tur.ar\/pt-br\/#\/schema\/logo\/image\/"}}]}},"_links":{"self":[{"href":"https:\/\/best-tourpatagonia.tur.ar\/pt-br\/wp-json\/wp\/v2\/pages\/10093","targetHints":{"allow":["GET"]}}],"collection":[{"href":"https:\/\/best-tourpatagonia.tur.ar\/pt-br\/wp-json\/wp\/v2\/pages"}],"about":[{"href":"https:\/\/best-tourpatagonia.tur.ar\/pt-br\/wp-json\/wp\/v2\/types\/page"}],"author":[{"embeddable":true,"href":"https:\/\/best-tourpatagonia.tur.ar\/pt-br\/wp-json\/wp\/v2\/users\/3"}],"replies":[{"embeddable":true,"href":"https:\/\/best-tourpatagonia.tur.ar\/pt-br\/wp-json\/wp\/v2\/comments?post=10093"}],"version-history":[{"count":1,"href":"https:\/\/best-tourpatagonia.tur.ar\/pt-br\/wp-json\/wp\/v2\/pages\/10093\/revisions"}],"predecessor-version":[{"id":10094,"href":"https:\/\/best-tourpatagonia.tur.ar\/pt-br\/wp-json\/wp\/v2\/pages\/10093\/revisions\/10094"}],"wp:attachment":[{"href":"https:\/\/best-tourpatagonia.tur.ar\/pt-br\/wp-json\/wp\/v2\/media?parent=10093"}],"curies":[{"name":"wp","href":"https:\/\/api.w.org\/{rel}","templated":true}]}}