{"id":11695,"date":"2023-07-03T17:21:01","date_gmt":"2023-07-03T20:21:01","guid":{"rendered":"https:\/\/best-tourpatagonia.tur.ar\/producto\/city-tour-classic\/"},"modified":"2026-03-13T11:01:57","modified_gmt":"2026-03-13T14:01:57","slug":"city-tour-classic","status":"publish","type":"product","link":"https:\/\/best-tourpatagonia.tur.ar\/en\/producto\/city-tour-classic\/","title":{"rendered":"City Tour &#8211; classic"},"content":{"rendered":"<p>We began by visiting La Misi\u00f3n neighborhood, where the Anglican priests settled, known as Misi\u00f3n Baja. Then we continue our tour to the CADIC traffic circle, where the Centro Austral de Investigaciones Cient\u00edficas is located, and we go back along Prefectura Naval Avenue (coastal avenue), continuing along Perito Moreno Avenue, we pass in front of Paseo del Fuego Shopping Mall, an important commercial center of the city. Further on, we arrive at the industrial park, which began its activity in 1972 by means of law 19640, representing one of the main sources of income of the province. From there, we pass by the Rotonda del Indio, entrance to the city of Ushuaia, returning by H\u00e9roes de Malvinas street, we make a stop at the Mirador La Colina, one of the most impressive panoramic points of the city.   <\/p>\n<p>We continue our tour going up Alem Avenue until we reach the viewpoint of Las Hayas Hotel, another important panoramic point, which offers us excellent landscapes. Afterwards, we go down until we reach the Solier Neighborhood, where the Italian-Argentinean community is located. We go along 12 de Octubre Street until we get back to Prefectura Naval Avenue, which leads us to the old cemetery, where we will make a short historical review of the old settlers who rest in that place.  <\/p>\n<p>Then we arrive at San Martin street, the main avenue of the city, where you will find most of the restaurants and commercial premises. Then, we go to Deloqui Street where we can appreciate the houses of the old settlers. We continue to the traffic circle of the Maritime Museum and the Presidio and from there to the Museum of the End of the World, on Maip\u00fa Street, where the tour ends.  <\/p>\n<div><\/div>\n","protected":false},"excerpt":{"rendered":"<p>We began by visiting La Misi\u00f3n neighborhood, where the Anglican priests settled, known as Misi\u00f3n Baja. Then we continue our tour to the CADIC traffic circle, where the Centro Austral de Investigaciones Cient\u00edficas is located, and we go back along Prefectura Naval Avenue (coastal avenue), continuing along Perito Moreno Avenue, we pass in front of [&hellip;]<\/p>\n","protected":false},"featured_media":5515,"template":"","meta":[],"product_brand":[],"product_cat":[102,104,232],"product_tag":[243,217,218],"destino":[155],"pais":[163],"class_list":{"0":"post-11695","1":"product","2":"type-product","3":"status-publish","4":"has-post-thumbnail","6":"product_cat-excursiones-en","7":"product_cat-land-excursions","8":"product_cat-travel-sale","9":"product_tag-city-tour","10":"product_tag-end-of-the-world","11":"product_tag-ushuaia","12":"destino-ushuaia-en","13":"pais-argentina-en","15":"first","16":"instock","17":"virtual","18":"sold-individually","19":"purchasable","20":"product-type-booking"},"booking_location":"","booking_location_type":"","booking_duration":1,"booking_duration_unit":"day","booking_buffer":0,"booking_cost":0,"booking_resources":[],"yoast_head":"<!-- This site is optimized with the Yoast SEO plugin v27.4 - https:\/\/yoast.com\/product\/yoast-seo-wordpress\/ -->\n<title>City Tour - classic - Best Tour Patagonia<\/title>\n<meta name=\"robots\" content=\"index, follow, max-snippet:-1, max-image-preview:large, max-video-preview:-1\" \/>\n<link rel=\"canonical\" href=\"https:\/\/best-tourpatagonia.tur.ar\/en\/producto\/city-tour-classic\/\" \/>\n<meta property=\"og:locale\" content=\"en_US\" \/>\n<meta property=\"og:type\" content=\"article\" \/>\n<meta property=\"og:title\" content=\"City Tour - classic - Best Tour Patagonia\" \/>\n<meta property=\"og:description\" content=\"We began by visiting La Misi\u00f3n neighborhood, where the Anglican priests settled, known as Misi\u00f3n Baja. Then we continue our tour to the CADIC traffic circle, where the Centro Austral de Investigaciones Cient\u00edficas is located, and we go back along Prefectura Naval Avenue (coastal avenue), continuing along Perito Moreno Avenue, we pass in front of [&hellip;]\" \/>\n<meta property=\"og:url\" content=\"https:\/\/best-tourpatagonia.tur.ar\/en\/producto\/city-tour-classic\/\" \/>\n<meta property=\"og:site_name\" content=\"Best Tour Patagonia\" \/>\n<meta property=\"article:modified_time\" content=\"2026-03-13T14:01:57+00:00\" \/>\n<meta property=\"og:image\" content=\"https:\/\/best-tourpatagonia.tur.ar\/wp-content\/uploads\/2023\/07\/IMG_2100.jpg\" \/>\n\t<meta property=\"og:image:width\" content=\"720\" \/>\n\t<meta property=\"og:image:height\" content=\"540\" \/>\n\t<meta property=\"og:image:type\" content=\"image\/jpeg\" \/>\n<meta name=\"twitter:card\" content=\"summary_large_image\" \/>\n<meta name=\"twitter:label1\" content=\"Est. reading time\" \/>\n\t<meta name=\"twitter:data1\" content=\"2 minutes\" \/>\n<script type=\"application\/ld+json\" class=\"yoast-schema-graph\">{\"@context\":\"https:\\\/\\\/schema.org\",\"@graph\":[{\"@type\":\"WebPage\",\"@id\":\"https:\\\/\\\/best-tourpatagonia.tur.ar\\\/en\\\/producto\\\/city-tour-classic\\\/\",\"url\":\"https:\\\/\\\/best-tourpatagonia.tur.ar\\\/en\\\/producto\\\/city-tour-classic\\\/\",\"name\":\"City Tour - classic - Best Tour Patagonia\",\"isPartOf\":{\"@id\":\"https:\\\/\\\/best-tourpatagonia.tur.ar\\\/en\\\/#website\"},\"primaryImageOfPage\":{\"@id\":\"https:\\\/\\\/best-tourpatagonia.tur.ar\\\/en\\\/producto\\\/city-tour-classic\\\/#primaryimage\"},\"image\":{\"@id\":\"https:\\\/\\\/best-tourpatagonia.tur.ar\\\/en\\\/producto\\\/city-tour-classic\\\/#primaryimage\"},\"thumbnailUrl\":\"https:\\\/\\\/best-tourpatagonia.tur.ar\\\/wp-content\\\/uploads\\\/2023\\\/07\\\/IMG_2100.jpg\",\"datePublished\":\"2023-07-03T20:21:01+00:00\",\"dateModified\":\"2026-03-13T14:01:57+00:00\",\"breadcrumb\":{\"@id\":\"https:\\\/\\\/best-tourpatagonia.tur.ar\\\/en\\\/producto\\\/city-tour-classic\\\/#breadcrumb\"},\"inLanguage\":\"en-US\",\"potentialAction\":[{\"@type\":\"ReadAction\",\"target\":[\"https:\\\/\\\/best-tourpatagonia.tur.ar\\\/en\\\/producto\\\/city-tour-classic\\\/\"]}]},{\"@type\":\"ImageObject\",\"inLanguage\":\"en-US\",\"@id\":\"https:\\\/\\\/best-tourpatagonia.tur.ar\\\/en\\\/producto\\\/city-tour-classic\\\/#primaryimage\",\"url\":\"https:\\\/\\\/best-tourpatagonia.tur.ar\\\/wp-content\\\/uploads\\\/2023\\\/07\\\/IMG_2100.jpg\",\"contentUrl\":\"https:\\\/\\\/best-tourpatagonia.tur.ar\\\/wp-content\\\/uploads\\\/2023\\\/07\\\/IMG_2100.jpg\",\"width\":720,\"height\":540},{\"@type\":\"BreadcrumbList\",\"@id\":\"https:\\\/\\\/best-tourpatagonia.tur.ar\\\/en\\\/producto\\\/city-tour-classic\\\/#breadcrumb\",\"itemListElement\":[{\"@type\":\"ListItem\",\"position\":1,\"name\":\"Portada\",\"item\":\"https:\\\/\\\/best-tourpatagonia.tur.ar\\\/en\\\/enjoy-ushuaia-el-calafate-and-the-whole-patagonia-all-year-round\\\/\"},{\"@type\":\"ListItem\",\"position\":2,\"name\":\"Store\",\"item\":\"https:\\\/\\\/best-tourpatagonia.tur.ar\\\/en\\\/store\\\/\"},{\"@type\":\"ListItem\",\"position\":3,\"name\":\"City Tour &#8211; classic\"}]},{\"@type\":\"WebSite\",\"@id\":\"https:\\\/\\\/best-tourpatagonia.tur.ar\\\/en\\\/#website\",\"url\":\"https:\\\/\\\/best-tourpatagonia.tur.ar\\\/en\\\/\",\"name\":\"Best Tour Patagonia\",\"description\":\"Paquetes y excursiones en la Patagona Argentina\",\"publisher\":{\"@id\":\"https:\\\/\\\/best-tourpatagonia.tur.ar\\\/en\\\/#organization\"},\"potentialAction\":[{\"@type\":\"SearchAction\",\"target\":{\"@type\":\"EntryPoint\",\"urlTemplate\":\"https:\\\/\\\/best-tourpatagonia.tur.ar\\\/en\\\/?s={search_term_string}\"},\"query-input\":{\"@type\":\"PropertyValueSpecification\",\"valueRequired\":true,\"valueName\":\"search_term_string\"}}],\"inLanguage\":\"en-US\"},{\"@type\":\"Organization\",\"@id\":\"https:\\\/\\\/best-tourpatagonia.tur.ar\\\/en\\\/#organization\",\"name\":\"Best Tour Patagonia\",\"url\":\"https:\\\/\\\/best-tourpatagonia.tur.ar\\\/en\\\/\",\"logo\":{\"@type\":\"ImageObject\",\"inLanguage\":\"en-US\",\"@id\":\"https:\\\/\\\/best-tourpatagonia.tur.ar\\\/en\\\/#\\\/schema\\\/logo\\\/image\\\/\",\"url\":\"https:\\\/\\\/best-tourpatagonia.tur.ar\\\/wp-content\\\/uploads\\\/2023\\\/05\\\/cropped-corona-1.png\",\"contentUrl\":\"https:\\\/\\\/best-tourpatagonia.tur.ar\\\/wp-content\\\/uploads\\\/2023\\\/05\\\/cropped-corona-1.png\",\"width\":128,\"height\":75,\"caption\":\"Best Tour Patagonia\"},\"image\":{\"@id\":\"https:\\\/\\\/best-tourpatagonia.tur.ar\\\/en\\\/#\\\/schema\\\/logo\\\/image\\\/\"}}]}<\/script>\n<!-- \/ Yoast SEO plugin. -->","yoast_head_json":{"title":"City Tour - classic - Best Tour Patagonia","robots":{"index":"index","follow":"follow","max-snippet":"max-snippet:-1","max-image-preview":"max-image-preview:large","max-video-preview":"max-video-preview:-1"},"canonical":"https:\/\/best-tourpatagonia.tur.ar\/en\/producto\/city-tour-classic\/","og_locale":"en_US","og_type":"article","og_title":"City Tour - classic - Best Tour Patagonia","og_description":"We began by visiting La Misi\u00f3n neighborhood, where the Anglican priests settled, known as Misi\u00f3n Baja. Then we continue our tour to the CADIC traffic circle, where the Centro Austral de Investigaciones Cient\u00edficas is located, and we go back along Prefectura Naval Avenue (coastal avenue), continuing along Perito Moreno Avenue, we pass in front of [&hellip;]","og_url":"https:\/\/best-tourpatagonia.tur.ar\/en\/producto\/city-tour-classic\/","og_site_name":"Best Tour Patagonia","article_modified_time":"2026-03-13T14:01:57+00:00","og_image":[{"width":720,"height":540,"url":"https:\/\/best-tourpatagonia.tur.ar\/wp-content\/uploads\/2023\/07\/IMG_2100.jpg","type":"image\/jpeg"}],"twitter_card":"summary_large_image","twitter_misc":{"Est. reading time":"2 minutes"},"schema":{"@context":"https:\/\/schema.org","@graph":[{"@type":"WebPage","@id":"https:\/\/best-tourpatagonia.tur.ar\/en\/producto\/city-tour-classic\/","url":"https:\/\/best-tourpatagonia.tur.ar\/en\/producto\/city-tour-classic\/","name":"City Tour - classic - Best Tour Patagonia","isPartOf":{"@id":"https:\/\/best-tourpatagonia.tur.ar\/en\/#website"},"primaryImageOfPage":{"@id":"https:\/\/best-tourpatagonia.tur.ar\/en\/producto\/city-tour-classic\/#primaryimage"},"image":{"@id":"https:\/\/best-tourpatagonia.tur.ar\/en\/producto\/city-tour-classic\/#primaryimage"},"thumbnailUrl":"https:\/\/best-tourpatagonia.tur.ar\/wp-content\/uploads\/2023\/07\/IMG_2100.jpg","datePublished":"2023-07-03T20:21:01+00:00","dateModified":"2026-03-13T14:01:57+00:00","breadcrumb":{"@id":"https:\/\/best-tourpatagonia.tur.ar\/en\/producto\/city-tour-classic\/#breadcrumb"},"inLanguage":"en-US","potentialAction":[{"@type":"ReadAction","target":["https:\/\/best-tourpatagonia.tur.ar\/en\/producto\/city-tour-classic\/"]}]},{"@type":"ImageObject","inLanguage":"en-US","@id":"https:\/\/best-tourpatagonia.tur.ar\/en\/producto\/city-tour-classic\/#primaryimage","url":"https:\/\/best-tourpatagonia.tur.ar\/wp-content\/uploads\/2023\/07\/IMG_2100.jpg","contentUrl":"https:\/\/best-tourpatagonia.tur.ar\/wp-content\/uploads\/2023\/07\/IMG_2100.jpg","width":720,"height":540},{"@type":"BreadcrumbList","@id":"https:\/\/best-tourpatagonia.tur.ar\/en\/producto\/city-tour-classic\/#breadcrumb","itemListElement":[{"@type":"ListItem","position":1,"name":"Portada","item":"https:\/\/best-tourpatagonia.tur.ar\/en\/enjoy-ushuaia-el-calafate-and-the-whole-patagonia-all-year-round\/"},{"@type":"ListItem","position":2,"name":"Store","item":"https:\/\/best-tourpatagonia.tur.ar\/en\/store\/"},{"@type":"ListItem","position":3,"name":"City Tour &#8211; classic"}]},{"@type":"WebSite","@id":"https:\/\/best-tourpatagonia.tur.ar\/en\/#website","url":"https:\/\/best-tourpatagonia.tur.ar\/en\/","name":"Best Tour Patagonia","description":"Paquetes y excursiones en la Patagona Argentina","publisher":{"@id":"https:\/\/best-tourpatagonia.tur.ar\/en\/#organization"},"potentialAction":[{"@type":"SearchAction","target":{"@type":"EntryPoint","urlTemplate":"https:\/\/best-tourpatagonia.tur.ar\/en\/?s={search_term_string}"},"query-input":{"@type":"PropertyValueSpecification","valueRequired":true,"valueName":"search_term_string"}}],"inLanguage":"en-US"},{"@type":"Organization","@id":"https:\/\/best-tourpatagonia.tur.ar\/en\/#organization","name":"Best Tour Patagonia","url":"https:\/\/best-tourpatagonia.tur.ar\/en\/","logo":{"@type":"ImageObject","inLanguage":"en-US","@id":"https:\/\/best-tourpatagonia.tur.ar\/en\/#\/schema\/logo\/image\/","url":"https:\/\/best-tourpatagonia.tur.ar\/wp-content\/uploads\/2023\/05\/cropped-corona-1.png","contentUrl":"https:\/\/best-tourpatagonia.tur.ar\/wp-content\/uploads\/2023\/05\/cropped-corona-1.png","width":128,"height":75,"caption":"Best Tour Patagonia"},"image":{"@id":"https:\/\/best-tourpatagonia.tur.ar\/en\/#\/schema\/logo\/image\/"}}]}},"_links":{"self":[{"href":"https:\/\/best-tourpatagonia.tur.ar\/en\/wp-json\/wp\/v2\/product\/11695","targetHints":{"allow":["GET"]}}],"collection":[{"href":"https:\/\/best-tourpatagonia.tur.ar\/en\/wp-json\/wp\/v2\/product"}],"about":[{"href":"https:\/\/best-tourpatagonia.tur.ar\/en\/wp-json\/wp\/v2\/types\/product"}],"wp:featuredmedia":[{"embeddable":true,"href":"https:\/\/best-tourpatagonia.tur.ar\/en\/wp-json\/wp\/v2\/media\/5515"}],"wp:attachment":[{"href":"https:\/\/best-tourpatagonia.tur.ar\/en\/wp-json\/wp\/v2\/media?parent=11695"}],"wp:term":[{"taxonomy":"product_brand","embeddable":true,"href":"https:\/\/best-tourpatagonia.tur.ar\/en\/wp-json\/wp\/v2\/product_brand?post=11695"},{"taxonomy":"product_cat","embeddable":true,"href":"https:\/\/best-tourpatagonia.tur.ar\/en\/wp-json\/wp\/v2\/product_cat?post=11695"},{"taxonomy":"product_tag","embeddable":true,"href":"https:\/\/best-tourpatagonia.tur.ar\/en\/wp-json\/wp\/v2\/product_tag?post=11695"},{"taxonomy":"destino","embeddable":true,"href":"https:\/\/best-tourpatagonia.tur.ar\/en\/wp-json\/wp\/v2\/destino?post=11695"},{"taxonomy":"pais","embeddable":true,"href":"https:\/\/best-tourpatagonia.tur.ar\/en\/wp-json\/wp\/v2\/pais?post=11695"}],"curies":[{"name":"wp","href":"https:\/\/api.w.org\/{rel}","templated":true}]}}