{"id":11196,"date":"2023-10-23T11:52:15","date_gmt":"2023-10-23T14:52:15","guid":{"rendered":"https:\/\/best-tourpatagonia.tur.ar\/producto\/canadon-experience-trekking-and-overnight-stay\/"},"modified":"2025-06-12T12:16:09","modified_gmt":"2025-06-12T15:16:09","slug":"canadon-experience-trekking-and-overnight-stay","status":"publish","type":"product","link":"https:\/\/best-tourpatagonia.tur.ar\/en\/producto\/canadon-experience-trekking-and-overnight-stay\/","title":{"rendered":"Ca\u00f1ad\u00f3n Experience &#8211; trekking and overnight stay"},"content":{"rendered":"<p>Ca\u00f1adon Experience is a trekking of medium difficulty that allows us to go along the Calafate stream until we reach the Estancia 25 de Mayo section. The surrounding hills form a canyon that invites us to discover it enjoying the stream, always sheltered from the wind that the valley offers. <\/p>\n<p>We leave El Calafate in 4&#215;4 vehicles heading south. After a 3 km drive, we reach the starting point of the trekking. <\/p>\n<p>Crossing ravines and streams, we walk up the valley that will take us into unexplored landscapes of Patagonia.<\/p>\n<p>During the course of the hike we will see a large number of birds, river trout and flora characteristic of the steppe.<\/p>\n<p>Geological formations containing marine fossils show us that the environments we pass through have mutated over the years. The trekking ends after 7 kilometers in \u201cLa Secci\u00f3n\u201d, 800 meters above sea level, where lunch is waiting for us, and then we return to El Calafate in the 4&#215;4 vehicle. <\/p>\n","protected":false},"excerpt":{"rendered":"<p>Ca\u00f1adon Experience is a trekking of medium difficulty that allows us to go along the Calafate stream until we reach the Estancia 25 de Mayo section. The surrounding hills form a canyon that invites us to discover it enjoying the stream, always sheltered from the wind that the valley offers. We leave El Calafate in [&hellip;]<\/p>\n","protected":false},"featured_media":5859,"template":"","meta":[],"product_brand":[],"product_cat":[102,104],"product_tag":[],"destino":[158],"pais":[163],"class_list":{"0":"post-11196","1":"product","2":"type-product","3":"status-publish","4":"has-post-thumbnail","6":"product_cat-excursiones-en","7":"product_cat-land-excursions","8":"destino-el-calafate-en","9":"pais-argentina-en","11":"first","12":"instock","13":"virtual","14":"sold-individually","15":"purchasable","16":"product-type-booking"},"booking_location":"","booking_location_type":"","booking_duration":1,"booking_duration_unit":"day","booking_buffer":0,"booking_cost":0,"booking_resources":[],"yoast_head":"<!-- This site is optimized with the Yoast SEO plugin v27.4 - https:\/\/yoast.com\/product\/yoast-seo-wordpress\/ -->\n<title>Ca\u00f1ad\u00f3n Experience - trekking and overnight stay - Best Tour Patagonia<\/title>\n<meta name=\"robots\" content=\"index, follow, max-snippet:-1, max-image-preview:large, max-video-preview:-1\" \/>\n<link rel=\"canonical\" href=\"https:\/\/best-tourpatagonia.tur.ar\/en\/producto\/canadon-experience-trekking-and-overnight-stay\/\" \/>\n<meta property=\"og:locale\" content=\"en_US\" \/>\n<meta property=\"og:type\" content=\"article\" \/>\n<meta property=\"og:title\" content=\"Ca\u00f1ad\u00f3n Experience - trekking and overnight stay - Best Tour Patagonia\" \/>\n<meta property=\"og:description\" content=\"Ca\u00f1adon Experience is a trekking of medium difficulty that allows us to go along the Calafate stream until we reach the Estancia 25 de Mayo section. The surrounding hills form a canyon that invites us to discover it enjoying the stream, always sheltered from the wind that the valley offers. We leave El Calafate in [&hellip;]\" \/>\n<meta property=\"og:url\" content=\"https:\/\/best-tourpatagonia.tur.ar\/en\/producto\/canadon-experience-trekking-and-overnight-stay\/\" \/>\n<meta property=\"og:site_name\" content=\"Best Tour Patagonia\" \/>\n<meta property=\"article:modified_time\" content=\"2025-06-12T15:16:09+00:00\" \/>\n<meta property=\"og:image\" content=\"https:\/\/best-tourpatagonia.tur.ar\/wp-content\/uploads\/2023\/10\/Trecking-1-scaled.jpg\" \/>\n\t<meta property=\"og:image:width\" content=\"2560\" \/>\n\t<meta property=\"og:image:height\" content=\"1704\" \/>\n\t<meta property=\"og:image:type\" content=\"image\/jpeg\" \/>\n<meta name=\"twitter:card\" content=\"summary_large_image\" \/>\n<meta name=\"twitter:label1\" content=\"Est. reading time\" \/>\n\t<meta name=\"twitter:data1\" content=\"1 minute\" \/>\n<script type=\"application\/ld+json\" class=\"yoast-schema-graph\">{\"@context\":\"https:\\\/\\\/schema.org\",\"@graph\":[{\"@type\":\"WebPage\",\"@id\":\"https:\\\/\\\/best-tourpatagonia.tur.ar\\\/en\\\/producto\\\/canadon-experience-trekking-and-overnight-stay\\\/\",\"url\":\"https:\\\/\\\/best-tourpatagonia.tur.ar\\\/en\\\/producto\\\/canadon-experience-trekking-and-overnight-stay\\\/\",\"name\":\"Ca\u00f1ad\u00f3n Experience - trekking and overnight stay - Best Tour Patagonia\",\"isPartOf\":{\"@id\":\"https:\\\/\\\/best-tourpatagonia.tur.ar\\\/en\\\/#website\"},\"primaryImageOfPage\":{\"@id\":\"https:\\\/\\\/best-tourpatagonia.tur.ar\\\/en\\\/producto\\\/canadon-experience-trekking-and-overnight-stay\\\/#primaryimage\"},\"image\":{\"@id\":\"https:\\\/\\\/best-tourpatagonia.tur.ar\\\/en\\\/producto\\\/canadon-experience-trekking-and-overnight-stay\\\/#primaryimage\"},\"thumbnailUrl\":\"https:\\\/\\\/best-tourpatagonia.tur.ar\\\/wp-content\\\/uploads\\\/2023\\\/10\\\/Trecking-1-scaled.jpg\",\"datePublished\":\"2023-10-23T14:52:15+00:00\",\"dateModified\":\"2025-06-12T15:16:09+00:00\",\"breadcrumb\":{\"@id\":\"https:\\\/\\\/best-tourpatagonia.tur.ar\\\/en\\\/producto\\\/canadon-experience-trekking-and-overnight-stay\\\/#breadcrumb\"},\"inLanguage\":\"en-US\",\"potentialAction\":[{\"@type\":\"ReadAction\",\"target\":[\"https:\\\/\\\/best-tourpatagonia.tur.ar\\\/en\\\/producto\\\/canadon-experience-trekking-and-overnight-stay\\\/\"]}]},{\"@type\":\"ImageObject\",\"inLanguage\":\"en-US\",\"@id\":\"https:\\\/\\\/best-tourpatagonia.tur.ar\\\/en\\\/producto\\\/canadon-experience-trekking-and-overnight-stay\\\/#primaryimage\",\"url\":\"https:\\\/\\\/best-tourpatagonia.tur.ar\\\/wp-content\\\/uploads\\\/2023\\\/10\\\/Trecking-1-scaled.jpg\",\"contentUrl\":\"https:\\\/\\\/best-tourpatagonia.tur.ar\\\/wp-content\\\/uploads\\\/2023\\\/10\\\/Trecking-1-scaled.jpg\",\"width\":2560,\"height\":1704},{\"@type\":\"BreadcrumbList\",\"@id\":\"https:\\\/\\\/best-tourpatagonia.tur.ar\\\/en\\\/producto\\\/canadon-experience-trekking-and-overnight-stay\\\/#breadcrumb\",\"itemListElement\":[{\"@type\":\"ListItem\",\"position\":1,\"name\":\"Portada\",\"item\":\"https:\\\/\\\/best-tourpatagonia.tur.ar\\\/en\\\/enjoy-ushuaia-el-calafate-and-the-whole-patagonia-all-year-round\\\/\"},{\"@type\":\"ListItem\",\"position\":2,\"name\":\"Store\",\"item\":\"https:\\\/\\\/best-tourpatagonia.tur.ar\\\/en\\\/store\\\/\"},{\"@type\":\"ListItem\",\"position\":3,\"name\":\"Ca\u00f1ad\u00f3n Experience &#8211; trekking and overnight stay\"}]},{\"@type\":\"WebSite\",\"@id\":\"https:\\\/\\\/best-tourpatagonia.tur.ar\\\/en\\\/#website\",\"url\":\"https:\\\/\\\/best-tourpatagonia.tur.ar\\\/en\\\/\",\"name\":\"Best Tour Patagonia\",\"description\":\"Paquetes y excursiones en la Patagona Argentina\",\"publisher\":{\"@id\":\"https:\\\/\\\/best-tourpatagonia.tur.ar\\\/en\\\/#organization\"},\"potentialAction\":[{\"@type\":\"SearchAction\",\"target\":{\"@type\":\"EntryPoint\",\"urlTemplate\":\"https:\\\/\\\/best-tourpatagonia.tur.ar\\\/en\\\/?s={search_term_string}\"},\"query-input\":{\"@type\":\"PropertyValueSpecification\",\"valueRequired\":true,\"valueName\":\"search_term_string\"}}],\"inLanguage\":\"en-US\"},{\"@type\":\"Organization\",\"@id\":\"https:\\\/\\\/best-tourpatagonia.tur.ar\\\/en\\\/#organization\",\"name\":\"Best Tour Patagonia\",\"url\":\"https:\\\/\\\/best-tourpatagonia.tur.ar\\\/en\\\/\",\"logo\":{\"@type\":\"ImageObject\",\"inLanguage\":\"en-US\",\"@id\":\"https:\\\/\\\/best-tourpatagonia.tur.ar\\\/en\\\/#\\\/schema\\\/logo\\\/image\\\/\",\"url\":\"https:\\\/\\\/best-tourpatagonia.tur.ar\\\/wp-content\\\/uploads\\\/2023\\\/05\\\/cropped-corona-1.png\",\"contentUrl\":\"https:\\\/\\\/best-tourpatagonia.tur.ar\\\/wp-content\\\/uploads\\\/2023\\\/05\\\/cropped-corona-1.png\",\"width\":128,\"height\":75,\"caption\":\"Best Tour Patagonia\"},\"image\":{\"@id\":\"https:\\\/\\\/best-tourpatagonia.tur.ar\\\/en\\\/#\\\/schema\\\/logo\\\/image\\\/\"}}]}<\/script>\n<!-- \/ Yoast SEO plugin. -->","yoast_head_json":{"title":"Ca\u00f1ad\u00f3n Experience - trekking and overnight stay - Best Tour Patagonia","robots":{"index":"index","follow":"follow","max-snippet":"max-snippet:-1","max-image-preview":"max-image-preview:large","max-video-preview":"max-video-preview:-1"},"canonical":"https:\/\/best-tourpatagonia.tur.ar\/en\/producto\/canadon-experience-trekking-and-overnight-stay\/","og_locale":"en_US","og_type":"article","og_title":"Ca\u00f1ad\u00f3n Experience - trekking and overnight stay - Best Tour Patagonia","og_description":"Ca\u00f1adon Experience is a trekking of medium difficulty that allows us to go along the Calafate stream until we reach the Estancia 25 de Mayo section. The surrounding hills form a canyon that invites us to discover it enjoying the stream, always sheltered from the wind that the valley offers. We leave El Calafate in [&hellip;]","og_url":"https:\/\/best-tourpatagonia.tur.ar\/en\/producto\/canadon-experience-trekking-and-overnight-stay\/","og_site_name":"Best Tour Patagonia","article_modified_time":"2025-06-12T15:16:09+00:00","og_image":[{"width":2560,"height":1704,"url":"https:\/\/best-tourpatagonia.tur.ar\/wp-content\/uploads\/2023\/10\/Trecking-1-scaled.jpg","type":"image\/jpeg"}],"twitter_card":"summary_large_image","twitter_misc":{"Est. reading time":"1 minute"},"schema":{"@context":"https:\/\/schema.org","@graph":[{"@type":"WebPage","@id":"https:\/\/best-tourpatagonia.tur.ar\/en\/producto\/canadon-experience-trekking-and-overnight-stay\/","url":"https:\/\/best-tourpatagonia.tur.ar\/en\/producto\/canadon-experience-trekking-and-overnight-stay\/","name":"Ca\u00f1ad\u00f3n Experience - trekking and overnight stay - Best Tour Patagonia","isPartOf":{"@id":"https:\/\/best-tourpatagonia.tur.ar\/en\/#website"},"primaryImageOfPage":{"@id":"https:\/\/best-tourpatagonia.tur.ar\/en\/producto\/canadon-experience-trekking-and-overnight-stay\/#primaryimage"},"image":{"@id":"https:\/\/best-tourpatagonia.tur.ar\/en\/producto\/canadon-experience-trekking-and-overnight-stay\/#primaryimage"},"thumbnailUrl":"https:\/\/best-tourpatagonia.tur.ar\/wp-content\/uploads\/2023\/10\/Trecking-1-scaled.jpg","datePublished":"2023-10-23T14:52:15+00:00","dateModified":"2025-06-12T15:16:09+00:00","breadcrumb":{"@id":"https:\/\/best-tourpatagonia.tur.ar\/en\/producto\/canadon-experience-trekking-and-overnight-stay\/#breadcrumb"},"inLanguage":"en-US","potentialAction":[{"@type":"ReadAction","target":["https:\/\/best-tourpatagonia.tur.ar\/en\/producto\/canadon-experience-trekking-and-overnight-stay\/"]}]},{"@type":"ImageObject","inLanguage":"en-US","@id":"https:\/\/best-tourpatagonia.tur.ar\/en\/producto\/canadon-experience-trekking-and-overnight-stay\/#primaryimage","url":"https:\/\/best-tourpatagonia.tur.ar\/wp-content\/uploads\/2023\/10\/Trecking-1-scaled.jpg","contentUrl":"https:\/\/best-tourpatagonia.tur.ar\/wp-content\/uploads\/2023\/10\/Trecking-1-scaled.jpg","width":2560,"height":1704},{"@type":"BreadcrumbList","@id":"https:\/\/best-tourpatagonia.tur.ar\/en\/producto\/canadon-experience-trekking-and-overnight-stay\/#breadcrumb","itemListElement":[{"@type":"ListItem","position":1,"name":"Portada","item":"https:\/\/best-tourpatagonia.tur.ar\/en\/enjoy-ushuaia-el-calafate-and-the-whole-patagonia-all-year-round\/"},{"@type":"ListItem","position":2,"name":"Store","item":"https:\/\/best-tourpatagonia.tur.ar\/en\/store\/"},{"@type":"ListItem","position":3,"name":"Ca\u00f1ad\u00f3n Experience &#8211; trekking and overnight stay"}]},{"@type":"WebSite","@id":"https:\/\/best-tourpatagonia.tur.ar\/en\/#website","url":"https:\/\/best-tourpatagonia.tur.ar\/en\/","name":"Best Tour Patagonia","description":"Paquetes y excursiones en la Patagona Argentina","publisher":{"@id":"https:\/\/best-tourpatagonia.tur.ar\/en\/#organization"},"potentialAction":[{"@type":"SearchAction","target":{"@type":"EntryPoint","urlTemplate":"https:\/\/best-tourpatagonia.tur.ar\/en\/?s={search_term_string}"},"query-input":{"@type":"PropertyValueSpecification","valueRequired":true,"valueName":"search_term_string"}}],"inLanguage":"en-US"},{"@type":"Organization","@id":"https:\/\/best-tourpatagonia.tur.ar\/en\/#organization","name":"Best Tour Patagonia","url":"https:\/\/best-tourpatagonia.tur.ar\/en\/","logo":{"@type":"ImageObject","inLanguage":"en-US","@id":"https:\/\/best-tourpatagonia.tur.ar\/en\/#\/schema\/logo\/image\/","url":"https:\/\/best-tourpatagonia.tur.ar\/wp-content\/uploads\/2023\/05\/cropped-corona-1.png","contentUrl":"https:\/\/best-tourpatagonia.tur.ar\/wp-content\/uploads\/2023\/05\/cropped-corona-1.png","width":128,"height":75,"caption":"Best Tour Patagonia"},"image":{"@id":"https:\/\/best-tourpatagonia.tur.ar\/en\/#\/schema\/logo\/image\/"}}]}},"_links":{"self":[{"href":"https:\/\/best-tourpatagonia.tur.ar\/en\/wp-json\/wp\/v2\/product\/11196","targetHints":{"allow":["GET"]}}],"collection":[{"href":"https:\/\/best-tourpatagonia.tur.ar\/en\/wp-json\/wp\/v2\/product"}],"about":[{"href":"https:\/\/best-tourpatagonia.tur.ar\/en\/wp-json\/wp\/v2\/types\/product"}],"wp:featuredmedia":[{"embeddable":true,"href":"https:\/\/best-tourpatagonia.tur.ar\/en\/wp-json\/wp\/v2\/media\/5859"}],"wp:attachment":[{"href":"https:\/\/best-tourpatagonia.tur.ar\/en\/wp-json\/wp\/v2\/media?parent=11196"}],"wp:term":[{"taxonomy":"product_brand","embeddable":true,"href":"https:\/\/best-tourpatagonia.tur.ar\/en\/wp-json\/wp\/v2\/product_brand?post=11196"},{"taxonomy":"product_cat","embeddable":true,"href":"https:\/\/best-tourpatagonia.tur.ar\/en\/wp-json\/wp\/v2\/product_cat?post=11196"},{"taxonomy":"product_tag","embeddable":true,"href":"https:\/\/best-tourpatagonia.tur.ar\/en\/wp-json\/wp\/v2\/product_tag?post=11196"},{"taxonomy":"destino","embeddable":true,"href":"https:\/\/best-tourpatagonia.tur.ar\/en\/wp-json\/wp\/v2\/destino?post=11196"},{"taxonomy":"pais","embeddable":true,"href":"https:\/\/best-tourpatagonia.tur.ar\/en\/wp-json\/wp\/v2\/pais?post=11196"}],"curies":[{"name":"wp","href":"https:\/\/api.w.org\/{rel}","templated":true}]}}